{"id":2102,"date":"2021-05-14T08:32:08","date_gmt":"2021-05-14T08:32:08","guid":{"rendered":"https:\/\/bewehrungstechnik.ch\/?post_type=product&#038;p=2102"},"modified":"2026-03-31T09:50:12","modified_gmt":"2026-03-31T09:50:12","slug":"acier-darmature-inoxydable-top12","status":"publish","type":"product","link":"https:\/\/bewehrungstechnik.ch\/fr\/product\/acier-darmature-inoxydable-top12\/","title":{"rendered":"Acier d\u2019armature inoxydable Top12"},"featured_media":2699,"menu_order":110,"template":"","product_category":[50],"class_list":["post-2102","product","type-product","status-publish","has-post-thumbnail","","product_category-aciers-darmature"],"acf":[],"yoast_head":"<!-- This site is optimized with the Yoast SEO plugin v27.3 - https:\/\/yoast.com\/product\/yoast-seo-wordpress\/ -->\n<title>Top 12 des aciers d&#039;armature | Debrunner Acifer Armatures<\/title>\n<meta name=\"description\" content=\"R\u00e9sistant au chlorure et id\u00e9al pour une utilisation dans le b\u00e9ton carbonat\u00e9 : l&#039;acier d&#039;armature inoxydable Top12. Pour en savoir plus, cliquez ici !\" \/>\n<meta name=\"robots\" content=\"index, follow, max-snippet:-1, max-image-preview:large, max-video-preview:-1\" \/>\n<link rel=\"canonical\" href=\"https:\/\/bewehrungstechnik.ch\/fr\/product\/acier-darmature-inoxydable-top12\/\" \/>\n<meta property=\"og:locale\" content=\"fr_FR\" \/>\n<meta property=\"og:type\" content=\"article\" \/>\n<meta property=\"og:title\" content=\"Top 12 des aciers d&#039;armature | Debrunner Acifer Armatures\" \/>\n<meta property=\"og:description\" content=\"R\u00e9sistant au chlorure et id\u00e9al pour une utilisation dans le b\u00e9ton carbonat\u00e9 : l&#039;acier d&#039;armature inoxydable Top12. Pour en savoir plus, cliquez ici !\" \/>\n<meta property=\"og:url\" content=\"https:\/\/bewehrungstechnik.ch\/fr\/product\/acier-darmature-inoxydable-top12\/\" \/>\n<meta property=\"og:site_name\" content=\"Bewehrungstechnik\" \/>\n<meta property=\"article:modified_time\" content=\"2026-03-31T09:50:12+00:00\" \/>\n<meta property=\"og:image\" content=\"https:\/\/bewehrungstechnik.ch\/wp-content\/uploads\/2021\/05\/Top12-Stab-e1623837211515.jpg\" \/>\n\t<meta property=\"og:image:width\" content=\"591\" \/>\n\t<meta property=\"og:image:height\" content=\"345\" \/>\n\t<meta property=\"og:image:type\" content=\"image\/jpeg\" \/>\n<meta name=\"twitter:card\" content=\"summary_large_image\" \/>\n<script type=\"application\/ld+json\" class=\"yoast-schema-graph\">{\"@context\":\"https:\\\/\\\/schema.org\",\"@graph\":[{\"@type\":\"WebPage\",\"@id\":\"https:\\\/\\\/bewehrungstechnik.ch\\\/fr\\\/product\\\/acier-darmature-inoxydable-top12\\\/\",\"url\":\"https:\\\/\\\/bewehrungstechnik.ch\\\/fr\\\/product\\\/acier-darmature-inoxydable-top12\\\/\",\"name\":\"Top 12 des aciers d'armature | Debrunner Acifer Armatures\",\"isPartOf\":{\"@id\":\"https:\\\/\\\/bewehrungstechnik.ch\\\/fr\\\/#website\"},\"primaryImageOfPage\":{\"@id\":\"https:\\\/\\\/bewehrungstechnik.ch\\\/fr\\\/product\\\/acier-darmature-inoxydable-top12\\\/#primaryimage\"},\"image\":{\"@id\":\"https:\\\/\\\/bewehrungstechnik.ch\\\/fr\\\/product\\\/acier-darmature-inoxydable-top12\\\/#primaryimage\"},\"thumbnailUrl\":\"https:\\\/\\\/bewehrungstechnik.ch\\\/wp-content\\\/uploads\\\/2021\\\/05\\\/Top12-Stab-e1623837211515.jpg\",\"datePublished\":\"2021-05-14T08:32:08+00:00\",\"dateModified\":\"2026-03-31T09:50:12+00:00\",\"description\":\"R\u00e9sistant au chlorure et id\u00e9al pour une utilisation dans le b\u00e9ton carbonat\u00e9 : l'acier d'armature inoxydable Top12. Pour en savoir plus, cliquez ici !\",\"breadcrumb\":{\"@id\":\"https:\\\/\\\/bewehrungstechnik.ch\\\/fr\\\/product\\\/acier-darmature-inoxydable-top12\\\/#breadcrumb\"},\"inLanguage\":\"fr-FR\",\"potentialAction\":[{\"@type\":\"ReadAction\",\"target\":[\"https:\\\/\\\/bewehrungstechnik.ch\\\/fr\\\/product\\\/acier-darmature-inoxydable-top12\\\/\"]}]},{\"@type\":\"ImageObject\",\"inLanguage\":\"fr-FR\",\"@id\":\"https:\\\/\\\/bewehrungstechnik.ch\\\/fr\\\/product\\\/acier-darmature-inoxydable-top12\\\/#primaryimage\",\"url\":\"https:\\\/\\\/bewehrungstechnik.ch\\\/wp-content\\\/uploads\\\/2021\\\/05\\\/Top12-Stab-e1623837211515.jpg\",\"contentUrl\":\"https:\\\/\\\/bewehrungstechnik.ch\\\/wp-content\\\/uploads\\\/2021\\\/05\\\/Top12-Stab-e1623837211515.jpg\",\"width\":591,\"height\":345,\"caption\":\"Nichtrostender Stahl Top12\"},{\"@type\":\"BreadcrumbList\",\"@id\":\"https:\\\/\\\/bewehrungstechnik.ch\\\/fr\\\/product\\\/acier-darmature-inoxydable-top12\\\/#breadcrumb\",\"itemListElement\":[{\"@type\":\"ListItem\",\"position\":1,\"name\":\"Home\",\"item\":\"https:\\\/\\\/bewehrungstechnik.ch\\\/fr\\\/\"},{\"@type\":\"ListItem\",\"position\":2,\"name\":\"Products\",\"item\":\"https:\\\/\\\/bewehrungstechnik.ch\\\/fr\\\/products\\\/\"},{\"@type\":\"ListItem\",\"position\":3,\"name\":\"Acier d\u2019armature inoxydable Top12\"}]},{\"@type\":\"WebSite\",\"@id\":\"https:\\\/\\\/bewehrungstechnik.ch\\\/fr\\\/#website\",\"url\":\"https:\\\/\\\/bewehrungstechnik.ch\\\/fr\\\/\",\"name\":\"Bewehrungstechnik\",\"description\":\"Just another WordPress site\",\"publisher\":{\"@id\":\"https:\\\/\\\/bewehrungstechnik.ch\\\/fr\\\/#organization\"},\"potentialAction\":[{\"@type\":\"SearchAction\",\"target\":{\"@type\":\"EntryPoint\",\"urlTemplate\":\"https:\\\/\\\/bewehrungstechnik.ch\\\/fr\\\/?s={search_term_string}\"},\"query-input\":{\"@type\":\"PropertyValueSpecification\",\"valueRequired\":true,\"valueName\":\"search_term_string\"}}],\"inLanguage\":\"fr-FR\"},{\"@type\":\"Organization\",\"@id\":\"https:\\\/\\\/bewehrungstechnik.ch\\\/fr\\\/#organization\",\"name\":\"Bewehrungstechnik\",\"url\":\"https:\\\/\\\/bewehrungstechnik.ch\\\/fr\\\/\",\"logo\":{\"@type\":\"ImageObject\",\"inLanguage\":\"fr-FR\",\"@id\":\"https:\\\/\\\/bewehrungstechnik.ch\\\/fr\\\/#\\\/schema\\\/logo\\\/image\\\/\",\"url\":\"https:\\\/\\\/bewehrungstechnik.ch\\\/wp-content\\\/uploads\\\/2021\\\/03\\\/logo.svg\",\"contentUrl\":\"https:\\\/\\\/bewehrungstechnik.ch\\\/wp-content\\\/uploads\\\/2021\\\/03\\\/logo.svg\",\"width\":436,\"height\":436,\"caption\":\"Bewehrungstechnik\"},\"image\":{\"@id\":\"https:\\\/\\\/bewehrungstechnik.ch\\\/fr\\\/#\\\/schema\\\/logo\\\/image\\\/\"}}]}<\/script>\n<!-- \/ Yoast SEO plugin. -->","yoast_head_json":{"title":"Top 12 des aciers d'armature | Debrunner Acifer Armatures","description":"R\u00e9sistant au chlorure et id\u00e9al pour une utilisation dans le b\u00e9ton carbonat\u00e9 : l'acier d'armature inoxydable Top12. Pour en savoir plus, cliquez ici !","robots":{"index":"index","follow":"follow","max-snippet":"max-snippet:-1","max-image-preview":"max-image-preview:large","max-video-preview":"max-video-preview:-1"},"canonical":"https:\/\/bewehrungstechnik.ch\/fr\/product\/acier-darmature-inoxydable-top12\/","og_locale":"fr_FR","og_type":"article","og_title":"Top 12 des aciers d'armature | Debrunner Acifer Armatures","og_description":"R\u00e9sistant au chlorure et id\u00e9al pour une utilisation dans le b\u00e9ton carbonat\u00e9 : l'acier d'armature inoxydable Top12. Pour en savoir plus, cliquez ici !","og_url":"https:\/\/bewehrungstechnik.ch\/fr\/product\/acier-darmature-inoxydable-top12\/","og_site_name":"Bewehrungstechnik","article_modified_time":"2026-03-31T09:50:12+00:00","og_image":[{"width":591,"height":345,"url":"https:\/\/bewehrungstechnik.ch\/wp-content\/uploads\/2021\/05\/Top12-Stab-e1623837211515.jpg","type":"image\/jpeg"}],"twitter_card":"summary_large_image","schema":{"@context":"https:\/\/schema.org","@graph":[{"@type":"WebPage","@id":"https:\/\/bewehrungstechnik.ch\/fr\/product\/acier-darmature-inoxydable-top12\/","url":"https:\/\/bewehrungstechnik.ch\/fr\/product\/acier-darmature-inoxydable-top12\/","name":"Top 12 des aciers d'armature | Debrunner Acifer Armatures","isPartOf":{"@id":"https:\/\/bewehrungstechnik.ch\/fr\/#website"},"primaryImageOfPage":{"@id":"https:\/\/bewehrungstechnik.ch\/fr\/product\/acier-darmature-inoxydable-top12\/#primaryimage"},"image":{"@id":"https:\/\/bewehrungstechnik.ch\/fr\/product\/acier-darmature-inoxydable-top12\/#primaryimage"},"thumbnailUrl":"https:\/\/bewehrungstechnik.ch\/wp-content\/uploads\/2021\/05\/Top12-Stab-e1623837211515.jpg","datePublished":"2021-05-14T08:32:08+00:00","dateModified":"2026-03-31T09:50:12+00:00","description":"R\u00e9sistant au chlorure et id\u00e9al pour une utilisation dans le b\u00e9ton carbonat\u00e9 : l'acier d'armature inoxydable Top12. Pour en savoir plus, cliquez ici !","breadcrumb":{"@id":"https:\/\/bewehrungstechnik.ch\/fr\/product\/acier-darmature-inoxydable-top12\/#breadcrumb"},"inLanguage":"fr-FR","potentialAction":[{"@type":"ReadAction","target":["https:\/\/bewehrungstechnik.ch\/fr\/product\/acier-darmature-inoxydable-top12\/"]}]},{"@type":"ImageObject","inLanguage":"fr-FR","@id":"https:\/\/bewehrungstechnik.ch\/fr\/product\/acier-darmature-inoxydable-top12\/#primaryimage","url":"https:\/\/bewehrungstechnik.ch\/wp-content\/uploads\/2021\/05\/Top12-Stab-e1623837211515.jpg","contentUrl":"https:\/\/bewehrungstechnik.ch\/wp-content\/uploads\/2021\/05\/Top12-Stab-e1623837211515.jpg","width":591,"height":345,"caption":"Nichtrostender Stahl Top12"},{"@type":"BreadcrumbList","@id":"https:\/\/bewehrungstechnik.ch\/fr\/product\/acier-darmature-inoxydable-top12\/#breadcrumb","itemListElement":[{"@type":"ListItem","position":1,"name":"Home","item":"https:\/\/bewehrungstechnik.ch\/fr\/"},{"@type":"ListItem","position":2,"name":"Products","item":"https:\/\/bewehrungstechnik.ch\/fr\/products\/"},{"@type":"ListItem","position":3,"name":"Acier d\u2019armature inoxydable Top12"}]},{"@type":"WebSite","@id":"https:\/\/bewehrungstechnik.ch\/fr\/#website","url":"https:\/\/bewehrungstechnik.ch\/fr\/","name":"Bewehrungstechnik","description":"Just another WordPress site","publisher":{"@id":"https:\/\/bewehrungstechnik.ch\/fr\/#organization"},"potentialAction":[{"@type":"SearchAction","target":{"@type":"EntryPoint","urlTemplate":"https:\/\/bewehrungstechnik.ch\/fr\/?s={search_term_string}"},"query-input":{"@type":"PropertyValueSpecification","valueRequired":true,"valueName":"search_term_string"}}],"inLanguage":"fr-FR"},{"@type":"Organization","@id":"https:\/\/bewehrungstechnik.ch\/fr\/#organization","name":"Bewehrungstechnik","url":"https:\/\/bewehrungstechnik.ch\/fr\/","logo":{"@type":"ImageObject","inLanguage":"fr-FR","@id":"https:\/\/bewehrungstechnik.ch\/fr\/#\/schema\/logo\/image\/","url":"https:\/\/bewehrungstechnik.ch\/wp-content\/uploads\/2021\/03\/logo.svg","contentUrl":"https:\/\/bewehrungstechnik.ch\/wp-content\/uploads\/2021\/03\/logo.svg","width":436,"height":436,"caption":"Bewehrungstechnik"},"image":{"@id":"https:\/\/bewehrungstechnik.ch\/fr\/#\/schema\/logo\/image\/"}}]}},"deac_custom_fields":{"product":{"brand":"Top12","name":"Acier d\u2019armature inoxydable"},"highlight_box":{"title":"Co\u00fbts du cycle de vie les plus bas dans des environnements corrosifs pour le b\u00e9ton","subtitle":"R\u00e9sistant aux chlorures et id\u00e9al pour des applications dans des b\u00e9tons carbonat\u00e9s","text":"<ul>\n<li>Acier fortement alli\u00e9 de la classe 1.4003<\/li>\n<li>R\u00e9sistant aux chlorures<\/li>\n<li>Convient pour une utilisation dans du b\u00e9ton carbonat\u00e9<\/li>\n<li>Ne n\u00e9cessite pas de manutention particuli\u00e8re et peut \u00eatre trait\u00e9 de mani\u00e8re conventionnelle<\/li>\n<li>Inscrit au registre SIA des aciers d\u2019armature inoxydables conformes<\/li>\n<\/ul>\n","media_type":"image","image":{"medium":"<img width=\"300\" height=\"193\" src=\"https:\/\/bewehrungstechnik.ch\/wp-content\/uploads\/2021\/05\/Top12-auf-Coil-e1621494347915-300x193.jpg\" class=\"%s\" alt=\"Nichtrostender Bewehrungsstahlk Top12\" decoding=\"async\" loading=\"lazy\" srcset=\"https:\/\/bewehrungstechnik.ch\/wp-content\/uploads\/2021\/05\/Top12-auf-Coil-e1621494347915-300x193.jpg 300w, https:\/\/bewehrungstechnik.ch\/wp-content\/uploads\/2021\/05\/Top12-auf-Coil-e1621494347915-768x493.jpg 768w, https:\/\/bewehrungstechnik.ch\/wp-content\/uploads\/2021\/05\/Top12-auf-Coil-e1621494347915-436x280.jpg 436w, https:\/\/bewehrungstechnik.ch\/wp-content\/uploads\/2021\/05\/Top12-auf-Coil-e1621494347915-550x353.jpg 550w, https:\/\/bewehrungstechnik.ch\/wp-content\/uploads\/2021\/05\/Top12-auf-Coil-e1621494347915.jpg 1012w\" sizes=\"auto, (max-width: 300px) 100vw, 300px\" \/>","medium_large":"<img width=\"768\" height=\"493\" src=\"https:\/\/bewehrungstechnik.ch\/wp-content\/uploads\/2021\/05\/Top12-auf-Coil-e1621494347915-768x493.jpg\" class=\"%s\" alt=\"Nichtrostender Bewehrungsstahlk Top12\" decoding=\"async\" loading=\"lazy\" srcset=\"https:\/\/bewehrungstechnik.ch\/wp-content\/uploads\/2021\/05\/Top12-auf-Coil-e1621494347915-768x493.jpg 768w, https:\/\/bewehrungstechnik.ch\/wp-content\/uploads\/2021\/05\/Top12-auf-Coil-e1621494347915-300x193.jpg 300w, https:\/\/bewehrungstechnik.ch\/wp-content\/uploads\/2021\/05\/Top12-auf-Coil-e1621494347915-436x280.jpg 436w, https:\/\/bewehrungstechnik.ch\/wp-content\/uploads\/2021\/05\/Top12-auf-Coil-e1621494347915-550x353.jpg 550w, https:\/\/bewehrungstechnik.ch\/wp-content\/uploads\/2021\/05\/Top12-auf-Coil-e1621494347915.jpg 1012w\" sizes=\"auto, (max-width: 768px) 100vw, 768px\" \/>","large":"<img width=\"1012\" height=\"650\" src=\"https:\/\/bewehrungstechnik.ch\/wp-content\/uploads\/2021\/05\/Top12-auf-Coil-e1621494347915.jpg\" class=\"%s\" alt=\"Nichtrostender Bewehrungsstahlk Top12\" decoding=\"async\" loading=\"lazy\" srcset=\"https:\/\/bewehrungstechnik.ch\/wp-content\/uploads\/2021\/05\/Top12-auf-Coil-e1621494347915.jpg 1012w, https:\/\/bewehrungstechnik.ch\/wp-content\/uploads\/2021\/05\/Top12-auf-Coil-e1621494347915-300x193.jpg 300w, https:\/\/bewehrungstechnik.ch\/wp-content\/uploads\/2021\/05\/Top12-auf-Coil-e1621494347915-768x493.jpg 768w, https:\/\/bewehrungstechnik.ch\/wp-content\/uploads\/2021\/05\/Top12-auf-Coil-e1621494347915-436x280.jpg 436w, https:\/\/bewehrungstechnik.ch\/wp-content\/uploads\/2021\/05\/Top12-auf-Coil-e1621494347915-550x353.jpg 550w\" sizes=\"auto, (max-width: 1012px) 100vw, 1012px\" \/>","full":"<img width=\"1012\" height=\"650\" src=\"https:\/\/bewehrungstechnik.ch\/wp-content\/uploads\/2021\/05\/Top12-auf-Coil-e1621494347915.jpg\" class=\"%s\" alt=\"Nichtrostender Bewehrungsstahlk Top12\" decoding=\"async\" loading=\"lazy\" srcset=\"https:\/\/bewehrungstechnik.ch\/wp-content\/uploads\/2021\/05\/Top12-auf-Coil-e1621494347915.jpg 1012w, https:\/\/bewehrungstechnik.ch\/wp-content\/uploads\/2021\/05\/Top12-auf-Coil-e1621494347915-300x193.jpg 300w, https:\/\/bewehrungstechnik.ch\/wp-content\/uploads\/2021\/05\/Top12-auf-Coil-e1621494347915-768x493.jpg 768w, https:\/\/bewehrungstechnik.ch\/wp-content\/uploads\/2021\/05\/Top12-auf-Coil-e1621494347915-436x280.jpg 436w, https:\/\/bewehrungstechnik.ch\/wp-content\/uploads\/2021\/05\/Top12-auf-Coil-e1621494347915-550x353.jpg 550w\" sizes=\"auto, (max-width: 1012px) 100vw, 1012px\" \/>"},"video_list":false},"downloads":[2646,2291,2294,1473,2288,2549,3041,3106,4111,6123,6869,2493],"page_color_variation":"default","description":[{"title":"Utilisation en g\u00e9nie civil","text":"<p>L\u2019acier d\u2019armature Top12 avec r\u00e9sistance accrue contre la corrosion a d\u00e9j\u00e0 fait ses preuves depuis de nombreuses ann\u00e9es, notamment dans les structures de <a class=\"waffle-rich-text-link\" href=\"https:\/\/bewehrungstechnik.ch\/fr\/product\/aciers-darmature-b500b-et-b500c\/\">b\u00e9ton acier<\/a>. Top12 a une r\u00e9sistance \u00e9lev\u00e9e aux chlorures. C&rsquo;est pourquoi il est utilis\u00e9 en g\u00e9nie civil, principalement dans les zones d&rsquo;eau stagnante et zones d&rsquo;\u00e9claboussures des routes. Il y assure aux parties d\u2019ouvrages une dur\u00e9e de vie de 80 \u00e0 100 ans.<\/p>\n"},{"title":"Utilisation en structures","text":"<p>L\u2019acier d\u2019armature Top12 convenant aussi pour les applications comportant un risque de carbonatation du b\u00e9ton, il est de plus en plus utilis\u00e9 dans le b\u00e2timent, particuli\u00e8rement pour des \u00e9l\u00e9ments fins pour lesquels l\u2019\u00e9paisseur d\u2019enrobage exig\u00e9e par les normes ne peut \u00eatre assur\u00e9e ou pour des projets avec de hautes exigences en mati\u00e8re d\u2019aspect des surfaces de b\u00e9ton apparent. L\u2019acier Top12 trouve aussi des applications dans la construction de garages souterrains, dans l\u2019\u00e9vacuation des eaux us\u00e9es, dans la r\u00e9novation ainsi qu\u2019avec des b\u00e9tons poreux comme le b\u00e9ton cellulaire.<\/p>\n"},{"title":"Hautes r\u00e9sistance et tr\u00e8s bonne ductilit\u00e9","text":"<p>Ses hautes valeurs de r\u00e9sistance associ\u00e9es \u00e0 une excellente ductilit\u00e9 distinguent le Top12. Le Top12 satisfait ou d\u00e9passe toutes les exigences de la norme SIA 262 pour l&rsquo;acier d&rsquo;armature B500B et est le seul acier inoxydable inscrit au registre correspondant selon la norme SIA 262:2013.<\/p>\n"},{"title":"Le centre INOX de Regensdorf est inscrit au registre SIA des manufacturiers d\u2019acier inoxydable","text":"<p>Debrunner Acifer Bewehrungen AG est le premier fournisseur certifi\u00e9 et r\u00e9pertori\u00e9 dans le registre des manufacturiers d\u2019acier d\u2019armature inoxydable selon la norme SIA 262:2013. Nous traitons dans notre centre Inox de Regensdorf ZH l\u2019acier d\u2019armature Top12 dans une qualit\u00e9 des plus \u00e9lev\u00e9e et avec des d\u00e9lais de livraison courts.<\/p>\n"}]},"deac_featured_media":{"medium":"<img width=\"300\" height=\"175\" src=\"https:\/\/bewehrungstechnik.ch\/wp-content\/uploads\/2021\/05\/Top12-Stab-e1623837211515-300x175.jpg\" class=\"%s\" alt=\"Nichtrostender Stahl Top12\" decoding=\"async\" loading=\"lazy\" srcset=\"https:\/\/bewehrungstechnik.ch\/wp-content\/uploads\/2021\/05\/Top12-Stab-e1623837211515-300x175.jpg 300w, https:\/\/bewehrungstechnik.ch\/wp-content\/uploads\/2021\/05\/Top12-Stab-e1623837211515-436x255.jpg 436w, https:\/\/bewehrungstechnik.ch\/wp-content\/uploads\/2021\/05\/Top12-Stab-e1623837211515-550x321.jpg 550w, https:\/\/bewehrungstechnik.ch\/wp-content\/uploads\/2021\/05\/Top12-Stab-e1623837211515.jpg 591w\" sizes=\"auto, (max-width: 300px) 100vw, 300px\" \/>","medium_large":"<img width=\"591\" height=\"345\" src=\"https:\/\/bewehrungstechnik.ch\/wp-content\/uploads\/2021\/05\/Top12-Stab-e1623837211515.jpg\" class=\"%s\" alt=\"Nichtrostender Stahl Top12\" decoding=\"async\" loading=\"lazy\" srcset=\"https:\/\/bewehrungstechnik.ch\/wp-content\/uploads\/2021\/05\/Top12-Stab-e1623837211515.jpg 591w, https:\/\/bewehrungstechnik.ch\/wp-content\/uploads\/2021\/05\/Top12-Stab-e1623837211515-300x175.jpg 300w, https:\/\/bewehrungstechnik.ch\/wp-content\/uploads\/2021\/05\/Top12-Stab-e1623837211515-436x255.jpg 436w, https:\/\/bewehrungstechnik.ch\/wp-content\/uploads\/2021\/05\/Top12-Stab-e1623837211515-550x321.jpg 550w\" sizes=\"auto, (max-width: 591px) 100vw, 591px\" \/>","large":"<img width=\"591\" height=\"345\" src=\"https:\/\/bewehrungstechnik.ch\/wp-content\/uploads\/2021\/05\/Top12-Stab-e1623837211515.jpg\" class=\"%s\" alt=\"Nichtrostender Stahl Top12\" decoding=\"async\" loading=\"lazy\" srcset=\"https:\/\/bewehrungstechnik.ch\/wp-content\/uploads\/2021\/05\/Top12-Stab-e1623837211515.jpg 591w, https:\/\/bewehrungstechnik.ch\/wp-content\/uploads\/2021\/05\/Top12-Stab-e1623837211515-300x175.jpg 300w, https:\/\/bewehrungstechnik.ch\/wp-content\/uploads\/2021\/05\/Top12-Stab-e1623837211515-436x255.jpg 436w, https:\/\/bewehrungstechnik.ch\/wp-content\/uploads\/2021\/05\/Top12-Stab-e1623837211515-550x321.jpg 550w\" sizes=\"auto, (max-width: 591px) 100vw, 591px\" \/>","full":"<img width=\"591\" height=\"345\" src=\"https:\/\/bewehrungstechnik.ch\/wp-content\/uploads\/2021\/05\/Top12-Stab-e1623837211515.jpg\" class=\"%s\" alt=\"Nichtrostender Stahl Top12\" decoding=\"async\" loading=\"lazy\" srcset=\"https:\/\/bewehrungstechnik.ch\/wp-content\/uploads\/2021\/05\/Top12-Stab-e1623837211515.jpg 591w, https:\/\/bewehrungstechnik.ch\/wp-content\/uploads\/2021\/05\/Top12-Stab-e1623837211515-300x175.jpg 300w, https:\/\/bewehrungstechnik.ch\/wp-content\/uploads\/2021\/05\/Top12-Stab-e1623837211515-436x255.jpg 436w, https:\/\/bewehrungstechnik.ch\/wp-content\/uploads\/2021\/05\/Top12-Stab-e1623837211515-550x321.jpg 550w\" sizes=\"auto, (max-width: 591px) 100vw, 591px\" \/>"},"_links":{"self":[{"href":"https:\/\/bewehrungstechnik.ch\/fr\/wp-json\/wp\/v2\/product\/2102","targetHints":{"allow":["GET"]}}],"collection":[{"href":"https:\/\/bewehrungstechnik.ch\/fr\/wp-json\/wp\/v2\/product"}],"about":[{"href":"https:\/\/bewehrungstechnik.ch\/fr\/wp-json\/wp\/v2\/types\/product"}],"wp:featuredmedia":[{"embeddable":true,"href":"https:\/\/bewehrungstechnik.ch\/fr\/wp-json\/wp\/v2\/media\/2699"}],"wp:attachment":[{"href":"https:\/\/bewehrungstechnik.ch\/fr\/wp-json\/wp\/v2\/media?parent=2102"}],"wp:term":[{"taxonomy":"product_category","embeddable":true,"href":"https:\/\/bewehrungstechnik.ch\/fr\/wp-json\/wp\/v2\/product_category?post=2102"}],"curies":[{"name":"wp","href":"https:\/\/api.w.org\/{rel}","templated":true}]}}