{"id":2103,"date":"2021-05-14T08:35:23","date_gmt":"2021-05-14T08:35:23","guid":{"rendered":"https:\/\/bewehrungstechnik.ch\/?post_type=product&#038;p=2103"},"modified":"2026-03-31T09:48:53","modified_gmt":"2026-03-31T09:48:53","slug":"aciers-darmature-inoxydables-acigrip-362-acigrip-462","status":"publish","type":"product","link":"https:\/\/bewehrungstechnik.ch\/fr\/product\/aciers-darmature-inoxydables-acigrip-362-acigrip-462\/","title":{"rendered":"Aciers d\u2019armature inoxydables ACIGRIP\u00ae 362 \/ ACIGRIP\u00ae 462"},"featured_media":1950,"menu_order":120,"template":"","product_category":[50],"class_list":["post-2103","product","type-product","status-publish","has-post-thumbnail","","product_category-aciers-darmature"],"acf":[],"yoast_head":"<!-- This site is optimized with the Yoast SEO plugin v27.3 - https:\/\/yoast.com\/product\/yoast-seo-wordpress\/ -->\n<title>Acier d&#039;armature ACIGRIP\u00ae | Debrunner Acifer Armatures<\/title>\n<meta name=\"description\" content=\"Les aciers d&#039;armature r\u00e9sistants \u00e0 la corrosion garantissent une longue dur\u00e9e de vie aux ouvrages de construction : d\u00e9couvrez d\u00e8s maintenant les aciers d&#039;armature inoxydables ACIGRIP\u00ae 362 \/ ACIGRIP\u00ae 462 !\" \/>\n<meta name=\"robots\" content=\"index, follow, max-snippet:-1, max-image-preview:large, max-video-preview:-1\" \/>\n<link rel=\"canonical\" href=\"https:\/\/bewehrungstechnik.ch\/fr\/product\/aciers-darmature-inoxydables-acigrip-362-acigrip-462\/\" \/>\n<meta property=\"og:locale\" content=\"fr_FR\" \/>\n<meta property=\"og:type\" content=\"article\" \/>\n<meta property=\"og:title\" content=\"Acier d&#039;armature ACIGRIP\u00ae | Debrunner Acifer Armatures\" \/>\n<meta property=\"og:description\" content=\"Les aciers d&#039;armature r\u00e9sistants \u00e0 la corrosion garantissent une longue dur\u00e9e de vie aux ouvrages de construction : d\u00e9couvrez d\u00e8s maintenant les aciers d&#039;armature inoxydables ACIGRIP\u00ae 362 \/ ACIGRIP\u00ae 462 !\" \/>\n<meta property=\"og:url\" content=\"https:\/\/bewehrungstechnik.ch\/fr\/product\/aciers-darmature-inoxydables-acigrip-362-acigrip-462\/\" \/>\n<meta property=\"og:site_name\" content=\"Bewehrungstechnik\" \/>\n<meta property=\"article:modified_time\" content=\"2026-03-31T09:48:53+00:00\" \/>\n<meta property=\"og:image\" content=\"https:\/\/bewehrungstechnik.ch\/wp-content\/uploads\/2021\/05\/NIRO-1.jpg\" \/>\n\t<meta property=\"og:image:width\" content=\"554\" \/>\n\t<meta property=\"og:image:height\" content=\"349\" \/>\n\t<meta property=\"og:image:type\" content=\"image\/jpeg\" \/>\n<meta name=\"twitter:card\" content=\"summary_large_image\" \/>\n<script type=\"application\/ld+json\" class=\"yoast-schema-graph\">{\"@context\":\"https:\\\/\\\/schema.org\",\"@graph\":[{\"@type\":\"WebPage\",\"@id\":\"https:\\\/\\\/bewehrungstechnik.ch\\\/fr\\\/product\\\/aciers-darmature-inoxydables-acigrip-362-acigrip-462\\\/\",\"url\":\"https:\\\/\\\/bewehrungstechnik.ch\\\/fr\\\/product\\\/aciers-darmature-inoxydables-acigrip-362-acigrip-462\\\/\",\"name\":\"Acier d'armature ACIGRIP\u00ae | Debrunner Acifer Armatures\",\"isPartOf\":{\"@id\":\"https:\\\/\\\/bewehrungstechnik.ch\\\/fr\\\/#website\"},\"primaryImageOfPage\":{\"@id\":\"https:\\\/\\\/bewehrungstechnik.ch\\\/fr\\\/product\\\/aciers-darmature-inoxydables-acigrip-362-acigrip-462\\\/#primaryimage\"},\"image\":{\"@id\":\"https:\\\/\\\/bewehrungstechnik.ch\\\/fr\\\/product\\\/aciers-darmature-inoxydables-acigrip-362-acigrip-462\\\/#primaryimage\"},\"thumbnailUrl\":\"https:\\\/\\\/bewehrungstechnik.ch\\\/wp-content\\\/uploads\\\/2021\\\/05\\\/NIRO-1.jpg\",\"datePublished\":\"2021-05-14T08:35:23+00:00\",\"dateModified\":\"2026-03-31T09:48:53+00:00\",\"description\":\"Les aciers d'armature r\u00e9sistants \u00e0 la corrosion garantissent une longue dur\u00e9e de vie aux ouvrages de construction : d\u00e9couvrez d\u00e8s maintenant les aciers d'armature inoxydables ACIGRIP\u00ae 362 \\\/ ACIGRIP\u00ae 462 !\",\"breadcrumb\":{\"@id\":\"https:\\\/\\\/bewehrungstechnik.ch\\\/fr\\\/product\\\/aciers-darmature-inoxydables-acigrip-362-acigrip-462\\\/#breadcrumb\"},\"inLanguage\":\"fr-FR\",\"potentialAction\":[{\"@type\":\"ReadAction\",\"target\":[\"https:\\\/\\\/bewehrungstechnik.ch\\\/fr\\\/product\\\/aciers-darmature-inoxydables-acigrip-362-acigrip-462\\\/\"]}]},{\"@type\":\"ImageObject\",\"inLanguage\":\"fr-FR\",\"@id\":\"https:\\\/\\\/bewehrungstechnik.ch\\\/fr\\\/product\\\/aciers-darmature-inoxydables-acigrip-362-acigrip-462\\\/#primaryimage\",\"url\":\"https:\\\/\\\/bewehrungstechnik.ch\\\/wp-content\\\/uploads\\\/2021\\\/05\\\/NIRO-1.jpg\",\"contentUrl\":\"https:\\\/\\\/bewehrungstechnik.ch\\\/wp-content\\\/uploads\\\/2021\\\/05\\\/NIRO-1.jpg\",\"width\":554,\"height\":349,\"caption\":\"Nichtrostende Bewehrungsst\u00f6hle\"},{\"@type\":\"BreadcrumbList\",\"@id\":\"https:\\\/\\\/bewehrungstechnik.ch\\\/fr\\\/product\\\/aciers-darmature-inoxydables-acigrip-362-acigrip-462\\\/#breadcrumb\",\"itemListElement\":[{\"@type\":\"ListItem\",\"position\":1,\"name\":\"Home\",\"item\":\"https:\\\/\\\/bewehrungstechnik.ch\\\/fr\\\/\"},{\"@type\":\"ListItem\",\"position\":2,\"name\":\"Products\",\"item\":\"https:\\\/\\\/bewehrungstechnik.ch\\\/fr\\\/products\\\/\"},{\"@type\":\"ListItem\",\"position\":3,\"name\":\"Aciers d\u2019armature inoxydables ACIGRIP\u00ae 362 \\\/ ACIGRIP\u00ae 462\"}]},{\"@type\":\"WebSite\",\"@id\":\"https:\\\/\\\/bewehrungstechnik.ch\\\/fr\\\/#website\",\"url\":\"https:\\\/\\\/bewehrungstechnik.ch\\\/fr\\\/\",\"name\":\"Bewehrungstechnik\",\"description\":\"Just another WordPress site\",\"publisher\":{\"@id\":\"https:\\\/\\\/bewehrungstechnik.ch\\\/fr\\\/#organization\"},\"potentialAction\":[{\"@type\":\"SearchAction\",\"target\":{\"@type\":\"EntryPoint\",\"urlTemplate\":\"https:\\\/\\\/bewehrungstechnik.ch\\\/fr\\\/?s={search_term_string}\"},\"query-input\":{\"@type\":\"PropertyValueSpecification\",\"valueRequired\":true,\"valueName\":\"search_term_string\"}}],\"inLanguage\":\"fr-FR\"},{\"@type\":\"Organization\",\"@id\":\"https:\\\/\\\/bewehrungstechnik.ch\\\/fr\\\/#organization\",\"name\":\"Bewehrungstechnik\",\"url\":\"https:\\\/\\\/bewehrungstechnik.ch\\\/fr\\\/\",\"logo\":{\"@type\":\"ImageObject\",\"inLanguage\":\"fr-FR\",\"@id\":\"https:\\\/\\\/bewehrungstechnik.ch\\\/fr\\\/#\\\/schema\\\/logo\\\/image\\\/\",\"url\":\"https:\\\/\\\/bewehrungstechnik.ch\\\/wp-content\\\/uploads\\\/2021\\\/03\\\/logo.svg\",\"contentUrl\":\"https:\\\/\\\/bewehrungstechnik.ch\\\/wp-content\\\/uploads\\\/2021\\\/03\\\/logo.svg\",\"width\":436,\"height\":436,\"caption\":\"Bewehrungstechnik\"},\"image\":{\"@id\":\"https:\\\/\\\/bewehrungstechnik.ch\\\/fr\\\/#\\\/schema\\\/logo\\\/image\\\/\"}}]}<\/script>\n<!-- \/ Yoast SEO plugin. -->","yoast_head_json":{"title":"Acier d'armature ACIGRIP\u00ae | Debrunner Acifer Armatures","description":"Les aciers d'armature r\u00e9sistants \u00e0 la corrosion garantissent une longue dur\u00e9e de vie aux ouvrages de construction : d\u00e9couvrez d\u00e8s maintenant les aciers d'armature inoxydables ACIGRIP\u00ae 362 \/ ACIGRIP\u00ae 462 !","robots":{"index":"index","follow":"follow","max-snippet":"max-snippet:-1","max-image-preview":"max-image-preview:large","max-video-preview":"max-video-preview:-1"},"canonical":"https:\/\/bewehrungstechnik.ch\/fr\/product\/aciers-darmature-inoxydables-acigrip-362-acigrip-462\/","og_locale":"fr_FR","og_type":"article","og_title":"Acier d'armature ACIGRIP\u00ae | Debrunner Acifer Armatures","og_description":"Les aciers d'armature r\u00e9sistants \u00e0 la corrosion garantissent une longue dur\u00e9e de vie aux ouvrages de construction : d\u00e9couvrez d\u00e8s maintenant les aciers d'armature inoxydables ACIGRIP\u00ae 362 \/ ACIGRIP\u00ae 462 !","og_url":"https:\/\/bewehrungstechnik.ch\/fr\/product\/aciers-darmature-inoxydables-acigrip-362-acigrip-462\/","og_site_name":"Bewehrungstechnik","article_modified_time":"2026-03-31T09:48:53+00:00","og_image":[{"width":554,"height":349,"url":"https:\/\/bewehrungstechnik.ch\/wp-content\/uploads\/2021\/05\/NIRO-1.jpg","type":"image\/jpeg"}],"twitter_card":"summary_large_image","schema":{"@context":"https:\/\/schema.org","@graph":[{"@type":"WebPage","@id":"https:\/\/bewehrungstechnik.ch\/fr\/product\/aciers-darmature-inoxydables-acigrip-362-acigrip-462\/","url":"https:\/\/bewehrungstechnik.ch\/fr\/product\/aciers-darmature-inoxydables-acigrip-362-acigrip-462\/","name":"Acier d'armature ACIGRIP\u00ae | Debrunner Acifer Armatures","isPartOf":{"@id":"https:\/\/bewehrungstechnik.ch\/fr\/#website"},"primaryImageOfPage":{"@id":"https:\/\/bewehrungstechnik.ch\/fr\/product\/aciers-darmature-inoxydables-acigrip-362-acigrip-462\/#primaryimage"},"image":{"@id":"https:\/\/bewehrungstechnik.ch\/fr\/product\/aciers-darmature-inoxydables-acigrip-362-acigrip-462\/#primaryimage"},"thumbnailUrl":"https:\/\/bewehrungstechnik.ch\/wp-content\/uploads\/2021\/05\/NIRO-1.jpg","datePublished":"2021-05-14T08:35:23+00:00","dateModified":"2026-03-31T09:48:53+00:00","description":"Les aciers d'armature r\u00e9sistants \u00e0 la corrosion garantissent une longue dur\u00e9e de vie aux ouvrages de construction : d\u00e9couvrez d\u00e8s maintenant les aciers d'armature inoxydables ACIGRIP\u00ae 362 \/ ACIGRIP\u00ae 462 !","breadcrumb":{"@id":"https:\/\/bewehrungstechnik.ch\/fr\/product\/aciers-darmature-inoxydables-acigrip-362-acigrip-462\/#breadcrumb"},"inLanguage":"fr-FR","potentialAction":[{"@type":"ReadAction","target":["https:\/\/bewehrungstechnik.ch\/fr\/product\/aciers-darmature-inoxydables-acigrip-362-acigrip-462\/"]}]},{"@type":"ImageObject","inLanguage":"fr-FR","@id":"https:\/\/bewehrungstechnik.ch\/fr\/product\/aciers-darmature-inoxydables-acigrip-362-acigrip-462\/#primaryimage","url":"https:\/\/bewehrungstechnik.ch\/wp-content\/uploads\/2021\/05\/NIRO-1.jpg","contentUrl":"https:\/\/bewehrungstechnik.ch\/wp-content\/uploads\/2021\/05\/NIRO-1.jpg","width":554,"height":349,"caption":"Nichtrostende Bewehrungsst\u00f6hle"},{"@type":"BreadcrumbList","@id":"https:\/\/bewehrungstechnik.ch\/fr\/product\/aciers-darmature-inoxydables-acigrip-362-acigrip-462\/#breadcrumb","itemListElement":[{"@type":"ListItem","position":1,"name":"Home","item":"https:\/\/bewehrungstechnik.ch\/fr\/"},{"@type":"ListItem","position":2,"name":"Products","item":"https:\/\/bewehrungstechnik.ch\/fr\/products\/"},{"@type":"ListItem","position":3,"name":"Aciers d\u2019armature inoxydables ACIGRIP\u00ae 362 \/ ACIGRIP\u00ae 462"}]},{"@type":"WebSite","@id":"https:\/\/bewehrungstechnik.ch\/fr\/#website","url":"https:\/\/bewehrungstechnik.ch\/fr\/","name":"Bewehrungstechnik","description":"Just another WordPress site","publisher":{"@id":"https:\/\/bewehrungstechnik.ch\/fr\/#organization"},"potentialAction":[{"@type":"SearchAction","target":{"@type":"EntryPoint","urlTemplate":"https:\/\/bewehrungstechnik.ch\/fr\/?s={search_term_string}"},"query-input":{"@type":"PropertyValueSpecification","valueRequired":true,"valueName":"search_term_string"}}],"inLanguage":"fr-FR"},{"@type":"Organization","@id":"https:\/\/bewehrungstechnik.ch\/fr\/#organization","name":"Bewehrungstechnik","url":"https:\/\/bewehrungstechnik.ch\/fr\/","logo":{"@type":"ImageObject","inLanguage":"fr-FR","@id":"https:\/\/bewehrungstechnik.ch\/fr\/#\/schema\/logo\/image\/","url":"https:\/\/bewehrungstechnik.ch\/wp-content\/uploads\/2021\/03\/logo.svg","contentUrl":"https:\/\/bewehrungstechnik.ch\/wp-content\/uploads\/2021\/03\/logo.svg","width":436,"height":436,"caption":"Bewehrungstechnik"},"image":{"@id":"https:\/\/bewehrungstechnik.ch\/fr\/#\/schema\/logo\/image\/"}}]}},"deac_custom_fields":{"product":{"brand":"ACIGRIP\u00ae 362 \/ ACIGRIP\u00ae 462","name":"Aciers d\u2019armature inoxydables"},"highlight_box":{"title":"Protection anticorrosion durable - aussi hors b\u00e9ton","subtitle":"Des aciers d\u2019armature r\u00e9sistants \u00e0 la corrosion garantissent une longue dur\u00e9e de vie des structures","text":"<ul>\n<li>Protection anti-corrosion fiable et durable dans des environnements fortement corrosifs<\/li>\n<li>Utilisation possible avec \u00e9paisseur d\u2019enrobage r\u00e9duite<\/li>\n<li>Utilisable aussi hors b\u00e9ton<\/li>\n<li>Convient pour consoles isolantes et tirants<\/li>\n<\/ul>\n","media_type":"image","image":{"medium":"<img width=\"300\" height=\"189\" src=\"https:\/\/bewehrungstechnik.ch\/wp-content\/uploads\/2021\/05\/NIRO-1-300x189.jpg\" class=\"%s\" alt=\"Nichtrostende Bewehrungsst\u00f6hle\" decoding=\"async\" loading=\"lazy\" srcset=\"https:\/\/bewehrungstechnik.ch\/wp-content\/uploads\/2021\/05\/NIRO-1-300x189.jpg 300w, https:\/\/bewehrungstechnik.ch\/wp-content\/uploads\/2021\/05\/NIRO-1-436x275.jpg 436w, https:\/\/bewehrungstechnik.ch\/wp-content\/uploads\/2021\/05\/NIRO-1-550x346.jpg 550w, https:\/\/bewehrungstechnik.ch\/wp-content\/uploads\/2021\/05\/NIRO-1.jpg 554w\" sizes=\"auto, (max-width: 300px) 100vw, 300px\" \/>","medium_large":"<img width=\"554\" height=\"349\" src=\"https:\/\/bewehrungstechnik.ch\/wp-content\/uploads\/2021\/05\/NIRO-1.jpg\" class=\"%s\" alt=\"Nichtrostende Bewehrungsst\u00f6hle\" decoding=\"async\" loading=\"lazy\" srcset=\"https:\/\/bewehrungstechnik.ch\/wp-content\/uploads\/2021\/05\/NIRO-1.jpg 554w, https:\/\/bewehrungstechnik.ch\/wp-content\/uploads\/2021\/05\/NIRO-1-300x189.jpg 300w, https:\/\/bewehrungstechnik.ch\/wp-content\/uploads\/2021\/05\/NIRO-1-436x275.jpg 436w, https:\/\/bewehrungstechnik.ch\/wp-content\/uploads\/2021\/05\/NIRO-1-550x346.jpg 550w\" sizes=\"auto, (max-width: 554px) 100vw, 554px\" \/>","large":"<img width=\"554\" height=\"349\" src=\"https:\/\/bewehrungstechnik.ch\/wp-content\/uploads\/2021\/05\/NIRO-1.jpg\" class=\"%s\" alt=\"Nichtrostende Bewehrungsst\u00f6hle\" decoding=\"async\" loading=\"lazy\" srcset=\"https:\/\/bewehrungstechnik.ch\/wp-content\/uploads\/2021\/05\/NIRO-1.jpg 554w, https:\/\/bewehrungstechnik.ch\/wp-content\/uploads\/2021\/05\/NIRO-1-300x189.jpg 300w, https:\/\/bewehrungstechnik.ch\/wp-content\/uploads\/2021\/05\/NIRO-1-436x275.jpg 436w, https:\/\/bewehrungstechnik.ch\/wp-content\/uploads\/2021\/05\/NIRO-1-550x346.jpg 550w\" sizes=\"auto, (max-width: 554px) 100vw, 554px\" \/>","full":"<img width=\"554\" height=\"349\" src=\"https:\/\/bewehrungstechnik.ch\/wp-content\/uploads\/2021\/05\/NIRO-1.jpg\" class=\"%s\" alt=\"Nichtrostende Bewehrungsst\u00f6hle\" decoding=\"async\" loading=\"lazy\" srcset=\"https:\/\/bewehrungstechnik.ch\/wp-content\/uploads\/2021\/05\/NIRO-1.jpg 554w, https:\/\/bewehrungstechnik.ch\/wp-content\/uploads\/2021\/05\/NIRO-1-300x189.jpg 300w, https:\/\/bewehrungstechnik.ch\/wp-content\/uploads\/2021\/05\/NIRO-1-436x275.jpg 436w, https:\/\/bewehrungstechnik.ch\/wp-content\/uploads\/2021\/05\/NIRO-1-550x346.jpg 550w\" sizes=\"auto, (max-width: 554px) 100vw, 554px\" \/>"},"video_list":[{"video_poster":1950,"youtube_link":"https:\/\/www.youtube.com\/watch?v=XQLTW2NJOYA","_video_poster_meta":["https:\/\/bewehrungstechnik.ch\/wp-content\/uploads\/2021\/05\/NIRO-1.jpg",554,349,false]}]},"downloads":[3051,2595,2479,3041,3097,3100,3677,3161,4111,6123,2493],"description":[{"title":"Protection contre la corrosion en cas de b\u00e9tons carbonat\u00e9s ou expos\u00e9s aux chlorures","text":"<p>La corrosion des armatures est aujourd&rsquo;hui l&rsquo;une des causes les plus fr\u00e9quentes de d\u00e9t\u00e9rioration du b\u00e9ton. Elle est favoris\u00e9e par la carbonatation du b\u00e9ton et la p\u00e9n\u00e9tration de chlorures. Ces deux ph\u00e9nom\u00e8nes se produisent notamment dans des conditions environnementales difficiles. Pour lutter efficacement et durablement contre la corrosion des armatures, il faut recourir \u00e0 des \u00e9l\u00e9ments d&rsquo;armature qui ne rouillent pas.<\/p>\n"},{"title":"Applications avec \u00e9paisseur d\u2019enrobage r\u00e9duite","text":"<p>Les aciers d\u2019armatures inoxydables ACIGRIP\u00ae 362 (n\u00b0 mat. 1.4362 &#8211; KWK 3) et ACIGRIP\u00ae 462 (n\u00b0 mat. 1.4462 &#8211; KWK 4) que nous tenons en stock sont une solution de choix pour lutter contre ce genre de dommage et assurer une protection durable contre la corrosion. Ils conviennent par exemple pour des \u00e9l\u00e9ments avec une \u00e9paisseur d\u2019enrobage des armatures r\u00e9duite et fortement expos\u00e9s.<\/p>\n"},{"title":"Aussi pour consoles isolantes et tirants","text":"<p>Les aciers d\u2019armature inoxydables ACIGRIP\u00ae 362 et 462 peuvent aussi s\u2019utiliser hors b\u00e9ton, par exemple pour la r\u00e9alisation de consoles isolantes ou de tirants &#8211; domaines o\u00f9 une haute r\u00e9sistance \u00e0 la corrosion constitue un facteur crucial. Dans les cas o\u00f9 la protection \u00e0 long terme de l\u2019acier d\u2019armature par le b\u00e9ton est garantie, o\u00f9 l\u2019infiltration de chlorures peut \u00eatre exclue et o\u00f9 l\u2019\u00e9paisseur d\u2019enrobage est suffisante, l\u2019acier d\u2019armature Top12 peut constituer une alternative suffisante \u00e0 moindre co\u00fbt.<\/p>\n"},{"title":"Le centre INOX de Regensdorf est inscrit au registre SIA des manufacturiers d\u2019acier inoxydable","text":"<p>Debrunner Acifer Bewehrungen AG est le premier fournisseur certifi\u00e9 et r\u00e9pertori\u00e9 dans le registre des manufacturiers d\u2019acier d\u2019armature inoxydable selon la norme SIA 262:2013. Nous traitons dans notre centre Inox de Regensdorf ZH l\u2019acier d\u2019armature Top12 dans une qualit\u00e9 des plus \u00e9lev\u00e9e et avec des d\u00e9lais de livraison courts.<\/p>\n"}]},"deac_featured_media":{"medium":"<img width=\"300\" height=\"189\" src=\"https:\/\/bewehrungstechnik.ch\/wp-content\/uploads\/2021\/05\/NIRO-1-300x189.jpg\" class=\"%s\" alt=\"Nichtrostende Bewehrungsst\u00f6hle\" decoding=\"async\" loading=\"lazy\" srcset=\"https:\/\/bewehrungstechnik.ch\/wp-content\/uploads\/2021\/05\/NIRO-1-300x189.jpg 300w, https:\/\/bewehrungstechnik.ch\/wp-content\/uploads\/2021\/05\/NIRO-1-436x275.jpg 436w, https:\/\/bewehrungstechnik.ch\/wp-content\/uploads\/2021\/05\/NIRO-1-550x346.jpg 550w, https:\/\/bewehrungstechnik.ch\/wp-content\/uploads\/2021\/05\/NIRO-1.jpg 554w\" sizes=\"auto, (max-width: 300px) 100vw, 300px\" \/>","medium_large":"<img width=\"554\" height=\"349\" src=\"https:\/\/bewehrungstechnik.ch\/wp-content\/uploads\/2021\/05\/NIRO-1.jpg\" class=\"%s\" alt=\"Nichtrostende Bewehrungsst\u00f6hle\" decoding=\"async\" loading=\"lazy\" srcset=\"https:\/\/bewehrungstechnik.ch\/wp-content\/uploads\/2021\/05\/NIRO-1.jpg 554w, https:\/\/bewehrungstechnik.ch\/wp-content\/uploads\/2021\/05\/NIRO-1-300x189.jpg 300w, https:\/\/bewehrungstechnik.ch\/wp-content\/uploads\/2021\/05\/NIRO-1-436x275.jpg 436w, https:\/\/bewehrungstechnik.ch\/wp-content\/uploads\/2021\/05\/NIRO-1-550x346.jpg 550w\" sizes=\"auto, (max-width: 554px) 100vw, 554px\" \/>","large":"<img width=\"554\" height=\"349\" src=\"https:\/\/bewehrungstechnik.ch\/wp-content\/uploads\/2021\/05\/NIRO-1.jpg\" class=\"%s\" alt=\"Nichtrostende Bewehrungsst\u00f6hle\" decoding=\"async\" loading=\"lazy\" srcset=\"https:\/\/bewehrungstechnik.ch\/wp-content\/uploads\/2021\/05\/NIRO-1.jpg 554w, https:\/\/bewehrungstechnik.ch\/wp-content\/uploads\/2021\/05\/NIRO-1-300x189.jpg 300w, https:\/\/bewehrungstechnik.ch\/wp-content\/uploads\/2021\/05\/NIRO-1-436x275.jpg 436w, https:\/\/bewehrungstechnik.ch\/wp-content\/uploads\/2021\/05\/NIRO-1-550x346.jpg 550w\" sizes=\"auto, (max-width: 554px) 100vw, 554px\" \/>","full":"<img width=\"554\" height=\"349\" src=\"https:\/\/bewehrungstechnik.ch\/wp-content\/uploads\/2021\/05\/NIRO-1.jpg\" class=\"%s\" alt=\"Nichtrostende Bewehrungsst\u00f6hle\" decoding=\"async\" loading=\"lazy\" srcset=\"https:\/\/bewehrungstechnik.ch\/wp-content\/uploads\/2021\/05\/NIRO-1.jpg 554w, https:\/\/bewehrungstechnik.ch\/wp-content\/uploads\/2021\/05\/NIRO-1-300x189.jpg 300w, https:\/\/bewehrungstechnik.ch\/wp-content\/uploads\/2021\/05\/NIRO-1-436x275.jpg 436w, https:\/\/bewehrungstechnik.ch\/wp-content\/uploads\/2021\/05\/NIRO-1-550x346.jpg 550w\" sizes=\"auto, (max-width: 554px) 100vw, 554px\" \/>"},"_links":{"self":[{"href":"https:\/\/bewehrungstechnik.ch\/fr\/wp-json\/wp\/v2\/product\/2103","targetHints":{"allow":["GET"]}}],"collection":[{"href":"https:\/\/bewehrungstechnik.ch\/fr\/wp-json\/wp\/v2\/product"}],"about":[{"href":"https:\/\/bewehrungstechnik.ch\/fr\/wp-json\/wp\/v2\/types\/product"}],"wp:featuredmedia":[{"embeddable":true,"href":"https:\/\/bewehrungstechnik.ch\/fr\/wp-json\/wp\/v2\/media\/1950"}],"wp:attachment":[{"href":"https:\/\/bewehrungstechnik.ch\/fr\/wp-json\/wp\/v2\/media?parent=2103"}],"wp:term":[{"taxonomy":"product_category","embeddable":true,"href":"https:\/\/bewehrungstechnik.ch\/fr\/wp-json\/wp\/v2\/product_category?post=2103"}],"curies":[{"name":"wp","href":"https:\/\/api.w.org\/{rel}","templated":true}]}}