{"id":2105,"date":"2021-05-14T08:41:20","date_gmt":"2021-05-14T08:41:20","guid":{"rendered":"https:\/\/bewehrungstechnik.ch\/?post_type=product&#038;p=2105"},"modified":"2026-03-31T09:43:44","modified_gmt":"2026-03-31T09:43:44","slug":"acier-darmature-demagnetise-magex","status":"publish","type":"product","link":"https:\/\/bewehrungstechnik.ch\/fr\/product\/acier-darmature-demagnetise-magex\/","title":{"rendered":"Acier d\u2019armature d\u00e9magn\u00e9tis\u00e9 MAGEX\u00ae"},"featured_media":2026,"menu_order":140,"template":"","product_category":[50],"class_list":["post-2105","product","type-product","status-publish","has-post-thumbnail","","product_category-aciers-darmature"],"acf":[],"yoast_head":"<!-- This site is optimized with the Yoast SEO plugin v27.3 - https:\/\/yoast.com\/product\/yoast-seo-wordpress\/ -->\n<title>Acier d&#039;armature d\u00e9magn\u00e9tis\u00e9 MAGEX\u00ae | Debrunner Acifer Bewehrungen<\/title>\n<meta name=\"description\" content=\"Acier d&#039;armature d\u00e9magn\u00e9tis\u00e9 MAGEX\u00ae. Proc\u00e9d\u00e9 brevet\u00e9 de d\u00e9magn\u00e9tisation pour l&#039;acier d&#039;armature et la technique d&#039;armature. D\u00e9couvrez-le d\u00e8s maintenant !\" \/>\n<meta name=\"robots\" content=\"index, follow, max-snippet:-1, max-image-preview:large, max-video-preview:-1\" \/>\n<link rel=\"canonical\" href=\"https:\/\/bewehrungstechnik.ch\/fr\/product\/acier-darmature-demagnetise-magex\/\" \/>\n<meta property=\"og:locale\" content=\"fr_FR\" \/>\n<meta property=\"og:type\" content=\"article\" \/>\n<meta property=\"og:title\" content=\"Acier d&#039;armature d\u00e9magn\u00e9tis\u00e9 MAGEX\u00ae | Debrunner Acifer Bewehrungen\" \/>\n<meta property=\"og:description\" content=\"Acier d&#039;armature d\u00e9magn\u00e9tis\u00e9 MAGEX\u00ae. Proc\u00e9d\u00e9 brevet\u00e9 de d\u00e9magn\u00e9tisation pour l&#039;acier d&#039;armature et la technique d&#039;armature. D\u00e9couvrez-le d\u00e8s maintenant !\" \/>\n<meta property=\"og:url\" content=\"https:\/\/bewehrungstechnik.ch\/fr\/product\/acier-darmature-demagnetise-magex\/\" \/>\n<meta property=\"og:site_name\" content=\"Bewehrungstechnik\" \/>\n<meta property=\"article:modified_time\" content=\"2026-03-31T09:43:44+00:00\" \/>\n<meta property=\"og:image\" content=\"https:\/\/bewehrungstechnik.ch\/wp-content\/uploads\/2021\/05\/MAGEX-Etikette.jpg\" \/>\n\t<meta property=\"og:image:width\" content=\"1234\" \/>\n\t<meta property=\"og:image:height\" content=\"823\" \/>\n\t<meta property=\"og:image:type\" content=\"image\/jpeg\" \/>\n<meta name=\"twitter:card\" content=\"summary_large_image\" \/>\n<script type=\"application\/ld+json\" class=\"yoast-schema-graph\">{\"@context\":\"https:\\\/\\\/schema.org\",\"@graph\":[{\"@type\":\"WebPage\",\"@id\":\"https:\\\/\\\/bewehrungstechnik.ch\\\/fr\\\/product\\\/acier-darmature-demagnetise-magex\\\/\",\"url\":\"https:\\\/\\\/bewehrungstechnik.ch\\\/fr\\\/product\\\/acier-darmature-demagnetise-magex\\\/\",\"name\":\"Acier d'armature d\u00e9magn\u00e9tis\u00e9 MAGEX\u00ae | Debrunner Acifer Bewehrungen\",\"isPartOf\":{\"@id\":\"https:\\\/\\\/bewehrungstechnik.ch\\\/fr\\\/#website\"},\"primaryImageOfPage\":{\"@id\":\"https:\\\/\\\/bewehrungstechnik.ch\\\/fr\\\/product\\\/acier-darmature-demagnetise-magex\\\/#primaryimage\"},\"image\":{\"@id\":\"https:\\\/\\\/bewehrungstechnik.ch\\\/fr\\\/product\\\/acier-darmature-demagnetise-magex\\\/#primaryimage\"},\"thumbnailUrl\":\"https:\\\/\\\/bewehrungstechnik.ch\\\/wp-content\\\/uploads\\\/2021\\\/05\\\/MAGEX-Etikette.jpg\",\"datePublished\":\"2021-05-14T08:41:20+00:00\",\"dateModified\":\"2026-03-31T09:43:44+00:00\",\"description\":\"Acier d'armature d\u00e9magn\u00e9tis\u00e9 MAGEX\u00ae. Proc\u00e9d\u00e9 brevet\u00e9 de d\u00e9magn\u00e9tisation pour l'acier d'armature et la technique d'armature. D\u00e9couvrez-le d\u00e8s maintenant !\",\"breadcrumb\":{\"@id\":\"https:\\\/\\\/bewehrungstechnik.ch\\\/fr\\\/product\\\/acier-darmature-demagnetise-magex\\\/#breadcrumb\"},\"inLanguage\":\"fr-FR\",\"potentialAction\":[{\"@type\":\"ReadAction\",\"target\":[\"https:\\\/\\\/bewehrungstechnik.ch\\\/fr\\\/product\\\/acier-darmature-demagnetise-magex\\\/\"]}]},{\"@type\":\"ImageObject\",\"inLanguage\":\"fr-FR\",\"@id\":\"https:\\\/\\\/bewehrungstechnik.ch\\\/fr\\\/product\\\/acier-darmature-demagnetise-magex\\\/#primaryimage\",\"url\":\"https:\\\/\\\/bewehrungstechnik.ch\\\/wp-content\\\/uploads\\\/2021\\\/05\\\/MAGEX-Etikette.jpg\",\"contentUrl\":\"https:\\\/\\\/bewehrungstechnik.ch\\\/wp-content\\\/uploads\\\/2021\\\/05\\\/MAGEX-Etikette.jpg\",\"width\":1234,\"height\":823},{\"@type\":\"BreadcrumbList\",\"@id\":\"https:\\\/\\\/bewehrungstechnik.ch\\\/fr\\\/product\\\/acier-darmature-demagnetise-magex\\\/#breadcrumb\",\"itemListElement\":[{\"@type\":\"ListItem\",\"position\":1,\"name\":\"Home\",\"item\":\"https:\\\/\\\/bewehrungstechnik.ch\\\/fr\\\/\"},{\"@type\":\"ListItem\",\"position\":2,\"name\":\"Products\",\"item\":\"https:\\\/\\\/bewehrungstechnik.ch\\\/fr\\\/products\\\/\"},{\"@type\":\"ListItem\",\"position\":3,\"name\":\"Acier d\u2019armature d\u00e9magn\u00e9tis\u00e9 MAGEX\u00ae\"}]},{\"@type\":\"WebSite\",\"@id\":\"https:\\\/\\\/bewehrungstechnik.ch\\\/fr\\\/#website\",\"url\":\"https:\\\/\\\/bewehrungstechnik.ch\\\/fr\\\/\",\"name\":\"Bewehrungstechnik\",\"description\":\"Just another WordPress site\",\"publisher\":{\"@id\":\"https:\\\/\\\/bewehrungstechnik.ch\\\/fr\\\/#organization\"},\"potentialAction\":[{\"@type\":\"SearchAction\",\"target\":{\"@type\":\"EntryPoint\",\"urlTemplate\":\"https:\\\/\\\/bewehrungstechnik.ch\\\/fr\\\/?s={search_term_string}\"},\"query-input\":{\"@type\":\"PropertyValueSpecification\",\"valueRequired\":true,\"valueName\":\"search_term_string\"}}],\"inLanguage\":\"fr-FR\"},{\"@type\":\"Organization\",\"@id\":\"https:\\\/\\\/bewehrungstechnik.ch\\\/fr\\\/#organization\",\"name\":\"Bewehrungstechnik\",\"url\":\"https:\\\/\\\/bewehrungstechnik.ch\\\/fr\\\/\",\"logo\":{\"@type\":\"ImageObject\",\"inLanguage\":\"fr-FR\",\"@id\":\"https:\\\/\\\/bewehrungstechnik.ch\\\/fr\\\/#\\\/schema\\\/logo\\\/image\\\/\",\"url\":\"https:\\\/\\\/bewehrungstechnik.ch\\\/wp-content\\\/uploads\\\/2021\\\/03\\\/logo.svg\",\"contentUrl\":\"https:\\\/\\\/bewehrungstechnik.ch\\\/wp-content\\\/uploads\\\/2021\\\/03\\\/logo.svg\",\"width\":436,\"height\":436,\"caption\":\"Bewehrungstechnik\"},\"image\":{\"@id\":\"https:\\\/\\\/bewehrungstechnik.ch\\\/fr\\\/#\\\/schema\\\/logo\\\/image\\\/\"}}]}<\/script>\n<!-- \/ Yoast SEO plugin. -->","yoast_head_json":{"title":"Acier d'armature d\u00e9magn\u00e9tis\u00e9 MAGEX\u00ae | Debrunner Acifer Bewehrungen","description":"Acier d'armature d\u00e9magn\u00e9tis\u00e9 MAGEX\u00ae. Proc\u00e9d\u00e9 brevet\u00e9 de d\u00e9magn\u00e9tisation pour l'acier d'armature et la technique d'armature. D\u00e9couvrez-le d\u00e8s maintenant !","robots":{"index":"index","follow":"follow","max-snippet":"max-snippet:-1","max-image-preview":"max-image-preview:large","max-video-preview":"max-video-preview:-1"},"canonical":"https:\/\/bewehrungstechnik.ch\/fr\/product\/acier-darmature-demagnetise-magex\/","og_locale":"fr_FR","og_type":"article","og_title":"Acier d'armature d\u00e9magn\u00e9tis\u00e9 MAGEX\u00ae | Debrunner Acifer Bewehrungen","og_description":"Acier d'armature d\u00e9magn\u00e9tis\u00e9 MAGEX\u00ae. Proc\u00e9d\u00e9 brevet\u00e9 de d\u00e9magn\u00e9tisation pour l'acier d'armature et la technique d'armature. D\u00e9couvrez-le d\u00e8s maintenant !","og_url":"https:\/\/bewehrungstechnik.ch\/fr\/product\/acier-darmature-demagnetise-magex\/","og_site_name":"Bewehrungstechnik","article_modified_time":"2026-03-31T09:43:44+00:00","og_image":[{"width":1234,"height":823,"url":"https:\/\/bewehrungstechnik.ch\/wp-content\/uploads\/2021\/05\/MAGEX-Etikette.jpg","type":"image\/jpeg"}],"twitter_card":"summary_large_image","schema":{"@context":"https:\/\/schema.org","@graph":[{"@type":"WebPage","@id":"https:\/\/bewehrungstechnik.ch\/fr\/product\/acier-darmature-demagnetise-magex\/","url":"https:\/\/bewehrungstechnik.ch\/fr\/product\/acier-darmature-demagnetise-magex\/","name":"Acier d'armature d\u00e9magn\u00e9tis\u00e9 MAGEX\u00ae | Debrunner Acifer Bewehrungen","isPartOf":{"@id":"https:\/\/bewehrungstechnik.ch\/fr\/#website"},"primaryImageOfPage":{"@id":"https:\/\/bewehrungstechnik.ch\/fr\/product\/acier-darmature-demagnetise-magex\/#primaryimage"},"image":{"@id":"https:\/\/bewehrungstechnik.ch\/fr\/product\/acier-darmature-demagnetise-magex\/#primaryimage"},"thumbnailUrl":"https:\/\/bewehrungstechnik.ch\/wp-content\/uploads\/2021\/05\/MAGEX-Etikette.jpg","datePublished":"2021-05-14T08:41:20+00:00","dateModified":"2026-03-31T09:43:44+00:00","description":"Acier d'armature d\u00e9magn\u00e9tis\u00e9 MAGEX\u00ae. Proc\u00e9d\u00e9 brevet\u00e9 de d\u00e9magn\u00e9tisation pour l'acier d'armature et la technique d'armature. D\u00e9couvrez-le d\u00e8s maintenant !","breadcrumb":{"@id":"https:\/\/bewehrungstechnik.ch\/fr\/product\/acier-darmature-demagnetise-magex\/#breadcrumb"},"inLanguage":"fr-FR","potentialAction":[{"@type":"ReadAction","target":["https:\/\/bewehrungstechnik.ch\/fr\/product\/acier-darmature-demagnetise-magex\/"]}]},{"@type":"ImageObject","inLanguage":"fr-FR","@id":"https:\/\/bewehrungstechnik.ch\/fr\/product\/acier-darmature-demagnetise-magex\/#primaryimage","url":"https:\/\/bewehrungstechnik.ch\/wp-content\/uploads\/2021\/05\/MAGEX-Etikette.jpg","contentUrl":"https:\/\/bewehrungstechnik.ch\/wp-content\/uploads\/2021\/05\/MAGEX-Etikette.jpg","width":1234,"height":823},{"@type":"BreadcrumbList","@id":"https:\/\/bewehrungstechnik.ch\/fr\/product\/acier-darmature-demagnetise-magex\/#breadcrumb","itemListElement":[{"@type":"ListItem","position":1,"name":"Home","item":"https:\/\/bewehrungstechnik.ch\/fr\/"},{"@type":"ListItem","position":2,"name":"Products","item":"https:\/\/bewehrungstechnik.ch\/fr\/products\/"},{"@type":"ListItem","position":3,"name":"Acier d\u2019armature d\u00e9magn\u00e9tis\u00e9 MAGEX\u00ae"}]},{"@type":"WebSite","@id":"https:\/\/bewehrungstechnik.ch\/fr\/#website","url":"https:\/\/bewehrungstechnik.ch\/fr\/","name":"Bewehrungstechnik","description":"Just another WordPress site","publisher":{"@id":"https:\/\/bewehrungstechnik.ch\/fr\/#organization"},"potentialAction":[{"@type":"SearchAction","target":{"@type":"EntryPoint","urlTemplate":"https:\/\/bewehrungstechnik.ch\/fr\/?s={search_term_string}"},"query-input":{"@type":"PropertyValueSpecification","valueRequired":true,"valueName":"search_term_string"}}],"inLanguage":"fr-FR"},{"@type":"Organization","@id":"https:\/\/bewehrungstechnik.ch\/fr\/#organization","name":"Bewehrungstechnik","url":"https:\/\/bewehrungstechnik.ch\/fr\/","logo":{"@type":"ImageObject","inLanguage":"fr-FR","@id":"https:\/\/bewehrungstechnik.ch\/fr\/#\/schema\/logo\/image\/","url":"https:\/\/bewehrungstechnik.ch\/wp-content\/uploads\/2021\/03\/logo.svg","contentUrl":"https:\/\/bewehrungstechnik.ch\/wp-content\/uploads\/2021\/03\/logo.svg","width":436,"height":436,"caption":"Bewehrungstechnik"},"image":{"@id":"https:\/\/bewehrungstechnik.ch\/fr\/#\/schema\/logo\/image\/"}}]}},"deac_custom_fields":{"product":{"brand":"MAGEX\u00ae","name":"Acier d\u2019armature d\u00e9magn\u00e9tis\u00e9"},"highlight_box":{"title":"Proc\u00e9d\u00e9 de d\u00e9magn\u00e9tisation brevet\u00e9 pour l\u2019acier d\u2019armature et la technique d\u2019armature","subtitle":"Pour une construction saine","text":"<ul>\n<li>Garantit un champ magn\u00e9tique terrestre stable<\/li>\n<li>Cr\u00e9ation de valeur pour des g\u00e9n\u00e9rations<\/li>\n<li>Assurance qualit\u00e9 par des mesures<\/li>\n<li>Certificat pour le ma\u00eetre d\u2019oeuvre<\/li>\n<li>Alternative \u00e9conomique \u00e0 des aciers aust\u00e9nitiques ou des armatures en fibres de verre<\/li>\n<\/ul>\n","media_type":"image","image":{"medium":"<img width=\"300\" height=\"224\" src=\"https:\/\/bewehrungstechnik.ch\/wp-content\/uploads\/2021\/05\/MAGEX-Stab-mit-Klammer-300x224.jpg\" class=\"%s\" alt=\"\" decoding=\"async\" loading=\"lazy\" srcset=\"https:\/\/bewehrungstechnik.ch\/wp-content\/uploads\/2021\/05\/MAGEX-Stab-mit-Klammer-300x224.jpg 300w, https:\/\/bewehrungstechnik.ch\/wp-content\/uploads\/2021\/05\/MAGEX-Stab-mit-Klammer-768x574.jpg 768w, https:\/\/bewehrungstechnik.ch\/wp-content\/uploads\/2021\/05\/MAGEX-Stab-mit-Klammer-436x326.jpg 436w, https:\/\/bewehrungstechnik.ch\/wp-content\/uploads\/2021\/05\/MAGEX-Stab-mit-Klammer-550x411.jpg 550w, https:\/\/bewehrungstechnik.ch\/wp-content\/uploads\/2021\/05\/MAGEX-Stab-mit-Klammer.jpg 1024w\" sizes=\"auto, (max-width: 300px) 100vw, 300px\" \/>","medium_large":"<img width=\"768\" height=\"574\" src=\"https:\/\/bewehrungstechnik.ch\/wp-content\/uploads\/2021\/05\/MAGEX-Stab-mit-Klammer-768x574.jpg\" class=\"%s\" alt=\"\" decoding=\"async\" loading=\"lazy\" srcset=\"https:\/\/bewehrungstechnik.ch\/wp-content\/uploads\/2021\/05\/MAGEX-Stab-mit-Klammer-768x574.jpg 768w, https:\/\/bewehrungstechnik.ch\/wp-content\/uploads\/2021\/05\/MAGEX-Stab-mit-Klammer-300x224.jpg 300w, https:\/\/bewehrungstechnik.ch\/wp-content\/uploads\/2021\/05\/MAGEX-Stab-mit-Klammer-436x326.jpg 436w, https:\/\/bewehrungstechnik.ch\/wp-content\/uploads\/2021\/05\/MAGEX-Stab-mit-Klammer-550x411.jpg 550w, https:\/\/bewehrungstechnik.ch\/wp-content\/uploads\/2021\/05\/MAGEX-Stab-mit-Klammer.jpg 1024w\" sizes=\"auto, (max-width: 768px) 100vw, 768px\" \/>","large":"<img width=\"1024\" height=\"765\" src=\"https:\/\/bewehrungstechnik.ch\/wp-content\/uploads\/2021\/05\/MAGEX-Stab-mit-Klammer.jpg\" class=\"%s\" alt=\"\" decoding=\"async\" loading=\"lazy\" srcset=\"https:\/\/bewehrungstechnik.ch\/wp-content\/uploads\/2021\/05\/MAGEX-Stab-mit-Klammer.jpg 1024w, https:\/\/bewehrungstechnik.ch\/wp-content\/uploads\/2021\/05\/MAGEX-Stab-mit-Klammer-300x224.jpg 300w, https:\/\/bewehrungstechnik.ch\/wp-content\/uploads\/2021\/05\/MAGEX-Stab-mit-Klammer-768x574.jpg 768w, https:\/\/bewehrungstechnik.ch\/wp-content\/uploads\/2021\/05\/MAGEX-Stab-mit-Klammer-436x326.jpg 436w, https:\/\/bewehrungstechnik.ch\/wp-content\/uploads\/2021\/05\/MAGEX-Stab-mit-Klammer-550x411.jpg 550w\" sizes=\"auto, (max-width: 1024px) 100vw, 1024px\" \/>","full":"<img width=\"1024\" height=\"765\" src=\"https:\/\/bewehrungstechnik.ch\/wp-content\/uploads\/2021\/05\/MAGEX-Stab-mit-Klammer.jpg\" class=\"%s\" alt=\"\" decoding=\"async\" loading=\"lazy\" srcset=\"https:\/\/bewehrungstechnik.ch\/wp-content\/uploads\/2021\/05\/MAGEX-Stab-mit-Klammer.jpg 1024w, https:\/\/bewehrungstechnik.ch\/wp-content\/uploads\/2021\/05\/MAGEX-Stab-mit-Klammer-300x224.jpg 300w, https:\/\/bewehrungstechnik.ch\/wp-content\/uploads\/2021\/05\/MAGEX-Stab-mit-Klammer-768x574.jpg 768w, https:\/\/bewehrungstechnik.ch\/wp-content\/uploads\/2021\/05\/MAGEX-Stab-mit-Klammer-436x326.jpg 436w, https:\/\/bewehrungstechnik.ch\/wp-content\/uploads\/2021\/05\/MAGEX-Stab-mit-Klammer-550x411.jpg 550w\" sizes=\"auto, (max-width: 1024px) 100vw, 1024px\" \/>"},"video_list":false},"downloads":[2342,2417,2543,2607,2345,3197,5532],"description":[{"title":"Acier d\u00e9magn\u00e9tis\u00e9 directement d\u2019usine","text":"<p>Les architectes, ing\u00e9nieurs, ma\u00eetres d\u2019oeuvre et d\u00e9cideurs peuvent commander directement d\u2019usine l\u2019acier d\u2019armature et la technique d\u2019armature d\u00e9magn\u00e9tis\u00e9s par un processus r\u00e9volutionnaire.<\/p>\n"},{"title":"Environnement exempt de rayonnement","text":"<p>Les zones dans lesquelles les gens passent fr\u00e9quemment du temps, par exemple les salons et les chambres \u00e0 coucher, mais aussi les laboratoires ou les h\u00f4pitaux o\u00f9 se trouvent des appareils de mesure sensibles, devraient avoir un champ magn\u00e9tique terrestre non perturb\u00e9.<br \/>\nLes parties d\u2019ouvrages adjacents \u00e0 ces zones devraient \u00eatre construits avec des armatures MAGEX\u00ae.<\/p>\n"},{"title":"Domaines d\u2019utilisation","text":"<p>MAGEX\u00ae est particuli\u00e8rement adapt\u00e9 aux domaines d\u2019utilisation suivants:<\/p>\n<ul>\n<li>B\u00e2timents r\u00e9sidentiels priv\u00e9s<\/li>\n<li>Immeubles d\u2019appartements<\/li>\n<li>Locaux commerciaux<\/li>\n<li>H\u00f4pitaux<\/li>\n<li>Laboratoires<\/li>\n<li>Ecoles<\/li>\n<li>Installations a\u00e9riennes (tour, hangar)<\/li>\n<li>Centres de calcul<\/li>\n<\/ul>\n"}]},"deac_featured_media":{"medium":"<img width=\"300\" height=\"200\" src=\"https:\/\/bewehrungstechnik.ch\/wp-content\/uploads\/2021\/05\/MAGEX-Etikette-300x200.jpg\" class=\"%s\" alt=\"\" decoding=\"async\" loading=\"lazy\" srcset=\"https:\/\/bewehrungstechnik.ch\/wp-content\/uploads\/2021\/05\/MAGEX-Etikette-300x200.jpg 300w, https:\/\/bewehrungstechnik.ch\/wp-content\/uploads\/2021\/05\/MAGEX-Etikette-1024x683.jpg 1024w, https:\/\/bewehrungstechnik.ch\/wp-content\/uploads\/2021\/05\/MAGEX-Etikette-768x512.jpg 768w, https:\/\/bewehrungstechnik.ch\/wp-content\/uploads\/2021\/05\/MAGEX-Etikette-436x291.jpg 436w, https:\/\/bewehrungstechnik.ch\/wp-content\/uploads\/2021\/05\/MAGEX-Etikette-550x367.jpg 550w, https:\/\/bewehrungstechnik.ch\/wp-content\/uploads\/2021\/05\/MAGEX-Etikette.jpg 1234w\" sizes=\"auto, (max-width: 300px) 100vw, 300px\" \/>","medium_large":"<img width=\"768\" height=\"512\" src=\"https:\/\/bewehrungstechnik.ch\/wp-content\/uploads\/2021\/05\/MAGEX-Etikette-768x512.jpg\" class=\"%s\" alt=\"\" decoding=\"async\" loading=\"lazy\" srcset=\"https:\/\/bewehrungstechnik.ch\/wp-content\/uploads\/2021\/05\/MAGEX-Etikette-768x512.jpg 768w, https:\/\/bewehrungstechnik.ch\/wp-content\/uploads\/2021\/05\/MAGEX-Etikette-300x200.jpg 300w, https:\/\/bewehrungstechnik.ch\/wp-content\/uploads\/2021\/05\/MAGEX-Etikette-1024x683.jpg 1024w, https:\/\/bewehrungstechnik.ch\/wp-content\/uploads\/2021\/05\/MAGEX-Etikette-436x291.jpg 436w, https:\/\/bewehrungstechnik.ch\/wp-content\/uploads\/2021\/05\/MAGEX-Etikette-550x367.jpg 550w, https:\/\/bewehrungstechnik.ch\/wp-content\/uploads\/2021\/05\/MAGEX-Etikette.jpg 1234w\" sizes=\"auto, (max-width: 768px) 100vw, 768px\" \/>","large":"<img width=\"1024\" height=\"683\" src=\"https:\/\/bewehrungstechnik.ch\/wp-content\/uploads\/2021\/05\/MAGEX-Etikette-1024x683.jpg\" class=\"%s\" alt=\"\" decoding=\"async\" loading=\"lazy\" srcset=\"https:\/\/bewehrungstechnik.ch\/wp-content\/uploads\/2021\/05\/MAGEX-Etikette-1024x683.jpg 1024w, https:\/\/bewehrungstechnik.ch\/wp-content\/uploads\/2021\/05\/MAGEX-Etikette-300x200.jpg 300w, https:\/\/bewehrungstechnik.ch\/wp-content\/uploads\/2021\/05\/MAGEX-Etikette-768x512.jpg 768w, https:\/\/bewehrungstechnik.ch\/wp-content\/uploads\/2021\/05\/MAGEX-Etikette-436x291.jpg 436w, https:\/\/bewehrungstechnik.ch\/wp-content\/uploads\/2021\/05\/MAGEX-Etikette-550x367.jpg 550w, https:\/\/bewehrungstechnik.ch\/wp-content\/uploads\/2021\/05\/MAGEX-Etikette.jpg 1234w\" sizes=\"auto, (max-width: 1024px) 100vw, 1024px\" \/>","full":"<img width=\"1234\" height=\"823\" src=\"https:\/\/bewehrungstechnik.ch\/wp-content\/uploads\/2021\/05\/MAGEX-Etikette.jpg\" class=\"%s\" alt=\"\" decoding=\"async\" loading=\"lazy\" srcset=\"https:\/\/bewehrungstechnik.ch\/wp-content\/uploads\/2021\/05\/MAGEX-Etikette.jpg 1234w, https:\/\/bewehrungstechnik.ch\/wp-content\/uploads\/2021\/05\/MAGEX-Etikette-300x200.jpg 300w, https:\/\/bewehrungstechnik.ch\/wp-content\/uploads\/2021\/05\/MAGEX-Etikette-1024x683.jpg 1024w, https:\/\/bewehrungstechnik.ch\/wp-content\/uploads\/2021\/05\/MAGEX-Etikette-768x512.jpg 768w, https:\/\/bewehrungstechnik.ch\/wp-content\/uploads\/2021\/05\/MAGEX-Etikette-436x291.jpg 436w, https:\/\/bewehrungstechnik.ch\/wp-content\/uploads\/2021\/05\/MAGEX-Etikette-550x367.jpg 550w\" sizes=\"auto, (max-width: 1234px) 100vw, 1234px\" \/>"},"_links":{"self":[{"href":"https:\/\/bewehrungstechnik.ch\/fr\/wp-json\/wp\/v2\/product\/2105","targetHints":{"allow":["GET"]}}],"collection":[{"href":"https:\/\/bewehrungstechnik.ch\/fr\/wp-json\/wp\/v2\/product"}],"about":[{"href":"https:\/\/bewehrungstechnik.ch\/fr\/wp-json\/wp\/v2\/types\/product"}],"wp:featuredmedia":[{"embeddable":true,"href":"https:\/\/bewehrungstechnik.ch\/fr\/wp-json\/wp\/v2\/media\/2026"}],"wp:attachment":[{"href":"https:\/\/bewehrungstechnik.ch\/fr\/wp-json\/wp\/v2\/media?parent=2105"}],"wp:term":[{"taxonomy":"product_category","embeddable":true,"href":"https:\/\/bewehrungstechnik.ch\/fr\/wp-json\/wp\/v2\/product_category?post=2105"}],"curies":[{"name":"wp","href":"https:\/\/api.w.org\/{rel}","templated":true}]}}