{"id":2106,"date":"2021-05-14T08:45:00","date_gmt":"2021-05-14T08:45:00","guid":{"rendered":"https:\/\/bewehrungstechnik.ch\/?post_type=product&#038;p=2106"},"modified":"2026-03-31T09:42:34","modified_gmt":"2026-03-31T09:42:34","slug":"treillis-de-stock","status":"publish","type":"product","link":"https:\/\/bewehrungstechnik.ch\/fr\/product\/treillis-de-stock\/","title":{"rendered":"Treillis de stock"},"featured_media":2266,"menu_order":150,"template":"","product_category":[49],"class_list":["post-2106","product","type-product","status-publish","has-post-thumbnail","","product_category-treillis-et-accessoires"],"acf":[],"yoast_head":"<!-- This site is optimized with the Yoast SEO plugin v27.3 - https:\/\/yoast.com\/product\/yoast-seo-wordpress\/ -->\n<title>Treillis de fondation | Treillis d&#039;armature | Debrunner Acifer Armatures<\/title>\n<meta name=\"description\" content=\"Des treillis soud\u00e9s d\u00e9coup\u00e9s et cintr\u00e9s sur mesure selon vos besoins. D\u00e9couvrez d\u00e8s maintenant notre large gamme de treillis soud\u00e9s !\" \/>\n<meta name=\"robots\" content=\"index, follow, max-snippet:-1, max-image-preview:large, max-video-preview:-1\" \/>\n<link rel=\"canonical\" href=\"https:\/\/bewehrungstechnik.ch\/fr\/product\/treillis-de-stock\/\" \/>\n<meta property=\"og:locale\" content=\"fr_FR\" \/>\n<meta property=\"og:type\" content=\"article\" \/>\n<meta property=\"og:title\" content=\"Treillis de fondation | Treillis d&#039;armature | Debrunner Acifer Armatures\" \/>\n<meta property=\"og:description\" content=\"Des treillis soud\u00e9s d\u00e9coup\u00e9s et cintr\u00e9s sur mesure selon vos besoins. D\u00e9couvrez d\u00e8s maintenant notre large gamme de treillis soud\u00e9s !\" \/>\n<meta property=\"og:url\" content=\"https:\/\/bewehrungstechnik.ch\/fr\/product\/treillis-de-stock\/\" \/>\n<meta property=\"og:site_name\" content=\"Bewehrungstechnik\" \/>\n<meta property=\"article:modified_time\" content=\"2026-03-31T09:42:34+00:00\" \/>\n<meta property=\"og:image\" content=\"https:\/\/bewehrungstechnik.ch\/wp-content\/uploads\/2021\/03\/steel-bars.jpg\" \/>\n\t<meta property=\"og:image:width\" content=\"720\" \/>\n\t<meta property=\"og:image:height\" content=\"865\" \/>\n\t<meta property=\"og:image:type\" content=\"image\/jpeg\" \/>\n<meta name=\"twitter:card\" content=\"summary_large_image\" \/>\n<script type=\"application\/ld+json\" class=\"yoast-schema-graph\">{\"@context\":\"https:\\\/\\\/schema.org\",\"@graph\":[{\"@type\":\"WebPage\",\"@id\":\"https:\\\/\\\/bewehrungstechnik.ch\\\/fr\\\/product\\\/treillis-de-stock\\\/\",\"url\":\"https:\\\/\\\/bewehrungstechnik.ch\\\/fr\\\/product\\\/treillis-de-stock\\\/\",\"name\":\"Treillis de fondation | Treillis d'armature | Debrunner Acifer Armatures\",\"isPartOf\":{\"@id\":\"https:\\\/\\\/bewehrungstechnik.ch\\\/fr\\\/#website\"},\"primaryImageOfPage\":{\"@id\":\"https:\\\/\\\/bewehrungstechnik.ch\\\/fr\\\/product\\\/treillis-de-stock\\\/#primaryimage\"},\"image\":{\"@id\":\"https:\\\/\\\/bewehrungstechnik.ch\\\/fr\\\/product\\\/treillis-de-stock\\\/#primaryimage\"},\"thumbnailUrl\":\"https:\\\/\\\/bewehrungstechnik.ch\\\/wp-content\\\/uploads\\\/2021\\\/03\\\/steel-bars.jpg\",\"datePublished\":\"2021-05-14T08:45:00+00:00\",\"dateModified\":\"2026-03-31T09:42:34+00:00\",\"description\":\"Des treillis soud\u00e9s d\u00e9coup\u00e9s et cintr\u00e9s sur mesure selon vos besoins. D\u00e9couvrez d\u00e8s maintenant notre large gamme de treillis soud\u00e9s !\",\"breadcrumb\":{\"@id\":\"https:\\\/\\\/bewehrungstechnik.ch\\\/fr\\\/product\\\/treillis-de-stock\\\/#breadcrumb\"},\"inLanguage\":\"fr-FR\",\"potentialAction\":[{\"@type\":\"ReadAction\",\"target\":[\"https:\\\/\\\/bewehrungstechnik.ch\\\/fr\\\/product\\\/treillis-de-stock\\\/\"]}]},{\"@type\":\"ImageObject\",\"inLanguage\":\"fr-FR\",\"@id\":\"https:\\\/\\\/bewehrungstechnik.ch\\\/fr\\\/product\\\/treillis-de-stock\\\/#primaryimage\",\"url\":\"https:\\\/\\\/bewehrungstechnik.ch\\\/wp-content\\\/uploads\\\/2021\\\/03\\\/steel-bars.jpg\",\"contentUrl\":\"https:\\\/\\\/bewehrungstechnik.ch\\\/wp-content\\\/uploads\\\/2021\\\/03\\\/steel-bars.jpg\",\"width\":720,\"height\":865},{\"@type\":\"BreadcrumbList\",\"@id\":\"https:\\\/\\\/bewehrungstechnik.ch\\\/fr\\\/product\\\/treillis-de-stock\\\/#breadcrumb\",\"itemListElement\":[{\"@type\":\"ListItem\",\"position\":1,\"name\":\"Home\",\"item\":\"https:\\\/\\\/bewehrungstechnik.ch\\\/fr\\\/\"},{\"@type\":\"ListItem\",\"position\":2,\"name\":\"Products\",\"item\":\"https:\\\/\\\/bewehrungstechnik.ch\\\/fr\\\/products\\\/\"},{\"@type\":\"ListItem\",\"position\":3,\"name\":\"Treillis de stock\"}]},{\"@type\":\"WebSite\",\"@id\":\"https:\\\/\\\/bewehrungstechnik.ch\\\/fr\\\/#website\",\"url\":\"https:\\\/\\\/bewehrungstechnik.ch\\\/fr\\\/\",\"name\":\"Bewehrungstechnik\",\"description\":\"Just another WordPress site\",\"publisher\":{\"@id\":\"https:\\\/\\\/bewehrungstechnik.ch\\\/fr\\\/#organization\"},\"potentialAction\":[{\"@type\":\"SearchAction\",\"target\":{\"@type\":\"EntryPoint\",\"urlTemplate\":\"https:\\\/\\\/bewehrungstechnik.ch\\\/fr\\\/?s={search_term_string}\"},\"query-input\":{\"@type\":\"PropertyValueSpecification\",\"valueRequired\":true,\"valueName\":\"search_term_string\"}}],\"inLanguage\":\"fr-FR\"},{\"@type\":\"Organization\",\"@id\":\"https:\\\/\\\/bewehrungstechnik.ch\\\/fr\\\/#organization\",\"name\":\"Bewehrungstechnik\",\"url\":\"https:\\\/\\\/bewehrungstechnik.ch\\\/fr\\\/\",\"logo\":{\"@type\":\"ImageObject\",\"inLanguage\":\"fr-FR\",\"@id\":\"https:\\\/\\\/bewehrungstechnik.ch\\\/fr\\\/#\\\/schema\\\/logo\\\/image\\\/\",\"url\":\"https:\\\/\\\/bewehrungstechnik.ch\\\/wp-content\\\/uploads\\\/2021\\\/03\\\/logo.svg\",\"contentUrl\":\"https:\\\/\\\/bewehrungstechnik.ch\\\/wp-content\\\/uploads\\\/2021\\\/03\\\/logo.svg\",\"width\":436,\"height\":436,\"caption\":\"Bewehrungstechnik\"},\"image\":{\"@id\":\"https:\\\/\\\/bewehrungstechnik.ch\\\/fr\\\/#\\\/schema\\\/logo\\\/image\\\/\"}}]}<\/script>\n<!-- \/ Yoast SEO plugin. -->","yoast_head_json":{"title":"Treillis de fondation | Treillis d'armature | Debrunner Acifer Armatures","description":"Des treillis soud\u00e9s d\u00e9coup\u00e9s et cintr\u00e9s sur mesure selon vos besoins. D\u00e9couvrez d\u00e8s maintenant notre large gamme de treillis soud\u00e9s !","robots":{"index":"index","follow":"follow","max-snippet":"max-snippet:-1","max-image-preview":"max-image-preview:large","max-video-preview":"max-video-preview:-1"},"canonical":"https:\/\/bewehrungstechnik.ch\/fr\/product\/treillis-de-stock\/","og_locale":"fr_FR","og_type":"article","og_title":"Treillis de fondation | Treillis d'armature | Debrunner Acifer Armatures","og_description":"Des treillis soud\u00e9s d\u00e9coup\u00e9s et cintr\u00e9s sur mesure selon vos besoins. D\u00e9couvrez d\u00e8s maintenant notre large gamme de treillis soud\u00e9s !","og_url":"https:\/\/bewehrungstechnik.ch\/fr\/product\/treillis-de-stock\/","og_site_name":"Bewehrungstechnik","article_modified_time":"2026-03-31T09:42:34+00:00","og_image":[{"width":720,"height":865,"url":"https:\/\/bewehrungstechnik.ch\/wp-content\/uploads\/2021\/03\/steel-bars.jpg","type":"image\/jpeg"}],"twitter_card":"summary_large_image","schema":{"@context":"https:\/\/schema.org","@graph":[{"@type":"WebPage","@id":"https:\/\/bewehrungstechnik.ch\/fr\/product\/treillis-de-stock\/","url":"https:\/\/bewehrungstechnik.ch\/fr\/product\/treillis-de-stock\/","name":"Treillis de fondation | Treillis d'armature | Debrunner Acifer Armatures","isPartOf":{"@id":"https:\/\/bewehrungstechnik.ch\/fr\/#website"},"primaryImageOfPage":{"@id":"https:\/\/bewehrungstechnik.ch\/fr\/product\/treillis-de-stock\/#primaryimage"},"image":{"@id":"https:\/\/bewehrungstechnik.ch\/fr\/product\/treillis-de-stock\/#primaryimage"},"thumbnailUrl":"https:\/\/bewehrungstechnik.ch\/wp-content\/uploads\/2021\/03\/steel-bars.jpg","datePublished":"2021-05-14T08:45:00+00:00","dateModified":"2026-03-31T09:42:34+00:00","description":"Des treillis soud\u00e9s d\u00e9coup\u00e9s et cintr\u00e9s sur mesure selon vos besoins. D\u00e9couvrez d\u00e8s maintenant notre large gamme de treillis soud\u00e9s !","breadcrumb":{"@id":"https:\/\/bewehrungstechnik.ch\/fr\/product\/treillis-de-stock\/#breadcrumb"},"inLanguage":"fr-FR","potentialAction":[{"@type":"ReadAction","target":["https:\/\/bewehrungstechnik.ch\/fr\/product\/treillis-de-stock\/"]}]},{"@type":"ImageObject","inLanguage":"fr-FR","@id":"https:\/\/bewehrungstechnik.ch\/fr\/product\/treillis-de-stock\/#primaryimage","url":"https:\/\/bewehrungstechnik.ch\/wp-content\/uploads\/2021\/03\/steel-bars.jpg","contentUrl":"https:\/\/bewehrungstechnik.ch\/wp-content\/uploads\/2021\/03\/steel-bars.jpg","width":720,"height":865},{"@type":"BreadcrumbList","@id":"https:\/\/bewehrungstechnik.ch\/fr\/product\/treillis-de-stock\/#breadcrumb","itemListElement":[{"@type":"ListItem","position":1,"name":"Home","item":"https:\/\/bewehrungstechnik.ch\/fr\/"},{"@type":"ListItem","position":2,"name":"Products","item":"https:\/\/bewehrungstechnik.ch\/fr\/products\/"},{"@type":"ListItem","position":3,"name":"Treillis de stock"}]},{"@type":"WebSite","@id":"https:\/\/bewehrungstechnik.ch\/fr\/#website","url":"https:\/\/bewehrungstechnik.ch\/fr\/","name":"Bewehrungstechnik","description":"Just another WordPress site","publisher":{"@id":"https:\/\/bewehrungstechnik.ch\/fr\/#organization"},"potentialAction":[{"@type":"SearchAction","target":{"@type":"EntryPoint","urlTemplate":"https:\/\/bewehrungstechnik.ch\/fr\/?s={search_term_string}"},"query-input":{"@type":"PropertyValueSpecification","valueRequired":true,"valueName":"search_term_string"}}],"inLanguage":"fr-FR"},{"@type":"Organization","@id":"https:\/\/bewehrungstechnik.ch\/fr\/#organization","name":"Bewehrungstechnik","url":"https:\/\/bewehrungstechnik.ch\/fr\/","logo":{"@type":"ImageObject","inLanguage":"fr-FR","@id":"https:\/\/bewehrungstechnik.ch\/fr\/#\/schema\/logo\/image\/","url":"https:\/\/bewehrungstechnik.ch\/wp-content\/uploads\/2021\/03\/logo.svg","contentUrl":"https:\/\/bewehrungstechnik.ch\/wp-content\/uploads\/2021\/03\/logo.svg","width":436,"height":436,"caption":"Bewehrungstechnik"},"image":{"@id":"https:\/\/bewehrungstechnik.ch\/fr\/#\/schema\/logo\/image\/"}}]}},"deac_custom_fields":{"product":{"brand":"","name":""},"highlight_box":{"title":"Coup\u00e9s et pli\u00e9s selon vos besoins","subtitle":"Polyvalent et utilisable \u00e0 court terme","text":"<ul>\n<li>Large assortiment<\/li>\n<li>D\u00e9lais de livraison courts<\/li>\n<li>Inscription au registre SIA des treillis d\u2019armature conformes<\/li>\n<\/ul>\n","media_type":"image","image":{"medium":"<img width=\"250\" height=\"300\" src=\"https:\/\/bewehrungstechnik.ch\/wp-content\/uploads\/2021\/03\/steel-bars-250x300.jpg\" class=\"%s\" alt=\"\" decoding=\"async\" loading=\"lazy\" srcset=\"https:\/\/bewehrungstechnik.ch\/wp-content\/uploads\/2021\/03\/steel-bars-250x300.jpg 250w, https:\/\/bewehrungstechnik.ch\/wp-content\/uploads\/2021\/03\/steel-bars-436x524.jpg 436w, https:\/\/bewehrungstechnik.ch\/wp-content\/uploads\/2021\/03\/steel-bars-550x661.jpg 550w, https:\/\/bewehrungstechnik.ch\/wp-content\/uploads\/2021\/03\/steel-bars.jpg 720w\" sizes=\"auto, (max-width: 250px) 100vw, 250px\" \/>","medium_large":"<img width=\"720\" height=\"865\" src=\"https:\/\/bewehrungstechnik.ch\/wp-content\/uploads\/2021\/03\/steel-bars.jpg\" class=\"%s\" alt=\"\" decoding=\"async\" loading=\"lazy\" srcset=\"https:\/\/bewehrungstechnik.ch\/wp-content\/uploads\/2021\/03\/steel-bars.jpg 720w, https:\/\/bewehrungstechnik.ch\/wp-content\/uploads\/2021\/03\/steel-bars-250x300.jpg 250w, https:\/\/bewehrungstechnik.ch\/wp-content\/uploads\/2021\/03\/steel-bars-436x524.jpg 436w, https:\/\/bewehrungstechnik.ch\/wp-content\/uploads\/2021\/03\/steel-bars-550x661.jpg 550w\" sizes=\"auto, (max-width: 720px) 100vw, 720px\" \/>","large":"<img width=\"720\" height=\"865\" src=\"https:\/\/bewehrungstechnik.ch\/wp-content\/uploads\/2021\/03\/steel-bars.jpg\" class=\"%s\" alt=\"\" decoding=\"async\" loading=\"lazy\" srcset=\"https:\/\/bewehrungstechnik.ch\/wp-content\/uploads\/2021\/03\/steel-bars.jpg 720w, https:\/\/bewehrungstechnik.ch\/wp-content\/uploads\/2021\/03\/steel-bars-250x300.jpg 250w, https:\/\/bewehrungstechnik.ch\/wp-content\/uploads\/2021\/03\/steel-bars-436x524.jpg 436w, https:\/\/bewehrungstechnik.ch\/wp-content\/uploads\/2021\/03\/steel-bars-550x661.jpg 550w\" sizes=\"auto, (max-width: 720px) 100vw, 720px\" \/>","full":"<img width=\"720\" height=\"865\" src=\"https:\/\/bewehrungstechnik.ch\/wp-content\/uploads\/2021\/03\/steel-bars.jpg\" class=\"%s\" alt=\"\" decoding=\"async\" loading=\"lazy\" srcset=\"https:\/\/bewehrungstechnik.ch\/wp-content\/uploads\/2021\/03\/steel-bars.jpg 720w, https:\/\/bewehrungstechnik.ch\/wp-content\/uploads\/2021\/03\/steel-bars-250x300.jpg 250w, https:\/\/bewehrungstechnik.ch\/wp-content\/uploads\/2021\/03\/steel-bars-436x524.jpg 436w, https:\/\/bewehrungstechnik.ch\/wp-content\/uploads\/2021\/03\/steel-bars-550x661.jpg 550w\" sizes=\"auto, (max-width: 720px) 100vw, 720px\" \/>"},"video_list":false},"downloads":[2786,3598,4684,6127],"description":[{"title":"Large assortiment standard","text":"<p>Les treillis d\u2019armature sont la solution id\u00e9ale si de grandes surfaces, telles que radiers, dalles ou murs, doivent \u00eatre planifi\u00e9es rationnellement et arm\u00e9es rapidement et simplement. Notre assortiment comprend une multitude de treillis d\u2019armature. Avec nos treillis traditionnels nous vous proposons les produits appropri\u00e9s \u00e0 votre projet de construction.<\/p>\n"},{"title":"Coup\u00e9s et pli\u00e9s","text":"<p>\u00c9tant donn\u00e9 que nous pouvons couper et plier tous les types de treillis de stock selon vos besoins, nous pouvons trouver la bonne solution pour tous vos projets de construction. N&rsquo;h\u00e9sitez pas et laissez nos experts vous conseiller. Nous nous ferons un plaisir de vous pr\u00e9senter notre gamme et de livrer les treillis directement sur votre chantier.<\/p>\n"}]},"deac_featured_media":{"medium":"<img width=\"250\" height=\"300\" src=\"https:\/\/bewehrungstechnik.ch\/wp-content\/uploads\/2021\/03\/steel-bars-250x300.jpg\" class=\"%s\" alt=\"\" decoding=\"async\" loading=\"lazy\" srcset=\"https:\/\/bewehrungstechnik.ch\/wp-content\/uploads\/2021\/03\/steel-bars-250x300.jpg 250w, https:\/\/bewehrungstechnik.ch\/wp-content\/uploads\/2021\/03\/steel-bars-436x524.jpg 436w, https:\/\/bewehrungstechnik.ch\/wp-content\/uploads\/2021\/03\/steel-bars-550x661.jpg 550w, https:\/\/bewehrungstechnik.ch\/wp-content\/uploads\/2021\/03\/steel-bars.jpg 720w\" sizes=\"auto, (max-width: 250px) 100vw, 250px\" \/>","medium_large":"<img width=\"720\" height=\"865\" src=\"https:\/\/bewehrungstechnik.ch\/wp-content\/uploads\/2021\/03\/steel-bars.jpg\" class=\"%s\" alt=\"\" decoding=\"async\" loading=\"lazy\" srcset=\"https:\/\/bewehrungstechnik.ch\/wp-content\/uploads\/2021\/03\/steel-bars.jpg 720w, https:\/\/bewehrungstechnik.ch\/wp-content\/uploads\/2021\/03\/steel-bars-250x300.jpg 250w, https:\/\/bewehrungstechnik.ch\/wp-content\/uploads\/2021\/03\/steel-bars-436x524.jpg 436w, https:\/\/bewehrungstechnik.ch\/wp-content\/uploads\/2021\/03\/steel-bars-550x661.jpg 550w\" sizes=\"auto, (max-width: 720px) 100vw, 720px\" \/>","large":"<img width=\"720\" height=\"865\" src=\"https:\/\/bewehrungstechnik.ch\/wp-content\/uploads\/2021\/03\/steel-bars.jpg\" class=\"%s\" alt=\"\" decoding=\"async\" loading=\"lazy\" srcset=\"https:\/\/bewehrungstechnik.ch\/wp-content\/uploads\/2021\/03\/steel-bars.jpg 720w, https:\/\/bewehrungstechnik.ch\/wp-content\/uploads\/2021\/03\/steel-bars-250x300.jpg 250w, https:\/\/bewehrungstechnik.ch\/wp-content\/uploads\/2021\/03\/steel-bars-436x524.jpg 436w, https:\/\/bewehrungstechnik.ch\/wp-content\/uploads\/2021\/03\/steel-bars-550x661.jpg 550w\" sizes=\"auto, (max-width: 720px) 100vw, 720px\" \/>","full":"<img width=\"720\" height=\"865\" src=\"https:\/\/bewehrungstechnik.ch\/wp-content\/uploads\/2021\/03\/steel-bars.jpg\" class=\"%s\" alt=\"\" decoding=\"async\" loading=\"lazy\" srcset=\"https:\/\/bewehrungstechnik.ch\/wp-content\/uploads\/2021\/03\/steel-bars.jpg 720w, https:\/\/bewehrungstechnik.ch\/wp-content\/uploads\/2021\/03\/steel-bars-250x300.jpg 250w, https:\/\/bewehrungstechnik.ch\/wp-content\/uploads\/2021\/03\/steel-bars-436x524.jpg 436w, https:\/\/bewehrungstechnik.ch\/wp-content\/uploads\/2021\/03\/steel-bars-550x661.jpg 550w\" sizes=\"auto, (max-width: 720px) 100vw, 720px\" \/>"},"_links":{"self":[{"href":"https:\/\/bewehrungstechnik.ch\/fr\/wp-json\/wp\/v2\/product\/2106","targetHints":{"allow":["GET"]}}],"collection":[{"href":"https:\/\/bewehrungstechnik.ch\/fr\/wp-json\/wp\/v2\/product"}],"about":[{"href":"https:\/\/bewehrungstechnik.ch\/fr\/wp-json\/wp\/v2\/types\/product"}],"wp:featuredmedia":[{"embeddable":true,"href":"https:\/\/bewehrungstechnik.ch\/fr\/wp-json\/wp\/v2\/media\/2266"}],"wp:attachment":[{"href":"https:\/\/bewehrungstechnik.ch\/fr\/wp-json\/wp\/v2\/media?parent=2106"}],"wp:term":[{"taxonomy":"product_category","embeddable":true,"href":"https:\/\/bewehrungstechnik.ch\/fr\/wp-json\/wp\/v2\/product_category?post=2106"}],"curies":[{"name":"wp","href":"https:\/\/api.w.org\/{rel}","templated":true}]}}