{"id":2107,"date":"2021-05-14T08:47:01","date_gmt":"2021-05-14T08:47:01","guid":{"rendered":"https:\/\/bewehrungstechnik.ch\/?post_type=product&#038;p=2107"},"modified":"2026-03-31T09:41:47","modified_gmt":"2026-03-31T09:41:47","slug":"treillis-de-stock-zingues-prezinc-500","status":"publish","type":"product","link":"https:\/\/bewehrungstechnik.ch\/fr\/product\/treillis-de-stock-zingues-prezinc-500\/","title":{"rendered":"Treillis de stock zingu\u00e9s PREZINC 500\u00ae"},"featured_media":2266,"menu_order":160,"template":"","product_category":[49],"class_list":["post-2107","product","type-product","status-publish","has-post-thumbnail","","product_category-treillis-et-accessoires"],"acf":[],"yoast_head":"<!-- This site is optimized with the Yoast SEO plugin v27.3 - https:\/\/yoast.com\/product\/yoast-seo-wordpress\/ -->\n<title>Treillis soud\u00e9s galvanis\u00e9s PREZINC 500\u00ae | Debrunner Acifer Bewehrungen<\/title>\n<meta name=\"description\" content=\"Les caillebotis galvanis\u00e9s PREZINC 500\u00ae : une protection anticorrosion \u00e9conomique. Adapt\u00e9s aux \u00e9l\u00e9ments de construction minces. En savoir plus d\u00e8s maintenant !\" \/>\n<meta name=\"robots\" content=\"index, follow, max-snippet:-1, max-image-preview:large, max-video-preview:-1\" \/>\n<link rel=\"canonical\" href=\"https:\/\/bewehrungstechnik.ch\/fr\/product\/treillis-de-stock-zingues-prezinc-500\/\" \/>\n<meta property=\"og:locale\" content=\"fr_FR\" \/>\n<meta property=\"og:type\" content=\"article\" \/>\n<meta property=\"og:title\" content=\"Treillis soud\u00e9s galvanis\u00e9s PREZINC 500\u00ae | Debrunner Acifer Bewehrungen\" \/>\n<meta property=\"og:description\" content=\"Les caillebotis galvanis\u00e9s PREZINC 500\u00ae : une protection anticorrosion \u00e9conomique. Adapt\u00e9s aux \u00e9l\u00e9ments de construction minces. En savoir plus d\u00e8s maintenant !\" \/>\n<meta property=\"og:url\" content=\"https:\/\/bewehrungstechnik.ch\/fr\/product\/treillis-de-stock-zingues-prezinc-500\/\" \/>\n<meta property=\"og:site_name\" content=\"Bewehrungstechnik\" \/>\n<meta property=\"article:modified_time\" content=\"2026-03-31T09:41:47+00:00\" \/>\n<meta property=\"og:image\" content=\"https:\/\/bewehrungstechnik.ch\/wp-content\/uploads\/2021\/03\/steel-bars.jpg\" \/>\n\t<meta property=\"og:image:width\" content=\"720\" \/>\n\t<meta property=\"og:image:height\" content=\"865\" \/>\n\t<meta property=\"og:image:type\" content=\"image\/jpeg\" \/>\n<meta name=\"twitter:card\" content=\"summary_large_image\" \/>\n<script type=\"application\/ld+json\" class=\"yoast-schema-graph\">{\"@context\":\"https:\\\/\\\/schema.org\",\"@graph\":[{\"@type\":\"WebPage\",\"@id\":\"https:\\\/\\\/bewehrungstechnik.ch\\\/fr\\\/product\\\/treillis-de-stock-zingues-prezinc-500\\\/\",\"url\":\"https:\\\/\\\/bewehrungstechnik.ch\\\/fr\\\/product\\\/treillis-de-stock-zingues-prezinc-500\\\/\",\"name\":\"Treillis soud\u00e9s galvanis\u00e9s PREZINC 500\u00ae | Debrunner Acifer Bewehrungen\",\"isPartOf\":{\"@id\":\"https:\\\/\\\/bewehrungstechnik.ch\\\/fr\\\/#website\"},\"primaryImageOfPage\":{\"@id\":\"https:\\\/\\\/bewehrungstechnik.ch\\\/fr\\\/product\\\/treillis-de-stock-zingues-prezinc-500\\\/#primaryimage\"},\"image\":{\"@id\":\"https:\\\/\\\/bewehrungstechnik.ch\\\/fr\\\/product\\\/treillis-de-stock-zingues-prezinc-500\\\/#primaryimage\"},\"thumbnailUrl\":\"https:\\\/\\\/bewehrungstechnik.ch\\\/wp-content\\\/uploads\\\/2021\\\/03\\\/steel-bars.jpg\",\"datePublished\":\"2021-05-14T08:47:01+00:00\",\"dateModified\":\"2026-03-31T09:41:47+00:00\",\"description\":\"Les caillebotis galvanis\u00e9s PREZINC 500\u00ae : une protection anticorrosion \u00e9conomique. Adapt\u00e9s aux \u00e9l\u00e9ments de construction minces. En savoir plus d\u00e8s maintenant !\",\"breadcrumb\":{\"@id\":\"https:\\\/\\\/bewehrungstechnik.ch\\\/fr\\\/product\\\/treillis-de-stock-zingues-prezinc-500\\\/#breadcrumb\"},\"inLanguage\":\"fr-FR\",\"potentialAction\":[{\"@type\":\"ReadAction\",\"target\":[\"https:\\\/\\\/bewehrungstechnik.ch\\\/fr\\\/product\\\/treillis-de-stock-zingues-prezinc-500\\\/\"]}]},{\"@type\":\"ImageObject\",\"inLanguage\":\"fr-FR\",\"@id\":\"https:\\\/\\\/bewehrungstechnik.ch\\\/fr\\\/product\\\/treillis-de-stock-zingues-prezinc-500\\\/#primaryimage\",\"url\":\"https:\\\/\\\/bewehrungstechnik.ch\\\/wp-content\\\/uploads\\\/2021\\\/03\\\/steel-bars.jpg\",\"contentUrl\":\"https:\\\/\\\/bewehrungstechnik.ch\\\/wp-content\\\/uploads\\\/2021\\\/03\\\/steel-bars.jpg\",\"width\":720,\"height\":865},{\"@type\":\"BreadcrumbList\",\"@id\":\"https:\\\/\\\/bewehrungstechnik.ch\\\/fr\\\/product\\\/treillis-de-stock-zingues-prezinc-500\\\/#breadcrumb\",\"itemListElement\":[{\"@type\":\"ListItem\",\"position\":1,\"name\":\"Home\",\"item\":\"https:\\\/\\\/bewehrungstechnik.ch\\\/fr\\\/\"},{\"@type\":\"ListItem\",\"position\":2,\"name\":\"Products\",\"item\":\"https:\\\/\\\/bewehrungstechnik.ch\\\/fr\\\/products\\\/\"},{\"@type\":\"ListItem\",\"position\":3,\"name\":\"Treillis de stock zingu\u00e9s PREZINC 500\u00ae\"}]},{\"@type\":\"WebSite\",\"@id\":\"https:\\\/\\\/bewehrungstechnik.ch\\\/fr\\\/#website\",\"url\":\"https:\\\/\\\/bewehrungstechnik.ch\\\/fr\\\/\",\"name\":\"Bewehrungstechnik\",\"description\":\"Just another WordPress site\",\"publisher\":{\"@id\":\"https:\\\/\\\/bewehrungstechnik.ch\\\/fr\\\/#organization\"},\"potentialAction\":[{\"@type\":\"SearchAction\",\"target\":{\"@type\":\"EntryPoint\",\"urlTemplate\":\"https:\\\/\\\/bewehrungstechnik.ch\\\/fr\\\/?s={search_term_string}\"},\"query-input\":{\"@type\":\"PropertyValueSpecification\",\"valueRequired\":true,\"valueName\":\"search_term_string\"}}],\"inLanguage\":\"fr-FR\"},{\"@type\":\"Organization\",\"@id\":\"https:\\\/\\\/bewehrungstechnik.ch\\\/fr\\\/#organization\",\"name\":\"Bewehrungstechnik\",\"url\":\"https:\\\/\\\/bewehrungstechnik.ch\\\/fr\\\/\",\"logo\":{\"@type\":\"ImageObject\",\"inLanguage\":\"fr-FR\",\"@id\":\"https:\\\/\\\/bewehrungstechnik.ch\\\/fr\\\/#\\\/schema\\\/logo\\\/image\\\/\",\"url\":\"https:\\\/\\\/bewehrungstechnik.ch\\\/wp-content\\\/uploads\\\/2021\\\/03\\\/logo.svg\",\"contentUrl\":\"https:\\\/\\\/bewehrungstechnik.ch\\\/wp-content\\\/uploads\\\/2021\\\/03\\\/logo.svg\",\"width\":436,\"height\":436,\"caption\":\"Bewehrungstechnik\"},\"image\":{\"@id\":\"https:\\\/\\\/bewehrungstechnik.ch\\\/fr\\\/#\\\/schema\\\/logo\\\/image\\\/\"}}]}<\/script>\n<!-- \/ Yoast SEO plugin. -->","yoast_head_json":{"title":"Treillis soud\u00e9s galvanis\u00e9s PREZINC 500\u00ae | Debrunner Acifer Bewehrungen","description":"Les caillebotis galvanis\u00e9s PREZINC 500\u00ae : une protection anticorrosion \u00e9conomique. Adapt\u00e9s aux \u00e9l\u00e9ments de construction minces. En savoir plus d\u00e8s maintenant !","robots":{"index":"index","follow":"follow","max-snippet":"max-snippet:-1","max-image-preview":"max-image-preview:large","max-video-preview":"max-video-preview:-1"},"canonical":"https:\/\/bewehrungstechnik.ch\/fr\/product\/treillis-de-stock-zingues-prezinc-500\/","og_locale":"fr_FR","og_type":"article","og_title":"Treillis soud\u00e9s galvanis\u00e9s PREZINC 500\u00ae | Debrunner Acifer Bewehrungen","og_description":"Les caillebotis galvanis\u00e9s PREZINC 500\u00ae : une protection anticorrosion \u00e9conomique. Adapt\u00e9s aux \u00e9l\u00e9ments de construction minces. En savoir plus d\u00e8s maintenant !","og_url":"https:\/\/bewehrungstechnik.ch\/fr\/product\/treillis-de-stock-zingues-prezinc-500\/","og_site_name":"Bewehrungstechnik","article_modified_time":"2026-03-31T09:41:47+00:00","og_image":[{"width":720,"height":865,"url":"https:\/\/bewehrungstechnik.ch\/wp-content\/uploads\/2021\/03\/steel-bars.jpg","type":"image\/jpeg"}],"twitter_card":"summary_large_image","schema":{"@context":"https:\/\/schema.org","@graph":[{"@type":"WebPage","@id":"https:\/\/bewehrungstechnik.ch\/fr\/product\/treillis-de-stock-zingues-prezinc-500\/","url":"https:\/\/bewehrungstechnik.ch\/fr\/product\/treillis-de-stock-zingues-prezinc-500\/","name":"Treillis soud\u00e9s galvanis\u00e9s PREZINC 500\u00ae | Debrunner Acifer Bewehrungen","isPartOf":{"@id":"https:\/\/bewehrungstechnik.ch\/fr\/#website"},"primaryImageOfPage":{"@id":"https:\/\/bewehrungstechnik.ch\/fr\/product\/treillis-de-stock-zingues-prezinc-500\/#primaryimage"},"image":{"@id":"https:\/\/bewehrungstechnik.ch\/fr\/product\/treillis-de-stock-zingues-prezinc-500\/#primaryimage"},"thumbnailUrl":"https:\/\/bewehrungstechnik.ch\/wp-content\/uploads\/2021\/03\/steel-bars.jpg","datePublished":"2021-05-14T08:47:01+00:00","dateModified":"2026-03-31T09:41:47+00:00","description":"Les caillebotis galvanis\u00e9s PREZINC 500\u00ae : une protection anticorrosion \u00e9conomique. Adapt\u00e9s aux \u00e9l\u00e9ments de construction minces. En savoir plus d\u00e8s maintenant !","breadcrumb":{"@id":"https:\/\/bewehrungstechnik.ch\/fr\/product\/treillis-de-stock-zingues-prezinc-500\/#breadcrumb"},"inLanguage":"fr-FR","potentialAction":[{"@type":"ReadAction","target":["https:\/\/bewehrungstechnik.ch\/fr\/product\/treillis-de-stock-zingues-prezinc-500\/"]}]},{"@type":"ImageObject","inLanguage":"fr-FR","@id":"https:\/\/bewehrungstechnik.ch\/fr\/product\/treillis-de-stock-zingues-prezinc-500\/#primaryimage","url":"https:\/\/bewehrungstechnik.ch\/wp-content\/uploads\/2021\/03\/steel-bars.jpg","contentUrl":"https:\/\/bewehrungstechnik.ch\/wp-content\/uploads\/2021\/03\/steel-bars.jpg","width":720,"height":865},{"@type":"BreadcrumbList","@id":"https:\/\/bewehrungstechnik.ch\/fr\/product\/treillis-de-stock-zingues-prezinc-500\/#breadcrumb","itemListElement":[{"@type":"ListItem","position":1,"name":"Home","item":"https:\/\/bewehrungstechnik.ch\/fr\/"},{"@type":"ListItem","position":2,"name":"Products","item":"https:\/\/bewehrungstechnik.ch\/fr\/products\/"},{"@type":"ListItem","position":3,"name":"Treillis de stock zingu\u00e9s PREZINC 500\u00ae"}]},{"@type":"WebSite","@id":"https:\/\/bewehrungstechnik.ch\/fr\/#website","url":"https:\/\/bewehrungstechnik.ch\/fr\/","name":"Bewehrungstechnik","description":"Just another WordPress site","publisher":{"@id":"https:\/\/bewehrungstechnik.ch\/fr\/#organization"},"potentialAction":[{"@type":"SearchAction","target":{"@type":"EntryPoint","urlTemplate":"https:\/\/bewehrungstechnik.ch\/fr\/?s={search_term_string}"},"query-input":{"@type":"PropertyValueSpecification","valueRequired":true,"valueName":"search_term_string"}}],"inLanguage":"fr-FR"},{"@type":"Organization","@id":"https:\/\/bewehrungstechnik.ch\/fr\/#organization","name":"Bewehrungstechnik","url":"https:\/\/bewehrungstechnik.ch\/fr\/","logo":{"@type":"ImageObject","inLanguage":"fr-FR","@id":"https:\/\/bewehrungstechnik.ch\/fr\/#\/schema\/logo\/image\/","url":"https:\/\/bewehrungstechnik.ch\/wp-content\/uploads\/2021\/03\/logo.svg","contentUrl":"https:\/\/bewehrungstechnik.ch\/wp-content\/uploads\/2021\/03\/logo.svg","width":436,"height":436,"caption":"Bewehrungstechnik"},"image":{"@id":"https:\/\/bewehrungstechnik.ch\/fr\/#\/schema\/logo\/image\/"}}]}},"deac_custom_fields":{"product":{"brand":"PREZINC 500\u00ae","name":"Treillis de stock zingu\u00e9s"},"highlight_box":{"title":"Protection contre la corrosion \u00e9conomique","subtitle":"Le proc\u00e9d\u00e9 sp\u00e9cial Delot \u00e9vite l\u2019\u00e9caillage de la couche de zinc","text":"<ul>\n<li>Bonne protection anticorrosion<\/li>\n<li>Syst\u00e8me \u00e9conomique<\/li>\n<li>Mise en \u0153uvre s\u00fbre, pas de risque d\u2019\u00e9caillage<\/li>\n<li>Convient aux \u00e9l\u00e9ments de construction fins<\/li>\n<li>Appropri\u00e9 en cas de carbonatation du b\u00e9ton<\/li>\n<\/ul>\n","media_type":"image","image":{"medium":"<img width=\"250\" height=\"300\" src=\"https:\/\/bewehrungstechnik.ch\/wp-content\/uploads\/2021\/03\/steel-bars-250x300.jpg\" class=\"%s\" alt=\"\" decoding=\"async\" loading=\"lazy\" srcset=\"https:\/\/bewehrungstechnik.ch\/wp-content\/uploads\/2021\/03\/steel-bars-250x300.jpg 250w, https:\/\/bewehrungstechnik.ch\/wp-content\/uploads\/2021\/03\/steel-bars-436x524.jpg 436w, https:\/\/bewehrungstechnik.ch\/wp-content\/uploads\/2021\/03\/steel-bars-550x661.jpg 550w, https:\/\/bewehrungstechnik.ch\/wp-content\/uploads\/2021\/03\/steel-bars.jpg 720w\" sizes=\"auto, (max-width: 250px) 100vw, 250px\" \/>","medium_large":"<img width=\"720\" height=\"865\" src=\"https:\/\/bewehrungstechnik.ch\/wp-content\/uploads\/2021\/03\/steel-bars.jpg\" class=\"%s\" alt=\"\" decoding=\"async\" loading=\"lazy\" srcset=\"https:\/\/bewehrungstechnik.ch\/wp-content\/uploads\/2021\/03\/steel-bars.jpg 720w, https:\/\/bewehrungstechnik.ch\/wp-content\/uploads\/2021\/03\/steel-bars-250x300.jpg 250w, https:\/\/bewehrungstechnik.ch\/wp-content\/uploads\/2021\/03\/steel-bars-436x524.jpg 436w, https:\/\/bewehrungstechnik.ch\/wp-content\/uploads\/2021\/03\/steel-bars-550x661.jpg 550w\" sizes=\"auto, (max-width: 720px) 100vw, 720px\" \/>","large":"<img width=\"720\" height=\"865\" src=\"https:\/\/bewehrungstechnik.ch\/wp-content\/uploads\/2021\/03\/steel-bars.jpg\" class=\"%s\" alt=\"\" decoding=\"async\" loading=\"lazy\" srcset=\"https:\/\/bewehrungstechnik.ch\/wp-content\/uploads\/2021\/03\/steel-bars.jpg 720w, https:\/\/bewehrungstechnik.ch\/wp-content\/uploads\/2021\/03\/steel-bars-250x300.jpg 250w, https:\/\/bewehrungstechnik.ch\/wp-content\/uploads\/2021\/03\/steel-bars-436x524.jpg 436w, https:\/\/bewehrungstechnik.ch\/wp-content\/uploads\/2021\/03\/steel-bars-550x661.jpg 550w\" sizes=\"auto, (max-width: 720px) 100vw, 720px\" \/>","full":"<img width=\"720\" height=\"865\" src=\"https:\/\/bewehrungstechnik.ch\/wp-content\/uploads\/2021\/03\/steel-bars.jpg\" class=\"%s\" alt=\"\" decoding=\"async\" loading=\"lazy\" srcset=\"https:\/\/bewehrungstechnik.ch\/wp-content\/uploads\/2021\/03\/steel-bars.jpg 720w, https:\/\/bewehrungstechnik.ch\/wp-content\/uploads\/2021\/03\/steel-bars-250x300.jpg 250w, https:\/\/bewehrungstechnik.ch\/wp-content\/uploads\/2021\/03\/steel-bars-436x524.jpg 436w, https:\/\/bewehrungstechnik.ch\/wp-content\/uploads\/2021\/03\/steel-bars-550x661.jpg 550w\" sizes=\"auto, (max-width: 720px) 100vw, 720px\" \/>"},"video_list":false},"downloads":[2276,1449,3598,4684],"page_color_variation":"default","description":[{"title":"Protection contre la corrosion \u00e9conomique","text":"<p>L&rsquo;acier d&rsquo;armature ne peut pas toujours \u00eatre pourvu d\u2019un enrobage de b\u00e9ton suffisant sur toutes ses faces. Il en r\u00e9sulte des dommages dus \u00e0 la corrosion et une remise en \u00e9tat co\u00fbteuse. Avec notre acier d&rsquo;armature galvanis\u00e9 B500 PREZINC 500\u00ae, de nombreux probl\u00e8mes de corrosion peuvent \u00eatre r\u00e9solus de mani\u00e8re \u00e9conomique et la dur\u00e9e de vie de l\u2019ouvrage peut \u00eatre consid\u00e9rablement augment\u00e9e. C&rsquo;est pourquoi nous recommandons nos treillis d\u2019armature galvanis\u00e9 en acier B500A pour les structures de grande surface.<\/p>\n"},{"title":"Mise en oeuvre ais\u00e9e","text":"<p>Nos treillis de stock galvanis\u00e9s en PREZINC 500\u00ae r\u00e9pondent \u00e0 toutes les exigences de la norme SIA 262 pour l&rsquo;acier d&rsquo;armature B500. Ils sont recouverts d&rsquo;une fine couche d&rsquo;alliage fer-zinc qui ne s&rsquo;\u00e9caille pas lors du fa\u00e7onnage ou de la pose sur le chantier. Ainsi, les treillis galvanis\u00e9s r\u00e9pondent \u00e0 toutes les exigences en mati\u00e8re d&rsquo;adh\u00e9rence dans le b\u00e9ton. Nos experts se feront un plaisir de vous conseiller.<\/p>\n"}]},"deac_featured_media":{"medium":"<img width=\"250\" height=\"300\" src=\"https:\/\/bewehrungstechnik.ch\/wp-content\/uploads\/2021\/03\/steel-bars-250x300.jpg\" class=\"%s\" alt=\"\" decoding=\"async\" loading=\"lazy\" srcset=\"https:\/\/bewehrungstechnik.ch\/wp-content\/uploads\/2021\/03\/steel-bars-250x300.jpg 250w, https:\/\/bewehrungstechnik.ch\/wp-content\/uploads\/2021\/03\/steel-bars-436x524.jpg 436w, https:\/\/bewehrungstechnik.ch\/wp-content\/uploads\/2021\/03\/steel-bars-550x661.jpg 550w, https:\/\/bewehrungstechnik.ch\/wp-content\/uploads\/2021\/03\/steel-bars.jpg 720w\" sizes=\"auto, (max-width: 250px) 100vw, 250px\" \/>","medium_large":"<img width=\"720\" height=\"865\" src=\"https:\/\/bewehrungstechnik.ch\/wp-content\/uploads\/2021\/03\/steel-bars.jpg\" class=\"%s\" alt=\"\" decoding=\"async\" loading=\"lazy\" srcset=\"https:\/\/bewehrungstechnik.ch\/wp-content\/uploads\/2021\/03\/steel-bars.jpg 720w, https:\/\/bewehrungstechnik.ch\/wp-content\/uploads\/2021\/03\/steel-bars-250x300.jpg 250w, https:\/\/bewehrungstechnik.ch\/wp-content\/uploads\/2021\/03\/steel-bars-436x524.jpg 436w, https:\/\/bewehrungstechnik.ch\/wp-content\/uploads\/2021\/03\/steel-bars-550x661.jpg 550w\" sizes=\"auto, (max-width: 720px) 100vw, 720px\" \/>","large":"<img width=\"720\" height=\"865\" src=\"https:\/\/bewehrungstechnik.ch\/wp-content\/uploads\/2021\/03\/steel-bars.jpg\" class=\"%s\" alt=\"\" decoding=\"async\" loading=\"lazy\" srcset=\"https:\/\/bewehrungstechnik.ch\/wp-content\/uploads\/2021\/03\/steel-bars.jpg 720w, https:\/\/bewehrungstechnik.ch\/wp-content\/uploads\/2021\/03\/steel-bars-250x300.jpg 250w, https:\/\/bewehrungstechnik.ch\/wp-content\/uploads\/2021\/03\/steel-bars-436x524.jpg 436w, https:\/\/bewehrungstechnik.ch\/wp-content\/uploads\/2021\/03\/steel-bars-550x661.jpg 550w\" sizes=\"auto, (max-width: 720px) 100vw, 720px\" \/>","full":"<img width=\"720\" height=\"865\" src=\"https:\/\/bewehrungstechnik.ch\/wp-content\/uploads\/2021\/03\/steel-bars.jpg\" class=\"%s\" alt=\"\" decoding=\"async\" loading=\"lazy\" srcset=\"https:\/\/bewehrungstechnik.ch\/wp-content\/uploads\/2021\/03\/steel-bars.jpg 720w, https:\/\/bewehrungstechnik.ch\/wp-content\/uploads\/2021\/03\/steel-bars-250x300.jpg 250w, https:\/\/bewehrungstechnik.ch\/wp-content\/uploads\/2021\/03\/steel-bars-436x524.jpg 436w, https:\/\/bewehrungstechnik.ch\/wp-content\/uploads\/2021\/03\/steel-bars-550x661.jpg 550w\" sizes=\"auto, (max-width: 720px) 100vw, 720px\" \/>"},"_links":{"self":[{"href":"https:\/\/bewehrungstechnik.ch\/fr\/wp-json\/wp\/v2\/product\/2107","targetHints":{"allow":["GET"]}}],"collection":[{"href":"https:\/\/bewehrungstechnik.ch\/fr\/wp-json\/wp\/v2\/product"}],"about":[{"href":"https:\/\/bewehrungstechnik.ch\/fr\/wp-json\/wp\/v2\/types\/product"}],"wp:featuredmedia":[{"embeddable":true,"href":"https:\/\/bewehrungstechnik.ch\/fr\/wp-json\/wp\/v2\/media\/2266"}],"wp:attachment":[{"href":"https:\/\/bewehrungstechnik.ch\/fr\/wp-json\/wp\/v2\/media?parent=2107"}],"wp:term":[{"taxonomy":"product_category","embeddable":true,"href":"https:\/\/bewehrungstechnik.ch\/fr\/wp-json\/wp\/v2\/product_category?post=2107"}],"curies":[{"name":"wp","href":"https:\/\/api.w.org\/{rel}","templated":true}]}}