{"id":2108,"date":"2021-05-14T08:49:21","date_gmt":"2021-05-14T08:49:21","guid":{"rendered":"https:\/\/bewehrungstechnik.ch\/?post_type=product&#038;p=2108"},"modified":"2026-03-31T09:40:45","modified_gmt":"2026-03-31T09:40:45","slug":"treillis-speciaux","status":"publish","type":"product","link":"https:\/\/bewehrungstechnik.ch\/fr\/product\/treillis-speciaux\/","title":{"rendered":"Treillis sp\u00e9ciaux"},"featured_media":1389,"menu_order":170,"template":"","product_category":[49],"class_list":["post-2108","product","type-product","status-publish","has-post-thumbnail","","product_category-treillis-et-accessoires"],"acf":[],"yoast_head":"<!-- This site is optimized with the Yoast SEO plugin v27.3 - https:\/\/yoast.com\/product\/yoast-seo-wordpress\/ -->\n<title>Treillis sp\u00e9ciaux en acier d&#039;armature | Debrunner Acifer Armatures<\/title>\n<meta name=\"description\" content=\"Des treillis en acier d&#039;armature fabriqu\u00e9s sur mesure pour r\u00e9pondre \u00e0 vos besoins. Debrunner Acifer Bewehrungen est votre partenaire pour l&#039;acier d&#039;armature sur mesure !\" \/>\n<meta name=\"robots\" content=\"index, follow, max-snippet:-1, max-image-preview:large, max-video-preview:-1\" \/>\n<link rel=\"canonical\" href=\"https:\/\/bewehrungstechnik.ch\/fr\/product\/treillis-speciaux\/\" \/>\n<meta property=\"og:locale\" content=\"fr_FR\" \/>\n<meta property=\"og:type\" content=\"article\" \/>\n<meta property=\"og:title\" content=\"Treillis sp\u00e9ciaux en acier d&#039;armature | Debrunner Acifer Armatures\" \/>\n<meta property=\"og:description\" content=\"Des treillis en acier d&#039;armature fabriqu\u00e9s sur mesure pour r\u00e9pondre \u00e0 vos besoins. Debrunner Acifer Bewehrungen est votre partenaire pour l&#039;acier d&#039;armature sur mesure !\" \/>\n<meta property=\"og:url\" content=\"https:\/\/bewehrungstechnik.ch\/fr\/product\/treillis-speciaux\/\" \/>\n<meta property=\"og:site_name\" content=\"Bewehrungstechnik\" \/>\n<meta property=\"article:modified_time\" content=\"2026-03-31T09:40:45+00:00\" \/>\n<meta property=\"og:image\" content=\"https:\/\/bewehrungstechnik.ch\/wp-content\/uploads\/2021\/05\/ARMATTE-1024x796.jpg\" \/>\n\t<meta property=\"og:image:width\" content=\"1024\" \/>\n\t<meta property=\"og:image:height\" content=\"796\" \/>\n\t<meta property=\"og:image:type\" content=\"image\/jpeg\" \/>\n<meta name=\"twitter:card\" content=\"summary_large_image\" \/>\n<script type=\"application\/ld+json\" class=\"yoast-schema-graph\">{\"@context\":\"https:\\\/\\\/schema.org\",\"@graph\":[{\"@type\":\"WebPage\",\"@id\":\"https:\\\/\\\/bewehrungstechnik.ch\\\/fr\\\/product\\\/treillis-speciaux\\\/\",\"url\":\"https:\\\/\\\/bewehrungstechnik.ch\\\/fr\\\/product\\\/treillis-speciaux\\\/\",\"name\":\"Treillis sp\u00e9ciaux en acier d'armature | Debrunner Acifer Armatures\",\"isPartOf\":{\"@id\":\"https:\\\/\\\/bewehrungstechnik.ch\\\/fr\\\/#website\"},\"primaryImageOfPage\":{\"@id\":\"https:\\\/\\\/bewehrungstechnik.ch\\\/fr\\\/product\\\/treillis-speciaux\\\/#primaryimage\"},\"image\":{\"@id\":\"https:\\\/\\\/bewehrungstechnik.ch\\\/fr\\\/product\\\/treillis-speciaux\\\/#primaryimage\"},\"thumbnailUrl\":\"https:\\\/\\\/bewehrungstechnik.ch\\\/wp-content\\\/uploads\\\/2021\\\/05\\\/ARMATTE.jpg\",\"datePublished\":\"2021-05-14T08:49:21+00:00\",\"dateModified\":\"2026-03-31T09:40:45+00:00\",\"description\":\"Des treillis en acier d'armature fabriqu\u00e9s sur mesure pour r\u00e9pondre \u00e0 vos besoins. Debrunner Acifer Bewehrungen est votre partenaire pour l'acier d'armature sur mesure !\",\"breadcrumb\":{\"@id\":\"https:\\\/\\\/bewehrungstechnik.ch\\\/fr\\\/product\\\/treillis-speciaux\\\/#breadcrumb\"},\"inLanguage\":\"fr-FR\",\"potentialAction\":[{\"@type\":\"ReadAction\",\"target\":[\"https:\\\/\\\/bewehrungstechnik.ch\\\/fr\\\/product\\\/treillis-speciaux\\\/\"]}]},{\"@type\":\"ImageObject\",\"inLanguage\":\"fr-FR\",\"@id\":\"https:\\\/\\\/bewehrungstechnik.ch\\\/fr\\\/product\\\/treillis-speciaux\\\/#primaryimage\",\"url\":\"https:\\\/\\\/bewehrungstechnik.ch\\\/wp-content\\\/uploads\\\/2021\\\/05\\\/ARMATTE.jpg\",\"contentUrl\":\"https:\\\/\\\/bewehrungstechnik.ch\\\/wp-content\\\/uploads\\\/2021\\\/05\\\/ARMATTE.jpg\",\"width\":1920,\"height\":1493,\"caption\":\"armatte\"},{\"@type\":\"BreadcrumbList\",\"@id\":\"https:\\\/\\\/bewehrungstechnik.ch\\\/fr\\\/product\\\/treillis-speciaux\\\/#breadcrumb\",\"itemListElement\":[{\"@type\":\"ListItem\",\"position\":1,\"name\":\"Home\",\"item\":\"https:\\\/\\\/bewehrungstechnik.ch\\\/fr\\\/\"},{\"@type\":\"ListItem\",\"position\":2,\"name\":\"Products\",\"item\":\"https:\\\/\\\/bewehrungstechnik.ch\\\/fr\\\/products\\\/\"},{\"@type\":\"ListItem\",\"position\":3,\"name\":\"Treillis sp\u00e9ciaux\"}]},{\"@type\":\"WebSite\",\"@id\":\"https:\\\/\\\/bewehrungstechnik.ch\\\/fr\\\/#website\",\"url\":\"https:\\\/\\\/bewehrungstechnik.ch\\\/fr\\\/\",\"name\":\"Bewehrungstechnik\",\"description\":\"Just another WordPress site\",\"publisher\":{\"@id\":\"https:\\\/\\\/bewehrungstechnik.ch\\\/fr\\\/#organization\"},\"potentialAction\":[{\"@type\":\"SearchAction\",\"target\":{\"@type\":\"EntryPoint\",\"urlTemplate\":\"https:\\\/\\\/bewehrungstechnik.ch\\\/fr\\\/?s={search_term_string}\"},\"query-input\":{\"@type\":\"PropertyValueSpecification\",\"valueRequired\":true,\"valueName\":\"search_term_string\"}}],\"inLanguage\":\"fr-FR\"},{\"@type\":\"Organization\",\"@id\":\"https:\\\/\\\/bewehrungstechnik.ch\\\/fr\\\/#organization\",\"name\":\"Bewehrungstechnik\",\"url\":\"https:\\\/\\\/bewehrungstechnik.ch\\\/fr\\\/\",\"logo\":{\"@type\":\"ImageObject\",\"inLanguage\":\"fr-FR\",\"@id\":\"https:\\\/\\\/bewehrungstechnik.ch\\\/fr\\\/#\\\/schema\\\/logo\\\/image\\\/\",\"url\":\"https:\\\/\\\/bewehrungstechnik.ch\\\/wp-content\\\/uploads\\\/2021\\\/03\\\/logo.svg\",\"contentUrl\":\"https:\\\/\\\/bewehrungstechnik.ch\\\/wp-content\\\/uploads\\\/2021\\\/03\\\/logo.svg\",\"width\":436,\"height\":436,\"caption\":\"Bewehrungstechnik\"},\"image\":{\"@id\":\"https:\\\/\\\/bewehrungstechnik.ch\\\/fr\\\/#\\\/schema\\\/logo\\\/image\\\/\"}}]}<\/script>\n<!-- \/ Yoast SEO plugin. -->","yoast_head_json":{"title":"Treillis sp\u00e9ciaux en acier d'armature | Debrunner Acifer Armatures","description":"Des treillis en acier d'armature fabriqu\u00e9s sur mesure pour r\u00e9pondre \u00e0 vos besoins. Debrunner Acifer Bewehrungen est votre partenaire pour l'acier d'armature sur mesure !","robots":{"index":"index","follow":"follow","max-snippet":"max-snippet:-1","max-image-preview":"max-image-preview:large","max-video-preview":"max-video-preview:-1"},"canonical":"https:\/\/bewehrungstechnik.ch\/fr\/product\/treillis-speciaux\/","og_locale":"fr_FR","og_type":"article","og_title":"Treillis sp\u00e9ciaux en acier d'armature | Debrunner Acifer Armatures","og_description":"Des treillis en acier d'armature fabriqu\u00e9s sur mesure pour r\u00e9pondre \u00e0 vos besoins. Debrunner Acifer Bewehrungen est votre partenaire pour l'acier d'armature sur mesure !","og_url":"https:\/\/bewehrungstechnik.ch\/fr\/product\/treillis-speciaux\/","og_site_name":"Bewehrungstechnik","article_modified_time":"2026-03-31T09:40:45+00:00","og_image":[{"width":1024,"height":796,"url":"https:\/\/bewehrungstechnik.ch\/wp-content\/uploads\/2021\/05\/ARMATTE-1024x796.jpg","type":"image\/jpeg"}],"twitter_card":"summary_large_image","schema":{"@context":"https:\/\/schema.org","@graph":[{"@type":"WebPage","@id":"https:\/\/bewehrungstechnik.ch\/fr\/product\/treillis-speciaux\/","url":"https:\/\/bewehrungstechnik.ch\/fr\/product\/treillis-speciaux\/","name":"Treillis sp\u00e9ciaux en acier d'armature | Debrunner Acifer Armatures","isPartOf":{"@id":"https:\/\/bewehrungstechnik.ch\/fr\/#website"},"primaryImageOfPage":{"@id":"https:\/\/bewehrungstechnik.ch\/fr\/product\/treillis-speciaux\/#primaryimage"},"image":{"@id":"https:\/\/bewehrungstechnik.ch\/fr\/product\/treillis-speciaux\/#primaryimage"},"thumbnailUrl":"https:\/\/bewehrungstechnik.ch\/wp-content\/uploads\/2021\/05\/ARMATTE.jpg","datePublished":"2021-05-14T08:49:21+00:00","dateModified":"2026-03-31T09:40:45+00:00","description":"Des treillis en acier d'armature fabriqu\u00e9s sur mesure pour r\u00e9pondre \u00e0 vos besoins. Debrunner Acifer Bewehrungen est votre partenaire pour l'acier d'armature sur mesure !","breadcrumb":{"@id":"https:\/\/bewehrungstechnik.ch\/fr\/product\/treillis-speciaux\/#breadcrumb"},"inLanguage":"fr-FR","potentialAction":[{"@type":"ReadAction","target":["https:\/\/bewehrungstechnik.ch\/fr\/product\/treillis-speciaux\/"]}]},{"@type":"ImageObject","inLanguage":"fr-FR","@id":"https:\/\/bewehrungstechnik.ch\/fr\/product\/treillis-speciaux\/#primaryimage","url":"https:\/\/bewehrungstechnik.ch\/wp-content\/uploads\/2021\/05\/ARMATTE.jpg","contentUrl":"https:\/\/bewehrungstechnik.ch\/wp-content\/uploads\/2021\/05\/ARMATTE.jpg","width":1920,"height":1493,"caption":"armatte"},{"@type":"BreadcrumbList","@id":"https:\/\/bewehrungstechnik.ch\/fr\/product\/treillis-speciaux\/#breadcrumb","itemListElement":[{"@type":"ListItem","position":1,"name":"Home","item":"https:\/\/bewehrungstechnik.ch\/fr\/"},{"@type":"ListItem","position":2,"name":"Products","item":"https:\/\/bewehrungstechnik.ch\/fr\/products\/"},{"@type":"ListItem","position":3,"name":"Treillis sp\u00e9ciaux"}]},{"@type":"WebSite","@id":"https:\/\/bewehrungstechnik.ch\/fr\/#website","url":"https:\/\/bewehrungstechnik.ch\/fr\/","name":"Bewehrungstechnik","description":"Just another WordPress site","publisher":{"@id":"https:\/\/bewehrungstechnik.ch\/fr\/#organization"},"potentialAction":[{"@type":"SearchAction","target":{"@type":"EntryPoint","urlTemplate":"https:\/\/bewehrungstechnik.ch\/fr\/?s={search_term_string}"},"query-input":{"@type":"PropertyValueSpecification","valueRequired":true,"valueName":"search_term_string"}}],"inLanguage":"fr-FR"},{"@type":"Organization","@id":"https:\/\/bewehrungstechnik.ch\/fr\/#organization","name":"Bewehrungstechnik","url":"https:\/\/bewehrungstechnik.ch\/fr\/","logo":{"@type":"ImageObject","inLanguage":"fr-FR","@id":"https:\/\/bewehrungstechnik.ch\/fr\/#\/schema\/logo\/image\/","url":"https:\/\/bewehrungstechnik.ch\/wp-content\/uploads\/2021\/03\/logo.svg","contentUrl":"https:\/\/bewehrungstechnik.ch\/wp-content\/uploads\/2021\/03\/logo.svg","width":436,"height":436,"caption":"Bewehrungstechnik"},"image":{"@id":"https:\/\/bewehrungstechnik.ch\/fr\/#\/schema\/logo\/image\/"}}]}},"deac_custom_fields":{"product":{"brand":"","name":""},"highlight_box":{"title":"Fabriqu\u00e9 individuellement selon vos besoins","subtitle":"Travailler de mani\u00e8re rationnelle","text":"<ul>\n<li>Pose rapide de positions ajust\u00e9es avec pr\u00e9cision<\/li>\n<li>Optimisation de la longueur, largeur et d\u00e9bords<\/li>\n<li>Adaptation exacte aux sections d\u2019armatures n\u00e9cessaires<\/li>\n<li>Contr\u00f4le visuel simple sur le chantier<\/li>\n<\/ul>\n","media_type":"image","image":{"medium":"<img width=\"300\" height=\"233\" src=\"https:\/\/bewehrungstechnik.ch\/wp-content\/uploads\/2021\/05\/ARMATTE-300x233.jpg\" class=\"%s\" alt=\"Spezial Matten ARMATTE\" decoding=\"async\" loading=\"lazy\" srcset=\"https:\/\/bewehrungstechnik.ch\/wp-content\/uploads\/2021\/05\/ARMATTE-300x233.jpg 300w, https:\/\/bewehrungstechnik.ch\/wp-content\/uploads\/2021\/05\/ARMATTE-1024x796.jpg 1024w, https:\/\/bewehrungstechnik.ch\/wp-content\/uploads\/2021\/05\/ARMATTE-768x597.jpg 768w, https:\/\/bewehrungstechnik.ch\/wp-content\/uploads\/2021\/05\/ARMATTE-1536x1194.jpg 1536w, https:\/\/bewehrungstechnik.ch\/wp-content\/uploads\/2021\/05\/ARMATTE-436x339.jpg 436w, https:\/\/bewehrungstechnik.ch\/wp-content\/uploads\/2021\/05\/ARMATTE-550x428.jpg 550w, https:\/\/bewehrungstechnik.ch\/wp-content\/uploads\/2021\/05\/ARMATTE.jpg 1920w\" sizes=\"auto, (max-width: 300px) 100vw, 300px\" \/>","medium_large":"<img width=\"768\" height=\"597\" src=\"https:\/\/bewehrungstechnik.ch\/wp-content\/uploads\/2021\/05\/ARMATTE-768x597.jpg\" class=\"%s\" alt=\"Spezial Matten ARMATTE\" decoding=\"async\" loading=\"lazy\" srcset=\"https:\/\/bewehrungstechnik.ch\/wp-content\/uploads\/2021\/05\/ARMATTE-768x597.jpg 768w, https:\/\/bewehrungstechnik.ch\/wp-content\/uploads\/2021\/05\/ARMATTE-300x233.jpg 300w, https:\/\/bewehrungstechnik.ch\/wp-content\/uploads\/2021\/05\/ARMATTE-1024x796.jpg 1024w, https:\/\/bewehrungstechnik.ch\/wp-content\/uploads\/2021\/05\/ARMATTE-1536x1194.jpg 1536w, https:\/\/bewehrungstechnik.ch\/wp-content\/uploads\/2021\/05\/ARMATTE-436x339.jpg 436w, https:\/\/bewehrungstechnik.ch\/wp-content\/uploads\/2021\/05\/ARMATTE-550x428.jpg 550w, https:\/\/bewehrungstechnik.ch\/wp-content\/uploads\/2021\/05\/ARMATTE.jpg 1920w\" sizes=\"auto, (max-width: 768px) 100vw, 768px\" \/>","large":"<img width=\"1024\" height=\"796\" src=\"https:\/\/bewehrungstechnik.ch\/wp-content\/uploads\/2021\/05\/ARMATTE-1024x796.jpg\" class=\"%s\" alt=\"Spezial Matten ARMATTE\" decoding=\"async\" loading=\"lazy\" srcset=\"https:\/\/bewehrungstechnik.ch\/wp-content\/uploads\/2021\/05\/ARMATTE-1024x796.jpg 1024w, https:\/\/bewehrungstechnik.ch\/wp-content\/uploads\/2021\/05\/ARMATTE-300x233.jpg 300w, https:\/\/bewehrungstechnik.ch\/wp-content\/uploads\/2021\/05\/ARMATTE-768x597.jpg 768w, https:\/\/bewehrungstechnik.ch\/wp-content\/uploads\/2021\/05\/ARMATTE-1536x1194.jpg 1536w, https:\/\/bewehrungstechnik.ch\/wp-content\/uploads\/2021\/05\/ARMATTE-436x339.jpg 436w, https:\/\/bewehrungstechnik.ch\/wp-content\/uploads\/2021\/05\/ARMATTE-550x428.jpg 550w, https:\/\/bewehrungstechnik.ch\/wp-content\/uploads\/2021\/05\/ARMATTE.jpg 1920w\" sizes=\"auto, (max-width: 1024px) 100vw, 1024px\" \/>","full":"<img width=\"1920\" height=\"1493\" src=\"https:\/\/bewehrungstechnik.ch\/wp-content\/uploads\/2021\/05\/ARMATTE.jpg\" class=\"%s\" alt=\"Spezial Matten ARMATTE\" decoding=\"async\" loading=\"lazy\" srcset=\"https:\/\/bewehrungstechnik.ch\/wp-content\/uploads\/2021\/05\/ARMATTE.jpg 1920w, https:\/\/bewehrungstechnik.ch\/wp-content\/uploads\/2021\/05\/ARMATTE-300x233.jpg 300w, https:\/\/bewehrungstechnik.ch\/wp-content\/uploads\/2021\/05\/ARMATTE-1024x796.jpg 1024w, https:\/\/bewehrungstechnik.ch\/wp-content\/uploads\/2021\/05\/ARMATTE-768x597.jpg 768w, https:\/\/bewehrungstechnik.ch\/wp-content\/uploads\/2021\/05\/ARMATTE-1536x1194.jpg 1536w, https:\/\/bewehrungstechnik.ch\/wp-content\/uploads\/2021\/05\/ARMATTE-436x339.jpg 436w, https:\/\/bewehrungstechnik.ch\/wp-content\/uploads\/2021\/05\/ARMATTE-550x428.jpg 550w\" sizes=\"auto, (max-width: 1920px) 100vw, 1920px\" \/>"},"video_list":false},"downloads":[2398,3601,2401],"description":[{"title":"Treillis sp\u00e9ciaux sur mesure","text":"<p>Pour des besoins de mise en \u0153uvre individuelles, nous fournissons des treillis sp\u00e9ciaux sur mesure. Les treillis sp\u00e9ciaux peuvent g\u00e9n\u00e9ralement \u00eatre fabriqu\u00e9s dans des formats allant jusqu&rsquo;\u00e0 12 x 3 m. Des dimensions plus grandes sont possibles apr\u00e8s consultation du fabricant.<br \/>\nPour le transport et la pose sur le chantier, les formats des treillis doivent \u00eatre adapt\u00e9s aux conditions respectives. Pour les treillis courbes, il faut tenir compte des possibilit\u00e9s des syst\u00e8mes de pliage. La meilleure chose \u00e0 faire est de demander conseil \u00e0 nos experts. Faites-nous part de vos besoins et nous fabriquerons ou couperons les treillis d\u2019armature selon vos besoins et les plierons longitudinalement ou transversalement en fonction de l&rsquo;utilisation pr\u00e9vue.<\/p>\n"},{"title":"Efficacit\u00e9 \u00e9conomique \u00e9lev\u00e9e","text":"<p>L&rsquo;utilisation de treillis sp\u00e9ciaux permet \u00e0 l&rsquo;ing\u00e9nieur d\u2019armer des parties d\u2019ouvrage r\u00e9p\u00e9titives de mani\u00e8re simple et rentable. Les treillis sp\u00e9ciaux sont fabriqu\u00e9s sur mesure selon les sp\u00e9cifications d\u00e9taill\u00e9es du projeteur. Les treillis sp\u00e9ciaux permettent d&rsquo;augmenter consid\u00e9rablement le degr\u00e9 de rationalisation sur le chantier ou dans l&rsquo;usine d&rsquo;\u00e9l\u00e9ments pr\u00e9fabriqu\u00e9s. Les param\u00e8tres suivants peuvent \u00eatre choisis librement dans le cadre des possibilit\u00e9s de fabrication et de transport:<\/p>\n<ul>\n<li>Diam\u00e8tre de fil<\/li>\n<li>Espacement des fils \/ d\u00e9bord des fils<\/li>\n<li>Format du treillis<\/li>\n<li>Surlongueur<\/li>\n<\/ul>\n"}]},"deac_featured_media":{"medium":"<img width=\"300\" height=\"233\" src=\"https:\/\/bewehrungstechnik.ch\/wp-content\/uploads\/2021\/05\/ARMATTE-300x233.jpg\" class=\"%s\" alt=\"Spezial Matten ARMATTE\" decoding=\"async\" loading=\"lazy\" srcset=\"https:\/\/bewehrungstechnik.ch\/wp-content\/uploads\/2021\/05\/ARMATTE-300x233.jpg 300w, https:\/\/bewehrungstechnik.ch\/wp-content\/uploads\/2021\/05\/ARMATTE-1024x796.jpg 1024w, https:\/\/bewehrungstechnik.ch\/wp-content\/uploads\/2021\/05\/ARMATTE-768x597.jpg 768w, https:\/\/bewehrungstechnik.ch\/wp-content\/uploads\/2021\/05\/ARMATTE-1536x1194.jpg 1536w, https:\/\/bewehrungstechnik.ch\/wp-content\/uploads\/2021\/05\/ARMATTE-436x339.jpg 436w, https:\/\/bewehrungstechnik.ch\/wp-content\/uploads\/2021\/05\/ARMATTE-550x428.jpg 550w, https:\/\/bewehrungstechnik.ch\/wp-content\/uploads\/2021\/05\/ARMATTE.jpg 1920w\" sizes=\"auto, (max-width: 300px) 100vw, 300px\" \/>","medium_large":"<img width=\"768\" height=\"597\" src=\"https:\/\/bewehrungstechnik.ch\/wp-content\/uploads\/2021\/05\/ARMATTE-768x597.jpg\" class=\"%s\" alt=\"Spezial Matten ARMATTE\" decoding=\"async\" loading=\"lazy\" srcset=\"https:\/\/bewehrungstechnik.ch\/wp-content\/uploads\/2021\/05\/ARMATTE-768x597.jpg 768w, https:\/\/bewehrungstechnik.ch\/wp-content\/uploads\/2021\/05\/ARMATTE-300x233.jpg 300w, https:\/\/bewehrungstechnik.ch\/wp-content\/uploads\/2021\/05\/ARMATTE-1024x796.jpg 1024w, https:\/\/bewehrungstechnik.ch\/wp-content\/uploads\/2021\/05\/ARMATTE-1536x1194.jpg 1536w, https:\/\/bewehrungstechnik.ch\/wp-content\/uploads\/2021\/05\/ARMATTE-436x339.jpg 436w, https:\/\/bewehrungstechnik.ch\/wp-content\/uploads\/2021\/05\/ARMATTE-550x428.jpg 550w, https:\/\/bewehrungstechnik.ch\/wp-content\/uploads\/2021\/05\/ARMATTE.jpg 1920w\" sizes=\"auto, (max-width: 768px) 100vw, 768px\" \/>","large":"<img width=\"1024\" height=\"796\" src=\"https:\/\/bewehrungstechnik.ch\/wp-content\/uploads\/2021\/05\/ARMATTE-1024x796.jpg\" class=\"%s\" alt=\"Spezial Matten ARMATTE\" decoding=\"async\" loading=\"lazy\" srcset=\"https:\/\/bewehrungstechnik.ch\/wp-content\/uploads\/2021\/05\/ARMATTE-1024x796.jpg 1024w, https:\/\/bewehrungstechnik.ch\/wp-content\/uploads\/2021\/05\/ARMATTE-300x233.jpg 300w, https:\/\/bewehrungstechnik.ch\/wp-content\/uploads\/2021\/05\/ARMATTE-768x597.jpg 768w, https:\/\/bewehrungstechnik.ch\/wp-content\/uploads\/2021\/05\/ARMATTE-1536x1194.jpg 1536w, https:\/\/bewehrungstechnik.ch\/wp-content\/uploads\/2021\/05\/ARMATTE-436x339.jpg 436w, https:\/\/bewehrungstechnik.ch\/wp-content\/uploads\/2021\/05\/ARMATTE-550x428.jpg 550w, https:\/\/bewehrungstechnik.ch\/wp-content\/uploads\/2021\/05\/ARMATTE.jpg 1920w\" sizes=\"auto, (max-width: 1024px) 100vw, 1024px\" \/>","full":"<img width=\"1920\" height=\"1493\" src=\"https:\/\/bewehrungstechnik.ch\/wp-content\/uploads\/2021\/05\/ARMATTE.jpg\" class=\"%s\" alt=\"Spezial Matten ARMATTE\" decoding=\"async\" loading=\"lazy\" srcset=\"https:\/\/bewehrungstechnik.ch\/wp-content\/uploads\/2021\/05\/ARMATTE.jpg 1920w, https:\/\/bewehrungstechnik.ch\/wp-content\/uploads\/2021\/05\/ARMATTE-300x233.jpg 300w, https:\/\/bewehrungstechnik.ch\/wp-content\/uploads\/2021\/05\/ARMATTE-1024x796.jpg 1024w, https:\/\/bewehrungstechnik.ch\/wp-content\/uploads\/2021\/05\/ARMATTE-768x597.jpg 768w, https:\/\/bewehrungstechnik.ch\/wp-content\/uploads\/2021\/05\/ARMATTE-1536x1194.jpg 1536w, https:\/\/bewehrungstechnik.ch\/wp-content\/uploads\/2021\/05\/ARMATTE-436x339.jpg 436w, https:\/\/bewehrungstechnik.ch\/wp-content\/uploads\/2021\/05\/ARMATTE-550x428.jpg 550w\" sizes=\"auto, (max-width: 1920px) 100vw, 1920px\" \/>"},"_links":{"self":[{"href":"https:\/\/bewehrungstechnik.ch\/fr\/wp-json\/wp\/v2\/product\/2108","targetHints":{"allow":["GET"]}}],"collection":[{"href":"https:\/\/bewehrungstechnik.ch\/fr\/wp-json\/wp\/v2\/product"}],"about":[{"href":"https:\/\/bewehrungstechnik.ch\/fr\/wp-json\/wp\/v2\/types\/product"}],"wp:featuredmedia":[{"embeddable":true,"href":"https:\/\/bewehrungstechnik.ch\/fr\/wp-json\/wp\/v2\/media\/1389"}],"wp:attachment":[{"href":"https:\/\/bewehrungstechnik.ch\/fr\/wp-json\/wp\/v2\/media?parent=2108"}],"wp:term":[{"taxonomy":"product_category","embeddable":true,"href":"https:\/\/bewehrungstechnik.ch\/fr\/wp-json\/wp\/v2\/product_category?post=2108"}],"curies":[{"name":"wp","href":"https:\/\/api.w.org\/{rel}","templated":true}]}}