{"id":2109,"date":"2021-05-14T08:51:35","date_gmt":"2021-05-14T08:51:35","guid":{"rendered":"https:\/\/bewehrungstechnik.ch\/?post_type=product&#038;p=2109"},"modified":"2026-03-31T09:39:52","modified_gmt":"2026-03-31T09:39:52","slug":"paniers-de-support-et-accessoires","status":"publish","type":"product","link":"https:\/\/bewehrungstechnik.ch\/fr\/product\/paniers-de-support-et-accessoires\/","title":{"rendered":"Paniers de support et accessoires"},"featured_media":2945,"menu_order":190,"template":"","product_category":[49],"class_list":["post-2109","product","type-product","status-publish","has-post-thumbnail","","product_category-treillis-et-accessoires"],"acf":[],"yoast_head":"<!-- This site is optimized with the Yoast SEO plugin v27.3 - https:\/\/yoast.com\/product\/yoast-seo-wordpress\/ -->\n<title>Cages d&#039;\u00e9cartement | Debrunner Acifer Armatures<\/title>\n<meta name=\"description\" content=\"Les supports \u00e0 distance sont polyvalents et toujours \u00e0 la bonne hauteur. D\u00e9couvrez d\u00e8s maintenant notre gamme et profitez de d\u00e9lais de livraison rapides !\" \/>\n<meta name=\"robots\" content=\"index, follow, max-snippet:-1, max-image-preview:large, max-video-preview:-1\" \/>\n<link rel=\"canonical\" href=\"https:\/\/bewehrungstechnik.ch\/fr\/product\/paniers-de-support-et-accessoires\/\" \/>\n<meta property=\"og:locale\" content=\"fr_FR\" \/>\n<meta property=\"og:type\" content=\"article\" \/>\n<meta property=\"og:title\" content=\"Cages d&#039;\u00e9cartement | Debrunner Acifer Armatures\" \/>\n<meta property=\"og:description\" content=\"Les supports \u00e0 distance sont polyvalents et toujours \u00e0 la bonne hauteur. D\u00e9couvrez d\u00e8s maintenant notre gamme et profitez de d\u00e9lais de livraison rapides !\" \/>\n<meta property=\"og:url\" content=\"https:\/\/bewehrungstechnik.ch\/fr\/product\/paniers-de-support-et-accessoires\/\" \/>\n<meta property=\"og:site_name\" content=\"Bewehrungstechnik\" \/>\n<meta property=\"article:modified_time\" content=\"2026-03-31T09:39:52+00:00\" \/>\n<meta property=\"og:image\" content=\"https:\/\/bewehrungstechnik.ch\/wp-content\/uploads\/2021\/05\/picture_ORIGINAL-Copie.jpg\" \/>\n\t<meta property=\"og:image:width\" content=\"880\" \/>\n\t<meta property=\"og:image:height\" content=\"533\" \/>\n\t<meta property=\"og:image:type\" content=\"image\/jpeg\" \/>\n<meta name=\"twitter:card\" content=\"summary_large_image\" \/>\n<script type=\"application\/ld+json\" class=\"yoast-schema-graph\">{\"@context\":\"https:\\\/\\\/schema.org\",\"@graph\":[{\"@type\":\"WebPage\",\"@id\":\"https:\\\/\\\/bewehrungstechnik.ch\\\/fr\\\/product\\\/paniers-de-support-et-accessoires\\\/\",\"url\":\"https:\\\/\\\/bewehrungstechnik.ch\\\/fr\\\/product\\\/paniers-de-support-et-accessoires\\\/\",\"name\":\"Cages d'\u00e9cartement | Debrunner Acifer Armatures\",\"isPartOf\":{\"@id\":\"https:\\\/\\\/bewehrungstechnik.ch\\\/fr\\\/#website\"},\"primaryImageOfPage\":{\"@id\":\"https:\\\/\\\/bewehrungstechnik.ch\\\/fr\\\/product\\\/paniers-de-support-et-accessoires\\\/#primaryimage\"},\"image\":{\"@id\":\"https:\\\/\\\/bewehrungstechnik.ch\\\/fr\\\/product\\\/paniers-de-support-et-accessoires\\\/#primaryimage\"},\"thumbnailUrl\":\"https:\\\/\\\/bewehrungstechnik.ch\\\/wp-content\\\/uploads\\\/2021\\\/05\\\/picture_ORIGINAL-Copie.jpg\",\"datePublished\":\"2021-05-14T08:51:35+00:00\",\"dateModified\":\"2026-03-31T09:39:52+00:00\",\"description\":\"Les supports \u00e0 distance sont polyvalents et toujours \u00e0 la bonne hauteur. D\u00e9couvrez d\u00e8s maintenant notre gamme et profitez de d\u00e9lais de livraison rapides !\",\"breadcrumb\":{\"@id\":\"https:\\\/\\\/bewehrungstechnik.ch\\\/fr\\\/product\\\/paniers-de-support-et-accessoires\\\/#breadcrumb\"},\"inLanguage\":\"fr-FR\",\"potentialAction\":[{\"@type\":\"ReadAction\",\"target\":[\"https:\\\/\\\/bewehrungstechnik.ch\\\/fr\\\/product\\\/paniers-de-support-et-accessoires\\\/\"]}]},{\"@type\":\"ImageObject\",\"inLanguage\":\"fr-FR\",\"@id\":\"https:\\\/\\\/bewehrungstechnik.ch\\\/fr\\\/product\\\/paniers-de-support-et-accessoires\\\/#primaryimage\",\"url\":\"https:\\\/\\\/bewehrungstechnik.ch\\\/wp-content\\\/uploads\\\/2021\\\/05\\\/picture_ORIGINAL-Copie.jpg\",\"contentUrl\":\"https:\\\/\\\/bewehrungstechnik.ch\\\/wp-content\\\/uploads\\\/2021\\\/05\\\/picture_ORIGINAL-Copie.jpg\",\"width\":880,\"height\":533,\"caption\":\"Distanzk\u00f6rbe\"},{\"@type\":\"BreadcrumbList\",\"@id\":\"https:\\\/\\\/bewehrungstechnik.ch\\\/fr\\\/product\\\/paniers-de-support-et-accessoires\\\/#breadcrumb\",\"itemListElement\":[{\"@type\":\"ListItem\",\"position\":1,\"name\":\"Home\",\"item\":\"https:\\\/\\\/bewehrungstechnik.ch\\\/fr\\\/\"},{\"@type\":\"ListItem\",\"position\":2,\"name\":\"Products\",\"item\":\"https:\\\/\\\/bewehrungstechnik.ch\\\/fr\\\/products\\\/\"},{\"@type\":\"ListItem\",\"position\":3,\"name\":\"Paniers de support et accessoires\"}]},{\"@type\":\"WebSite\",\"@id\":\"https:\\\/\\\/bewehrungstechnik.ch\\\/fr\\\/#website\",\"url\":\"https:\\\/\\\/bewehrungstechnik.ch\\\/fr\\\/\",\"name\":\"Bewehrungstechnik\",\"description\":\"Just another WordPress site\",\"publisher\":{\"@id\":\"https:\\\/\\\/bewehrungstechnik.ch\\\/fr\\\/#organization\"},\"potentialAction\":[{\"@type\":\"SearchAction\",\"target\":{\"@type\":\"EntryPoint\",\"urlTemplate\":\"https:\\\/\\\/bewehrungstechnik.ch\\\/fr\\\/?s={search_term_string}\"},\"query-input\":{\"@type\":\"PropertyValueSpecification\",\"valueRequired\":true,\"valueName\":\"search_term_string\"}}],\"inLanguage\":\"fr-FR\"},{\"@type\":\"Organization\",\"@id\":\"https:\\\/\\\/bewehrungstechnik.ch\\\/fr\\\/#organization\",\"name\":\"Bewehrungstechnik\",\"url\":\"https:\\\/\\\/bewehrungstechnik.ch\\\/fr\\\/\",\"logo\":{\"@type\":\"ImageObject\",\"inLanguage\":\"fr-FR\",\"@id\":\"https:\\\/\\\/bewehrungstechnik.ch\\\/fr\\\/#\\\/schema\\\/logo\\\/image\\\/\",\"url\":\"https:\\\/\\\/bewehrungstechnik.ch\\\/wp-content\\\/uploads\\\/2021\\\/03\\\/logo.svg\",\"contentUrl\":\"https:\\\/\\\/bewehrungstechnik.ch\\\/wp-content\\\/uploads\\\/2021\\\/03\\\/logo.svg\",\"width\":436,\"height\":436,\"caption\":\"Bewehrungstechnik\"},\"image\":{\"@id\":\"https:\\\/\\\/bewehrungstechnik.ch\\\/fr\\\/#\\\/schema\\\/logo\\\/image\\\/\"}}]}<\/script>\n<!-- \/ Yoast SEO plugin. -->","yoast_head_json":{"title":"Cages d'\u00e9cartement | Debrunner Acifer Armatures","description":"Les supports \u00e0 distance sont polyvalents et toujours \u00e0 la bonne hauteur. D\u00e9couvrez d\u00e8s maintenant notre gamme et profitez de d\u00e9lais de livraison rapides !","robots":{"index":"index","follow":"follow","max-snippet":"max-snippet:-1","max-image-preview":"max-image-preview:large","max-video-preview":"max-video-preview:-1"},"canonical":"https:\/\/bewehrungstechnik.ch\/fr\/product\/paniers-de-support-et-accessoires\/","og_locale":"fr_FR","og_type":"article","og_title":"Cages d'\u00e9cartement | Debrunner Acifer Armatures","og_description":"Les supports \u00e0 distance sont polyvalents et toujours \u00e0 la bonne hauteur. D\u00e9couvrez d\u00e8s maintenant notre gamme et profitez de d\u00e9lais de livraison rapides !","og_url":"https:\/\/bewehrungstechnik.ch\/fr\/product\/paniers-de-support-et-accessoires\/","og_site_name":"Bewehrungstechnik","article_modified_time":"2026-03-31T09:39:52+00:00","og_image":[{"width":880,"height":533,"url":"https:\/\/bewehrungstechnik.ch\/wp-content\/uploads\/2021\/05\/picture_ORIGINAL-Copie.jpg","type":"image\/jpeg"}],"twitter_card":"summary_large_image","schema":{"@context":"https:\/\/schema.org","@graph":[{"@type":"WebPage","@id":"https:\/\/bewehrungstechnik.ch\/fr\/product\/paniers-de-support-et-accessoires\/","url":"https:\/\/bewehrungstechnik.ch\/fr\/product\/paniers-de-support-et-accessoires\/","name":"Cages d'\u00e9cartement | Debrunner Acifer Armatures","isPartOf":{"@id":"https:\/\/bewehrungstechnik.ch\/fr\/#website"},"primaryImageOfPage":{"@id":"https:\/\/bewehrungstechnik.ch\/fr\/product\/paniers-de-support-et-accessoires\/#primaryimage"},"image":{"@id":"https:\/\/bewehrungstechnik.ch\/fr\/product\/paniers-de-support-et-accessoires\/#primaryimage"},"thumbnailUrl":"https:\/\/bewehrungstechnik.ch\/wp-content\/uploads\/2021\/05\/picture_ORIGINAL-Copie.jpg","datePublished":"2021-05-14T08:51:35+00:00","dateModified":"2026-03-31T09:39:52+00:00","description":"Les supports \u00e0 distance sont polyvalents et toujours \u00e0 la bonne hauteur. D\u00e9couvrez d\u00e8s maintenant notre gamme et profitez de d\u00e9lais de livraison rapides !","breadcrumb":{"@id":"https:\/\/bewehrungstechnik.ch\/fr\/product\/paniers-de-support-et-accessoires\/#breadcrumb"},"inLanguage":"fr-FR","potentialAction":[{"@type":"ReadAction","target":["https:\/\/bewehrungstechnik.ch\/fr\/product\/paniers-de-support-et-accessoires\/"]}]},{"@type":"ImageObject","inLanguage":"fr-FR","@id":"https:\/\/bewehrungstechnik.ch\/fr\/product\/paniers-de-support-et-accessoires\/#primaryimage","url":"https:\/\/bewehrungstechnik.ch\/wp-content\/uploads\/2021\/05\/picture_ORIGINAL-Copie.jpg","contentUrl":"https:\/\/bewehrungstechnik.ch\/wp-content\/uploads\/2021\/05\/picture_ORIGINAL-Copie.jpg","width":880,"height":533,"caption":"Distanzk\u00f6rbe"},{"@type":"BreadcrumbList","@id":"https:\/\/bewehrungstechnik.ch\/fr\/product\/paniers-de-support-et-accessoires\/#breadcrumb","itemListElement":[{"@type":"ListItem","position":1,"name":"Home","item":"https:\/\/bewehrungstechnik.ch\/fr\/"},{"@type":"ListItem","position":2,"name":"Products","item":"https:\/\/bewehrungstechnik.ch\/fr\/products\/"},{"@type":"ListItem","position":3,"name":"Paniers de support et accessoires"}]},{"@type":"WebSite","@id":"https:\/\/bewehrungstechnik.ch\/fr\/#website","url":"https:\/\/bewehrungstechnik.ch\/fr\/","name":"Bewehrungstechnik","description":"Just another WordPress site","publisher":{"@id":"https:\/\/bewehrungstechnik.ch\/fr\/#organization"},"potentialAction":[{"@type":"SearchAction","target":{"@type":"EntryPoint","urlTemplate":"https:\/\/bewehrungstechnik.ch\/fr\/?s={search_term_string}"},"query-input":{"@type":"PropertyValueSpecification","valueRequired":true,"valueName":"search_term_string"}}],"inLanguage":"fr-FR"},{"@type":"Organization","@id":"https:\/\/bewehrungstechnik.ch\/fr\/#organization","name":"Bewehrungstechnik","url":"https:\/\/bewehrungstechnik.ch\/fr\/","logo":{"@type":"ImageObject","inLanguage":"fr-FR","@id":"https:\/\/bewehrungstechnik.ch\/fr\/#\/schema\/logo\/image\/","url":"https:\/\/bewehrungstechnik.ch\/wp-content\/uploads\/2021\/03\/logo.svg","contentUrl":"https:\/\/bewehrungstechnik.ch\/wp-content\/uploads\/2021\/03\/logo.svg","width":436,"height":436,"caption":"Bewehrungstechnik"},"image":{"@id":"https:\/\/bewehrungstechnik.ch\/fr\/#\/schema\/logo\/image\/"}}]}},"deac_custom_fields":{"product":{"brand":"","name":""},"highlight_box":{"title":"Toujours \u00e0 la bonne hauteur","subtitle":"Polyvalents et mis en oeuvre rapidement","text":"<ul>\n<li>Large assortiment<\/li>\n<li>D\u00e9lais de livraison courts<\/li>\n<li>Grandes hauteurs \u00e9galement disponibles rapidement<\/li>\n<\/ul>\n","media_type":"image","image":{"medium":"<img width=\"300\" height=\"182\" src=\"https:\/\/bewehrungstechnik.ch\/wp-content\/uploads\/2021\/05\/picture_ORIGINAL-Copie-300x182.jpg\" class=\"%s\" alt=\"Distanzk\u00f6rbe\" decoding=\"async\" loading=\"lazy\" srcset=\"https:\/\/bewehrungstechnik.ch\/wp-content\/uploads\/2021\/05\/picture_ORIGINAL-Copie-300x182.jpg 300w, https:\/\/bewehrungstechnik.ch\/wp-content\/uploads\/2021\/05\/picture_ORIGINAL-Copie-768x465.jpg 768w, https:\/\/bewehrungstechnik.ch\/wp-content\/uploads\/2021\/05\/picture_ORIGINAL-Copie-436x264.jpg 436w, https:\/\/bewehrungstechnik.ch\/wp-content\/uploads\/2021\/05\/picture_ORIGINAL-Copie-550x333.jpg 550w, https:\/\/bewehrungstechnik.ch\/wp-content\/uploads\/2021\/05\/picture_ORIGINAL-Copie.jpg 880w\" sizes=\"auto, (max-width: 300px) 100vw, 300px\" \/>","medium_large":"<img width=\"768\" height=\"465\" src=\"https:\/\/bewehrungstechnik.ch\/wp-content\/uploads\/2021\/05\/picture_ORIGINAL-Copie-768x465.jpg\" class=\"%s\" alt=\"Distanzk\u00f6rbe\" decoding=\"async\" loading=\"lazy\" srcset=\"https:\/\/bewehrungstechnik.ch\/wp-content\/uploads\/2021\/05\/picture_ORIGINAL-Copie-768x465.jpg 768w, https:\/\/bewehrungstechnik.ch\/wp-content\/uploads\/2021\/05\/picture_ORIGINAL-Copie-300x182.jpg 300w, https:\/\/bewehrungstechnik.ch\/wp-content\/uploads\/2021\/05\/picture_ORIGINAL-Copie-436x264.jpg 436w, https:\/\/bewehrungstechnik.ch\/wp-content\/uploads\/2021\/05\/picture_ORIGINAL-Copie-550x333.jpg 550w, https:\/\/bewehrungstechnik.ch\/wp-content\/uploads\/2021\/05\/picture_ORIGINAL-Copie.jpg 880w\" sizes=\"auto, (max-width: 768px) 100vw, 768px\" \/>","large":"<img width=\"880\" height=\"533\" src=\"https:\/\/bewehrungstechnik.ch\/wp-content\/uploads\/2021\/05\/picture_ORIGINAL-Copie.jpg\" class=\"%s\" alt=\"Distanzk\u00f6rbe\" decoding=\"async\" loading=\"lazy\" srcset=\"https:\/\/bewehrungstechnik.ch\/wp-content\/uploads\/2021\/05\/picture_ORIGINAL-Copie.jpg 880w, https:\/\/bewehrungstechnik.ch\/wp-content\/uploads\/2021\/05\/picture_ORIGINAL-Copie-300x182.jpg 300w, https:\/\/bewehrungstechnik.ch\/wp-content\/uploads\/2021\/05\/picture_ORIGINAL-Copie-768x465.jpg 768w, https:\/\/bewehrungstechnik.ch\/wp-content\/uploads\/2021\/05\/picture_ORIGINAL-Copie-436x264.jpg 436w, https:\/\/bewehrungstechnik.ch\/wp-content\/uploads\/2021\/05\/picture_ORIGINAL-Copie-550x333.jpg 550w\" sizes=\"auto, (max-width: 880px) 100vw, 880px\" \/>","full":"<img width=\"880\" height=\"533\" src=\"https:\/\/bewehrungstechnik.ch\/wp-content\/uploads\/2021\/05\/picture_ORIGINAL-Copie.jpg\" class=\"%s\" alt=\"Distanzk\u00f6rbe\" decoding=\"async\" loading=\"lazy\" srcset=\"https:\/\/bewehrungstechnik.ch\/wp-content\/uploads\/2021\/05\/picture_ORIGINAL-Copie.jpg 880w, https:\/\/bewehrungstechnik.ch\/wp-content\/uploads\/2021\/05\/picture_ORIGINAL-Copie-300x182.jpg 300w, https:\/\/bewehrungstechnik.ch\/wp-content\/uploads\/2021\/05\/picture_ORIGINAL-Copie-768x465.jpg 768w, https:\/\/bewehrungstechnik.ch\/wp-content\/uploads\/2021\/05\/picture_ORIGINAL-Copie-436x264.jpg 436w, https:\/\/bewehrungstechnik.ch\/wp-content\/uploads\/2021\/05\/picture_ORIGINAL-Copie-550x333.jpg 550w\" sizes=\"auto, (max-width: 880px) 100vw, 880px\" \/>"},"video_list":false},"downloads":[3607,3041,6126,4685],"description":[{"title":"La plus haute stabilit\u00e9","text":"<p>Avec nos paniers de support, vous disposez des produits id\u00e9aux pour garantir la distance souhait\u00e9e entre les diff\u00e9rents lits d&rsquo;armature. Nos paniers de support stables et nos chevalets de support peuvent \u00eatre install\u00e9s facilement et rapidement sur votre chantier.<\/p>\n"},{"title":"Surfaces de pose sur\u00e9lev\u00e9es","text":"<p>En utilisant des r\u00e9partiteurs de pression, vous pouvez \u00e9galement augmenter la surface de contact des paniers de support sur des substrats mous tels que l&rsquo;isolation. Vous aussi, faites confiance \u00e0 la qualit\u00e9 de nos produits et contactez nos experts &#8211; nous vous fournissons volontiers des conseils techniques.<\/p>\n"}]},"deac_featured_media":{"medium":"<img width=\"300\" height=\"182\" src=\"https:\/\/bewehrungstechnik.ch\/wp-content\/uploads\/2021\/05\/picture_ORIGINAL-Copie-300x182.jpg\" class=\"%s\" alt=\"Distanzk\u00f6rbe\" decoding=\"async\" loading=\"lazy\" srcset=\"https:\/\/bewehrungstechnik.ch\/wp-content\/uploads\/2021\/05\/picture_ORIGINAL-Copie-300x182.jpg 300w, https:\/\/bewehrungstechnik.ch\/wp-content\/uploads\/2021\/05\/picture_ORIGINAL-Copie-768x465.jpg 768w, https:\/\/bewehrungstechnik.ch\/wp-content\/uploads\/2021\/05\/picture_ORIGINAL-Copie-436x264.jpg 436w, https:\/\/bewehrungstechnik.ch\/wp-content\/uploads\/2021\/05\/picture_ORIGINAL-Copie-550x333.jpg 550w, https:\/\/bewehrungstechnik.ch\/wp-content\/uploads\/2021\/05\/picture_ORIGINAL-Copie.jpg 880w\" sizes=\"auto, (max-width: 300px) 100vw, 300px\" \/>","medium_large":"<img width=\"768\" height=\"465\" src=\"https:\/\/bewehrungstechnik.ch\/wp-content\/uploads\/2021\/05\/picture_ORIGINAL-Copie-768x465.jpg\" class=\"%s\" alt=\"Distanzk\u00f6rbe\" decoding=\"async\" loading=\"lazy\" srcset=\"https:\/\/bewehrungstechnik.ch\/wp-content\/uploads\/2021\/05\/picture_ORIGINAL-Copie-768x465.jpg 768w, https:\/\/bewehrungstechnik.ch\/wp-content\/uploads\/2021\/05\/picture_ORIGINAL-Copie-300x182.jpg 300w, https:\/\/bewehrungstechnik.ch\/wp-content\/uploads\/2021\/05\/picture_ORIGINAL-Copie-436x264.jpg 436w, https:\/\/bewehrungstechnik.ch\/wp-content\/uploads\/2021\/05\/picture_ORIGINAL-Copie-550x333.jpg 550w, https:\/\/bewehrungstechnik.ch\/wp-content\/uploads\/2021\/05\/picture_ORIGINAL-Copie.jpg 880w\" sizes=\"auto, (max-width: 768px) 100vw, 768px\" \/>","large":"<img width=\"880\" height=\"533\" src=\"https:\/\/bewehrungstechnik.ch\/wp-content\/uploads\/2021\/05\/picture_ORIGINAL-Copie.jpg\" class=\"%s\" alt=\"Distanzk\u00f6rbe\" decoding=\"async\" loading=\"lazy\" srcset=\"https:\/\/bewehrungstechnik.ch\/wp-content\/uploads\/2021\/05\/picture_ORIGINAL-Copie.jpg 880w, https:\/\/bewehrungstechnik.ch\/wp-content\/uploads\/2021\/05\/picture_ORIGINAL-Copie-300x182.jpg 300w, https:\/\/bewehrungstechnik.ch\/wp-content\/uploads\/2021\/05\/picture_ORIGINAL-Copie-768x465.jpg 768w, https:\/\/bewehrungstechnik.ch\/wp-content\/uploads\/2021\/05\/picture_ORIGINAL-Copie-436x264.jpg 436w, https:\/\/bewehrungstechnik.ch\/wp-content\/uploads\/2021\/05\/picture_ORIGINAL-Copie-550x333.jpg 550w\" sizes=\"auto, (max-width: 880px) 100vw, 880px\" \/>","full":"<img width=\"880\" height=\"533\" src=\"https:\/\/bewehrungstechnik.ch\/wp-content\/uploads\/2021\/05\/picture_ORIGINAL-Copie.jpg\" class=\"%s\" alt=\"Distanzk\u00f6rbe\" decoding=\"async\" loading=\"lazy\" srcset=\"https:\/\/bewehrungstechnik.ch\/wp-content\/uploads\/2021\/05\/picture_ORIGINAL-Copie.jpg 880w, https:\/\/bewehrungstechnik.ch\/wp-content\/uploads\/2021\/05\/picture_ORIGINAL-Copie-300x182.jpg 300w, https:\/\/bewehrungstechnik.ch\/wp-content\/uploads\/2021\/05\/picture_ORIGINAL-Copie-768x465.jpg 768w, https:\/\/bewehrungstechnik.ch\/wp-content\/uploads\/2021\/05\/picture_ORIGINAL-Copie-436x264.jpg 436w, https:\/\/bewehrungstechnik.ch\/wp-content\/uploads\/2021\/05\/picture_ORIGINAL-Copie-550x333.jpg 550w\" sizes=\"auto, (max-width: 880px) 100vw, 880px\" \/>"},"_links":{"self":[{"href":"https:\/\/bewehrungstechnik.ch\/fr\/wp-json\/wp\/v2\/product\/2109","targetHints":{"allow":["GET"]}}],"collection":[{"href":"https:\/\/bewehrungstechnik.ch\/fr\/wp-json\/wp\/v2\/product"}],"about":[{"href":"https:\/\/bewehrungstechnik.ch\/fr\/wp-json\/wp\/v2\/types\/product"}],"wp:featuredmedia":[{"embeddable":true,"href":"https:\/\/bewehrungstechnik.ch\/fr\/wp-json\/wp\/v2\/media\/2945"}],"wp:attachment":[{"href":"https:\/\/bewehrungstechnik.ch\/fr\/wp-json\/wp\/v2\/media?parent=2109"}],"wp:term":[{"taxonomy":"product_category","embeddable":true,"href":"https:\/\/bewehrungstechnik.ch\/fr\/wp-json\/wp\/v2\/product_category?post=2109"}],"curies":[{"name":"wp","href":"https:\/\/api.w.org\/{rel}","templated":true}]}}