{"id":3969,"date":"2021-07-05T15:43:49","date_gmt":"2021-07-05T15:43:49","guid":{"rendered":"https:\/\/bewehrungstechnik.ch\/?post_type=product&#038;p=3969"},"modified":"2026-03-31T09:38:21","modified_gmt":"2026-03-31T09:38:21","slug":"forwa-2000-systemes-de-raccordement","status":"publish","type":"product","link":"https:\/\/bewehrungstechnik.ch\/fr\/product\/forwa-2000-systemes-de-raccordement\/","title":{"rendered":"forwa 2000 syst\u00e8mes de raccordement"},"featured_media":4087,"menu_order":180,"template":"","product_category":[49],"class_list":["post-3969","product","type-product","status-publish","has-post-thumbnail","","product_category-treillis-et-accessoires"],"acf":[],"yoast_head":"<!-- This site is optimized with the Yoast SEO plugin v27.3 - https:\/\/yoast.com\/product\/yoast-seo-wordpress\/ -->\n<title>forwa 2000 syst\u00e8mes de raccordement - Bewehrungstechnik<\/title>\n<meta name=\"robots\" content=\"index, follow, max-snippet:-1, max-image-preview:large, max-video-preview:-1\" \/>\n<link rel=\"canonical\" href=\"https:\/\/bewehrungstechnik.ch\/fr\/product\/forwa-2000-systemes-de-raccordement\/\" \/>\n<meta property=\"og:locale\" content=\"fr_FR\" \/>\n<meta property=\"og:type\" content=\"article\" \/>\n<meta property=\"og:title\" content=\"forwa 2000 syst\u00e8mes de raccordement - Bewehrungstechnik\" \/>\n<meta property=\"og:url\" content=\"https:\/\/bewehrungstechnik.ch\/fr\/product\/forwa-2000-systemes-de-raccordement\/\" \/>\n<meta property=\"og:site_name\" content=\"Bewehrungstechnik\" \/>\n<meta property=\"article:modified_time\" content=\"2026-03-31T09:38:21+00:00\" \/>\n<meta property=\"og:image\" content=\"https:\/\/bewehrungstechnik.ch\/wp-content\/uploads\/2021\/07\/P1010062-forwa-e1625237733368.jpg\" \/>\n\t<meta property=\"og:image:width\" content=\"1085\" \/>\n\t<meta property=\"og:image:height\" content=\"810\" \/>\n\t<meta property=\"og:image:type\" content=\"image\/jpeg\" \/>\n<meta name=\"twitter:card\" content=\"summary_large_image\" \/>\n<script type=\"application\/ld+json\" class=\"yoast-schema-graph\">{\"@context\":\"https:\\\/\\\/schema.org\",\"@graph\":[{\"@type\":\"WebPage\",\"@id\":\"https:\\\/\\\/bewehrungstechnik.ch\\\/fr\\\/product\\\/forwa-2000-systemes-de-raccordement\\\/\",\"url\":\"https:\\\/\\\/bewehrungstechnik.ch\\\/fr\\\/product\\\/forwa-2000-systemes-de-raccordement\\\/\",\"name\":\"forwa 2000 syst\u00e8mes de raccordement - Bewehrungstechnik\",\"isPartOf\":{\"@id\":\"https:\\\/\\\/bewehrungstechnik.ch\\\/fr\\\/#website\"},\"primaryImageOfPage\":{\"@id\":\"https:\\\/\\\/bewehrungstechnik.ch\\\/fr\\\/product\\\/forwa-2000-systemes-de-raccordement\\\/#primaryimage\"},\"image\":{\"@id\":\"https:\\\/\\\/bewehrungstechnik.ch\\\/fr\\\/product\\\/forwa-2000-systemes-de-raccordement\\\/#primaryimage\"},\"thumbnailUrl\":\"https:\\\/\\\/bewehrungstechnik.ch\\\/wp-content\\\/uploads\\\/2021\\\/07\\\/P1010062-forwa-e1625237733368.jpg\",\"datePublished\":\"2021-07-05T15:43:49+00:00\",\"dateModified\":\"2026-03-31T09:38:21+00:00\",\"breadcrumb\":{\"@id\":\"https:\\\/\\\/bewehrungstechnik.ch\\\/fr\\\/product\\\/forwa-2000-systemes-de-raccordement\\\/#breadcrumb\"},\"inLanguage\":\"fr-FR\",\"potentialAction\":[{\"@type\":\"ReadAction\",\"target\":[\"https:\\\/\\\/bewehrungstechnik.ch\\\/fr\\\/product\\\/forwa-2000-systemes-de-raccordement\\\/\"]}]},{\"@type\":\"ImageObject\",\"inLanguage\":\"fr-FR\",\"@id\":\"https:\\\/\\\/bewehrungstechnik.ch\\\/fr\\\/product\\\/forwa-2000-systemes-de-raccordement\\\/#primaryimage\",\"url\":\"https:\\\/\\\/bewehrungstechnik.ch\\\/wp-content\\\/uploads\\\/2021\\\/07\\\/P1010062-forwa-e1625237733368.jpg\",\"contentUrl\":\"https:\\\/\\\/bewehrungstechnik.ch\\\/wp-content\\\/uploads\\\/2021\\\/07\\\/P1010062-forwa-e1625237733368.jpg\",\"width\":1085,\"height\":810},{\"@type\":\"BreadcrumbList\",\"@id\":\"https:\\\/\\\/bewehrungstechnik.ch\\\/fr\\\/product\\\/forwa-2000-systemes-de-raccordement\\\/#breadcrumb\",\"itemListElement\":[{\"@type\":\"ListItem\",\"position\":1,\"name\":\"Home\",\"item\":\"https:\\\/\\\/bewehrungstechnik.ch\\\/fr\\\/\"},{\"@type\":\"ListItem\",\"position\":2,\"name\":\"Products\",\"item\":\"https:\\\/\\\/bewehrungstechnik.ch\\\/fr\\\/products\\\/\"},{\"@type\":\"ListItem\",\"position\":3,\"name\":\"forwa 2000 syst\u00e8mes de raccordement\"}]},{\"@type\":\"WebSite\",\"@id\":\"https:\\\/\\\/bewehrungstechnik.ch\\\/fr\\\/#website\",\"url\":\"https:\\\/\\\/bewehrungstechnik.ch\\\/fr\\\/\",\"name\":\"Bewehrungstechnik\",\"description\":\"Just another WordPress site\",\"publisher\":{\"@id\":\"https:\\\/\\\/bewehrungstechnik.ch\\\/fr\\\/#organization\"},\"potentialAction\":[{\"@type\":\"SearchAction\",\"target\":{\"@type\":\"EntryPoint\",\"urlTemplate\":\"https:\\\/\\\/bewehrungstechnik.ch\\\/fr\\\/?s={search_term_string}\"},\"query-input\":{\"@type\":\"PropertyValueSpecification\",\"valueRequired\":true,\"valueName\":\"search_term_string\"}}],\"inLanguage\":\"fr-FR\"},{\"@type\":\"Organization\",\"@id\":\"https:\\\/\\\/bewehrungstechnik.ch\\\/fr\\\/#organization\",\"name\":\"Bewehrungstechnik\",\"url\":\"https:\\\/\\\/bewehrungstechnik.ch\\\/fr\\\/\",\"logo\":{\"@type\":\"ImageObject\",\"inLanguage\":\"fr-FR\",\"@id\":\"https:\\\/\\\/bewehrungstechnik.ch\\\/fr\\\/#\\\/schema\\\/logo\\\/image\\\/\",\"url\":\"https:\\\/\\\/bewehrungstechnik.ch\\\/wp-content\\\/uploads\\\/2021\\\/03\\\/logo.svg\",\"contentUrl\":\"https:\\\/\\\/bewehrungstechnik.ch\\\/wp-content\\\/uploads\\\/2021\\\/03\\\/logo.svg\",\"width\":436,\"height\":436,\"caption\":\"Bewehrungstechnik\"},\"image\":{\"@id\":\"https:\\\/\\\/bewehrungstechnik.ch\\\/fr\\\/#\\\/schema\\\/logo\\\/image\\\/\"}}]}<\/script>\n<!-- \/ Yoast SEO plugin. -->","yoast_head_json":{"title":"forwa 2000 syst\u00e8mes de raccordement - Bewehrungstechnik","robots":{"index":"index","follow":"follow","max-snippet":"max-snippet:-1","max-image-preview":"max-image-preview:large","max-video-preview":"max-video-preview:-1"},"canonical":"https:\/\/bewehrungstechnik.ch\/fr\/product\/forwa-2000-systemes-de-raccordement\/","og_locale":"fr_FR","og_type":"article","og_title":"forwa 2000 syst\u00e8mes de raccordement - Bewehrungstechnik","og_url":"https:\/\/bewehrungstechnik.ch\/fr\/product\/forwa-2000-systemes-de-raccordement\/","og_site_name":"Bewehrungstechnik","article_modified_time":"2026-03-31T09:38:21+00:00","og_image":[{"width":1085,"height":810,"url":"https:\/\/bewehrungstechnik.ch\/wp-content\/uploads\/2021\/07\/P1010062-forwa-e1625237733368.jpg","type":"image\/jpeg"}],"twitter_card":"summary_large_image","schema":{"@context":"https:\/\/schema.org","@graph":[{"@type":"WebPage","@id":"https:\/\/bewehrungstechnik.ch\/fr\/product\/forwa-2000-systemes-de-raccordement\/","url":"https:\/\/bewehrungstechnik.ch\/fr\/product\/forwa-2000-systemes-de-raccordement\/","name":"forwa 2000 syst\u00e8mes de raccordement - Bewehrungstechnik","isPartOf":{"@id":"https:\/\/bewehrungstechnik.ch\/fr\/#website"},"primaryImageOfPage":{"@id":"https:\/\/bewehrungstechnik.ch\/fr\/product\/forwa-2000-systemes-de-raccordement\/#primaryimage"},"image":{"@id":"https:\/\/bewehrungstechnik.ch\/fr\/product\/forwa-2000-systemes-de-raccordement\/#primaryimage"},"thumbnailUrl":"https:\/\/bewehrungstechnik.ch\/wp-content\/uploads\/2021\/07\/P1010062-forwa-e1625237733368.jpg","datePublished":"2021-07-05T15:43:49+00:00","dateModified":"2026-03-31T09:38:21+00:00","breadcrumb":{"@id":"https:\/\/bewehrungstechnik.ch\/fr\/product\/forwa-2000-systemes-de-raccordement\/#breadcrumb"},"inLanguage":"fr-FR","potentialAction":[{"@type":"ReadAction","target":["https:\/\/bewehrungstechnik.ch\/fr\/product\/forwa-2000-systemes-de-raccordement\/"]}]},{"@type":"ImageObject","inLanguage":"fr-FR","@id":"https:\/\/bewehrungstechnik.ch\/fr\/product\/forwa-2000-systemes-de-raccordement\/#primaryimage","url":"https:\/\/bewehrungstechnik.ch\/wp-content\/uploads\/2021\/07\/P1010062-forwa-e1625237733368.jpg","contentUrl":"https:\/\/bewehrungstechnik.ch\/wp-content\/uploads\/2021\/07\/P1010062-forwa-e1625237733368.jpg","width":1085,"height":810},{"@type":"BreadcrumbList","@id":"https:\/\/bewehrungstechnik.ch\/fr\/product\/forwa-2000-systemes-de-raccordement\/#breadcrumb","itemListElement":[{"@type":"ListItem","position":1,"name":"Home","item":"https:\/\/bewehrungstechnik.ch\/fr\/"},{"@type":"ListItem","position":2,"name":"Products","item":"https:\/\/bewehrungstechnik.ch\/fr\/products\/"},{"@type":"ListItem","position":3,"name":"forwa 2000 syst\u00e8mes de raccordement"}]},{"@type":"WebSite","@id":"https:\/\/bewehrungstechnik.ch\/fr\/#website","url":"https:\/\/bewehrungstechnik.ch\/fr\/","name":"Bewehrungstechnik","description":"Just another WordPress site","publisher":{"@id":"https:\/\/bewehrungstechnik.ch\/fr\/#organization"},"potentialAction":[{"@type":"SearchAction","target":{"@type":"EntryPoint","urlTemplate":"https:\/\/bewehrungstechnik.ch\/fr\/?s={search_term_string}"},"query-input":{"@type":"PropertyValueSpecification","valueRequired":true,"valueName":"search_term_string"}}],"inLanguage":"fr-FR"},{"@type":"Organization","@id":"https:\/\/bewehrungstechnik.ch\/fr\/#organization","name":"Bewehrungstechnik","url":"https:\/\/bewehrungstechnik.ch\/fr\/","logo":{"@type":"ImageObject","inLanguage":"fr-FR","@id":"https:\/\/bewehrungstechnik.ch\/fr\/#\/schema\/logo\/image\/","url":"https:\/\/bewehrungstechnik.ch\/wp-content\/uploads\/2021\/03\/logo.svg","contentUrl":"https:\/\/bewehrungstechnik.ch\/wp-content\/uploads\/2021\/03\/logo.svg","width":436,"height":436,"caption":"Bewehrungstechnik"},"image":{"@id":"https:\/\/bewehrungstechnik.ch\/fr\/#\/schema\/logo\/image\/"}}]}},"deac_custom_fields":{"product":{"brand":"","name":""},"highlight_box":{"title":"Augmenter la productivit\u00e9 lors de la pose!","subtitle":"Polyvalents et utilisables \u00e0 court terme","text":"<ul>\n<li>Large assortiment<\/li>\n<li>D\u00e9lais de livraison courts<\/li>\n<\/ul>\n","media_type":"image","image":{"medium":"<img width=\"300\" height=\"224\" src=\"https:\/\/bewehrungstechnik.ch\/wp-content\/uploads\/2021\/07\/P1010062-forwa-e1625237733368-300x224.jpg\" class=\"%s\" alt=\"\" decoding=\"async\" loading=\"lazy\" srcset=\"https:\/\/bewehrungstechnik.ch\/wp-content\/uploads\/2021\/07\/P1010062-forwa-e1625237733368-300x224.jpg 300w, https:\/\/bewehrungstechnik.ch\/wp-content\/uploads\/2021\/07\/P1010062-forwa-e1625237733368-1024x764.jpg 1024w, https:\/\/bewehrungstechnik.ch\/wp-content\/uploads\/2021\/07\/P1010062-forwa-e1625237733368-768x573.jpg 768w, https:\/\/bewehrungstechnik.ch\/wp-content\/uploads\/2021\/07\/P1010062-forwa-e1625237733368-436x325.jpg 436w, https:\/\/bewehrungstechnik.ch\/wp-content\/uploads\/2021\/07\/P1010062-forwa-e1625237733368-550x411.jpg 550w, https:\/\/bewehrungstechnik.ch\/wp-content\/uploads\/2021\/07\/P1010062-forwa-e1625237733368.jpg 1085w\" sizes=\"auto, (max-width: 300px) 100vw, 300px\" \/>","medium_large":"<img width=\"768\" height=\"573\" src=\"https:\/\/bewehrungstechnik.ch\/wp-content\/uploads\/2021\/07\/P1010062-forwa-e1625237733368-768x573.jpg\" class=\"%s\" alt=\"\" decoding=\"async\" loading=\"lazy\" srcset=\"https:\/\/bewehrungstechnik.ch\/wp-content\/uploads\/2021\/07\/P1010062-forwa-e1625237733368-768x573.jpg 768w, https:\/\/bewehrungstechnik.ch\/wp-content\/uploads\/2021\/07\/P1010062-forwa-e1625237733368-300x224.jpg 300w, https:\/\/bewehrungstechnik.ch\/wp-content\/uploads\/2021\/07\/P1010062-forwa-e1625237733368-1024x764.jpg 1024w, https:\/\/bewehrungstechnik.ch\/wp-content\/uploads\/2021\/07\/P1010062-forwa-e1625237733368-436x325.jpg 436w, https:\/\/bewehrungstechnik.ch\/wp-content\/uploads\/2021\/07\/P1010062-forwa-e1625237733368-550x411.jpg 550w, https:\/\/bewehrungstechnik.ch\/wp-content\/uploads\/2021\/07\/P1010062-forwa-e1625237733368.jpg 1085w\" sizes=\"auto, (max-width: 768px) 100vw, 768px\" \/>","large":"<img width=\"1024\" height=\"764\" src=\"https:\/\/bewehrungstechnik.ch\/wp-content\/uploads\/2021\/07\/P1010062-forwa-e1625237733368-1024x764.jpg\" class=\"%s\" alt=\"\" decoding=\"async\" loading=\"lazy\" srcset=\"https:\/\/bewehrungstechnik.ch\/wp-content\/uploads\/2021\/07\/P1010062-forwa-e1625237733368-1024x764.jpg 1024w, https:\/\/bewehrungstechnik.ch\/wp-content\/uploads\/2021\/07\/P1010062-forwa-e1625237733368-300x224.jpg 300w, https:\/\/bewehrungstechnik.ch\/wp-content\/uploads\/2021\/07\/P1010062-forwa-e1625237733368-768x573.jpg 768w, https:\/\/bewehrungstechnik.ch\/wp-content\/uploads\/2021\/07\/P1010062-forwa-e1625237733368-436x325.jpg 436w, https:\/\/bewehrungstechnik.ch\/wp-content\/uploads\/2021\/07\/P1010062-forwa-e1625237733368-550x411.jpg 550w, https:\/\/bewehrungstechnik.ch\/wp-content\/uploads\/2021\/07\/P1010062-forwa-e1625237733368.jpg 1085w\" sizes=\"auto, (max-width: 1024px) 100vw, 1024px\" \/>","full":"<img width=\"1085\" height=\"810\" src=\"https:\/\/bewehrungstechnik.ch\/wp-content\/uploads\/2021\/07\/P1010062-forwa-e1625237733368.jpg\" class=\"%s\" alt=\"\" decoding=\"async\" loading=\"lazy\" srcset=\"https:\/\/bewehrungstechnik.ch\/wp-content\/uploads\/2021\/07\/P1010062-forwa-e1625237733368.jpg 1085w, https:\/\/bewehrungstechnik.ch\/wp-content\/uploads\/2021\/07\/P1010062-forwa-e1625237733368-300x224.jpg 300w, https:\/\/bewehrungstechnik.ch\/wp-content\/uploads\/2021\/07\/P1010062-forwa-e1625237733368-1024x764.jpg 1024w, https:\/\/bewehrungstechnik.ch\/wp-content\/uploads\/2021\/07\/P1010062-forwa-e1625237733368-768x573.jpg 768w, https:\/\/bewehrungstechnik.ch\/wp-content\/uploads\/2021\/07\/P1010062-forwa-e1625237733368-436x325.jpg 436w, https:\/\/bewehrungstechnik.ch\/wp-content\/uploads\/2021\/07\/P1010062-forwa-e1625237733368-550x411.jpg 550w\" sizes=\"auto, (max-width: 1085px) 100vw, 1085px\" \/>"},"video_list":false},"downloads":[3987,3977,3976,6128],"description":[{"title":"Large assortiment","text":"<p>Les syst\u00e8mes de raccordement forwa 2000 sont la bonne solution pour des semelles filantes ou des radiers, des armatures de bord de dalles ou angles de murs.<\/p>\n"},{"title":"Haut gain de temps","text":"<p>Les syst\u00e8mes de raccordement forwa 2000 s\u2019utilisent rapidement et facilement. Gr\u00e2ce \u00e0 l\u2019\u00e9conomie de temps vous augmenter la productivit\u00e9 lors de la pose et ce avec une qualit\u00e9 \u00e9quivalente.<\/p>\n"}]},"deac_featured_media":{"medium":"<img width=\"300\" height=\"224\" src=\"https:\/\/bewehrungstechnik.ch\/wp-content\/uploads\/2021\/07\/P1010062-forwa-e1625237733368-300x224.jpg\" class=\"%s\" alt=\"\" decoding=\"async\" loading=\"lazy\" srcset=\"https:\/\/bewehrungstechnik.ch\/wp-content\/uploads\/2021\/07\/P1010062-forwa-e1625237733368-300x224.jpg 300w, https:\/\/bewehrungstechnik.ch\/wp-content\/uploads\/2021\/07\/P1010062-forwa-e1625237733368-1024x764.jpg 1024w, https:\/\/bewehrungstechnik.ch\/wp-content\/uploads\/2021\/07\/P1010062-forwa-e1625237733368-768x573.jpg 768w, https:\/\/bewehrungstechnik.ch\/wp-content\/uploads\/2021\/07\/P1010062-forwa-e1625237733368-436x325.jpg 436w, https:\/\/bewehrungstechnik.ch\/wp-content\/uploads\/2021\/07\/P1010062-forwa-e1625237733368-550x411.jpg 550w, https:\/\/bewehrungstechnik.ch\/wp-content\/uploads\/2021\/07\/P1010062-forwa-e1625237733368.jpg 1085w\" sizes=\"auto, (max-width: 300px) 100vw, 300px\" \/>","medium_large":"<img width=\"768\" height=\"573\" src=\"https:\/\/bewehrungstechnik.ch\/wp-content\/uploads\/2021\/07\/P1010062-forwa-e1625237733368-768x573.jpg\" class=\"%s\" alt=\"\" decoding=\"async\" loading=\"lazy\" srcset=\"https:\/\/bewehrungstechnik.ch\/wp-content\/uploads\/2021\/07\/P1010062-forwa-e1625237733368-768x573.jpg 768w, https:\/\/bewehrungstechnik.ch\/wp-content\/uploads\/2021\/07\/P1010062-forwa-e1625237733368-300x224.jpg 300w, https:\/\/bewehrungstechnik.ch\/wp-content\/uploads\/2021\/07\/P1010062-forwa-e1625237733368-1024x764.jpg 1024w, https:\/\/bewehrungstechnik.ch\/wp-content\/uploads\/2021\/07\/P1010062-forwa-e1625237733368-436x325.jpg 436w, https:\/\/bewehrungstechnik.ch\/wp-content\/uploads\/2021\/07\/P1010062-forwa-e1625237733368-550x411.jpg 550w, https:\/\/bewehrungstechnik.ch\/wp-content\/uploads\/2021\/07\/P1010062-forwa-e1625237733368.jpg 1085w\" sizes=\"auto, (max-width: 768px) 100vw, 768px\" \/>","large":"<img width=\"1024\" height=\"764\" src=\"https:\/\/bewehrungstechnik.ch\/wp-content\/uploads\/2021\/07\/P1010062-forwa-e1625237733368-1024x764.jpg\" class=\"%s\" alt=\"\" decoding=\"async\" loading=\"lazy\" srcset=\"https:\/\/bewehrungstechnik.ch\/wp-content\/uploads\/2021\/07\/P1010062-forwa-e1625237733368-1024x764.jpg 1024w, https:\/\/bewehrungstechnik.ch\/wp-content\/uploads\/2021\/07\/P1010062-forwa-e1625237733368-300x224.jpg 300w, https:\/\/bewehrungstechnik.ch\/wp-content\/uploads\/2021\/07\/P1010062-forwa-e1625237733368-768x573.jpg 768w, https:\/\/bewehrungstechnik.ch\/wp-content\/uploads\/2021\/07\/P1010062-forwa-e1625237733368-436x325.jpg 436w, https:\/\/bewehrungstechnik.ch\/wp-content\/uploads\/2021\/07\/P1010062-forwa-e1625237733368-550x411.jpg 550w, https:\/\/bewehrungstechnik.ch\/wp-content\/uploads\/2021\/07\/P1010062-forwa-e1625237733368.jpg 1085w\" sizes=\"auto, (max-width: 1024px) 100vw, 1024px\" \/>","full":"<img width=\"1085\" height=\"810\" src=\"https:\/\/bewehrungstechnik.ch\/wp-content\/uploads\/2021\/07\/P1010062-forwa-e1625237733368.jpg\" class=\"%s\" alt=\"\" decoding=\"async\" loading=\"lazy\" srcset=\"https:\/\/bewehrungstechnik.ch\/wp-content\/uploads\/2021\/07\/P1010062-forwa-e1625237733368.jpg 1085w, https:\/\/bewehrungstechnik.ch\/wp-content\/uploads\/2021\/07\/P1010062-forwa-e1625237733368-300x224.jpg 300w, https:\/\/bewehrungstechnik.ch\/wp-content\/uploads\/2021\/07\/P1010062-forwa-e1625237733368-1024x764.jpg 1024w, https:\/\/bewehrungstechnik.ch\/wp-content\/uploads\/2021\/07\/P1010062-forwa-e1625237733368-768x573.jpg 768w, https:\/\/bewehrungstechnik.ch\/wp-content\/uploads\/2021\/07\/P1010062-forwa-e1625237733368-436x325.jpg 436w, https:\/\/bewehrungstechnik.ch\/wp-content\/uploads\/2021\/07\/P1010062-forwa-e1625237733368-550x411.jpg 550w\" sizes=\"auto, (max-width: 1085px) 100vw, 1085px\" \/>"},"_links":{"self":[{"href":"https:\/\/bewehrungstechnik.ch\/fr\/wp-json\/wp\/v2\/product\/3969","targetHints":{"allow":["GET"]}}],"collection":[{"href":"https:\/\/bewehrungstechnik.ch\/fr\/wp-json\/wp\/v2\/product"}],"about":[{"href":"https:\/\/bewehrungstechnik.ch\/fr\/wp-json\/wp\/v2\/types\/product"}],"wp:featuredmedia":[{"embeddable":true,"href":"https:\/\/bewehrungstechnik.ch\/fr\/wp-json\/wp\/v2\/media\/4087"}],"wp:attachment":[{"href":"https:\/\/bewehrungstechnik.ch\/fr\/wp-json\/wp\/v2\/media?parent=3969"}],"wp:term":[{"taxonomy":"product_category","embeddable":true,"href":"https:\/\/bewehrungstechnik.ch\/fr\/wp-json\/wp\/v2\/product_category?post=3969"}],"curies":[{"name":"wp","href":"https:\/\/api.w.org\/{rel}","templated":true}]}}