{"id":8063,"date":"2023-11-22T10:53:29","date_gmt":"2023-11-22T10:53:29","guid":{"rendered":"https:\/\/bewehrungstechnik.ch\/?post_type=product&#038;p=8063"},"modified":"2023-12-04T16:07:05","modified_gmt":"2023-12-04T16:07:05","slug":"nexigen-armatures-a-emissions-de-co%e2%82%82-reduites-et-solutions-de-technique-darmature","status":"publish","type":"product","link":"https:\/\/bewehrungstechnik.ch\/fr\/product\/nexigen-armatures-a-emissions-de-co%e2%82%82-reduites-et-solutions-de-technique-darmature\/","title":{"rendered":"Nexigen\u00ae B500B"},"featured_media":8124,"menu_order":95,"template":"","product_category":[79],"class_list":["post-8063","product","type-product","status-publish","has-post-thumbnail","","product_category-nexigen-fr"],"acf":[],"yoast_head":"<!-- This site is optimized with the Yoast SEO plugin v27.3 - https:\/\/yoast.com\/product\/yoast-seo-wordpress\/ -->\n<title>Nexigen\u00ae B500B - Bewehrungstechnik<\/title>\n<meta name=\"description\" content=\"Nexigen\u00ae - notre nouvelle marque de b\u00e9ton arm\u00e9 \u00e0 faible teneur en CO2. Sous la marque Nexigen\u00ae, nous proposons des solutions transparentes, r\u00e9duisant les \u00e9missions de CO2, pour les mat\u00e9riaux, les services et la logistique, afin d&#039;aider nos clients \u00e0 \u00e9tablir des cha\u00eenes d&#039;approvisionnement durables. Avec Nexigen\u00ae, nous soutenons nos partenaires pour acc\u00e9l\u00e9rer leur transition \u00e9cologique et rendre visibles leurs avanc\u00e9es en mati\u00e8re de durabilit\u00e9.\" \/>\n<meta name=\"robots\" content=\"index, follow, max-snippet:-1, max-image-preview:large, max-video-preview:-1\" \/>\n<link rel=\"canonical\" href=\"https:\/\/bewehrungstechnik.ch\/fr\/product\/nexigen-armatures-a-emissions-de-co%e2%82%82-reduites-et-solutions-de-technique-darmature\/\" \/>\n<meta property=\"og:locale\" content=\"fr_FR\" \/>\n<meta property=\"og:type\" content=\"article\" \/>\n<meta property=\"og:title\" content=\"Nexigen\u00ae B500B - Bewehrungstechnik\" \/>\n<meta property=\"og:description\" content=\"Nexigen\u00ae - notre nouvelle marque de b\u00e9ton arm\u00e9 \u00e0 faible teneur en CO2. Sous la marque Nexigen\u00ae, nous proposons des solutions transparentes, r\u00e9duisant les \u00e9missions de CO2, pour les mat\u00e9riaux, les services et la logistique, afin d&#039;aider nos clients \u00e0 \u00e9tablir des cha\u00eenes d&#039;approvisionnement durables. Avec Nexigen\u00ae, nous soutenons nos partenaires pour acc\u00e9l\u00e9rer leur transition \u00e9cologique et rendre visibles leurs avanc\u00e9es en mati\u00e8re de durabilit\u00e9.\" \/>\n<meta property=\"og:url\" content=\"https:\/\/bewehrungstechnik.ch\/fr\/product\/nexigen-armatures-a-emissions-de-co%e2%82%82-reduites-et-solutions-de-technique-darmature\/\" \/>\n<meta property=\"og:site_name\" content=\"Bewehrungstechnik\" \/>\n<meta property=\"article:modified_time\" content=\"2023-12-04T16:07:05+00:00\" \/>\n<meta property=\"og:image\" content=\"https:\/\/bewehrungstechnik.ch\/wp-content\/uploads\/NEXIGEN_B500B_Coil.png\" \/>\n\t<meta property=\"og:image:width\" content=\"1870\" \/>\n\t<meta property=\"og:image:height\" content=\"713\" \/>\n\t<meta property=\"og:image:type\" content=\"image\/png\" \/>\n<meta name=\"twitter:card\" content=\"summary_large_image\" \/>\n<script type=\"application\/ld+json\" class=\"yoast-schema-graph\">{\"@context\":\"https:\\\/\\\/schema.org\",\"@graph\":[{\"@type\":\"WebPage\",\"@id\":\"https:\\\/\\\/bewehrungstechnik.ch\\\/fr\\\/product\\\/nexigen-armatures-a-emissions-de-co%e2%82%82-reduites-et-solutions-de-technique-darmature\\\/\",\"url\":\"https:\\\/\\\/bewehrungstechnik.ch\\\/fr\\\/product\\\/nexigen-armatures-a-emissions-de-co%e2%82%82-reduites-et-solutions-de-technique-darmature\\\/\",\"name\":\"Nexigen\u00ae B500B - Bewehrungstechnik\",\"isPartOf\":{\"@id\":\"https:\\\/\\\/bewehrungstechnik.ch\\\/fr\\\/#website\"},\"primaryImageOfPage\":{\"@id\":\"https:\\\/\\\/bewehrungstechnik.ch\\\/fr\\\/product\\\/nexigen-armatures-a-emissions-de-co%e2%82%82-reduites-et-solutions-de-technique-darmature\\\/#primaryimage\"},\"image\":{\"@id\":\"https:\\\/\\\/bewehrungstechnik.ch\\\/fr\\\/product\\\/nexigen-armatures-a-emissions-de-co%e2%82%82-reduites-et-solutions-de-technique-darmature\\\/#primaryimage\"},\"thumbnailUrl\":\"https:\\\/\\\/bewehrungstechnik.ch\\\/wp-content\\\/uploads\\\/NEXIGEN_B500B_Coil.png\",\"datePublished\":\"2023-11-22T10:53:29+00:00\",\"dateModified\":\"2023-12-04T16:07:05+00:00\",\"description\":\"Nexigen\u00ae - notre nouvelle marque de b\u00e9ton arm\u00e9 \u00e0 faible teneur en CO2. Sous la marque Nexigen\u00ae, nous proposons des solutions transparentes, r\u00e9duisant les \u00e9missions de CO2, pour les mat\u00e9riaux, les services et la logistique, afin d'aider nos clients \u00e0 \u00e9tablir des cha\u00eenes d'approvisionnement durables. Avec Nexigen\u00ae, nous soutenons nos partenaires pour acc\u00e9l\u00e9rer leur transition \u00e9cologique et rendre visibles leurs avanc\u00e9es en mati\u00e8re de durabilit\u00e9.\",\"breadcrumb\":{\"@id\":\"https:\\\/\\\/bewehrungstechnik.ch\\\/fr\\\/product\\\/nexigen-armatures-a-emissions-de-co%e2%82%82-reduites-et-solutions-de-technique-darmature\\\/#breadcrumb\"},\"inLanguage\":\"fr-FR\",\"potentialAction\":[{\"@type\":\"ReadAction\",\"target\":[\"https:\\\/\\\/bewehrungstechnik.ch\\\/fr\\\/product\\\/nexigen-armatures-a-emissions-de-co%e2%82%82-reduites-et-solutions-de-technique-darmature\\\/\"]}]},{\"@type\":\"ImageObject\",\"inLanguage\":\"fr-FR\",\"@id\":\"https:\\\/\\\/bewehrungstechnik.ch\\\/fr\\\/product\\\/nexigen-armatures-a-emissions-de-co%e2%82%82-reduites-et-solutions-de-technique-darmature\\\/#primaryimage\",\"url\":\"https:\\\/\\\/bewehrungstechnik.ch\\\/wp-content\\\/uploads\\\/NEXIGEN_B500B_Coil.png\",\"contentUrl\":\"https:\\\/\\\/bewehrungstechnik.ch\\\/wp-content\\\/uploads\\\/NEXIGEN_B500B_Coil.png\",\"width\":1870,\"height\":713},{\"@type\":\"BreadcrumbList\",\"@id\":\"https:\\\/\\\/bewehrungstechnik.ch\\\/fr\\\/product\\\/nexigen-armatures-a-emissions-de-co%e2%82%82-reduites-et-solutions-de-technique-darmature\\\/#breadcrumb\",\"itemListElement\":[{\"@type\":\"ListItem\",\"position\":1,\"name\":\"Home\",\"item\":\"https:\\\/\\\/bewehrungstechnik.ch\\\/fr\\\/\"},{\"@type\":\"ListItem\",\"position\":2,\"name\":\"Products\",\"item\":\"https:\\\/\\\/bewehrungstechnik.ch\\\/fr\\\/products\\\/\"},{\"@type\":\"ListItem\",\"position\":3,\"name\":\"Nexigen\u00ae B500B\"}]},{\"@type\":\"WebSite\",\"@id\":\"https:\\\/\\\/bewehrungstechnik.ch\\\/fr\\\/#website\",\"url\":\"https:\\\/\\\/bewehrungstechnik.ch\\\/fr\\\/\",\"name\":\"Bewehrungstechnik\",\"description\":\"Just another WordPress site\",\"publisher\":{\"@id\":\"https:\\\/\\\/bewehrungstechnik.ch\\\/fr\\\/#organization\"},\"potentialAction\":[{\"@type\":\"SearchAction\",\"target\":{\"@type\":\"EntryPoint\",\"urlTemplate\":\"https:\\\/\\\/bewehrungstechnik.ch\\\/fr\\\/?s={search_term_string}\"},\"query-input\":{\"@type\":\"PropertyValueSpecification\",\"valueRequired\":true,\"valueName\":\"search_term_string\"}}],\"inLanguage\":\"fr-FR\"},{\"@type\":\"Organization\",\"@id\":\"https:\\\/\\\/bewehrungstechnik.ch\\\/fr\\\/#organization\",\"name\":\"Bewehrungstechnik\",\"url\":\"https:\\\/\\\/bewehrungstechnik.ch\\\/fr\\\/\",\"logo\":{\"@type\":\"ImageObject\",\"inLanguage\":\"fr-FR\",\"@id\":\"https:\\\/\\\/bewehrungstechnik.ch\\\/fr\\\/#\\\/schema\\\/logo\\\/image\\\/\",\"url\":\"https:\\\/\\\/bewehrungstechnik.ch\\\/wp-content\\\/uploads\\\/2021\\\/03\\\/logo.svg\",\"contentUrl\":\"https:\\\/\\\/bewehrungstechnik.ch\\\/wp-content\\\/uploads\\\/2021\\\/03\\\/logo.svg\",\"width\":436,\"height\":436,\"caption\":\"Bewehrungstechnik\"},\"image\":{\"@id\":\"https:\\\/\\\/bewehrungstechnik.ch\\\/fr\\\/#\\\/schema\\\/logo\\\/image\\\/\"}}]}<\/script>\n<!-- \/ Yoast SEO plugin. -->","yoast_head_json":{"title":"Nexigen\u00ae B500B - Bewehrungstechnik","description":"Nexigen\u00ae - notre nouvelle marque de b\u00e9ton arm\u00e9 \u00e0 faible teneur en CO2. Sous la marque Nexigen\u00ae, nous proposons des solutions transparentes, r\u00e9duisant les \u00e9missions de CO2, pour les mat\u00e9riaux, les services et la logistique, afin d'aider nos clients \u00e0 \u00e9tablir des cha\u00eenes d'approvisionnement durables. Avec Nexigen\u00ae, nous soutenons nos partenaires pour acc\u00e9l\u00e9rer leur transition \u00e9cologique et rendre visibles leurs avanc\u00e9es en mati\u00e8re de durabilit\u00e9.","robots":{"index":"index","follow":"follow","max-snippet":"max-snippet:-1","max-image-preview":"max-image-preview:large","max-video-preview":"max-video-preview:-1"},"canonical":"https:\/\/bewehrungstechnik.ch\/fr\/product\/nexigen-armatures-a-emissions-de-co%e2%82%82-reduites-et-solutions-de-technique-darmature\/","og_locale":"fr_FR","og_type":"article","og_title":"Nexigen\u00ae B500B - Bewehrungstechnik","og_description":"Nexigen\u00ae - notre nouvelle marque de b\u00e9ton arm\u00e9 \u00e0 faible teneur en CO2. Sous la marque Nexigen\u00ae, nous proposons des solutions transparentes, r\u00e9duisant les \u00e9missions de CO2, pour les mat\u00e9riaux, les services et la logistique, afin d'aider nos clients \u00e0 \u00e9tablir des cha\u00eenes d'approvisionnement durables. Avec Nexigen\u00ae, nous soutenons nos partenaires pour acc\u00e9l\u00e9rer leur transition \u00e9cologique et rendre visibles leurs avanc\u00e9es en mati\u00e8re de durabilit\u00e9.","og_url":"https:\/\/bewehrungstechnik.ch\/fr\/product\/nexigen-armatures-a-emissions-de-co%e2%82%82-reduites-et-solutions-de-technique-darmature\/","og_site_name":"Bewehrungstechnik","article_modified_time":"2023-12-04T16:07:05+00:00","og_image":[{"width":1870,"height":713,"url":"https:\/\/bewehrungstechnik.ch\/wp-content\/uploads\/NEXIGEN_B500B_Coil.png","type":"image\/png"}],"twitter_card":"summary_large_image","schema":{"@context":"https:\/\/schema.org","@graph":[{"@type":"WebPage","@id":"https:\/\/bewehrungstechnik.ch\/fr\/product\/nexigen-armatures-a-emissions-de-co%e2%82%82-reduites-et-solutions-de-technique-darmature\/","url":"https:\/\/bewehrungstechnik.ch\/fr\/product\/nexigen-armatures-a-emissions-de-co%e2%82%82-reduites-et-solutions-de-technique-darmature\/","name":"Nexigen\u00ae B500B - Bewehrungstechnik","isPartOf":{"@id":"https:\/\/bewehrungstechnik.ch\/fr\/#website"},"primaryImageOfPage":{"@id":"https:\/\/bewehrungstechnik.ch\/fr\/product\/nexigen-armatures-a-emissions-de-co%e2%82%82-reduites-et-solutions-de-technique-darmature\/#primaryimage"},"image":{"@id":"https:\/\/bewehrungstechnik.ch\/fr\/product\/nexigen-armatures-a-emissions-de-co%e2%82%82-reduites-et-solutions-de-technique-darmature\/#primaryimage"},"thumbnailUrl":"https:\/\/bewehrungstechnik.ch\/wp-content\/uploads\/NEXIGEN_B500B_Coil.png","datePublished":"2023-11-22T10:53:29+00:00","dateModified":"2023-12-04T16:07:05+00:00","description":"Nexigen\u00ae - notre nouvelle marque de b\u00e9ton arm\u00e9 \u00e0 faible teneur en CO2. Sous la marque Nexigen\u00ae, nous proposons des solutions transparentes, r\u00e9duisant les \u00e9missions de CO2, pour les mat\u00e9riaux, les services et la logistique, afin d'aider nos clients \u00e0 \u00e9tablir des cha\u00eenes d'approvisionnement durables. Avec Nexigen\u00ae, nous soutenons nos partenaires pour acc\u00e9l\u00e9rer leur transition \u00e9cologique et rendre visibles leurs avanc\u00e9es en mati\u00e8re de durabilit\u00e9.","breadcrumb":{"@id":"https:\/\/bewehrungstechnik.ch\/fr\/product\/nexigen-armatures-a-emissions-de-co%e2%82%82-reduites-et-solutions-de-technique-darmature\/#breadcrumb"},"inLanguage":"fr-FR","potentialAction":[{"@type":"ReadAction","target":["https:\/\/bewehrungstechnik.ch\/fr\/product\/nexigen-armatures-a-emissions-de-co%e2%82%82-reduites-et-solutions-de-technique-darmature\/"]}]},{"@type":"ImageObject","inLanguage":"fr-FR","@id":"https:\/\/bewehrungstechnik.ch\/fr\/product\/nexigen-armatures-a-emissions-de-co%e2%82%82-reduites-et-solutions-de-technique-darmature\/#primaryimage","url":"https:\/\/bewehrungstechnik.ch\/wp-content\/uploads\/NEXIGEN_B500B_Coil.png","contentUrl":"https:\/\/bewehrungstechnik.ch\/wp-content\/uploads\/NEXIGEN_B500B_Coil.png","width":1870,"height":713},{"@type":"BreadcrumbList","@id":"https:\/\/bewehrungstechnik.ch\/fr\/product\/nexigen-armatures-a-emissions-de-co%e2%82%82-reduites-et-solutions-de-technique-darmature\/#breadcrumb","itemListElement":[{"@type":"ListItem","position":1,"name":"Home","item":"https:\/\/bewehrungstechnik.ch\/fr\/"},{"@type":"ListItem","position":2,"name":"Products","item":"https:\/\/bewehrungstechnik.ch\/fr\/products\/"},{"@type":"ListItem","position":3,"name":"Nexigen\u00ae B500B"}]},{"@type":"WebSite","@id":"https:\/\/bewehrungstechnik.ch\/fr\/#website","url":"https:\/\/bewehrungstechnik.ch\/fr\/","name":"Bewehrungstechnik","description":"Just another WordPress site","publisher":{"@id":"https:\/\/bewehrungstechnik.ch\/fr\/#organization"},"potentialAction":[{"@type":"SearchAction","target":{"@type":"EntryPoint","urlTemplate":"https:\/\/bewehrungstechnik.ch\/fr\/?s={search_term_string}"},"query-input":{"@type":"PropertyValueSpecification","valueRequired":true,"valueName":"search_term_string"}}],"inLanguage":"fr-FR"},{"@type":"Organization","@id":"https:\/\/bewehrungstechnik.ch\/fr\/#organization","name":"Bewehrungstechnik","url":"https:\/\/bewehrungstechnik.ch\/fr\/","logo":{"@type":"ImageObject","inLanguage":"fr-FR","@id":"https:\/\/bewehrungstechnik.ch\/fr\/#\/schema\/logo\/image\/","url":"https:\/\/bewehrungstechnik.ch\/wp-content\/uploads\/2021\/03\/logo.svg","contentUrl":"https:\/\/bewehrungstechnik.ch\/wp-content\/uploads\/2021\/03\/logo.svg","width":436,"height":436,"caption":"Bewehrungstechnik"},"image":{"@id":"https:\/\/bewehrungstechnik.ch\/fr\/#\/schema\/logo\/image\/"}}]}},"deac_custom_fields":{"product":{"brand":"Nexigen\u00ae","name":"B500B"},"highlight_box":{"title":"Armatures \u00e0 \u00e9missions de CO\u2082 r\u00e9duites et solutions de technique d\u2019armature","subtitle":"La nouvelle g\u00e9n\u00e9ration","text":"<ul>\n<li>Faibles valeurs d&rsquo;\u00e9missions de CO<sub>2<\/sub> de 348 kg\/t<\/li>\n<li>Taux de ferraille de 100 % avec une forte r\u00e9gionalit\u00e9<\/li>\n<li>\u00c9nergie hydraulique 100 % renouvelable<\/li>\n<li>Meilleure \u00e9valuation pour la certification LEED<\/li>\n<\/ul>\n<p>&nbsp;<\/p>\n","media_type":"video","image":false,"video_list":[{"video_poster":8133,"youtube_link":"https:\/\/www.youtube.com\/watch?v=R14LFRcoKRc","_video_poster_meta":["https:\/\/bewehrungstechnik.ch\/wp-content\/uploads\/NEXIGEN_B500B_Coil-edited.png",1140,713,false]},{"video_poster":8208,"youtube_link":"https:\/\/www.youtube.com\/watch?v=W3yiTwDKwC8","_video_poster_meta":["https:\/\/bewehrungstechnik.ch\/wp-content\/uploads\/Nexigen_Kategorisierung_FR.png",940,720,false]}]},"description":[{"title":"Qu'est-ce que Nexigen\u00ae ?","text":"<p>Sous la marque Nexigen<sup>\u00ae<\/sup>, nous proposons des aciers d&rsquo;armature et des solutions de techniques d&rsquo;armature \u00e0 faible teneur en CO<sub>2<\/sub> d&rsquo;une mani\u00e8re transparente. Ils rendent vos cha\u00eenes d&rsquo;approvisionnement plus durables. En outre, avec Nexigen\u00ae, nous vous aidons \u00e0 acc\u00e9l\u00e9rer la transition verte et \u00e0 rendre vos progr\u00e8s en mati\u00e8re de durabilit\u00e9 visibles.<\/p>\n<p><strong>Nexigen<sup>\u00ae<\/sup> B500B<br \/>\n<\/strong>Nexigen<sup>\u00ae<\/sup> B500B est enti\u00e8rement produit avec de l&rsquo;\u00e9nergie hydraulique. De plus, l&rsquo;acier produit de mani\u00e8re durable a un taux de ferraille de 100 %. \u00c0 son tour, la ferraille t\u00e9moigne d&rsquo;une forte r\u00e9gionalit\u00e9. Dans notre gamme d&rsquo;acier \u00e0 b\u00e9ton, Nexigen<sup>\u00ae<\/sup> B500B affiche la valeur de CO<sub>2<\/sub> la plus basse avec 348 kg par tonne d&rsquo;acier \u00e0 b\u00e9ton. Il convient donc non seulement \u00e0 l&rsquo;am\u00e9lioration du bilan CO<sub>2<\/sub> de votre structure en b\u00e9ton arm\u00e9, mais est \u00e9galement requis pour obtenir un statut LEED de qualit\u00e9 sup\u00e9rieure. Nexigen<sup>\u00ae<\/sup> B500B est \u00e9galement disponible en combinaison avec BARTEC<sup>\u00ae<\/sup>, ACITOP<sup>\u00ae<\/sup>, PYRATOP<sup>\u00ae<\/sup>, PYRABAR<sup>\u00ae<\/sup> et MAGEX<sup>\u00ae<\/sup>.<\/p>\n<p><strong>Les points forts de Nexigen<sup>\u00ae<\/sup> B500B<\/strong><\/p>\n<ul>\n<li>\u00c9nergie renouvelable \u00e0 100 % : Nexigen<sup>\u00ae<\/sup> B500B est enti\u00e8rement produit avec de l&rsquo;\u00e9nergie durable issue de l&rsquo;hydro\u00e9lectricit\u00e9.<\/li>\n<li>Ferraille \u00e0 100 % : Nexigen<sup>\u00ae<\/sup> B500B est fabriqu\u00e9 avec un taux de ferraille de 100 % dans un four \u00e0 arc \u00e9lectrique.<\/li>\n<li>R\u00e9duction de CO<sub>2<\/sub> : Nexigen<sup>\u00ae<\/sup> B500B offre l&#8217;empreinte carbone la plus faible dans le domaine de l&rsquo;acier \u00e0 b\u00e9ton.<\/li>\n<li>LEED : Nexigen<sup>\u00ae<\/sup> B500B r\u00e9pond aux exigences pour une \u00e9valuation maximale lors d&rsquo;une certification LEED dans le domaine de l&rsquo;acier \u00e0 b\u00e9ton.<\/li>\n<\/ul>\n<p>Ainsi, notre Nexigen<sup>\u00ae<\/sup> B500B est l&rsquo;acier d&rsquo;armature le plus durable sur le march\u00e9 et r\u00e9pond aux exigences pour obtenir la meilleure \u00e9valuation lors d&rsquo;une certification LEED dans le domaine de l&rsquo;acier \u00e0 b\u00e9ton. \u00ab\u00a0LEED\u00a0\u00bb signifie \u00ab\u00a0Leadership in Energy and Environmental Design\u00a0\u00bb. La certification am\u00e9ricaine d\u00e9finit des normes pour les b\u00e2timents durables et les classe selon un syst\u00e8me de points avec des statuts \u00ab\u00a0Platine\u00a0\u00bb, \u00ab\u00a0Or\u00a0\u00bb, \u00ab\u00a0Argent\u00a0\u00bb et \u00ab\u00a0Certifi\u00e9\u00a0\u00bb. Parmi les crit\u00e8res \u00e9valu\u00e9s figurent la gestion des d\u00e9chets de chantier (recyclage), l&rsquo;efficacit\u00e9 de l&rsquo;eau et de l&rsquo;\u00e9nergie, la surveillance des donn\u00e9es de consommation d&rsquo;\u00e9nergie et d&rsquo;eau, la qualit\u00e9 de l&rsquo;air int\u00e9rieur et ext\u00e9rieur, les mesures environnementales sur les chantiers ainsi que le calcul des \u00e9missions annuelles de gaz \u00e0 effet de serre (\u00e9quivalents CO<sub>2<\/sub>). De plus, le mat\u00e9riau de construction doit r\u00e9pondre \u00e0 diff\u00e9rents crit\u00e8res de durabilit\u00e9 en fonction du statut LEED.<\/p>\n<p><strong>Conditions de livraison<\/strong><\/p>\n<p>Les commandes pour Nexigen<sup>\u00ae<\/sup> B500B peuvent \u00eatre effectu\u00e9es de mani\u00e8re similaire \u00e0 une liste de fer pour B500B. Il est important de mentionner \u00ab\u00a0Nexigen\u00a0\u00bb dans la d\u00e9signation du mat\u00e9riau en t\u00eate de la liste de fer et dans l&rsquo;e-mail de commande. Le d\u00e9lai de livraison pour Nexigen<sup>\u00ae<\/sup> B500B est g\u00e9n\u00e9ralement de 7 \u00e0 8 jours.<\/p>\n"},{"title":"R\u00e9duire davantage les \u00e9missions de CO2 avec Nexigen\u00ae","text":"<p>Pour \u00e9viter d&rsquo;autres cons\u00e9quences irr\u00e9versibles du changement climatique, la soci\u00e9t\u00e9 et l&rsquo;\u00e9conomie doivent changer fondamentalement. Cela vaut particuli\u00e8rement pour le secteur de la construction : actuellement, environ 7 % des \u00e9missions mondiales de CO<sub>2<\/sub> sont imputables aussi bien \u00e0 l&rsquo;industrie du ciment que de l&rsquo;acier.<\/p>\n<p><strong>Les \u00e9missions de CO<sub>2<\/sub> se produisent lors de la fabrication des mat\u00e9riaux<br \/>\n<\/strong>Les ventes annuelles de ciment par habitant en Suisse sont environ deux fois sup\u00e9rieures \u00e0 la moyenne mondiale. Lors de la construction d&rsquo;un immeuble d&rsquo;appartements, le b\u00e9ton arm\u00e9, associ\u00e9 au b\u00e9ton, est responsable d&rsquo;environ 50 % des \u00e9missions de CO<sub>2<\/sub> g\u00e9n\u00e9r\u00e9es ici. La part de l&rsquo;armature est d&rsquo;environ 8 \u00e0 9 %. Les \u00e9missions de CO<sub>2<\/sub> sont g\u00e9n\u00e9r\u00e9es principalement lors de la fabrication des mat\u00e9riaux. Le traitement ult\u00e9rieur ainsi que les processus de construction et d&rsquo;installation jouent un r\u00f4le n\u00e9gligeable.<\/p>\n<p><strong>Le taux de ferraille \u00e9lev\u00e9 et le proc\u00e9d\u00e9 \u00e0 arc \u00e9lectrique r\u00e9duisent les \u00e9missions de CO<sub>2<\/sub><br \/>\n<\/strong>La production de l&rsquo;acier \u00e0 b\u00e9ton utilis\u00e9 en Suisse, r\u00e9pertori\u00e9 dans le registre SIA, pr\u00e9sente un taux de ferraille particuli\u00e8rement \u00e9lev\u00e9 dans le proc\u00e9d\u00e9 \u00e0 arc \u00e9lectrique (EAF). Par cons\u00e9quent, les \u00e9missions de CO<sub>2<\/sub> de cet acier \u00e0 b\u00e9ton sont relativement faibles, avec une moyenne d&rsquo;environ 500 kg par tonne d&rsquo;acier, par rapport \u00e0 la moyenne mondiale.<\/p>\n<p><strong>Nexigen<sup>\u00ae<\/sup> est synonyme de durabilit\u00e9<br \/>\n<\/strong>En tant que leader sur le march\u00e9 des armatures et des solutions de technique d&rsquo;armature, nous voulons \u00eatre des pionniers pour r\u00e9duire encore davantage les \u00e9missions de CO<sub>2<\/sub> d\u00e9j\u00e0 r\u00e9duites. La preuve de notre engagement est apport\u00e9e par l&rsquo;acier d&rsquo;armature Nexigen<sup>\u00ae<\/sup> B500B : il permet de r\u00e9duire les \u00e9missions de CO<sub>2<\/sub> par tonne d&rsquo;acier \u00e0 b\u00e9ton jusqu&rsquo;\u00e0 50 % &#8211; soit un tiers par rapport \u00e0 notre acier \u00e0 b\u00e9ton moyen. Pour produire l&rsquo;acier d&rsquo;armature Nexigen<sup>\u00ae<\/sup> B500B, nous utilisons une \u00e9nergie durable issue de l&rsquo;hydro\u00e9lectricit\u00e9. Nous voulons contribuer \u00e0 am\u00e9liorer le bilan \u00e9cologique de la construction en b\u00e9ton arm\u00e9 : l&rsquo;acier d&rsquo;armature, mat\u00e9riau de construction si important pour l&rsquo;industrie de la construction, devrait \u00e9galement pouvoir \u00eatre utilis\u00e9 \u00e0 l&rsquo;avenir &#8211; surtout en termes de durabilit\u00e9. C&rsquo;est l\u00e0 que Nexigen<sup>\u00ae<\/sup> intervient.<\/p>\n<p>&nbsp;<\/p>\n<p><a href=\"https:\/\/bewehrungstechnik.ch\/fr\/categorisation-du-co2-pour-lacier-a-beton\/\">&gt;Cat\u00e9gorisation CO<sub>2<\/sub> de l&rsquo;acier \u00e0 b\u00e9ton<\/a><\/p>\n<p><a href=\"https:\/\/www.dkg.ch\/dkg\/a-propos-de-nous\/durabilite\/environnement\/\">&gt;Notre engagement environnemental<\/a><\/p>\n"}],"page_color_variation":"green","downloads":[8197,8194,3041,8224]},"deac_featured_media":{"medium":"<img width=\"300\" height=\"114\" src=\"https:\/\/bewehrungstechnik.ch\/wp-content\/uploads\/NEXIGEN_B500B_Coil-300x114.png\" class=\"%s\" alt=\"\" decoding=\"async\" loading=\"lazy\" srcset=\"https:\/\/bewehrungstechnik.ch\/wp-content\/uploads\/NEXIGEN_B500B_Coil-300x114.png 300w, https:\/\/bewehrungstechnik.ch\/wp-content\/uploads\/NEXIGEN_B500B_Coil-1024x390.png 1024w, https:\/\/bewehrungstechnik.ch\/wp-content\/uploads\/NEXIGEN_B500B_Coil-768x293.png 768w, https:\/\/bewehrungstechnik.ch\/wp-content\/uploads\/NEXIGEN_B500B_Coil-1536x586.png 1536w, https:\/\/bewehrungstechnik.ch\/wp-content\/uploads\/NEXIGEN_B500B_Coil-436x166.png 436w, https:\/\/bewehrungstechnik.ch\/wp-content\/uploads\/NEXIGEN_B500B_Coil-550x210.png 550w, https:\/\/bewehrungstechnik.ch\/wp-content\/uploads\/NEXIGEN_B500B_Coil.png 1870w\" sizes=\"auto, (max-width: 300px) 100vw, 300px\" \/>","medium_large":"<img width=\"768\" height=\"293\" src=\"https:\/\/bewehrungstechnik.ch\/wp-content\/uploads\/NEXIGEN_B500B_Coil-768x293.png\" class=\"%s\" alt=\"\" decoding=\"async\" loading=\"lazy\" srcset=\"https:\/\/bewehrungstechnik.ch\/wp-content\/uploads\/NEXIGEN_B500B_Coil-768x293.png 768w, https:\/\/bewehrungstechnik.ch\/wp-content\/uploads\/NEXIGEN_B500B_Coil-300x114.png 300w, https:\/\/bewehrungstechnik.ch\/wp-content\/uploads\/NEXIGEN_B500B_Coil-1024x390.png 1024w, https:\/\/bewehrungstechnik.ch\/wp-content\/uploads\/NEXIGEN_B500B_Coil-1536x586.png 1536w, https:\/\/bewehrungstechnik.ch\/wp-content\/uploads\/NEXIGEN_B500B_Coil-436x166.png 436w, https:\/\/bewehrungstechnik.ch\/wp-content\/uploads\/NEXIGEN_B500B_Coil-550x210.png 550w, https:\/\/bewehrungstechnik.ch\/wp-content\/uploads\/NEXIGEN_B500B_Coil.png 1870w\" sizes=\"auto, (max-width: 768px) 100vw, 768px\" \/>","large":"<img width=\"1024\" height=\"390\" src=\"https:\/\/bewehrungstechnik.ch\/wp-content\/uploads\/NEXIGEN_B500B_Coil-1024x390.png\" class=\"%s\" alt=\"\" decoding=\"async\" loading=\"lazy\" srcset=\"https:\/\/bewehrungstechnik.ch\/wp-content\/uploads\/NEXIGEN_B500B_Coil-1024x390.png 1024w, https:\/\/bewehrungstechnik.ch\/wp-content\/uploads\/NEXIGEN_B500B_Coil-300x114.png 300w, https:\/\/bewehrungstechnik.ch\/wp-content\/uploads\/NEXIGEN_B500B_Coil-768x293.png 768w, https:\/\/bewehrungstechnik.ch\/wp-content\/uploads\/NEXIGEN_B500B_Coil-1536x586.png 1536w, https:\/\/bewehrungstechnik.ch\/wp-content\/uploads\/NEXIGEN_B500B_Coil-436x166.png 436w, https:\/\/bewehrungstechnik.ch\/wp-content\/uploads\/NEXIGEN_B500B_Coil-550x210.png 550w, https:\/\/bewehrungstechnik.ch\/wp-content\/uploads\/NEXIGEN_B500B_Coil.png 1870w\" sizes=\"auto, (max-width: 1024px) 100vw, 1024px\" \/>","full":"<img width=\"1870\" height=\"713\" src=\"https:\/\/bewehrungstechnik.ch\/wp-content\/uploads\/NEXIGEN_B500B_Coil.png\" class=\"%s\" alt=\"\" decoding=\"async\" loading=\"lazy\" srcset=\"https:\/\/bewehrungstechnik.ch\/wp-content\/uploads\/NEXIGEN_B500B_Coil.png 1870w, https:\/\/bewehrungstechnik.ch\/wp-content\/uploads\/NEXIGEN_B500B_Coil-300x114.png 300w, https:\/\/bewehrungstechnik.ch\/wp-content\/uploads\/NEXIGEN_B500B_Coil-1024x390.png 1024w, https:\/\/bewehrungstechnik.ch\/wp-content\/uploads\/NEXIGEN_B500B_Coil-768x293.png 768w, https:\/\/bewehrungstechnik.ch\/wp-content\/uploads\/NEXIGEN_B500B_Coil-1536x586.png 1536w, https:\/\/bewehrungstechnik.ch\/wp-content\/uploads\/NEXIGEN_B500B_Coil-436x166.png 436w, https:\/\/bewehrungstechnik.ch\/wp-content\/uploads\/NEXIGEN_B500B_Coil-550x210.png 550w\" sizes=\"auto, (max-width: 1870px) 100vw, 1870px\" \/>"},"_links":{"self":[{"href":"https:\/\/bewehrungstechnik.ch\/fr\/wp-json\/wp\/v2\/product\/8063","targetHints":{"allow":["GET"]}}],"collection":[{"href":"https:\/\/bewehrungstechnik.ch\/fr\/wp-json\/wp\/v2\/product"}],"about":[{"href":"https:\/\/bewehrungstechnik.ch\/fr\/wp-json\/wp\/v2\/types\/product"}],"wp:featuredmedia":[{"embeddable":true,"href":"https:\/\/bewehrungstechnik.ch\/fr\/wp-json\/wp\/v2\/media\/8124"}],"wp:attachment":[{"href":"https:\/\/bewehrungstechnik.ch\/fr\/wp-json\/wp\/v2\/media?parent=8063"}],"wp:term":[{"taxonomy":"product_category","embeddable":true,"href":"https:\/\/bewehrungstechnik.ch\/fr\/wp-json\/wp\/v2\/product_category?post=8063"}],"curies":[{"name":"wp","href":"https:\/\/api.w.org\/{rel}","templated":true}]}}