{"id":8839,"date":"2025-08-05T08:47:23","date_gmt":"2025-08-05T08:47:23","guid":{"rendered":"https:\/\/bewehrungstechnik.ch\/?post_type=product&#038;p=8839"},"modified":"2025-08-05T08:47:23","modified_gmt":"2025-08-05T08:47:23","slug":"bamtec-le-systeme-de-construction","status":"publish","type":"product","link":"https:\/\/bewehrungstechnik.ch\/fr\/product\/bamtec-le-systeme-de-construction\/","title":{"rendered":"BAMTEC\u00ae Le syst\u00e8me de construction"},"featured_media":0,"menu_order":0,"template":"","product_category":[50],"class_list":["post-8839","product","type-product","status-publish","","product_category-aciers-darmature"],"acf":[],"yoast_head":"<!-- This site is optimized with the Yoast SEO plugin v27.3 - https:\/\/yoast.com\/product\/yoast-seo-wordpress\/ -->\n<title>BAMTEC\u00ae Le syst\u00e8me de construction - Bewehrungstechnik<\/title>\n<meta name=\"robots\" content=\"index, follow, max-snippet:-1, max-image-preview:large, max-video-preview:-1\" \/>\n<link rel=\"canonical\" href=\"https:\/\/bewehrungstechnik.ch\/fr\/product\/bamtec-le-systeme-de-construction\/\" \/>\n<meta property=\"og:locale\" content=\"fr_FR\" \/>\n<meta property=\"og:type\" content=\"article\" \/>\n<meta property=\"og:title\" content=\"BAMTEC\u00ae Le syst\u00e8me de construction - Bewehrungstechnik\" \/>\n<meta property=\"og:url\" content=\"https:\/\/bewehrungstechnik.ch\/fr\/product\/bamtec-le-systeme-de-construction\/\" \/>\n<meta property=\"og:site_name\" content=\"Bewehrungstechnik\" \/>\n<meta name=\"twitter:card\" content=\"summary_large_image\" \/>\n<script type=\"application\/ld+json\" class=\"yoast-schema-graph\">{\"@context\":\"https:\\\/\\\/schema.org\",\"@graph\":[{\"@type\":\"WebPage\",\"@id\":\"https:\\\/\\\/bewehrungstechnik.ch\\\/fr\\\/product\\\/bamtec-le-systeme-de-construction\\\/\",\"url\":\"https:\\\/\\\/bewehrungstechnik.ch\\\/fr\\\/product\\\/bamtec-le-systeme-de-construction\\\/\",\"name\":\"BAMTEC\u00ae Le syst\u00e8me de construction - Bewehrungstechnik\",\"isPartOf\":{\"@id\":\"https:\\\/\\\/bewehrungstechnik.ch\\\/fr\\\/#website\"},\"datePublished\":\"2025-08-05T08:47:23+00:00\",\"breadcrumb\":{\"@id\":\"https:\\\/\\\/bewehrungstechnik.ch\\\/fr\\\/product\\\/bamtec-le-systeme-de-construction\\\/#breadcrumb\"},\"inLanguage\":\"fr-FR\",\"potentialAction\":[{\"@type\":\"ReadAction\",\"target\":[\"https:\\\/\\\/bewehrungstechnik.ch\\\/fr\\\/product\\\/bamtec-le-systeme-de-construction\\\/\"]}]},{\"@type\":\"BreadcrumbList\",\"@id\":\"https:\\\/\\\/bewehrungstechnik.ch\\\/fr\\\/product\\\/bamtec-le-systeme-de-construction\\\/#breadcrumb\",\"itemListElement\":[{\"@type\":\"ListItem\",\"position\":1,\"name\":\"Home\",\"item\":\"https:\\\/\\\/bewehrungstechnik.ch\\\/fr\\\/\"},{\"@type\":\"ListItem\",\"position\":2,\"name\":\"Products\",\"item\":\"https:\\\/\\\/bewehrungstechnik.ch\\\/fr\\\/products\\\/\"},{\"@type\":\"ListItem\",\"position\":3,\"name\":\"BAMTEC\u00ae Le syst\u00e8me de construction\"}]},{\"@type\":\"WebSite\",\"@id\":\"https:\\\/\\\/bewehrungstechnik.ch\\\/fr\\\/#website\",\"url\":\"https:\\\/\\\/bewehrungstechnik.ch\\\/fr\\\/\",\"name\":\"Bewehrungstechnik\",\"description\":\"Just another WordPress site\",\"publisher\":{\"@id\":\"https:\\\/\\\/bewehrungstechnik.ch\\\/fr\\\/#organization\"},\"potentialAction\":[{\"@type\":\"SearchAction\",\"target\":{\"@type\":\"EntryPoint\",\"urlTemplate\":\"https:\\\/\\\/bewehrungstechnik.ch\\\/fr\\\/?s={search_term_string}\"},\"query-input\":{\"@type\":\"PropertyValueSpecification\",\"valueRequired\":true,\"valueName\":\"search_term_string\"}}],\"inLanguage\":\"fr-FR\"},{\"@type\":\"Organization\",\"@id\":\"https:\\\/\\\/bewehrungstechnik.ch\\\/fr\\\/#organization\",\"name\":\"Bewehrungstechnik\",\"url\":\"https:\\\/\\\/bewehrungstechnik.ch\\\/fr\\\/\",\"logo\":{\"@type\":\"ImageObject\",\"inLanguage\":\"fr-FR\",\"@id\":\"https:\\\/\\\/bewehrungstechnik.ch\\\/fr\\\/#\\\/schema\\\/logo\\\/image\\\/\",\"url\":\"https:\\\/\\\/bewehrungstechnik.ch\\\/wp-content\\\/uploads\\\/2021\\\/03\\\/logo.svg\",\"contentUrl\":\"https:\\\/\\\/bewehrungstechnik.ch\\\/wp-content\\\/uploads\\\/2021\\\/03\\\/logo.svg\",\"width\":436,\"height\":436,\"caption\":\"Bewehrungstechnik\"},\"image\":{\"@id\":\"https:\\\/\\\/bewehrungstechnik.ch\\\/fr\\\/#\\\/schema\\\/logo\\\/image\\\/\"}}]}<\/script>\n<!-- \/ Yoast SEO plugin. -->","yoast_head_json":{"title":"BAMTEC\u00ae Le syst\u00e8me de construction - Bewehrungstechnik","robots":{"index":"index","follow":"follow","max-snippet":"max-snippet:-1","max-image-preview":"max-image-preview:large","max-video-preview":"max-video-preview:-1"},"canonical":"https:\/\/bewehrungstechnik.ch\/fr\/product\/bamtec-le-systeme-de-construction\/","og_locale":"fr_FR","og_type":"article","og_title":"BAMTEC\u00ae Le syst\u00e8me de construction - Bewehrungstechnik","og_url":"https:\/\/bewehrungstechnik.ch\/fr\/product\/bamtec-le-systeme-de-construction\/","og_site_name":"Bewehrungstechnik","twitter_card":"summary_large_image","schema":{"@context":"https:\/\/schema.org","@graph":[{"@type":"WebPage","@id":"https:\/\/bewehrungstechnik.ch\/fr\/product\/bamtec-le-systeme-de-construction\/","url":"https:\/\/bewehrungstechnik.ch\/fr\/product\/bamtec-le-systeme-de-construction\/","name":"BAMTEC\u00ae Le syst\u00e8me de construction - Bewehrungstechnik","isPartOf":{"@id":"https:\/\/bewehrungstechnik.ch\/fr\/#website"},"datePublished":"2025-08-05T08:47:23+00:00","breadcrumb":{"@id":"https:\/\/bewehrungstechnik.ch\/fr\/product\/bamtec-le-systeme-de-construction\/#breadcrumb"},"inLanguage":"fr-FR","potentialAction":[{"@type":"ReadAction","target":["https:\/\/bewehrungstechnik.ch\/fr\/product\/bamtec-le-systeme-de-construction\/"]}]},{"@type":"BreadcrumbList","@id":"https:\/\/bewehrungstechnik.ch\/fr\/product\/bamtec-le-systeme-de-construction\/#breadcrumb","itemListElement":[{"@type":"ListItem","position":1,"name":"Home","item":"https:\/\/bewehrungstechnik.ch\/fr\/"},{"@type":"ListItem","position":2,"name":"Products","item":"https:\/\/bewehrungstechnik.ch\/fr\/products\/"},{"@type":"ListItem","position":3,"name":"BAMTEC\u00ae Le syst\u00e8me de construction"}]},{"@type":"WebSite","@id":"https:\/\/bewehrungstechnik.ch\/fr\/#website","url":"https:\/\/bewehrungstechnik.ch\/fr\/","name":"Bewehrungstechnik","description":"Just another WordPress site","publisher":{"@id":"https:\/\/bewehrungstechnik.ch\/fr\/#organization"},"potentialAction":[{"@type":"SearchAction","target":{"@type":"EntryPoint","urlTemplate":"https:\/\/bewehrungstechnik.ch\/fr\/?s={search_term_string}"},"query-input":{"@type":"PropertyValueSpecification","valueRequired":true,"valueName":"search_term_string"}}],"inLanguage":"fr-FR"},{"@type":"Organization","@id":"https:\/\/bewehrungstechnik.ch\/fr\/#organization","name":"Bewehrungstechnik","url":"https:\/\/bewehrungstechnik.ch\/fr\/","logo":{"@type":"ImageObject","inLanguage":"fr-FR","@id":"https:\/\/bewehrungstechnik.ch\/fr\/#\/schema\/logo\/image\/","url":"https:\/\/bewehrungstechnik.ch\/wp-content\/uploads\/2021\/03\/logo.svg","contentUrl":"https:\/\/bewehrungstechnik.ch\/wp-content\/uploads\/2021\/03\/logo.svg","width":436,"height":436,"caption":"Bewehrungstechnik"},"image":{"@id":"https:\/\/bewehrungstechnik.ch\/fr\/#\/schema\/logo\/image\/"}}]}},"deac_custom_fields":{"product":{"brand":"BAMTEC\u00ae","name":"Le syst\u00e8me d'armature"},"highlight_box":{"title":"Gain de temps lors de la pose","subtitle":"Avancement rapide des travaux gr\u00e2ce \u00e0 une pose optimis\u00e9e \u2013 jusqu'\u00e0 70 % de gain de temps par \u00e9l\u00e9ment avec la moiti\u00e9 de la main-d'\u0153uvre n\u00e9cessaire.","text":"<ul>\n<li>Gain de temps lors de la pose gr\u00e2ce \u00e0 des processus optimis\u00e9s<\/li>\n<li>Grande flexibilit\u00e9 dans la conception et l\u2019ex\u00e9cution<\/li>\n<li>Rentabilit\u00e9 gr\u00e2ce \u00e0 une \u00e9conomie de mat\u00e9riaux, des d\u00e9lais de construction r\u00e9duits et des co\u00fbts optimis\u00e9s<\/li>\n<li>S\u00e9curit\u00e9 au travail accrue gr\u00e2ce \u00e0 une pose simplifi\u00e9e<\/li>\n<li>Durabilit\u00e9 gr\u00e2ce \u00e0 la pr\u00e9servation des ressources et \u00e0 la r\u00e9duction des \u00e9missions de CO\u2082<\/li>\n<\/ul>\n","media_type":"image","image":{"medium":"<img width=\"300\" height=\"255\" src=\"https:\/\/bewehrungstechnik.ch\/wp-content\/uploads\/bamtec-ausrollen_18-300x255.jpg\" class=\"%s\" alt=\"\" decoding=\"async\" loading=\"lazy\" srcset=\"https:\/\/bewehrungstechnik.ch\/wp-content\/uploads\/bamtec-ausrollen_18-300x255.jpg 300w, https:\/\/bewehrungstechnik.ch\/wp-content\/uploads\/bamtec-ausrollen_18-1024x870.jpg 1024w, https:\/\/bewehrungstechnik.ch\/wp-content\/uploads\/bamtec-ausrollen_18-768x653.jpg 768w, https:\/\/bewehrungstechnik.ch\/wp-content\/uploads\/bamtec-ausrollen_18-1536x1305.jpg 1536w, https:\/\/bewehrungstechnik.ch\/wp-content\/uploads\/bamtec-ausrollen_18-2048x1740.jpg 2048w, https:\/\/bewehrungstechnik.ch\/wp-content\/uploads\/bamtec-ausrollen_18-436x370.jpg 436w, https:\/\/bewehrungstechnik.ch\/wp-content\/uploads\/bamtec-ausrollen_18-550x467.jpg 550w\" sizes=\"auto, (max-width: 300px) 100vw, 300px\" \/>","medium_large":"<img width=\"768\" height=\"653\" src=\"https:\/\/bewehrungstechnik.ch\/wp-content\/uploads\/bamtec-ausrollen_18-768x653.jpg\" class=\"%s\" alt=\"\" decoding=\"async\" loading=\"lazy\" srcset=\"https:\/\/bewehrungstechnik.ch\/wp-content\/uploads\/bamtec-ausrollen_18-768x653.jpg 768w, https:\/\/bewehrungstechnik.ch\/wp-content\/uploads\/bamtec-ausrollen_18-300x255.jpg 300w, https:\/\/bewehrungstechnik.ch\/wp-content\/uploads\/bamtec-ausrollen_18-1024x870.jpg 1024w, https:\/\/bewehrungstechnik.ch\/wp-content\/uploads\/bamtec-ausrollen_18-1536x1305.jpg 1536w, https:\/\/bewehrungstechnik.ch\/wp-content\/uploads\/bamtec-ausrollen_18-2048x1740.jpg 2048w, https:\/\/bewehrungstechnik.ch\/wp-content\/uploads\/bamtec-ausrollen_18-436x370.jpg 436w, https:\/\/bewehrungstechnik.ch\/wp-content\/uploads\/bamtec-ausrollen_18-550x467.jpg 550w\" sizes=\"auto, (max-width: 768px) 100vw, 768px\" \/>","large":"<img width=\"1024\" height=\"870\" src=\"https:\/\/bewehrungstechnik.ch\/wp-content\/uploads\/bamtec-ausrollen_18-1024x870.jpg\" class=\"%s\" alt=\"\" decoding=\"async\" loading=\"lazy\" srcset=\"https:\/\/bewehrungstechnik.ch\/wp-content\/uploads\/bamtec-ausrollen_18-1024x870.jpg 1024w, https:\/\/bewehrungstechnik.ch\/wp-content\/uploads\/bamtec-ausrollen_18-300x255.jpg 300w, https:\/\/bewehrungstechnik.ch\/wp-content\/uploads\/bamtec-ausrollen_18-768x653.jpg 768w, https:\/\/bewehrungstechnik.ch\/wp-content\/uploads\/bamtec-ausrollen_18-1536x1305.jpg 1536w, https:\/\/bewehrungstechnik.ch\/wp-content\/uploads\/bamtec-ausrollen_18-2048x1740.jpg 2048w, https:\/\/bewehrungstechnik.ch\/wp-content\/uploads\/bamtec-ausrollen_18-436x370.jpg 436w, https:\/\/bewehrungstechnik.ch\/wp-content\/uploads\/bamtec-ausrollen_18-550x467.jpg 550w\" sizes=\"auto, (max-width: 1024px) 100vw, 1024px\" \/>","full":"<img width=\"2514\" height=\"2136\" src=\"https:\/\/bewehrungstechnik.ch\/wp-content\/uploads\/bamtec-ausrollen_18.jpg\" class=\"%s\" alt=\"\" decoding=\"async\" loading=\"lazy\" srcset=\"https:\/\/bewehrungstechnik.ch\/wp-content\/uploads\/bamtec-ausrollen_18.jpg 2514w, https:\/\/bewehrungstechnik.ch\/wp-content\/uploads\/bamtec-ausrollen_18-300x255.jpg 300w, https:\/\/bewehrungstechnik.ch\/wp-content\/uploads\/bamtec-ausrollen_18-1024x870.jpg 1024w, https:\/\/bewehrungstechnik.ch\/wp-content\/uploads\/bamtec-ausrollen_18-768x653.jpg 768w, https:\/\/bewehrungstechnik.ch\/wp-content\/uploads\/bamtec-ausrollen_18-1536x1305.jpg 1536w, https:\/\/bewehrungstechnik.ch\/wp-content\/uploads\/bamtec-ausrollen_18-2048x1740.jpg 2048w, https:\/\/bewehrungstechnik.ch\/wp-content\/uploads\/bamtec-ausrollen_18-436x370.jpg 436w, https:\/\/bewehrungstechnik.ch\/wp-content\/uploads\/bamtec-ausrollen_18-550x467.jpg 550w\" sizes=\"auto, (max-width: 2514px) 100vw, 2514px\" \/>"},"video_list":false},"description":[{"title":"Rentabilit\u00e9","text":"<p>Le syst\u00e8me BAMTEC\u00ae permet une pose de l\u2019acier d\u2019armature jusqu\u2019\u00e0 90 % plus rapide, r\u00e9duisant ainsi la dur\u00e9e du gros \u0153uvre et les co\u00fbts de pose. Il n\u00e9cessite moins de personnel et am\u00e9liore la s\u00e9curit\u00e9 au travail. Id\u00e9al pour les grandes surfaces, les murs tr\u00e8s hauts, les chantiers en activit\u00e9 et les constructions hybrides.<\/p>\n"},{"title":"Processus","text":"<p>En fonction de l&rsquo;avancement du projet, nous r\u00e9alisons une \u00e9tude de faisabilit\u00e9 et les documents d&rsquo;ex\u00e9cution BAMTEC n\u00e9cessaires \u00e0 partir des plans de coffrage et des croquis d\u2019armature ou des plans d\u2019armature. Pour une conception ou une modification de concept BAMTEC, veuillez contacter votre bureau de <a href=\"https:\/\/bewehrungstechnik.ch\/fr\/contact\/\">conseil technique<\/a> ou votre <a href=\"https:\/\/bewetec.ch\/fr\/equipe\/vente-et-marketing\/\">conseiller commercial<\/a>.<\/p>\n<p>Une commande BAMTEC peut ensuite \u00eatre pass\u00e9e comme d&rsquo;habitude par e-mail \u00e0 : <a href=\"mailto:commande@bewetec.ch\">commande@bewetec.ch<\/a><\/p>\n"},{"title":"Modification de concepts avec BAMTEC\u00ae","text":"<p>La modification de concepts avec BAMTEC\u00ae est simple et offre des avantages en termes de temps et de co\u00fbts. Les projets peuvent \u00eatre rapidement adapt\u00e9s sans optimisation pr\u00e9alable de l\u2019armature. Des \u00e9conomies d&rsquo;acier allant jusqu&rsquo;\u00e0 15 % sont fr\u00e9quentes. Nous vous conseillons volontiers pour une mise en \u0153uvre optimale.<\/p>\n"},{"title":"Transport","text":"<p>Le transport des \u00e9l\u00e9ments vers le chantier est assur\u00e9 par des camions conventionnels, avec une capacit\u00e9 de chargement compl\u00e8te. Le d\u00e9chargement est effectu\u00e9 sur place \u00e0 l&rsquo;aide de l&rsquo;engin de levage disponible, avec une capacit\u00e9 de levage d\u2019environ 2,5 tonnes. En option, une livraison par camion-grue est possible, mais elle n\u00e9cessite une planification pr\u00e9alable BAMTEC avec des rouleaux courts d\u2019environ 6 m. Les \u00e9lingues fournies restent sur le chantier ou, si elles sont retourn\u00e9es, peuvent \u00eatre partiellement rembours\u00e9es.<\/p>\n<p>La livraison est possible, apr\u00e8s la conception BAMTEC (le d\u00e9lai pour la modification de concept est de 4 semaines), dans un d\u00e9lai de <strong>10 jours ouvrables<\/strong> \u00e0 compter de la date de lib\u00e9ration de commande.<\/p>\n"},{"title":"Avantages","text":"<ul>\n<li><strong>Rapidit\u00e9<\/strong><br \/>\nGr\u00e2ce au d\u00e9roulage des nappes au lieu de barres isol\u00e9es, le temps de pose est r\u00e9duit jusqu&rsquo;\u00e0 70 % par \u00e9l\u00e9ment, avec seulement la moiti\u00e9 de la main-d&rsquo;\u0153uvre. Particuli\u00e8rement adapt\u00e9 aux grandes surfaces, murs tr\u00e8s hauts, chantiers en activit\u00e9 et constructions hybrides.<\/li>\n<li><strong>Flexibilit\u00e9<\/strong><br \/>\nBAMTEC\u00ae permet une disposition individuelle des barres avec des diam\u00e8tres de 8 \u00e0 20 mm et des longueurs de 1,7 m \u00e0 15 m. Les espacements des barres sont librement ajustables, permettant la r\u00e9alisation de presque tous les plans. Id\u00e9al pour de grandes port\u00e9es et des plans complexes.<\/li>\n<li><strong>Rentabilit\u00e9<\/strong><br \/>\nLa r\u00e9duction du temps de gros \u0153uvre et les \u00e9conomies de mat\u00e9riaux diminuent les co\u00fbts de construction, augmentent la comp\u00e9titivit\u00e9 et facilitent le recrutement de personnel.<\/li>\n<\/ul>\n"},{"title":"Avantages","text":"<ul>\n<li><strong>Innovation<\/strong><br \/>\nBAMTEC\u00ae se distingue par son innovation pour les grandes surfaces, les murs tr\u00e8s hauts, les chantiers en activit\u00e9 et les constructions hybrides. Il permet une planification, un d\u00e9roulement efficaces et une r\u00e9duction des d\u00e9lais tout en am\u00e9liorant la s\u00e9curit\u00e9 au travail.<\/li>\n<li><strong>Fiabilit\u00e9<\/strong><br \/>\nBAMTEC\u00ae est utilis\u00e9 avec succ\u00e8s depuis des ann\u00e9es dans le monde entier. Le dimensionnement statique suit les normes B500B sans mesures suppl\u00e9mentaires. Une planification et une mise en \u0153uvre pr\u00e9cises assurent une qualit\u00e9 \u00e9lev\u00e9e d\u2019ex\u00e9cution et de pose.<\/li>\n<li><strong>Durabilit\u00e9<\/strong><br \/>\nUne planification optimis\u00e9e garantit des sections d\u2019armature pr\u00e9cises, r\u00e9duisant la consommation de mat\u00e9riaux. Le d\u00e9roulement diminue les efforts physiques lourds et pr\u00e9serve les employ\u00e9s. De plus, le besoin r\u00e9duit en personnel minimise les risques d\u2019erreurs de pose.<\/li>\n<\/ul>\n"}],"page_color_variation":"default","downloads":[8836]},"deac_featured_media":null,"_links":{"self":[{"href":"https:\/\/bewehrungstechnik.ch\/fr\/wp-json\/wp\/v2\/product\/8839","targetHints":{"allow":["GET"]}}],"collection":[{"href":"https:\/\/bewehrungstechnik.ch\/fr\/wp-json\/wp\/v2\/product"}],"about":[{"href":"https:\/\/bewehrungstechnik.ch\/fr\/wp-json\/wp\/v2\/types\/product"}],"wp:attachment":[{"href":"https:\/\/bewehrungstechnik.ch\/fr\/wp-json\/wp\/v2\/media?parent=8839"}],"wp:term":[{"taxonomy":"product_category","embeddable":true,"href":"https:\/\/bewehrungstechnik.ch\/fr\/wp-json\/wp\/v2\/product_category?post=8839"}],"curies":[{"name":"wp","href":"https:\/\/api.w.org\/{rel}","templated":true}]}}