{"id":12241,"date":"2026-01-29T09:40:48","date_gmt":"2026-01-29T09:40:48","guid":{"rendered":"https:\/\/bewehrungstechnik.ch\/tekla-cataloghi-degli-elementi-costruttivi\/"},"modified":"2026-02-02T10:56:03","modified_gmt":"2026-02-02T10:56:03","slug":"tekla-cataloghi-degli-elementi-costruttivi","status":"publish","type":"page","link":"https:\/\/bewehrungstechnik.ch\/it\/ingegneria\/strumenti-di-progettazione-digitale\/tekla-cataloghi-degli-elementi-costruttivi\/","title":{"rendered":"Tekla \u2013 Cataloghi degli elementi costruttivi"},"content":{"rendered":"\n      <h1 id=\"block_411a0fc0bca251625bffac23ebc6102f\" class=\"c-title mt-0 mb-6 lg:mb-17 alignwidetext-left l-block\"  >\n  \n  Tekla \u2013 Cataloghi degli elementi costruttivi<\/h1><style>@media (min-width: 768px) { #block_411a0fc0bca251625bffac23ebc6102f { margin-bottom: 36px;  }} @media (min-width: 1024px) { #block_411a0fc0bca251625bffac23ebc6102f { margin-bottom: 48px;  }} <\/style>\n      <div id=\"block_8ba21254be1155a447b220a408f8d162\" class=\"deac-highlight-box mb-10 md:mb-19 lg:mb-28 alignwide l-block\"  >\n  \n  <div class=\"md:flow-root\">\n\t<div class=\"highlight-box-slider md:bg-faded-coils md:bg-cover md:mb-6 lg:mb-7 md:grid md:grid-cols-2 md:gap-6 lg:gap-16 xl:gap-24 md:min-h-136\">\n\t\t<div class=\"relative md:order-2 md:h-full  md:pr-6 lg:pr-9  md:py-10 lg:py-14 \">\n\t\t\t\t\t\t\t\t\t\t<div class=\"left-0 right-0 -mx-4 md:absolute  md:top-10 lg:top-14 md:h-full  border-b-6 md:border-0 border-primary h-72  sm:-mx-6 md:mx-0 overflow-hidden max-h-full\">\n\t\t\t\t\t<img loading=\"lazy\" decoding=\"async\" width=\"1024\" height=\"512\" src=\"https:\/\/bewehrungstechnik.ch\/wp-content\/uploads\/2021\/06\/2018-precast-fab-delivery-header-1024x512.jpg\" class=\"block w-full h-full object-cover md:absolute\" alt=\"\" srcset=\"https:\/\/bewehrungstechnik.ch\/wp-content\/uploads\/2021\/06\/2018-precast-fab-delivery-header-1024x512.jpg 1024w, https:\/\/bewehrungstechnik.ch\/wp-content\/uploads\/2021\/06\/2018-precast-fab-delivery-header-300x150.jpg 300w, https:\/\/bewehrungstechnik.ch\/wp-content\/uploads\/2021\/06\/2018-precast-fab-delivery-header-768x384.jpg 768w, https:\/\/bewehrungstechnik.ch\/wp-content\/uploads\/2021\/06\/2018-precast-fab-delivery-header-436x218.jpg 436w, https:\/\/bewehrungstechnik.ch\/wp-content\/uploads\/2021\/06\/2018-precast-fab-delivery-header-550x275.jpg 550w, https:\/\/bewehrungstechnik.ch\/wp-content\/uploads\/2021\/06\/2018-precast-fab-delivery-header.jpg 1190w\" sizes=\"auto, (max-width: 1024px) 100vw, 1024px\" \/>\t\t\t\t\t\t\t\t\t\t\t<a class=\"absolute inset-0 flex items-center justify-center transition-all duration-300 js-lightbox group hover:no-underline opacity-60 hover:opacity-100\" href=\"https:\/\/www.youtube.com\/watch?v=phpViGFEOXI\">\n\t\t\t\t\t\t\t<span class=\"flex items-center justify-center transition-colors w-21 lg:w-26 h-21 lg:h-26 bg-primary group-hover:bg-red-cardinal\">\n\t\t\t\t\t\t\t\t<i class=\"text-white c-icon c-icon--play text-35 lg:text-44\"><\/i>\n\t\t\t\t\t\t\t<\/span>\n\t\t\t\t\t\t<\/a>\n\t\t\t\t\t\t\t\t\t<\/div>\n\t\t\t\t\t\t\t\t<\/div>\n\t\t<div class=\"relative py-6 bg-white md:order-1 md:bg-transparent sm:py-7 md:py-10 lg:py-14 md:px-6 lg:px-9\">\n\t\t\t<div class=\"absolute bottom-0 md:hidden -inset-x-4 sm:-inset-x-6 top-15 bg-gradient-to-b from-white to-gray-light\"><\/div>\n\t\t\t\t\t\t\t\t\t\t<div class=\"relative text-18 lg:text-32 leading-tight font-bold lg:font-semibold text-black mb-3.5 lg:mb-6\">\n\t\t\t\t\tElementi per il montaggio parametrizzati in Tekla Structures \t\t\t\t<\/div>\n\t\t\t\t\t\t\t\t\t\t<div class=\"relative text-primary lg:text-18 font-bold leading-snug mb-4.5 lg:mb-6\">\n\t\t\t\t\tPer offrirvi un flusso di lavoro migliore nella progettazione con i nostri elementi da installare, sviluppiamo continuamente la nostra tecnica di armatura per Tekla Structures. \t\t\t\t<\/div>\n\t\t\t\t\t\t\t\t\t\t<div class=\"relative text-black\">\n\t\t\t\t\t<p class=\"lg:mb-8\">Prodotti disponibili::<\/p>\n<ul class=\"font-bold\">\n<li class=\"leading-snug text-15 before:bottom-0\"><span style=\"font-size: 1rem; letter-spacing: 0.01875rem;\">ACINOXplus\u00ae \u2013 Raccordi termo isolanti per solette a sbalzo<\/span><\/li>\n<li class=\"leading-snug text-15 before:bottom-0\"><span style=\"font-size: 1rem; letter-spacing: 0.01875rem;\">ACIGRIP\u00ae, Top12, Top700, PREZINC\u00ae \u2013 Acciai speciali per calcestruzzo<\/span><\/li>\n<li class=\"leading-snug text-15 before:bottom-0\"><span style=\"font-size: 1rem; letter-spacing: 0.01875rem;\">BARTEC\u00ae \u2013 Giunti a vite<\/span><\/li>\n<li class=\"leading-snug text-15 before:bottom-0\">ACITOP\u00ae \u2013 Elementi di ripresa per armature<\/li>\n<li class=\"leading-snug text-15 before:bottom-0\">PYRATOP\u00ae \u2013 Elementi di ripresa per armature<\/li>\n<li class=\"leading-snug text-15 before:bottom-0\">PYRABAR\u00ae \u2013 Elementi di ripresa per armature avvitabili<\/li>\n<\/ul>\n\t\t\t\t<\/div>\n\t\t\t\t\t\t\t\t\t\t\t<\/div>\n\t<\/div>\n<\/div><\/div>\n<h2 class=\"wp-block-heading\">Riconoscimento anticipato dei conflitti di incompatibilit\u00e0<\/h2>\n\n<p>Grazie ai dettagliati elementi costruttivi in 3D, \u00e8 possibile individuare tempestivamente ed evitare incompatibilit\u00e0 e conflitti nella disposizione dell&#8217;armatura.<\/p>\n\n<h2 class=\"wp-block-heading\">Elementi costruttivi parametrizzati con attributi BIM<\/h2>\n\n<p>Facile modifica di tutti i parametri geometrici e dei materiali. Tuttavia, non solo la rappresentazione 3D, ma tutti gli attributi rilevanti per il BIM sono allegati ai nostri elementi costruttivi.<\/p>\n\n<h2 class=\"wp-block-heading\">Creazione rapida di elenchi<\/h2>\n\n<p>Gli elenchi dei sistemi di armatura possono essere creati con pochi clic del mouse, in modo simile alle liste dei ferri. Le quantit\u00e0 necessarie vengono determinate direttamente dal piano di progetto.<\/p>\n\n<h2 class=\"wp-block-heading\">Sempre aggiornato grazie alle biblioteche Warehouse<\/h2>\n\n<p>Tramite la <a href=\"https:\/\/warehouse.tekla.com\/#\/search?searchTerm=debrunner&amp;showContentView=true&amp;sortBy=-relevance\">piattaforma Timble Warehouse<\/a> \u00e8 possibile scaricare gratuitamente i nostri cataloghi aggiornati degli elementi costruttivi.<\/p>\n\n      <div id=\"block_4a667d61c1ad51fb74be36059ae29b35\" class=\"deac-block-global-banner my-10 md:my-19 lg:my-28 alignwide l-block\"  >\n  \n  \n\t\t<div class=\"flex flex-col md:flex-row items-start md:items-center justify-center md:justify-between relative mb-9 md:mb-18 lg:mb-27 px-8 lg:px-8.5 py-5.5 lg:py-7 border-b-10 border-primary\">\n\t\t\t\t<div class=\"absolute inset-y-0 hidden bg-left bg-no-repeat bg-cover lg:block left-7 bg-logo-cover opacity-60 w-120\"><\/div>\n\t\t<div class=\"absolute inset-0 bg-gray-shuttle bg-opacity-80\"><\/div>\n\t\t<div class=\"relative lg:pl-4\">\n\t\t\t\t\t\t\t<h2 class=\"text-32 text-white font-bold mb-2.5\">\n\t\t\t\t\tDomande? \t\t\t\t<\/h2>\n\t\t\t\t\t\t\t\t\t\t<div class=\"text-21 leading-tight text-white border-l-10 border-primary pl-3 ml-0.5 mb-4.5 md:mb-2\">\n\t\t\t\t\tIl nostro team di esperti sar\u00e0 lieto di assistervi. \n\t\t\t\t<\/div>\n\t\t\t\t\t<\/div>\n\t\t<a href=\"https:\/\/bewehrungstechnik.ch\/it\/contatti\/\" class=\"c-btn c-btn--primary c-btn--icon flex-shrink-0 relative md:ml-8\"  target=\"\" role=\"button\">Contatto<\/a>\t<\/div>\n\t<\/div>","protected":false},"excerpt":{"rendered":"<p>Riconoscimento anticipato dei conflitti di incompatibilit\u00e0 Grazie ai dettagliati elementi costruttivi in 3D, \u00e8 possibile individuare tempestivamente ed evitare incompatibilit\u00e0 e conflitti nella disposizione dell&#8217;armatura. Elementi costruttivi parametrizzati con attributi BIM Facile modifica di tutti i parametri geometrici e dei materiali. Tuttavia, non solo la rappresentazione 3D, ma tutti gli attributi rilevanti per il BIM [&hellip;]<\/p>\n","protected":false},"author":4,"featured_media":0,"parent":12310,"menu_order":0,"comment_status":"closed","ping_status":"closed","template":"","meta":{"_acf_changed":false,"footnotes":""},"class_list":["post-12241","page","type-page","status-publish",""],"acf":[],"yoast_head":"<!-- This site is optimized with the Yoast SEO plugin v27.4 - https:\/\/yoast.com\/product\/yoast-seo-wordpress\/ -->\n<title>Bewehrungstechnik Tekla | Debrunner Acifer Bewehrungen<\/title>\n<meta name=\"description\" content=\"Sviluppiamo continuamente la nostra tecnologia di rinforzo per Tekla Structures. Scopri di pi\u00f9 ora!\" \/>\n<meta name=\"robots\" content=\"index, follow, max-snippet:-1, max-image-preview:large, max-video-preview:-1\" \/>\n<link rel=\"canonical\" href=\"https:\/\/bewehrungstechnik.ch\/it\/ingegneria\/strumenti-di-progettazione-digitale\/tekla-cataloghi-degli-elementi-costruttivi\/\" \/>\n<meta property=\"og:locale\" content=\"it_IT\" \/>\n<meta property=\"og:type\" content=\"article\" \/>\n<meta property=\"og:title\" content=\"Bewehrungstechnik Tekla | Debrunner Acifer Bewehrungen\" \/>\n<meta property=\"og:description\" content=\"Sviluppiamo continuamente la nostra tecnologia di rinforzo per Tekla Structures. Scopri di pi\u00f9 ora!\" \/>\n<meta property=\"og:url\" content=\"https:\/\/bewehrungstechnik.ch\/it\/ingegneria\/strumenti-di-progettazione-digitale\/tekla-cataloghi-degli-elementi-costruttivi\/\" \/>\n<meta property=\"og:site_name\" content=\"Bewehrungstechnik\" \/>\n<meta property=\"article:modified_time\" content=\"2026-02-02T10:56:03+00:00\" \/>\n<meta name=\"twitter:card\" content=\"summary_large_image\" \/>\n<script type=\"application\/ld+json\" class=\"yoast-schema-graph\">{\"@context\":\"https:\\\/\\\/schema.org\",\"@graph\":[{\"@type\":\"WebPage\",\"@id\":\"https:\\\/\\\/bewehrungstechnik.ch\\\/it\\\/ingegneria\\\/strumenti-di-progettazione-digitale\\\/tekla-cataloghi-degli-elementi-costruttivi\\\/\",\"url\":\"https:\\\/\\\/bewehrungstechnik.ch\\\/it\\\/ingegneria\\\/strumenti-di-progettazione-digitale\\\/tekla-cataloghi-degli-elementi-costruttivi\\\/\",\"name\":\"Bewehrungstechnik Tekla | Debrunner Acifer Bewehrungen\",\"isPartOf\":{\"@id\":\"https:\\\/\\\/bewehrungstechnik.ch\\\/it\\\/#website\"},\"datePublished\":\"2026-01-29T09:40:48+00:00\",\"dateModified\":\"2026-02-02T10:56:03+00:00\",\"description\":\"Sviluppiamo continuamente la nostra tecnologia di rinforzo per Tekla Structures. Scopri di pi\u00f9 ora!\",\"breadcrumb\":{\"@id\":\"https:\\\/\\\/bewehrungstechnik.ch\\\/it\\\/ingegneria\\\/strumenti-di-progettazione-digitale\\\/tekla-cataloghi-degli-elementi-costruttivi\\\/#breadcrumb\"},\"inLanguage\":\"it-IT\",\"potentialAction\":[{\"@type\":\"ReadAction\",\"target\":[\"https:\\\/\\\/bewehrungstechnik.ch\\\/it\\\/ingegneria\\\/strumenti-di-progettazione-digitale\\\/tekla-cataloghi-degli-elementi-costruttivi\\\/\"]}]},{\"@type\":\"BreadcrumbList\",\"@id\":\"https:\\\/\\\/bewehrungstechnik.ch\\\/it\\\/ingegneria\\\/strumenti-di-progettazione-digitale\\\/tekla-cataloghi-degli-elementi-costruttivi\\\/#breadcrumb\",\"itemListElement\":[{\"@type\":\"ListItem\",\"position\":1,\"name\":\"Home\",\"item\":\"https:\\\/\\\/bewehrungstechnik.ch\\\/it\\\/\"},{\"@type\":\"ListItem\",\"position\":2,\"name\":\"Ingegneria\",\"item\":\"https:\\\/\\\/bewehrungstechnik.ch\\\/it\\\/ingegneria\\\/\"},{\"@type\":\"ListItem\",\"position\":3,\"name\":\"Strumenti di progettazione digitale\",\"item\":\"https:\\\/\\\/bewehrungstechnik.ch\\\/it\\\/ingegneria\\\/strumenti-di-progettazione-digitale\\\/\"},{\"@type\":\"ListItem\",\"position\":4,\"name\":\"Tekla \u2013 Cataloghi degli elementi costruttivi\"}]},{\"@type\":\"WebSite\",\"@id\":\"https:\\\/\\\/bewehrungstechnik.ch\\\/it\\\/#website\",\"url\":\"https:\\\/\\\/bewehrungstechnik.ch\\\/it\\\/\",\"name\":\"Bewehrungstechnik\",\"description\":\"Just another WordPress site\",\"publisher\":{\"@id\":\"https:\\\/\\\/bewehrungstechnik.ch\\\/it\\\/#organization\"},\"potentialAction\":[{\"@type\":\"SearchAction\",\"target\":{\"@type\":\"EntryPoint\",\"urlTemplate\":\"https:\\\/\\\/bewehrungstechnik.ch\\\/it\\\/?s={search_term_string}\"},\"query-input\":{\"@type\":\"PropertyValueSpecification\",\"valueRequired\":true,\"valueName\":\"search_term_string\"}}],\"inLanguage\":\"it-IT\"},{\"@type\":\"Organization\",\"@id\":\"https:\\\/\\\/bewehrungstechnik.ch\\\/it\\\/#organization\",\"name\":\"Bewehrungstechnik\",\"url\":\"https:\\\/\\\/bewehrungstechnik.ch\\\/it\\\/\",\"logo\":{\"@type\":\"ImageObject\",\"inLanguage\":\"it-IT\",\"@id\":\"https:\\\/\\\/bewehrungstechnik.ch\\\/it\\\/#\\\/schema\\\/logo\\\/image\\\/\",\"url\":\"https:\\\/\\\/bewehrungstechnik.ch\\\/wp-content\\\/uploads\\\/2021\\\/03\\\/logo.svg\",\"contentUrl\":\"https:\\\/\\\/bewehrungstechnik.ch\\\/wp-content\\\/uploads\\\/2021\\\/03\\\/logo.svg\",\"width\":436,\"height\":436,\"caption\":\"Bewehrungstechnik\"},\"image\":{\"@id\":\"https:\\\/\\\/bewehrungstechnik.ch\\\/it\\\/#\\\/schema\\\/logo\\\/image\\\/\"}}]}<\/script>\n<!-- \/ Yoast SEO plugin. -->","yoast_head_json":{"title":"Bewehrungstechnik Tekla | Debrunner Acifer Bewehrungen","description":"Sviluppiamo continuamente la nostra tecnologia di rinforzo per Tekla Structures. Scopri di pi\u00f9 ora!","robots":{"index":"index","follow":"follow","max-snippet":"max-snippet:-1","max-image-preview":"max-image-preview:large","max-video-preview":"max-video-preview:-1"},"canonical":"https:\/\/bewehrungstechnik.ch\/it\/ingegneria\/strumenti-di-progettazione-digitale\/tekla-cataloghi-degli-elementi-costruttivi\/","og_locale":"it_IT","og_type":"article","og_title":"Bewehrungstechnik Tekla | Debrunner Acifer Bewehrungen","og_description":"Sviluppiamo continuamente la nostra tecnologia di rinforzo per Tekla Structures. Scopri di pi\u00f9 ora!","og_url":"https:\/\/bewehrungstechnik.ch\/it\/ingegneria\/strumenti-di-progettazione-digitale\/tekla-cataloghi-degli-elementi-costruttivi\/","og_site_name":"Bewehrungstechnik","article_modified_time":"2026-02-02T10:56:03+00:00","twitter_card":"summary_large_image","schema":{"@context":"https:\/\/schema.org","@graph":[{"@type":"WebPage","@id":"https:\/\/bewehrungstechnik.ch\/it\/ingegneria\/strumenti-di-progettazione-digitale\/tekla-cataloghi-degli-elementi-costruttivi\/","url":"https:\/\/bewehrungstechnik.ch\/it\/ingegneria\/strumenti-di-progettazione-digitale\/tekla-cataloghi-degli-elementi-costruttivi\/","name":"Bewehrungstechnik Tekla | Debrunner Acifer Bewehrungen","isPartOf":{"@id":"https:\/\/bewehrungstechnik.ch\/it\/#website"},"datePublished":"2026-01-29T09:40:48+00:00","dateModified":"2026-02-02T10:56:03+00:00","description":"Sviluppiamo continuamente la nostra tecnologia di rinforzo per Tekla Structures. Scopri di pi\u00f9 ora!","breadcrumb":{"@id":"https:\/\/bewehrungstechnik.ch\/it\/ingegneria\/strumenti-di-progettazione-digitale\/tekla-cataloghi-degli-elementi-costruttivi\/#breadcrumb"},"inLanguage":"it-IT","potentialAction":[{"@type":"ReadAction","target":["https:\/\/bewehrungstechnik.ch\/it\/ingegneria\/strumenti-di-progettazione-digitale\/tekla-cataloghi-degli-elementi-costruttivi\/"]}]},{"@type":"BreadcrumbList","@id":"https:\/\/bewehrungstechnik.ch\/it\/ingegneria\/strumenti-di-progettazione-digitale\/tekla-cataloghi-degli-elementi-costruttivi\/#breadcrumb","itemListElement":[{"@type":"ListItem","position":1,"name":"Home","item":"https:\/\/bewehrungstechnik.ch\/it\/"},{"@type":"ListItem","position":2,"name":"Ingegneria","item":"https:\/\/bewehrungstechnik.ch\/it\/ingegneria\/"},{"@type":"ListItem","position":3,"name":"Strumenti di progettazione digitale","item":"https:\/\/bewehrungstechnik.ch\/it\/ingegneria\/strumenti-di-progettazione-digitale\/"},{"@type":"ListItem","position":4,"name":"Tekla \u2013 Cataloghi degli elementi costruttivi"}]},{"@type":"WebSite","@id":"https:\/\/bewehrungstechnik.ch\/it\/#website","url":"https:\/\/bewehrungstechnik.ch\/it\/","name":"Bewehrungstechnik","description":"Just another WordPress site","publisher":{"@id":"https:\/\/bewehrungstechnik.ch\/it\/#organization"},"potentialAction":[{"@type":"SearchAction","target":{"@type":"EntryPoint","urlTemplate":"https:\/\/bewehrungstechnik.ch\/it\/?s={search_term_string}"},"query-input":{"@type":"PropertyValueSpecification","valueRequired":true,"valueName":"search_term_string"}}],"inLanguage":"it-IT"},{"@type":"Organization","@id":"https:\/\/bewehrungstechnik.ch\/it\/#organization","name":"Bewehrungstechnik","url":"https:\/\/bewehrungstechnik.ch\/it\/","logo":{"@type":"ImageObject","inLanguage":"it-IT","@id":"https:\/\/bewehrungstechnik.ch\/it\/#\/schema\/logo\/image\/","url":"https:\/\/bewehrungstechnik.ch\/wp-content\/uploads\/2021\/03\/logo.svg","contentUrl":"https:\/\/bewehrungstechnik.ch\/wp-content\/uploads\/2021\/03\/logo.svg","width":436,"height":436,"caption":"Bewehrungstechnik"},"image":{"@id":"https:\/\/bewehrungstechnik.ch\/it\/#\/schema\/logo\/image\/"}}]}},"_links":{"self":[{"href":"https:\/\/bewehrungstechnik.ch\/it\/wp-json\/wp\/v2\/pages\/12241","targetHints":{"allow":["GET"]}}],"collection":[{"href":"https:\/\/bewehrungstechnik.ch\/it\/wp-json\/wp\/v2\/pages"}],"about":[{"href":"https:\/\/bewehrungstechnik.ch\/it\/wp-json\/wp\/v2\/types\/page"}],"author":[{"embeddable":true,"href":"https:\/\/bewehrungstechnik.ch\/it\/wp-json\/wp\/v2\/users\/4"}],"replies":[{"embeddable":true,"href":"https:\/\/bewehrungstechnik.ch\/it\/wp-json\/wp\/v2\/comments?post=12241"}],"version-history":[{"count":1,"href":"https:\/\/bewehrungstechnik.ch\/it\/wp-json\/wp\/v2\/pages\/12241\/revisions"}],"predecessor-version":[{"id":12246,"href":"https:\/\/bewehrungstechnik.ch\/it\/wp-json\/wp\/v2\/pages\/12241\/revisions\/12246"}],"up":[{"embeddable":true,"href":"https:\/\/bewehrungstechnik.ch\/it\/wp-json\/wp\/v2\/pages\/12310"}],"wp:attachment":[{"href":"https:\/\/bewehrungstechnik.ch\/it\/wp-json\/wp\/v2\/media?parent=12241"}],"curies":[{"name":"wp","href":"https:\/\/api.w.org\/{rel}","templated":true}]}}