{"id":12249,"date":"2026-01-29T10:45:27","date_gmt":"2026-01-29T10:45:27","guid":{"rendered":"https:\/\/bewehrungstechnik.ch\/magex-dal-punto-di-vista-del-consulente-per-il-committente\/"},"modified":"2026-01-29T10:45:28","modified_gmt":"2026-01-29T10:45:28","slug":"magex-dal-punto-di-vista-del-consulente-per-il-committente","status":"publish","type":"page","link":"https:\/\/bewehrungstechnik.ch\/it\/magex-dal-punto-di-vista-del-consulente-per-il-committente\/","title":{"rendered":"MAGEX\u00ae dal punto di vista del consulente per il committente"},"content":{"rendered":"\n      <p id=\"block_2a9c026c911b83401d5ac932a893d13d\" class=\"c-title mt-0 mb-6 lg:mb-17 alignwidetext-left l-block\"  >\n  \n  MAGEX\u00ae dal punto di vista del consulente per il committente<\/p>\n<div class=\"wp-block-columns is-layout-flex wp-container-core-columns-is-layout-9d6595d7 wp-block-columns-is-layout-flex\">\n<div class=\"wp-block-column is-layout-flow wp-block-column-is-layout-flow\">\n<h2 class=\"wp-block-heading\"><strong>Intervista con Erika Roos<\/strong><\/h2>\n\n\n\n<p><strong><em><mark class=\"has-inline-color has-primary-color\" style=\"background-color: rgba(0, 0, 0, 0);\">Amministratrice delegata della Fondazione Viscosuisse<\/mark><\/em><\/strong><\/p>\n\n\n\n<p><strong>Perch\u00e9 la Fondazione Viscosuisse ha utilizzato l&#8217;acciaio per cemento armato smagnetizzato MAGEX\u00ae nell&#8217;edificio plurifamiliare di Emmen?<\/strong><\/p>\n\n\n\n<p>Sono convinto che un campo magnetico terrestre disturbato abbia effetti negativi sulla salute dell&#8217;uomo. L&#8217;acciaio per cemento armato convenzionale pu\u00f2 essere magnetizzato e quindi alterare in modo dimostrabile il campo magnetico terrestre naturale. Una volta posato, pu\u00f2 quindi influire negativamente sulla salute dell&#8217;uomo per generazioni.<\/p>\n\n\n\n<p><strong>Durante la fase di costruzione del condominio, lei ha affermato, in merito all&#8217;utilizzo dell&#8217;acciaio per cemento armato smagnetizzato: \u00abSe le persone si sentono a proprio agio nel loro appartamento e stanno bene, abbiamo meno cambi di inquilini e quasi nessun appartamento vuoto\u00bb. La sua affermazione si \u00e8 rivelata vera?<\/strong><\/p>\n\n\n\n<p>La mia affermazione del luglio 2018 era una pura supposizione basata sulla mia convinzione. Nel settembre 2019 i primi inquilini si sono trasferiti nel condominio e in effetti non abbiamo registrato quasi nessun cambio di inquilini. Le poche disdette sono dovute alle circostanze di vita degli inquilini, non all&#8217;appartamento.<\/p>\n\n\n\n<p><strong>E per quanto riguarda gli appartamenti sfitti?<\/strong><\/p>\n\n\n\n<p>Finora non abbiamo avuto appartamenti sfitti. Naturalmente, sono realista, i rari cambi di inquilini e l&#8217;assenza di appartamenti sfitti non possono essere attribuiti esclusivamente all&#8217;acciaio per cemento armato smagnetizzato. I colori, i materiali, le forme, l&#8217;affitto e l&#8217;amministrazione sono elementi altrettanto determinanti per il benessere in un appartamento.<\/p>\n\n\n\n<p><strong>I 65 000 franchi di costi aggiuntivi per l&#8217;acciaio per cemento armato smagnetizzato sono stati ben spesi?<\/strong><\/p>\n\n\n\n<p>S\u00ec, ne siamo convinti sia io che il consiglio di fondazione. Gli inquilini di Thanstrasse 3 si trovano molto bene. Anche l&#8217;amministratrice dice di provare una sensazione particolarmente piacevole in questo edificio rispetto ad altri immobili di cui si occupa. A ci\u00f2 si aggiunge il fatto che a Emmen abbiamo costruito appartamenti per famiglie. I bambini sono particolarmente sensibili e devono essere protetti nel miglior modo possibile. Se si hanno le possibilit\u00e0 finanziarie, non bisogna esitare a sostenere costi maggiori. Per me \u00e8 stata la decisione giusta utilizzare l&#8217;acciaio per cemento armato smagnetizzato e sono lieto che il consiglio di fondazione abbia approvato i costi aggiuntivi.<\/p>\n\n\n\n<p><strong>La Fondazione Viscosuisse ha costruito altri immobili con MAGEX\u00ae?<\/strong><\/p>\n\n\n\n<p>Non abbiamo in programma altri progetti di costruzione, n\u00e9 con acciaio per cemento armato convenzionale n\u00e9 con acciaio smagnetizzato. Siamo una fondazione e gli immobili non sono la nostra attivit\u00e0 principale. Gi\u00e0 da tempo avevamo constatato che a Emmen c&#8217;erano troppo pochi appartamenti a prezzi accessibili. Poi abbiamo avuto l&#8217;occasione inaspettata di acquistare il terreno sulla Thanstrasse, ed \u00e8 cos\u00ec che \u00e8 nato il caso speciale della \u00abnuova costruzione a Emmen\u00bb. Per il resto ci occupiamo solo dei nostri vecchi edifici, che ristrutturiamo. Se dovessimo affrontare nuovamente la questione di una nuova costruzione, \u00e8 chiaro che utilizzeremmo ancora una volta l&#8217;acciaio per cemento armato smagnetizzato.<\/p>\n\n\n\n<p><strong>Quanto siete rimasti soddisfatti della consegna e della posa dell&#8217;acciaio per cemento armato smagnetizzato?<\/strong><\/p>\n\n\n\n<p>La consegna e le misurazioni dell&#8217;acciaio per cemento armato sono avvenute come annunciato e anche la posa \u00e8 andata a buon fine. Era importante che l&#8217;acciaio per cemento armato smagnetizzato fosse rigorosamente separato dall&#8217;acciaio per cemento armato convenzionale utilizzato per il garage, la tromba delle scale e l&#8217;ascensore, in modo che non si ricaricasse.<\/p>\n\n\n\n<p><strong>Cosa consigliate ai committenti o agli architetti?<\/strong><\/p>\n\n\n\n<p>In caso di nuova costruzione, si potrebbe valutare l&#8217;utilizzo di acciaio per cemento armato smagnetizzato. I costi aggiuntivi sono solo tra lo 0,5 e l&#8217;1,5% del costo totale della costruzione. Tuttavia, molti committenti e architetti non sanno nemmeno che esiste l&#8217;acciaio per cemento armato smagnetizzato. Utilizzandolo, potrebbero fare qualcosa a favore della salute degli abitanti. La salubrit\u00e0 degli ambienti abitativi \u00e8 sempre pi\u00f9 importante per le persone. Perch\u00e9 quindi non unire due interessi: da un lato la salute degli inquilini e dall&#8217;altro la prevenzione del trasferimento degli inquilini e degli immobili sfitti?<\/p>\n<\/div>\n\n\n\n<div class=\"wp-block-column is-layout-flow wp-block-column-is-layout-flow\">\n<figure class=\"wp-block-image size-large\"><img loading=\"lazy\" decoding=\"async\" width=\"768\" height=\"1024\" src=\"https:\/\/bewehrungstechnik.ch\/wp-content\/uploads\/entmagnetisierter-bewehrungsstahl-magex-6-768x1024.jpg\" alt=\"Acciaio per cemento armato smagnetizzato MAGEX&#xAE; Fondazione Viscosuisse\" class=\"wp-image-7779\" srcset=\"https:\/\/bewehrungstechnik.ch\/wp-content\/uploads\/entmagnetisierter-bewehrungsstahl-magex-6-768x1024.jpg 768w, https:\/\/bewehrungstechnik.ch\/wp-content\/uploads\/entmagnetisierter-bewehrungsstahl-magex-6-225x300.jpg 225w, https:\/\/bewehrungstechnik.ch\/wp-content\/uploads\/entmagnetisierter-bewehrungsstahl-magex-6-1152x1536.jpg 1152w, https:\/\/bewehrungstechnik.ch\/wp-content\/uploads\/entmagnetisierter-bewehrungsstahl-magex-6-1536x2048.jpg 1536w, https:\/\/bewehrungstechnik.ch\/wp-content\/uploads\/entmagnetisierter-bewehrungsstahl-magex-6-436x581.jpg 436w, https:\/\/bewehrungstechnik.ch\/wp-content\/uploads\/entmagnetisierter-bewehrungsstahl-magex-6-550x733.jpg 550w, https:\/\/bewehrungstechnik.ch\/wp-content\/uploads\/entmagnetisierter-bewehrungsstahl-magex-6-scaled.jpg 1920w\" sizes=\"auto, (max-width: 768px) 100vw, 768px\" \/><figcaption class=\"wp-element-caption\">Erika Roos, amministratrice delegata della Fondazione Viscosuisse, \u00e8 convinta dei vantaggi offerti da MAGEX.<\/figcaption><\/figure>\n<\/div>\n<\/div>\n\n      <div id=\"block_38747197ef166c4433e2bd5d30f8f697\" class=\"default-block-spacing text-center  l-block\"  >\n  \n  \n<!-- Rendering \"one\" mode -->\n                  <a href=\"https:\/\/bewehrungstechnik.ch\/blog\/gesund-wohnen-in-einem-stabilen-erdmagnetfeld\/\" class=\"c-btn c-btn-- mx-2\">\n        Torna all&#8217;articolo      <\/a>\n      \n<\/div>","protected":false},"excerpt":{"rendered":"<p>Intervista con Erika Roos Amministratrice delegata della Fondazione Viscosuisse Perch\u00e9 la Fondazione Viscosuisse ha utilizzato l&#8217;acciaio per cemento armato smagnetizzato MAGEX\u00ae nell&#8217;edificio plurifamiliare di Emmen? Sono convinto che un campo magnetico terrestre disturbato abbia effetti negativi sulla salute dell&#8217;uomo. L&#8217;acciaio per cemento armato convenzionale pu\u00f2 essere magnetizzato e quindi alterare in modo dimostrabile il campo [&hellip;]<\/p>\n","protected":false},"author":12,"featured_media":0,"parent":0,"menu_order":0,"comment_status":"closed","ping_status":"closed","template":"","meta":{"_acf_changed":false,"footnotes":""},"class_list":["post-12249","page","type-page","status-publish",""],"acf":[],"yoast_head":"<!-- This site is optimized with the Yoast SEO plugin v27.4 - https:\/\/yoast.com\/product\/yoast-seo-wordpress\/ -->\n<title>MAGEX\u00ae dal punto di vista del consulente per il committente - Bewehrungstechnik<\/title>\n<meta name=\"robots\" content=\"index, follow, max-snippet:-1, max-image-preview:large, max-video-preview:-1\" \/>\n<link rel=\"canonical\" href=\"https:\/\/bewehrungstechnik.ch\/it\/magex-dal-punto-di-vista-del-consulente-per-il-committente\/\" \/>\n<meta property=\"og:locale\" content=\"it_IT\" \/>\n<meta property=\"og:type\" content=\"article\" \/>\n<meta property=\"og:title\" content=\"MAGEX\u00ae dal punto di vista del consulente per il committente - Bewehrungstechnik\" \/>\n<meta property=\"og:description\" content=\"Intervista con Erika Roos Amministratrice delegata della Fondazione Viscosuisse Perch\u00e9 la Fondazione Viscosuisse ha utilizzato l&#8217;acciaio per cemento armato smagnetizzato MAGEX\u00ae nell&#8217;edificio plurifamiliare di Emmen? Sono convinto che un campo magnetico terrestre disturbato abbia effetti negativi sulla salute dell&#8217;uomo. L&#8217;acciaio per cemento armato convenzionale pu\u00f2 essere magnetizzato e quindi alterare in modo dimostrabile il campo [&hellip;]\" \/>\n<meta property=\"og:url\" content=\"https:\/\/bewehrungstechnik.ch\/it\/magex-dal-punto-di-vista-del-consulente-per-il-committente\/\" \/>\n<meta property=\"og:site_name\" content=\"Bewehrungstechnik\" \/>\n<meta property=\"article:modified_time\" content=\"2026-01-29T10:45:28+00:00\" \/>\n<meta property=\"og:image\" content=\"https:\/\/bewehrungstechnik.ch\/wp-content\/uploads\/entmagnetisierter-bewehrungsstahl-magex-6-scaled.jpg\" \/>\n\t<meta property=\"og:image:width\" content=\"1920\" \/>\n\t<meta property=\"og:image:height\" content=\"2560\" \/>\n\t<meta property=\"og:image:type\" content=\"image\/jpeg\" \/>\n<meta name=\"twitter:card\" content=\"summary_large_image\" \/>\n<script type=\"application\/ld+json\" class=\"yoast-schema-graph\">{\"@context\":\"https:\\\/\\\/schema.org\",\"@graph\":[{\"@type\":\"WebPage\",\"@id\":\"https:\\\/\\\/bewehrungstechnik.ch\\\/it\\\/magex-dal-punto-di-vista-del-consulente-per-il-committente\\\/\",\"url\":\"https:\\\/\\\/bewehrungstechnik.ch\\\/it\\\/magex-dal-punto-di-vista-del-consulente-per-il-committente\\\/\",\"name\":\"MAGEX\u00ae dal punto di vista del consulente per il committente - Bewehrungstechnik\",\"isPartOf\":{\"@id\":\"https:\\\/\\\/bewehrungstechnik.ch\\\/it\\\/#website\"},\"primaryImageOfPage\":{\"@id\":\"https:\\\/\\\/bewehrungstechnik.ch\\\/it\\\/magex-dal-punto-di-vista-del-consulente-per-il-committente\\\/#primaryimage\"},\"image\":{\"@id\":\"https:\\\/\\\/bewehrungstechnik.ch\\\/it\\\/magex-dal-punto-di-vista-del-consulente-per-il-committente\\\/#primaryimage\"},\"thumbnailUrl\":\"https:\\\/\\\/bewehrungstechnik.ch\\\/wp-content\\\/uploads\\\/entmagnetisierter-bewehrungsstahl-magex-6-768x1024.jpg\",\"datePublished\":\"2026-01-29T10:45:27+00:00\",\"dateModified\":\"2026-01-29T10:45:28+00:00\",\"breadcrumb\":{\"@id\":\"https:\\\/\\\/bewehrungstechnik.ch\\\/it\\\/magex-dal-punto-di-vista-del-consulente-per-il-committente\\\/#breadcrumb\"},\"inLanguage\":\"it-IT\",\"potentialAction\":[{\"@type\":\"ReadAction\",\"target\":[\"https:\\\/\\\/bewehrungstechnik.ch\\\/it\\\/magex-dal-punto-di-vista-del-consulente-per-il-committente\\\/\"]}]},{\"@type\":\"ImageObject\",\"inLanguage\":\"it-IT\",\"@id\":\"https:\\\/\\\/bewehrungstechnik.ch\\\/it\\\/magex-dal-punto-di-vista-del-consulente-per-il-committente\\\/#primaryimage\",\"url\":\"https:\\\/\\\/bewehrungstechnik.ch\\\/wp-content\\\/uploads\\\/entmagnetisierter-bewehrungsstahl-magex-6-768x1024.jpg\",\"contentUrl\":\"https:\\\/\\\/bewehrungstechnik.ch\\\/wp-content\\\/uploads\\\/entmagnetisierter-bewehrungsstahl-magex-6-768x1024.jpg\"},{\"@type\":\"BreadcrumbList\",\"@id\":\"https:\\\/\\\/bewehrungstechnik.ch\\\/it\\\/magex-dal-punto-di-vista-del-consulente-per-il-committente\\\/#breadcrumb\",\"itemListElement\":[{\"@type\":\"ListItem\",\"position\":1,\"name\":\"Home\",\"item\":\"https:\\\/\\\/bewehrungstechnik.ch\\\/it\\\/\"},{\"@type\":\"ListItem\",\"position\":2,\"name\":\"MAGEX\u00ae dal punto di vista del consulente per il committente\"}]},{\"@type\":\"WebSite\",\"@id\":\"https:\\\/\\\/bewehrungstechnik.ch\\\/it\\\/#website\",\"url\":\"https:\\\/\\\/bewehrungstechnik.ch\\\/it\\\/\",\"name\":\"Bewehrungstechnik\",\"description\":\"Just another WordPress site\",\"publisher\":{\"@id\":\"https:\\\/\\\/bewehrungstechnik.ch\\\/it\\\/#organization\"},\"potentialAction\":[{\"@type\":\"SearchAction\",\"target\":{\"@type\":\"EntryPoint\",\"urlTemplate\":\"https:\\\/\\\/bewehrungstechnik.ch\\\/it\\\/?s={search_term_string}\"},\"query-input\":{\"@type\":\"PropertyValueSpecification\",\"valueRequired\":true,\"valueName\":\"search_term_string\"}}],\"inLanguage\":\"it-IT\"},{\"@type\":\"Organization\",\"@id\":\"https:\\\/\\\/bewehrungstechnik.ch\\\/it\\\/#organization\",\"name\":\"Bewehrungstechnik\",\"url\":\"https:\\\/\\\/bewehrungstechnik.ch\\\/it\\\/\",\"logo\":{\"@type\":\"ImageObject\",\"inLanguage\":\"it-IT\",\"@id\":\"https:\\\/\\\/bewehrungstechnik.ch\\\/it\\\/#\\\/schema\\\/logo\\\/image\\\/\",\"url\":\"https:\\\/\\\/bewehrungstechnik.ch\\\/wp-content\\\/uploads\\\/2021\\\/03\\\/logo.svg\",\"contentUrl\":\"https:\\\/\\\/bewehrungstechnik.ch\\\/wp-content\\\/uploads\\\/2021\\\/03\\\/logo.svg\",\"width\":436,\"height\":436,\"caption\":\"Bewehrungstechnik\"},\"image\":{\"@id\":\"https:\\\/\\\/bewehrungstechnik.ch\\\/it\\\/#\\\/schema\\\/logo\\\/image\\\/\"}}]}<\/script>\n<!-- \/ Yoast SEO plugin. -->","yoast_head_json":{"title":"MAGEX\u00ae dal punto di vista del consulente per il committente - Bewehrungstechnik","robots":{"index":"index","follow":"follow","max-snippet":"max-snippet:-1","max-image-preview":"max-image-preview:large","max-video-preview":"max-video-preview:-1"},"canonical":"https:\/\/bewehrungstechnik.ch\/it\/magex-dal-punto-di-vista-del-consulente-per-il-committente\/","og_locale":"it_IT","og_type":"article","og_title":"MAGEX\u00ae dal punto di vista del consulente per il committente - Bewehrungstechnik","og_description":"Intervista con Erika Roos Amministratrice delegata della Fondazione Viscosuisse Perch\u00e9 la Fondazione Viscosuisse ha utilizzato l&#8217;acciaio per cemento armato smagnetizzato MAGEX\u00ae nell&#8217;edificio plurifamiliare di Emmen? Sono convinto che un campo magnetico terrestre disturbato abbia effetti negativi sulla salute dell&#8217;uomo. L&#8217;acciaio per cemento armato convenzionale pu\u00f2 essere magnetizzato e quindi alterare in modo dimostrabile il campo [&hellip;]","og_url":"https:\/\/bewehrungstechnik.ch\/it\/magex-dal-punto-di-vista-del-consulente-per-il-committente\/","og_site_name":"Bewehrungstechnik","article_modified_time":"2026-01-29T10:45:28+00:00","og_image":[{"width":1920,"height":2560,"url":"https:\/\/bewehrungstechnik.ch\/wp-content\/uploads\/entmagnetisierter-bewehrungsstahl-magex-6-scaled.jpg","type":"image\/jpeg"}],"twitter_card":"summary_large_image","schema":{"@context":"https:\/\/schema.org","@graph":[{"@type":"WebPage","@id":"https:\/\/bewehrungstechnik.ch\/it\/magex-dal-punto-di-vista-del-consulente-per-il-committente\/","url":"https:\/\/bewehrungstechnik.ch\/it\/magex-dal-punto-di-vista-del-consulente-per-il-committente\/","name":"MAGEX\u00ae dal punto di vista del consulente per il committente - Bewehrungstechnik","isPartOf":{"@id":"https:\/\/bewehrungstechnik.ch\/it\/#website"},"primaryImageOfPage":{"@id":"https:\/\/bewehrungstechnik.ch\/it\/magex-dal-punto-di-vista-del-consulente-per-il-committente\/#primaryimage"},"image":{"@id":"https:\/\/bewehrungstechnik.ch\/it\/magex-dal-punto-di-vista-del-consulente-per-il-committente\/#primaryimage"},"thumbnailUrl":"https:\/\/bewehrungstechnik.ch\/wp-content\/uploads\/entmagnetisierter-bewehrungsstahl-magex-6-768x1024.jpg","datePublished":"2026-01-29T10:45:27+00:00","dateModified":"2026-01-29T10:45:28+00:00","breadcrumb":{"@id":"https:\/\/bewehrungstechnik.ch\/it\/magex-dal-punto-di-vista-del-consulente-per-il-committente\/#breadcrumb"},"inLanguage":"it-IT","potentialAction":[{"@type":"ReadAction","target":["https:\/\/bewehrungstechnik.ch\/it\/magex-dal-punto-di-vista-del-consulente-per-il-committente\/"]}]},{"@type":"ImageObject","inLanguage":"it-IT","@id":"https:\/\/bewehrungstechnik.ch\/it\/magex-dal-punto-di-vista-del-consulente-per-il-committente\/#primaryimage","url":"https:\/\/bewehrungstechnik.ch\/wp-content\/uploads\/entmagnetisierter-bewehrungsstahl-magex-6-768x1024.jpg","contentUrl":"https:\/\/bewehrungstechnik.ch\/wp-content\/uploads\/entmagnetisierter-bewehrungsstahl-magex-6-768x1024.jpg"},{"@type":"BreadcrumbList","@id":"https:\/\/bewehrungstechnik.ch\/it\/magex-dal-punto-di-vista-del-consulente-per-il-committente\/#breadcrumb","itemListElement":[{"@type":"ListItem","position":1,"name":"Home","item":"https:\/\/bewehrungstechnik.ch\/it\/"},{"@type":"ListItem","position":2,"name":"MAGEX\u00ae dal punto di vista del consulente per il committente"}]},{"@type":"WebSite","@id":"https:\/\/bewehrungstechnik.ch\/it\/#website","url":"https:\/\/bewehrungstechnik.ch\/it\/","name":"Bewehrungstechnik","description":"Just another WordPress site","publisher":{"@id":"https:\/\/bewehrungstechnik.ch\/it\/#organization"},"potentialAction":[{"@type":"SearchAction","target":{"@type":"EntryPoint","urlTemplate":"https:\/\/bewehrungstechnik.ch\/it\/?s={search_term_string}"},"query-input":{"@type":"PropertyValueSpecification","valueRequired":true,"valueName":"search_term_string"}}],"inLanguage":"it-IT"},{"@type":"Organization","@id":"https:\/\/bewehrungstechnik.ch\/it\/#organization","name":"Bewehrungstechnik","url":"https:\/\/bewehrungstechnik.ch\/it\/","logo":{"@type":"ImageObject","inLanguage":"it-IT","@id":"https:\/\/bewehrungstechnik.ch\/it\/#\/schema\/logo\/image\/","url":"https:\/\/bewehrungstechnik.ch\/wp-content\/uploads\/2021\/03\/logo.svg","contentUrl":"https:\/\/bewehrungstechnik.ch\/wp-content\/uploads\/2021\/03\/logo.svg","width":436,"height":436,"caption":"Bewehrungstechnik"},"image":{"@id":"https:\/\/bewehrungstechnik.ch\/it\/#\/schema\/logo\/image\/"}}]}},"_links":{"self":[{"href":"https:\/\/bewehrungstechnik.ch\/it\/wp-json\/wp\/v2\/pages\/12249","targetHints":{"allow":["GET"]}}],"collection":[{"href":"https:\/\/bewehrungstechnik.ch\/it\/wp-json\/wp\/v2\/pages"}],"about":[{"href":"https:\/\/bewehrungstechnik.ch\/it\/wp-json\/wp\/v2\/types\/page"}],"author":[{"embeddable":true,"href":"https:\/\/bewehrungstechnik.ch\/it\/wp-json\/wp\/v2\/users\/12"}],"replies":[{"embeddable":true,"href":"https:\/\/bewehrungstechnik.ch\/it\/wp-json\/wp\/v2\/comments?post=12249"}],"version-history":[{"count":1,"href":"https:\/\/bewehrungstechnik.ch\/it\/wp-json\/wp\/v2\/pages\/12249\/revisions"}],"predecessor-version":[{"id":12250,"href":"https:\/\/bewehrungstechnik.ch\/it\/wp-json\/wp\/v2\/pages\/12249\/revisions\/12250"}],"wp:attachment":[{"href":"https:\/\/bewehrungstechnik.ch\/it\/wp-json\/wp\/v2\/media?parent=12249"}],"curies":[{"name":"wp","href":"https:\/\/api.w.org\/{rel}","templated":true}]}}