{"id":12252,"date":"2026-01-29T12:20:41","date_gmt":"2026-01-29T12:20:41","guid":{"rendered":"https:\/\/bewehrungstechnik.ch\/magex-dal-punto-di-vista-del-consulente-per-il-committente-2\/"},"modified":"2026-01-29T12:20:42","modified_gmt":"2026-01-29T12:20:42","slug":"magex-dal-punto-di-vista-del-consulente-per-il-committente-2","status":"publish","type":"page","link":"https:\/\/bewehrungstechnik.ch\/it\/magex-dal-punto-di-vista-del-consulente-per-il-committente-2\/","title":{"rendered":"MAGEX\u00ae dal punto di vista del consulente per il committente"},"content":{"rendered":"\n      <p id=\"block_dd3d072fb593b130bbf0dddd535b5938\" class=\"c-title mt-0 mb-6 lg:mb-17 alignwidetext-left l-block\"  >\n  \n  MAGEX\u00ae dal punto di vista del consulente per il committente<\/p>\n<div class=\"wp-block-columns is-layout-flex wp-container-core-columns-is-layout-9d6595d7 wp-block-columns-is-layout-flex\">\n<div class=\"wp-block-column is-layout-flow wp-block-column-is-layout-flow\">\n<h3 class=\"wp-block-heading\"><strong>Intervista a Philipp Zurfluh<\/strong><\/h3>\n\n\n\n<p><strong>Consulente per il committente per grandi progetti<\/strong><\/p>\n\n\n\n<p>Philipp Zurfluh \u00e8 impresario costruttore diplomato SBV, economista aziendale diplomato NDS e dal 1999 al 2020 \u00e8 stato responsabile dell&#8217;unit\u00e0 costruzioni della Svizzera centrale presso Implenia AG. L&#8217;azienda svizzera di servizi immobiliari e di costruzione \u00e8 attiva nello sviluppo, nell&#8217;edilizia e nell&#8217;ingegneria civile in Svizzera e in Germania. Dal 2020 al 2023 ha diretto la Kalbermatter AG di Wassen UR. L&#8217;azienda, attiva nel settore dell&#8217;edilizia, dell&#8217;ingegneria civile e della costruzioni stradali, attiva nella Svizzera centrale. Da ottobre 2023 Philipp Zurfluh lavora in proprio e fornisce consulenza ai committenti (BHU\/BHB) per grandi progetti.<\/p>\n\n\n\n<p><strong>Lei ha fornito consulenza a Erika Roos in qualit\u00e0 di esperto edile per l&#8217;immobile MFH Tannstrasse 3 a Emmen. Da dove nasce il suo interesse per l&#8217;edilizia e l&#8217;abitare sano?<\/strong><\/p>\n\n\n\n<p>L&#8217;ecologia nell&#8217;edilizia \u00e8 diventata un tema importante in generale. Sia i proprietari che gli inquilini attribuiscono sempre pi\u00f9 importanza a un clima interno sano. Sono favorevole all&#8217;uso dell&#8217;acciaio per cemento armato smagnetizzato MAGEX\u00ae e, in caso di ristrutturazioni, alla smagnetizzazione a posteriori nelle zone notte. Abbiamo applicato con successo questo metodo in un condominio di dieci appartamenti a Fl\u00fcelen e in un hotel ad Andermatt.<\/p>\n\n\n\n<p><strong>Ha avuto esperienze personali con campi magnetici terrestri disturbati?<\/strong><\/p>\n\n\n\n<p>Le persone reagiscono in modo molto diverso ai campi magnetici terrestri disturbati o alle radiazioni elettriche. Mentre alcuni non percepiscono alcun effetto negativo, altri manifestano disturbi di salute e malattie. La gamma va dal nervosismo, alla mancanza di concentrazione, all&#8217;esaurimento, ai dolori articolari e altro. Personalmente ho notato che al mattino non mi sento veramente riposato. Ho notato che nostra figlia sceglieva un posto ben preciso nel lettino e evitava accuratamente l&#8217;altra parte del letto. Sembrava che volesse sfuggire a qualcosa. All&#8217;epoca era spesso irritabile e piagnucolosa. Di conseguenza, di notte ho spento tutti gli apparecchi elettrici e il Wi-Fi. Ma solo la smagnetizzazione ha portato sollievo.<\/p>\n\n\n\n<p><strong>Cosa \u00e8 cambiato dopo la smagnetizzazione?<\/strong><\/p>\n\n\n\n<p>Dormo bene e mi sento in forma. Dopo le misure adottate, nostra figlia era pi\u00f9 equilibrata, riposata e soddisfatta. Abbiamo notato un netto miglioramento. Per quanto riguarda la mia salute, un campo magnetico terrestre stabile e la riduzione o l&#8217;eliminazione delle radiazioni elettromagnetiche, non sono una questione di fede o di superstizione, ma un dato di fatto.<\/p>\n\n\n\n<p><strong>Cosa consigliate alle persone interessate?<\/strong><\/p>\n\n\n\n<p>Ci sono molte ragioni possibili per cui non ci si sente bene. Forse la causa \u00e8 un campo magnetico terrestre disturbato. I campi magnetici disturbanti e le radiazioni elettriche sono dimostrabili e anche misurabili con precisione. Esistono aziende specializzate a cui \u00e8 possibile rivolgersi per effettuare misurazioni e smagnetizzazioni successive.<\/p>\n\n\n\n<p><strong>Cosa dovrebbero assolutamente sapere gli architetti e i committenti sugli interni salubri e a basso impatto ambientale?<\/strong><\/p>\n\n\n\n<p>Mi aspetto che i professionisti dell&#8217;edilizia si occupino di ecologia delle costruzioni. Lo richiede lo spirito del tempo e non \u00e8 solo una moda. Secondo la mia esperienza, i committenti attribuiscono grande importanza all&#8217;ecologia delle costruzioni, altri meno. Dipende dalla loro convinzione personale e da quella del consulente specializzato, quanto entrambi vogliano approfondire l&#8217;argomento. La discussione \u00e8 la stessa che si fa, ad esempio, sul Feng Shui, la teoria taoista dell&#8217;armonia diffusa in tutto il mondo. Non da ultimo, sono le possibilit\u00e0 finanziarie a decidere se, in una nuova costruzione verr\u00e0 utilizzato l&#8217;acciaio per armatura smagnetizzato MAGEX\u00ae.<\/p>\n<\/div>\n\n\n\n<div class=\"wp-block-column is-layout-flow wp-block-column-is-layout-flow\">\n<figure class=\"wp-block-image size-large\"><img loading=\"lazy\" decoding=\"async\" width=\"768\" height=\"1024\" src=\"https:\/\/bewehrungstechnik.ch\/wp-content\/uploads\/MAGEX-Herr-Zurfluh-768x1024.jpg\" alt=\"\" class=\"wp-image-7975\" srcset=\"https:\/\/bewehrungstechnik.ch\/wp-content\/uploads\/MAGEX-Herr-Zurfluh-768x1024.jpg 768w, https:\/\/bewehrungstechnik.ch\/wp-content\/uploads\/MAGEX-Herr-Zurfluh-225x300.jpg 225w, https:\/\/bewehrungstechnik.ch\/wp-content\/uploads\/MAGEX-Herr-Zurfluh-1152x1536.jpg 1152w, https:\/\/bewehrungstechnik.ch\/wp-content\/uploads\/MAGEX-Herr-Zurfluh-1536x2048.jpg 1536w, https:\/\/bewehrungstechnik.ch\/wp-content\/uploads\/MAGEX-Herr-Zurfluh-436x581.jpg 436w, https:\/\/bewehrungstechnik.ch\/wp-content\/uploads\/MAGEX-Herr-Zurfluh-550x733.jpg 550w, https:\/\/bewehrungstechnik.ch\/wp-content\/uploads\/MAGEX-Herr-Zurfluh-scaled.jpg 1920w\" sizes=\"auto, (max-width: 768px) 100vw, 768px\" \/><figcaption class=\"wp-element-caption\">Philipp Zurfluh, consulente per committenti di grandi progetti<\/figcaption><\/figure>\n<\/div>\n<\/div>\n\n      <div id=\"block_722ed115ad8d1f299f99e2c27fcade2f\" class=\"default-block-spacing text-center  l-block\"  >\n  \n  \n<!-- Rendering \"one\" mode -->\n                  <a href=\"https:\/\/bewehrungstechnik.ch\/blog\/gesund-wohnen-in-einem-stabilen-erdmagnetfeld\/\" class=\"c-btn c-btn-- mx-2\">\n        Torna all&#8217;articolo      <\/a>\n      \n<\/div>","protected":false},"excerpt":{"rendered":"<p>Intervista a Philipp Zurfluh Consulente per il committente per grandi progetti Philipp Zurfluh \u00e8 impresario costruttore diplomato SBV, economista aziendale diplomato NDS e dal 1999 al 2020 \u00e8 stato responsabile dell&#8217;unit\u00e0 costruzioni della Svizzera centrale presso Implenia AG. L&#8217;azienda svizzera di servizi immobiliari e di costruzione \u00e8 attiva nello sviluppo, nell&#8217;edilizia e nell&#8217;ingegneria civile in [&hellip;]<\/p>\n","protected":false},"author":12,"featured_media":0,"parent":0,"menu_order":0,"comment_status":"closed","ping_status":"closed","template":"","meta":{"_acf_changed":false,"footnotes":""},"class_list":["post-12252","page","type-page","status-publish",""],"acf":[],"yoast_head":"<!-- This site is optimized with the Yoast SEO plugin v27.4 - https:\/\/yoast.com\/product\/yoast-seo-wordpress\/ -->\n<title>MAGEX\u00ae dal punto di vista del consulente per il committente - Bewehrungstechnik<\/title>\n<meta name=\"robots\" content=\"index, follow, max-snippet:-1, max-image-preview:large, max-video-preview:-1\" \/>\n<link rel=\"canonical\" href=\"https:\/\/bewehrungstechnik.ch\/it\/magex-dal-punto-di-vista-del-consulente-per-il-committente-2\/\" \/>\n<meta property=\"og:locale\" content=\"it_IT\" \/>\n<meta property=\"og:type\" content=\"article\" \/>\n<meta property=\"og:title\" content=\"MAGEX\u00ae dal punto di vista del consulente per il committente - Bewehrungstechnik\" \/>\n<meta property=\"og:description\" content=\"Intervista a Philipp Zurfluh Consulente per il committente per grandi progetti Philipp Zurfluh \u00e8 impresario costruttore diplomato SBV, economista aziendale diplomato NDS e dal 1999 al 2020 \u00e8 stato responsabile dell&#8217;unit\u00e0 costruzioni della Svizzera centrale presso Implenia AG. L&#8217;azienda svizzera di servizi immobiliari e di costruzione \u00e8 attiva nello sviluppo, nell&#8217;edilizia e nell&#8217;ingegneria civile in [&hellip;]\" \/>\n<meta property=\"og:url\" content=\"https:\/\/bewehrungstechnik.ch\/it\/magex-dal-punto-di-vista-del-consulente-per-il-committente-2\/\" \/>\n<meta property=\"og:site_name\" content=\"Bewehrungstechnik\" \/>\n<meta property=\"article:modified_time\" content=\"2026-01-29T12:20:42+00:00\" \/>\n<meta property=\"og:image\" content=\"https:\/\/bewehrungstechnik.ch\/wp-content\/uploads\/MAGEX-Herr-Zurfluh-scaled.jpg\" \/>\n\t<meta property=\"og:image:width\" content=\"1920\" \/>\n\t<meta property=\"og:image:height\" content=\"2560\" \/>\n\t<meta property=\"og:image:type\" content=\"image\/jpeg\" \/>\n<meta name=\"twitter:card\" content=\"summary_large_image\" \/>\n<script type=\"application\/ld+json\" class=\"yoast-schema-graph\">{\"@context\":\"https:\\\/\\\/schema.org\",\"@graph\":[{\"@type\":\"WebPage\",\"@id\":\"https:\\\/\\\/bewehrungstechnik.ch\\\/it\\\/magex-dal-punto-di-vista-del-consulente-per-il-committente-2\\\/\",\"url\":\"https:\\\/\\\/bewehrungstechnik.ch\\\/it\\\/magex-dal-punto-di-vista-del-consulente-per-il-committente-2\\\/\",\"name\":\"MAGEX\u00ae dal punto di vista del consulente per il committente - Bewehrungstechnik\",\"isPartOf\":{\"@id\":\"https:\\\/\\\/bewehrungstechnik.ch\\\/it\\\/#website\"},\"primaryImageOfPage\":{\"@id\":\"https:\\\/\\\/bewehrungstechnik.ch\\\/it\\\/magex-dal-punto-di-vista-del-consulente-per-il-committente-2\\\/#primaryimage\"},\"image\":{\"@id\":\"https:\\\/\\\/bewehrungstechnik.ch\\\/it\\\/magex-dal-punto-di-vista-del-consulente-per-il-committente-2\\\/#primaryimage\"},\"thumbnailUrl\":\"https:\\\/\\\/bewehrungstechnik.ch\\\/wp-content\\\/uploads\\\/MAGEX-Herr-Zurfluh-768x1024.jpg\",\"datePublished\":\"2026-01-29T12:20:41+00:00\",\"dateModified\":\"2026-01-29T12:20:42+00:00\",\"breadcrumb\":{\"@id\":\"https:\\\/\\\/bewehrungstechnik.ch\\\/it\\\/magex-dal-punto-di-vista-del-consulente-per-il-committente-2\\\/#breadcrumb\"},\"inLanguage\":\"it-IT\",\"potentialAction\":[{\"@type\":\"ReadAction\",\"target\":[\"https:\\\/\\\/bewehrungstechnik.ch\\\/it\\\/magex-dal-punto-di-vista-del-consulente-per-il-committente-2\\\/\"]}]},{\"@type\":\"ImageObject\",\"inLanguage\":\"it-IT\",\"@id\":\"https:\\\/\\\/bewehrungstechnik.ch\\\/it\\\/magex-dal-punto-di-vista-del-consulente-per-il-committente-2\\\/#primaryimage\",\"url\":\"https:\\\/\\\/bewehrungstechnik.ch\\\/wp-content\\\/uploads\\\/MAGEX-Herr-Zurfluh-768x1024.jpg\",\"contentUrl\":\"https:\\\/\\\/bewehrungstechnik.ch\\\/wp-content\\\/uploads\\\/MAGEX-Herr-Zurfluh-768x1024.jpg\"},{\"@type\":\"BreadcrumbList\",\"@id\":\"https:\\\/\\\/bewehrungstechnik.ch\\\/it\\\/magex-dal-punto-di-vista-del-consulente-per-il-committente-2\\\/#breadcrumb\",\"itemListElement\":[{\"@type\":\"ListItem\",\"position\":1,\"name\":\"Home\",\"item\":\"https:\\\/\\\/bewehrungstechnik.ch\\\/it\\\/\"},{\"@type\":\"ListItem\",\"position\":2,\"name\":\"MAGEX\u00ae dal punto di vista del consulente per il committente\"}]},{\"@type\":\"WebSite\",\"@id\":\"https:\\\/\\\/bewehrungstechnik.ch\\\/it\\\/#website\",\"url\":\"https:\\\/\\\/bewehrungstechnik.ch\\\/it\\\/\",\"name\":\"Bewehrungstechnik\",\"description\":\"Just another WordPress site\",\"publisher\":{\"@id\":\"https:\\\/\\\/bewehrungstechnik.ch\\\/it\\\/#organization\"},\"potentialAction\":[{\"@type\":\"SearchAction\",\"target\":{\"@type\":\"EntryPoint\",\"urlTemplate\":\"https:\\\/\\\/bewehrungstechnik.ch\\\/it\\\/?s={search_term_string}\"},\"query-input\":{\"@type\":\"PropertyValueSpecification\",\"valueRequired\":true,\"valueName\":\"search_term_string\"}}],\"inLanguage\":\"it-IT\"},{\"@type\":\"Organization\",\"@id\":\"https:\\\/\\\/bewehrungstechnik.ch\\\/it\\\/#organization\",\"name\":\"Bewehrungstechnik\",\"url\":\"https:\\\/\\\/bewehrungstechnik.ch\\\/it\\\/\",\"logo\":{\"@type\":\"ImageObject\",\"inLanguage\":\"it-IT\",\"@id\":\"https:\\\/\\\/bewehrungstechnik.ch\\\/it\\\/#\\\/schema\\\/logo\\\/image\\\/\",\"url\":\"https:\\\/\\\/bewehrungstechnik.ch\\\/wp-content\\\/uploads\\\/2021\\\/03\\\/logo.svg\",\"contentUrl\":\"https:\\\/\\\/bewehrungstechnik.ch\\\/wp-content\\\/uploads\\\/2021\\\/03\\\/logo.svg\",\"width\":436,\"height\":436,\"caption\":\"Bewehrungstechnik\"},\"image\":{\"@id\":\"https:\\\/\\\/bewehrungstechnik.ch\\\/it\\\/#\\\/schema\\\/logo\\\/image\\\/\"}}]}<\/script>\n<!-- \/ Yoast SEO plugin. -->","yoast_head_json":{"title":"MAGEX\u00ae dal punto di vista del consulente per il committente - Bewehrungstechnik","robots":{"index":"index","follow":"follow","max-snippet":"max-snippet:-1","max-image-preview":"max-image-preview:large","max-video-preview":"max-video-preview:-1"},"canonical":"https:\/\/bewehrungstechnik.ch\/it\/magex-dal-punto-di-vista-del-consulente-per-il-committente-2\/","og_locale":"it_IT","og_type":"article","og_title":"MAGEX\u00ae dal punto di vista del consulente per il committente - Bewehrungstechnik","og_description":"Intervista a Philipp Zurfluh Consulente per il committente per grandi progetti Philipp Zurfluh \u00e8 impresario costruttore diplomato SBV, economista aziendale diplomato NDS e dal 1999 al 2020 \u00e8 stato responsabile dell&#8217;unit\u00e0 costruzioni della Svizzera centrale presso Implenia AG. L&#8217;azienda svizzera di servizi immobiliari e di costruzione \u00e8 attiva nello sviluppo, nell&#8217;edilizia e nell&#8217;ingegneria civile in [&hellip;]","og_url":"https:\/\/bewehrungstechnik.ch\/it\/magex-dal-punto-di-vista-del-consulente-per-il-committente-2\/","og_site_name":"Bewehrungstechnik","article_modified_time":"2026-01-29T12:20:42+00:00","og_image":[{"width":1920,"height":2560,"url":"https:\/\/bewehrungstechnik.ch\/wp-content\/uploads\/MAGEX-Herr-Zurfluh-scaled.jpg","type":"image\/jpeg"}],"twitter_card":"summary_large_image","schema":{"@context":"https:\/\/schema.org","@graph":[{"@type":"WebPage","@id":"https:\/\/bewehrungstechnik.ch\/it\/magex-dal-punto-di-vista-del-consulente-per-il-committente-2\/","url":"https:\/\/bewehrungstechnik.ch\/it\/magex-dal-punto-di-vista-del-consulente-per-il-committente-2\/","name":"MAGEX\u00ae dal punto di vista del consulente per il committente - Bewehrungstechnik","isPartOf":{"@id":"https:\/\/bewehrungstechnik.ch\/it\/#website"},"primaryImageOfPage":{"@id":"https:\/\/bewehrungstechnik.ch\/it\/magex-dal-punto-di-vista-del-consulente-per-il-committente-2\/#primaryimage"},"image":{"@id":"https:\/\/bewehrungstechnik.ch\/it\/magex-dal-punto-di-vista-del-consulente-per-il-committente-2\/#primaryimage"},"thumbnailUrl":"https:\/\/bewehrungstechnik.ch\/wp-content\/uploads\/MAGEX-Herr-Zurfluh-768x1024.jpg","datePublished":"2026-01-29T12:20:41+00:00","dateModified":"2026-01-29T12:20:42+00:00","breadcrumb":{"@id":"https:\/\/bewehrungstechnik.ch\/it\/magex-dal-punto-di-vista-del-consulente-per-il-committente-2\/#breadcrumb"},"inLanguage":"it-IT","potentialAction":[{"@type":"ReadAction","target":["https:\/\/bewehrungstechnik.ch\/it\/magex-dal-punto-di-vista-del-consulente-per-il-committente-2\/"]}]},{"@type":"ImageObject","inLanguage":"it-IT","@id":"https:\/\/bewehrungstechnik.ch\/it\/magex-dal-punto-di-vista-del-consulente-per-il-committente-2\/#primaryimage","url":"https:\/\/bewehrungstechnik.ch\/wp-content\/uploads\/MAGEX-Herr-Zurfluh-768x1024.jpg","contentUrl":"https:\/\/bewehrungstechnik.ch\/wp-content\/uploads\/MAGEX-Herr-Zurfluh-768x1024.jpg"},{"@type":"BreadcrumbList","@id":"https:\/\/bewehrungstechnik.ch\/it\/magex-dal-punto-di-vista-del-consulente-per-il-committente-2\/#breadcrumb","itemListElement":[{"@type":"ListItem","position":1,"name":"Home","item":"https:\/\/bewehrungstechnik.ch\/it\/"},{"@type":"ListItem","position":2,"name":"MAGEX\u00ae dal punto di vista del consulente per il committente"}]},{"@type":"WebSite","@id":"https:\/\/bewehrungstechnik.ch\/it\/#website","url":"https:\/\/bewehrungstechnik.ch\/it\/","name":"Bewehrungstechnik","description":"Just another WordPress site","publisher":{"@id":"https:\/\/bewehrungstechnik.ch\/it\/#organization"},"potentialAction":[{"@type":"SearchAction","target":{"@type":"EntryPoint","urlTemplate":"https:\/\/bewehrungstechnik.ch\/it\/?s={search_term_string}"},"query-input":{"@type":"PropertyValueSpecification","valueRequired":true,"valueName":"search_term_string"}}],"inLanguage":"it-IT"},{"@type":"Organization","@id":"https:\/\/bewehrungstechnik.ch\/it\/#organization","name":"Bewehrungstechnik","url":"https:\/\/bewehrungstechnik.ch\/it\/","logo":{"@type":"ImageObject","inLanguage":"it-IT","@id":"https:\/\/bewehrungstechnik.ch\/it\/#\/schema\/logo\/image\/","url":"https:\/\/bewehrungstechnik.ch\/wp-content\/uploads\/2021\/03\/logo.svg","contentUrl":"https:\/\/bewehrungstechnik.ch\/wp-content\/uploads\/2021\/03\/logo.svg","width":436,"height":436,"caption":"Bewehrungstechnik"},"image":{"@id":"https:\/\/bewehrungstechnik.ch\/it\/#\/schema\/logo\/image\/"}}]}},"_links":{"self":[{"href":"https:\/\/bewehrungstechnik.ch\/it\/wp-json\/wp\/v2\/pages\/12252","targetHints":{"allow":["GET"]}}],"collection":[{"href":"https:\/\/bewehrungstechnik.ch\/it\/wp-json\/wp\/v2\/pages"}],"about":[{"href":"https:\/\/bewehrungstechnik.ch\/it\/wp-json\/wp\/v2\/types\/page"}],"author":[{"embeddable":true,"href":"https:\/\/bewehrungstechnik.ch\/it\/wp-json\/wp\/v2\/users\/12"}],"replies":[{"embeddable":true,"href":"https:\/\/bewehrungstechnik.ch\/it\/wp-json\/wp\/v2\/comments?post=12252"}],"version-history":[{"count":1,"href":"https:\/\/bewehrungstechnik.ch\/it\/wp-json\/wp\/v2\/pages\/12252\/revisions"}],"predecessor-version":[{"id":12254,"href":"https:\/\/bewehrungstechnik.ch\/it\/wp-json\/wp\/v2\/pages\/12252\/revisions\/12254"}],"wp:attachment":[{"href":"https:\/\/bewehrungstechnik.ch\/it\/wp-json\/wp\/v2\/media?parent=12252"}],"curies":[{"name":"wp","href":"https:\/\/api.w.org\/{rel}","templated":true}]}}