{"id":12302,"date":"2026-02-02T10:36:44","date_gmt":"2026-02-02T10:36:44","guid":{"rendered":"https:\/\/bewehrungstechnik.ch\/tools\/ocima-calcolo-della-durata-di-vita-delle-opere-in-cemento-armato\/"},"modified":"2026-02-02T10:36:44","modified_gmt":"2026-02-02T10:36:44","slug":"ocima-calcolo-della-durata-di-vita-delle-opere-in-cemento-armato","status":"publish","type":"page","link":"https:\/\/bewehrungstechnik.ch\/it\/tools\/ocima-calcolo-della-durata-di-vita-delle-opere-in-cemento-armato\/","title":{"rendered":"OCIMA \u2013 Calcolo della durata di vita delle opere in cemento armato"},"content":{"rendered":"\n      <h1 id=\"block_b1ed902a5d918efa81a86fb52c1497c3\" class=\"c-title mt-0 mb-6 lg:mb-17 alignwidetext-left l-block\"  >\n  \n  OCIMA \u2013 Calcolo della durata di vita delle opere in cemento armato<\/h1>\n<p>Online Corrosion Initiation Modeling App<\/p>\n\n<p>Proteggete le vostre costruzioni dai danni causati dalla corrosione indotta dal cloruro e aumentate la loro durata. La nostra applicazione web gratuita OCIMA (Online Corrosion Initiation Modeling App) consente di verificare in modo semplice l&#8217;obiettivo della durata di vita a livello degli elementi costruttivi, e di ottimizzarlo in tempo reale durante la fase di progettazione.<\/p>\n\n<h2 class=\"wp-block-heading\">Perch\u00e9 OCIMA?<\/h2>\n\n<p>Il patrimonio di ponti, gallerie e muri di sostegno della rete stradale \u00e8 costituito in gran parte da strutture in acciaio e cemento armato precompresso. Come i parcheggi multipiano e i garage sotterranei, anche queste strutture sono esposte a spruzzi e acqua di disgelo, contenenti cloruro. Finora, nella progettazione di queste strutture, l&#8217;attenzione era rivolta principalmente ai costi iniziali di costruzione. I costi di manutenzione e riparazione successivi (approccio basato sul ciclo di vita) sono stati raramente presi in considerazione come criterio decisionale nelle gare d&#8217;appalto e nell&#8217;aggiudicazione dei lavori. OCIMA \u00e8 stato creato proprio per stimare i possibili cicli di riparazione e, di conseguenza, i costi del ciclo di vita. Questo strumento consente di verificare facilmente l&#8217;obiettivo della durata del ciclo di vita, a livello degli elementi costruttivi.<\/p>\n<div class=\"wp-block-image\">\n<figure class=\"aligncenter size-full is-resized\"><img loading=\"lazy\" decoding=\"async\" width=\"1024\" height=\"379\" src=\"https:\/\/bewehrungstechnik.ch\/wp-content\/uploads\/ocima-1024x379-1.png\" alt=\"\" class=\"wp-image-8990\" style=\"width:1024px;height:auto\" srcset=\"https:\/\/bewehrungstechnik.ch\/wp-content\/uploads\/ocima-1024x379-1.png 1024w, https:\/\/bewehrungstechnik.ch\/wp-content\/uploads\/ocima-1024x379-1-300x111.png 300w, https:\/\/bewehrungstechnik.ch\/wp-content\/uploads\/ocima-1024x379-1-768x284.png 768w, https:\/\/bewehrungstechnik.ch\/wp-content\/uploads\/ocima-1024x379-1-436x161.png 436w, https:\/\/bewehrungstechnik.ch\/wp-content\/uploads\/ocima-1024x379-1-550x204.png 550w\" sizes=\"auto, (max-width: 1024px) 100vw, 1024px\" \/><figcaption class=\"wp-element-caption\"><strong>[Immagine 1: prolungamento della durata di vita, con un approccio ottimizzato al ciclo di vita]<\/strong><\/figcaption><\/figure>\n<\/div>\n<p>Con OCIMA, i progettisti e i committenti possono:<\/p>\n\n<ol class=\"wp-block-list\">\n<li><strong>Verificare la durata di vita prevista:<\/strong> lo strumento consente una stima precisa della durata di vita dei singoli elementi costruttivi.<\/li>\n\n\n\n<li><strong>Prevedere i cicli di manutenzione:<\/strong> l&#8217;analisi degli intervalli di manutenzione previsti, consente di pianificare meglio gli interventi futuri.<\/li>\n\n\n\n<li><strong>Ottimizzare i costi del ciclo di vita:<\/strong> la considerazione dei costi dell&#8217;intero ciclo di vita porta a progetti di costruzione pi\u00f9 economici e sostenibili.<\/li>\n\n\n\n<li><strong>Migliorare i processi decisionali:<\/strong> OCIMA fornisce dati e analisi preziosi che possono servire come criteri decisionali nell&#8217;assegnazione di appalti di costruzione.<\/li>\n<\/ol>\n\n<h2 class=\"wp-block-heading\">Come funziona OCIMA?<\/h2>\n\n<p>La durabilit\u00e0 del calcestruzzo armato sotto l&#8217;azione dei cloruri \u00e8 determinata in molti casi dalla corrosione dell&#8217;armatura indotta dai cloruri. La corrosione dell&#8217;armatura indotta dai cloruri \u00e8 solitamente una forma di corrosione locale, spesso caratterizzata da elevate velocit\u00e0 di corrosione. Per questo motivo, la durata di vita \u00e8 spesso considerata in modo conservativo, pari all&#8217;inizio della corrosione dell&#8217;armatura. Il trasporto dei cloruri attraverso il calcestruzzo di copertura viene descritto sulla base di una legge di diffusione modificata, che consente di prevedere la concentrazione di cloruri sulla superficie dell&#8217;acciaio nel calcestruzzo nel corso del tempo. Non appena questa concentrazione di cloruri supera un valore limite critico, il cosiddetto contenuto critico di cloruri, si presume che abbia inizio la corrosione dell&#8217;armatura.<\/p>\n\n<p>OCIMA calcola questo momento di inizio in modo probabilistico mediante simulazioni Monte Carlo, con un algoritmo sviluppato dal Politecnico federale di Zurigo (ETH).<\/p>\n<div class=\"wp-block-image\">\n<figure class=\"aligncenter size-full\"><img loading=\"lazy\" decoding=\"async\" width=\"1024\" height=\"508\" src=\"https:\/\/bewehrungstechnik.ch\/wp-content\/uploads\/Screenshot-2024-11-08-12.40-1024x508-1.png\" alt=\"\" class=\"wp-image-8992\" srcset=\"https:\/\/bewehrungstechnik.ch\/wp-content\/uploads\/Screenshot-2024-11-08-12.40-1024x508-1.png 1024w, https:\/\/bewehrungstechnik.ch\/wp-content\/uploads\/Screenshot-2024-11-08-12.40-1024x508-1-300x149.png 300w, https:\/\/bewehrungstechnik.ch\/wp-content\/uploads\/Screenshot-2024-11-08-12.40-1024x508-1-768x381.png 768w, https:\/\/bewehrungstechnik.ch\/wp-content\/uploads\/Screenshot-2024-11-08-12.40-1024x508-1-436x216.png 436w, https:\/\/bewehrungstechnik.ch\/wp-content\/uploads\/Screenshot-2024-11-08-12.40-1024x508-1-550x273.png 550w\" sizes=\"auto, (max-width: 1024px) 100vw, 1024px\" \/><figcaption class=\"wp-element-caption\">[Immagine 2: Esempio di risultato dall&#8217;applicazione web OCIMA]<\/figcaption><\/figure>\n<\/div>\n<h2 class=\"wp-block-heading\">Come si usa OCIMA?<\/h2>\n\n<p>Lo strumento di calcolo \u00e8 disponibile online e non richiede conoscenze preliminari: all&#8217;interno di OCIMA, l&#8217;utente viene guidato passo dopo passo attraverso il programma in base alla posizione del progetto, alla selezione dell&#8217;opera (ponte, galleria, parcheggio multipiano) e alla selezione degli elementi costruttivi corrispondenti (ad es. ponte \u2192 pilastro centrale). La selezione corrispondente viene tradotta direttamente in background nei parametri del modello pertinenti. Tutti i parametri di input del modello si basano su riferimenti bibliografici riconosciuti, e sono verificabili tramite le caselle informative. Un manuale con ulteriori indicazioni di calcolo pu\u00f2 essere scaricato direttamente dal programma.<\/p>\n\n<p>Il risultato del calcolo rappresenta una stima della durabilit\u00e0, sotto forma di durata di utilizzo raggiungibile in anni. Il risultato pu\u00f2 essere ottimizzato modificando i parametri, ad esempio adeguando il copriferro in calcestruzzo. La visualizzazione dei risultati include da un lato la durata raggiungibile con l&#8217;acciaio per cemento armato convenzionale (B500B) e dall&#8217;altro la durata prolungata raggiungibile con Top12 come acciaio di armatura inossidabile. Il risultato pu\u00f2 essere stampato per documentare lo studio delle varianti. A scopo di studio \u00e8 possibile richiedere l&#8217;accesso a una versione per esperti con ulteriori parametri di input.<\/p>\n","protected":false},"excerpt":{"rendered":"<p>Online Corrosion Initiation Modeling App Proteggete le vostre costruzioni dai danni causati dalla corrosione indotta dal cloruro e aumentate la loro durata. La nostra applicazione web gratuita OCIMA (Online Corrosion Initiation Modeling App) consente di verificare in modo semplice l&#8217;obiettivo della durata di vita a livello degli elementi costruttivi, e di ottimizzarlo in tempo reale [&hellip;]<\/p>\n","protected":false},"author":9,"featured_media":0,"parent":10574,"menu_order":0,"comment_status":"closed","ping_status":"closed","template":"","meta":{"_acf_changed":false,"footnotes":""},"class_list":["post-12302","page","type-page","status-publish",""],"acf":[],"yoast_head":"<!-- This site is optimized with the Yoast SEO plugin v27.4 - https:\/\/yoast.com\/product\/yoast-seo-wordpress\/ -->\n<title>OCIMA \u2013 Calcolo della durata di vita delle opere in cemento armato - Bewehrungstechnik<\/title>\n<meta name=\"robots\" content=\"index, follow, max-snippet:-1, max-image-preview:large, max-video-preview:-1\" \/>\n<link rel=\"canonical\" href=\"https:\/\/bewehrungstechnik.ch\/it\/tools\/ocima-calcolo-della-durata-di-vita-delle-opere-in-cemento-armato\/\" \/>\n<meta property=\"og:locale\" content=\"it_IT\" \/>\n<meta property=\"og:type\" content=\"article\" \/>\n<meta property=\"og:title\" content=\"OCIMA \u2013 Calcolo della durata di vita delle opere in cemento armato - Bewehrungstechnik\" \/>\n<meta property=\"og:description\" content=\"Online Corrosion Initiation Modeling App Proteggete le vostre costruzioni dai danni causati dalla corrosione indotta dal cloruro e aumentate la loro durata. La nostra applicazione web gratuita OCIMA (Online Corrosion Initiation Modeling App) consente di verificare in modo semplice l&#8217;obiettivo della durata di vita a livello degli elementi costruttivi, e di ottimizzarlo in tempo reale [&hellip;]\" \/>\n<meta property=\"og:url\" content=\"https:\/\/bewehrungstechnik.ch\/it\/tools\/ocima-calcolo-della-durata-di-vita-delle-opere-in-cemento-armato\/\" \/>\n<meta property=\"og:site_name\" content=\"Bewehrungstechnik\" \/>\n<meta property=\"og:image\" content=\"https:\/\/bewehrungstechnik.ch\/wp-content\/uploads\/ocima-1024x379-1.png\" \/>\n\t<meta property=\"og:image:width\" content=\"1024\" \/>\n\t<meta property=\"og:image:height\" content=\"379\" \/>\n\t<meta property=\"og:image:type\" content=\"image\/png\" \/>\n<meta name=\"twitter:card\" content=\"summary_large_image\" \/>\n<script type=\"application\/ld+json\" class=\"yoast-schema-graph\">{\"@context\":\"https:\\\/\\\/schema.org\",\"@graph\":[{\"@type\":\"WebPage\",\"@id\":\"https:\\\/\\\/bewehrungstechnik.ch\\\/it\\\/tools\\\/ocima-calcolo-della-durata-di-vita-delle-opere-in-cemento-armato\\\/\",\"url\":\"https:\\\/\\\/bewehrungstechnik.ch\\\/it\\\/tools\\\/ocima-calcolo-della-durata-di-vita-delle-opere-in-cemento-armato\\\/\",\"name\":\"OCIMA \u2013 Calcolo della durata di vita delle opere in cemento armato - Bewehrungstechnik\",\"isPartOf\":{\"@id\":\"https:\\\/\\\/bewehrungstechnik.ch\\\/it\\\/#website\"},\"primaryImageOfPage\":{\"@id\":\"https:\\\/\\\/bewehrungstechnik.ch\\\/it\\\/tools\\\/ocima-calcolo-della-durata-di-vita-delle-opere-in-cemento-armato\\\/#primaryimage\"},\"image\":{\"@id\":\"https:\\\/\\\/bewehrungstechnik.ch\\\/it\\\/tools\\\/ocima-calcolo-della-durata-di-vita-delle-opere-in-cemento-armato\\\/#primaryimage\"},\"thumbnailUrl\":\"https:\\\/\\\/bewehrungstechnik.ch\\\/wp-content\\\/uploads\\\/ocima-1024x379-1.png\",\"datePublished\":\"2026-02-02T10:36:44+00:00\",\"breadcrumb\":{\"@id\":\"https:\\\/\\\/bewehrungstechnik.ch\\\/it\\\/tools\\\/ocima-calcolo-della-durata-di-vita-delle-opere-in-cemento-armato\\\/#breadcrumb\"},\"inLanguage\":\"it-IT\",\"potentialAction\":[{\"@type\":\"ReadAction\",\"target\":[\"https:\\\/\\\/bewehrungstechnik.ch\\\/it\\\/tools\\\/ocima-calcolo-della-durata-di-vita-delle-opere-in-cemento-armato\\\/\"]}]},{\"@type\":\"ImageObject\",\"inLanguage\":\"it-IT\",\"@id\":\"https:\\\/\\\/bewehrungstechnik.ch\\\/it\\\/tools\\\/ocima-calcolo-della-durata-di-vita-delle-opere-in-cemento-armato\\\/#primaryimage\",\"url\":\"https:\\\/\\\/bewehrungstechnik.ch\\\/wp-content\\\/uploads\\\/ocima-1024x379-1.png\",\"contentUrl\":\"https:\\\/\\\/bewehrungstechnik.ch\\\/wp-content\\\/uploads\\\/ocima-1024x379-1.png\"},{\"@type\":\"BreadcrumbList\",\"@id\":\"https:\\\/\\\/bewehrungstechnik.ch\\\/it\\\/tools\\\/ocima-calcolo-della-durata-di-vita-delle-opere-in-cemento-armato\\\/#breadcrumb\",\"itemListElement\":[{\"@type\":\"ListItem\",\"position\":1,\"name\":\"Home\",\"item\":\"https:\\\/\\\/bewehrungstechnik.ch\\\/it\\\/\"},{\"@type\":\"ListItem\",\"position\":2,\"name\":\"Tools\",\"item\":\"https:\\\/\\\/bewehrungstechnik.ch\\\/it\\\/tools\\\/\"},{\"@type\":\"ListItem\",\"position\":3,\"name\":\"OCIMA \u2013 Calcolo della durata di vita delle opere in cemento armato\"}]},{\"@type\":\"WebSite\",\"@id\":\"https:\\\/\\\/bewehrungstechnik.ch\\\/it\\\/#website\",\"url\":\"https:\\\/\\\/bewehrungstechnik.ch\\\/it\\\/\",\"name\":\"Bewehrungstechnik\",\"description\":\"Just another WordPress site\",\"publisher\":{\"@id\":\"https:\\\/\\\/bewehrungstechnik.ch\\\/it\\\/#organization\"},\"potentialAction\":[{\"@type\":\"SearchAction\",\"target\":{\"@type\":\"EntryPoint\",\"urlTemplate\":\"https:\\\/\\\/bewehrungstechnik.ch\\\/it\\\/?s={search_term_string}\"},\"query-input\":{\"@type\":\"PropertyValueSpecification\",\"valueRequired\":true,\"valueName\":\"search_term_string\"}}],\"inLanguage\":\"it-IT\"},{\"@type\":\"Organization\",\"@id\":\"https:\\\/\\\/bewehrungstechnik.ch\\\/it\\\/#organization\",\"name\":\"Bewehrungstechnik\",\"url\":\"https:\\\/\\\/bewehrungstechnik.ch\\\/it\\\/\",\"logo\":{\"@type\":\"ImageObject\",\"inLanguage\":\"it-IT\",\"@id\":\"https:\\\/\\\/bewehrungstechnik.ch\\\/it\\\/#\\\/schema\\\/logo\\\/image\\\/\",\"url\":\"https:\\\/\\\/bewehrungstechnik.ch\\\/wp-content\\\/uploads\\\/2021\\\/03\\\/logo.svg\",\"contentUrl\":\"https:\\\/\\\/bewehrungstechnik.ch\\\/wp-content\\\/uploads\\\/2021\\\/03\\\/logo.svg\",\"width\":436,\"height\":436,\"caption\":\"Bewehrungstechnik\"},\"image\":{\"@id\":\"https:\\\/\\\/bewehrungstechnik.ch\\\/it\\\/#\\\/schema\\\/logo\\\/image\\\/\"}}]}<\/script>\n<!-- \/ Yoast SEO plugin. -->","yoast_head_json":{"title":"OCIMA \u2013 Calcolo della durata di vita delle opere in cemento armato - Bewehrungstechnik","robots":{"index":"index","follow":"follow","max-snippet":"max-snippet:-1","max-image-preview":"max-image-preview:large","max-video-preview":"max-video-preview:-1"},"canonical":"https:\/\/bewehrungstechnik.ch\/it\/tools\/ocima-calcolo-della-durata-di-vita-delle-opere-in-cemento-armato\/","og_locale":"it_IT","og_type":"article","og_title":"OCIMA \u2013 Calcolo della durata di vita delle opere in cemento armato - Bewehrungstechnik","og_description":"Online Corrosion Initiation Modeling App Proteggete le vostre costruzioni dai danni causati dalla corrosione indotta dal cloruro e aumentate la loro durata. La nostra applicazione web gratuita OCIMA (Online Corrosion Initiation Modeling App) consente di verificare in modo semplice l&#8217;obiettivo della durata di vita a livello degli elementi costruttivi, e di ottimizzarlo in tempo reale [&hellip;]","og_url":"https:\/\/bewehrungstechnik.ch\/it\/tools\/ocima-calcolo-della-durata-di-vita-delle-opere-in-cemento-armato\/","og_site_name":"Bewehrungstechnik","og_image":[{"width":1024,"height":379,"url":"https:\/\/bewehrungstechnik.ch\/wp-content\/uploads\/ocima-1024x379-1.png","type":"image\/png"}],"twitter_card":"summary_large_image","schema":{"@context":"https:\/\/schema.org","@graph":[{"@type":"WebPage","@id":"https:\/\/bewehrungstechnik.ch\/it\/tools\/ocima-calcolo-della-durata-di-vita-delle-opere-in-cemento-armato\/","url":"https:\/\/bewehrungstechnik.ch\/it\/tools\/ocima-calcolo-della-durata-di-vita-delle-opere-in-cemento-armato\/","name":"OCIMA \u2013 Calcolo della durata di vita delle opere in cemento armato - Bewehrungstechnik","isPartOf":{"@id":"https:\/\/bewehrungstechnik.ch\/it\/#website"},"primaryImageOfPage":{"@id":"https:\/\/bewehrungstechnik.ch\/it\/tools\/ocima-calcolo-della-durata-di-vita-delle-opere-in-cemento-armato\/#primaryimage"},"image":{"@id":"https:\/\/bewehrungstechnik.ch\/it\/tools\/ocima-calcolo-della-durata-di-vita-delle-opere-in-cemento-armato\/#primaryimage"},"thumbnailUrl":"https:\/\/bewehrungstechnik.ch\/wp-content\/uploads\/ocima-1024x379-1.png","datePublished":"2026-02-02T10:36:44+00:00","breadcrumb":{"@id":"https:\/\/bewehrungstechnik.ch\/it\/tools\/ocima-calcolo-della-durata-di-vita-delle-opere-in-cemento-armato\/#breadcrumb"},"inLanguage":"it-IT","potentialAction":[{"@type":"ReadAction","target":["https:\/\/bewehrungstechnik.ch\/it\/tools\/ocima-calcolo-della-durata-di-vita-delle-opere-in-cemento-armato\/"]}]},{"@type":"ImageObject","inLanguage":"it-IT","@id":"https:\/\/bewehrungstechnik.ch\/it\/tools\/ocima-calcolo-della-durata-di-vita-delle-opere-in-cemento-armato\/#primaryimage","url":"https:\/\/bewehrungstechnik.ch\/wp-content\/uploads\/ocima-1024x379-1.png","contentUrl":"https:\/\/bewehrungstechnik.ch\/wp-content\/uploads\/ocima-1024x379-1.png"},{"@type":"BreadcrumbList","@id":"https:\/\/bewehrungstechnik.ch\/it\/tools\/ocima-calcolo-della-durata-di-vita-delle-opere-in-cemento-armato\/#breadcrumb","itemListElement":[{"@type":"ListItem","position":1,"name":"Home","item":"https:\/\/bewehrungstechnik.ch\/it\/"},{"@type":"ListItem","position":2,"name":"Tools","item":"https:\/\/bewehrungstechnik.ch\/it\/tools\/"},{"@type":"ListItem","position":3,"name":"OCIMA \u2013 Calcolo della durata di vita delle opere in cemento armato"}]},{"@type":"WebSite","@id":"https:\/\/bewehrungstechnik.ch\/it\/#website","url":"https:\/\/bewehrungstechnik.ch\/it\/","name":"Bewehrungstechnik","description":"Just another WordPress site","publisher":{"@id":"https:\/\/bewehrungstechnik.ch\/it\/#organization"},"potentialAction":[{"@type":"SearchAction","target":{"@type":"EntryPoint","urlTemplate":"https:\/\/bewehrungstechnik.ch\/it\/?s={search_term_string}"},"query-input":{"@type":"PropertyValueSpecification","valueRequired":true,"valueName":"search_term_string"}}],"inLanguage":"it-IT"},{"@type":"Organization","@id":"https:\/\/bewehrungstechnik.ch\/it\/#organization","name":"Bewehrungstechnik","url":"https:\/\/bewehrungstechnik.ch\/it\/","logo":{"@type":"ImageObject","inLanguage":"it-IT","@id":"https:\/\/bewehrungstechnik.ch\/it\/#\/schema\/logo\/image\/","url":"https:\/\/bewehrungstechnik.ch\/wp-content\/uploads\/2021\/03\/logo.svg","contentUrl":"https:\/\/bewehrungstechnik.ch\/wp-content\/uploads\/2021\/03\/logo.svg","width":436,"height":436,"caption":"Bewehrungstechnik"},"image":{"@id":"https:\/\/bewehrungstechnik.ch\/it\/#\/schema\/logo\/image\/"}}]}},"_links":{"self":[{"href":"https:\/\/bewehrungstechnik.ch\/it\/wp-json\/wp\/v2\/pages\/12302","targetHints":{"allow":["GET"]}}],"collection":[{"href":"https:\/\/bewehrungstechnik.ch\/it\/wp-json\/wp\/v2\/pages"}],"about":[{"href":"https:\/\/bewehrungstechnik.ch\/it\/wp-json\/wp\/v2\/types\/page"}],"author":[{"embeddable":true,"href":"https:\/\/bewehrungstechnik.ch\/it\/wp-json\/wp\/v2\/users\/9"}],"replies":[{"embeddable":true,"href":"https:\/\/bewehrungstechnik.ch\/it\/wp-json\/wp\/v2\/comments?post=12302"}],"version-history":[{"count":1,"href":"https:\/\/bewehrungstechnik.ch\/it\/wp-json\/wp\/v2\/pages\/12302\/revisions"}],"predecessor-version":[{"id":12305,"href":"https:\/\/bewehrungstechnik.ch\/it\/wp-json\/wp\/v2\/pages\/12302\/revisions\/12305"}],"up":[{"embeddable":true,"href":"https:\/\/bewehrungstechnik.ch\/it\/wp-json\/wp\/v2\/pages\/10574"}],"wp:attachment":[{"href":"https:\/\/bewehrungstechnik.ch\/it\/wp-json\/wp\/v2\/media?parent=12302"}],"curies":[{"name":"wp","href":"https:\/\/api.w.org\/{rel}","templated":true}]}}