{"id":12324,"date":"2026-02-02T12:57:23","date_gmt":"2026-02-02T12:57:23","guid":{"rendered":"https:\/\/bewehrungstechnik.ch\/revit-catalogo-degli-elementi-costruttivi\/"},"modified":"2026-02-02T12:57:24","modified_gmt":"2026-02-02T12:57:24","slug":"revit-catalogo-degli-elementi-costruttivi","status":"publish","type":"page","link":"https:\/\/bewehrungstechnik.ch\/it\/revit-catalogo-degli-elementi-costruttivi\/","title":{"rendered":"Revit \u2013 Catalogo degli elementi costruttivi"},"content":{"rendered":"\n      <p id=\"block_6b0605e2a7ae6bb2c10378de8120d5ee\" class=\"c-title mt-0 mb-6 lg:mb-17 alignwidetext-left l-block\"  >\n  \n  Revit \u2013 Catalogo degli elementi costruttivi<\/p>\n      <div id=\"block_53bacc0d918c9c9195e923a6308fceea\" class=\"deac-highlight-box mb-10 md:mb-19 lg:mb-28 alignwide l-block\"  >\n  \n  <div class=\"md:flow-root\">\n\t<div class=\"highlight-box-slider md:bg-faded-coils md:bg-cover md:mb-6 lg:mb-7 md:grid md:grid-cols-2 md:gap-6 lg:gap-16 xl:gap-24 md:min-h-136\">\n\t\t<div class=\"relative md:order-2 md:h-full  md:pr-6 lg:pr-9  md:py-10 lg:py-14 \">\n\t\t\t\t\t\t\t\t\t\t<div class=\"left-0 right-0 -mx-4 md:absolute  md:top-10 lg:top-14 md:h-full  border-b-6 md:border-0 border-primary h-72  sm:-mx-6 md:mx-0 overflow-hidden max-h-full\">\n\t\t\t\t\t<img loading=\"lazy\" decoding=\"async\" width=\"1024\" height=\"570\" src=\"https:\/\/bewehrungstechnik.ch\/wp-content\/uploads\/30-03-2023_15-38-34-1024x570.png\" class=\"block w-full h-full object-cover md:absolute\" alt=\"\" srcset=\"https:\/\/bewehrungstechnik.ch\/wp-content\/uploads\/30-03-2023_15-38-34-1024x570.png 1024w, https:\/\/bewehrungstechnik.ch\/wp-content\/uploads\/30-03-2023_15-38-34-300x167.png 300w, https:\/\/bewehrungstechnik.ch\/wp-content\/uploads\/30-03-2023_15-38-34-768x428.png 768w, https:\/\/bewehrungstechnik.ch\/wp-content\/uploads\/30-03-2023_15-38-34-1536x856.png 1536w, https:\/\/bewehrungstechnik.ch\/wp-content\/uploads\/30-03-2023_15-38-34-436x243.png 436w, https:\/\/bewehrungstechnik.ch\/wp-content\/uploads\/30-03-2023_15-38-34-550x306.png 550w, https:\/\/bewehrungstechnik.ch\/wp-content\/uploads\/30-03-2023_15-38-34.png 1734w\" sizes=\"auto, (max-width: 1024px) 100vw, 1024px\" \/>\t\t\t\t\t\t\t\t\t\t\t<a class=\"absolute inset-0 flex items-center justify-center transition-all duration-300 js-lightbox group hover:no-underline opacity-60 hover:opacity-100\" href=\"https:\/\/www.youtube.com\/watch?v=O7h83IKQpew\">\n\t\t\t\t\t\t\t<span class=\"flex items-center justify-center transition-colors w-21 lg:w-26 h-21 lg:h-26 bg-primary group-hover:bg-red-cardinal\">\n\t\t\t\t\t\t\t\t<i class=\"text-white c-icon c-icon--play text-35 lg:text-44\"><\/i>\n\t\t\t\t\t\t\t<\/span>\n\t\t\t\t\t\t<\/a>\n\t\t\t\t\t\t\t\t\t<\/div>\n\t\t\t\t\t\t\t\t<\/div>\n\t\t<div class=\"relative py-6 bg-white md:order-1 md:bg-transparent sm:py-7 md:py-10 lg:py-14 md:px-6 lg:px-9\">\n\t\t\t<div class=\"absolute bottom-0 md:hidden -inset-x-4 sm:-inset-x-6 top-15 bg-gradient-to-b from-white to-gray-light\"><\/div>\n\t\t\t\t\t\t\t\t\t\t<div class=\"relative text-18 lg:text-32 leading-tight font-bold lg:font-semibold text-black mb-3.5 lg:mb-6\">\n\t\t\t\t\tFamiglie di tecniche di armatura per Revit\t\t\t\t<\/div>\n\t\t\t\t\t\t\t\t\t\t<div class=\"relative text-primary lg:text-18 font-bold leading-snug mb-4.5 lg:mb-6\">\n\t\t\t\t\tPer offrirle un flusso di lavoro migliore nella progettazione con i nostri componenti, sviluppiamo continuamente la nostra tecnica di armatura per Revit.\t\t\t\t<\/div>\n\t\t\t\t\t\t\t\t\t\t<div class=\"relative text-black\">\n\t\t\t\t\t<p class=\"lg:mb-8\">Prodotti disponibili:<\/p>\n<ul class=\"font-bold\">\n<li class=\"leading-snug text-15 before:bottom-0\">ACINOXplus\u00ae \u2013 Raccordi termo isolanti per solette a sbalzo<\/li>\n<\/ul>\n<p class=\"lg:mb-8\">Le famiglie di prodotti sono disponibili per il download come cartella<\/p>\n\t\t\t\t<\/div>\n\t\t\t\t\t\t\t\t\t\t\t<\/div>\n\t<\/div>\n<\/div><\/div>\n<h2 class=\"wp-block-heading\">Riconoscimento anticipato dei conflitti di incompatibilit\u00e0<\/h2>\n\n<p>Grazie agli elementi costruttivi 3D dettagliati, \u00e8 possibile individuare ed evitare tempestivamente conflitti di incompatibilit\u00e0 nella disposizione dell&#8217;armatura.<\/p>\n\n<h2 class=\"wp-block-heading\">Facile modifica di tutti i parametri geometrici e dei materiali<\/h2>\n\n<p>Le modifiche, ad esempio della lunghezza degli elementi, dell&#8217;altezza e dello spessore dell&#8217;isolazione, possono essere apportate in modo semplice e veloce.<\/p>\n\n<h2 class=\"wp-block-heading\">Creazione rapida di elenchi<\/h2>\n\n<p>Gli elenchi dei sistemi di armatura possono essere creati con pochi clic del mouse, in modo simile alle liste dei ferri. Le quantit\u00e0 necessarie vengono determinate direttamente dal piano di progetto.<\/p>\n\n<h2 class=\"wp-block-heading\">Download per diverse versioni di Revit<\/h2>\n\n<p>Nell&#8217;area download sono disponibili le nostre famiglie di prodotti per le diverse versioni.<\/p>\n\n      <div id=\"block_6a9c7a020dd8b00d005780b52f75dd9d\" class=\"deac-downloads mb-10 md:mb-19 lg:mb-28 alignwide l-block\"  >\n  \n  \n\t\t\t\t\t<h2 class=\"c-title mt-0 mb-6.5 md:mb-9 lg:mb-11\">Downloads<\/h2>\n\t\t<div class=\"mb-9 lg:mb-21\">\n\t\t\t\t\t<\/div>\n\t<\/div>","protected":false},"excerpt":{"rendered":"<p>Riconoscimento anticipato dei conflitti di incompatibilit\u00e0 Grazie agli elementi costruttivi 3D dettagliati, \u00e8 possibile individuare ed evitare tempestivamente conflitti di incompatibilit\u00e0 nella disposizione dell&#8217;armatura. Facile modifica di tutti i parametri geometrici e dei materiali Le modifiche, ad esempio della lunghezza degli elementi, dell&#8217;altezza e dello spessore dell&#8217;isolazione, possono essere apportate in modo semplice e veloce. [&hellip;]<\/p>\n","protected":false},"author":12,"featured_media":0,"parent":0,"menu_order":0,"comment_status":"closed","ping_status":"closed","template":"","meta":{"_acf_changed":false,"footnotes":""},"class_list":["post-12324","page","type-page","status-publish",""],"acf":[],"yoast_head":"<!-- This site is optimized with the Yoast SEO plugin v27.4 - https:\/\/yoast.com\/product\/yoast-seo-wordpress\/ -->\n<title>Revit \u2013 Catalogo degli elementi costruttivi - Bewehrungstechnik<\/title>\n<meta name=\"robots\" content=\"index, follow, max-snippet:-1, max-image-preview:large, max-video-preview:-1\" \/>\n<link rel=\"canonical\" href=\"https:\/\/bewehrungstechnik.ch\/it\/revit-catalogo-degli-elementi-costruttivi\/\" \/>\n<meta property=\"og:locale\" content=\"it_IT\" \/>\n<meta property=\"og:type\" content=\"article\" \/>\n<meta property=\"og:title\" content=\"Revit \u2013 Catalogo degli elementi costruttivi - Bewehrungstechnik\" \/>\n<meta property=\"og:description\" content=\"Riconoscimento anticipato dei conflitti di incompatibilit\u00e0 Grazie agli elementi costruttivi 3D dettagliati, \u00e8 possibile individuare ed evitare tempestivamente conflitti di incompatibilit\u00e0 nella disposizione dell&#8217;armatura. Facile modifica di tutti i parametri geometrici e dei materiali Le modifiche, ad esempio della lunghezza degli elementi, dell&#8217;altezza e dello spessore dell&#8217;isolazione, possono essere apportate in modo semplice e veloce. [&hellip;]\" \/>\n<meta property=\"og:url\" content=\"https:\/\/bewehrungstechnik.ch\/it\/revit-catalogo-degli-elementi-costruttivi\/\" \/>\n<meta property=\"og:site_name\" content=\"Bewehrungstechnik\" \/>\n<meta property=\"article:modified_time\" content=\"2026-02-02T12:57:24+00:00\" \/>\n<meta name=\"twitter:card\" content=\"summary_large_image\" \/>\n<script type=\"application\/ld+json\" class=\"yoast-schema-graph\">{\"@context\":\"https:\\\/\\\/schema.org\",\"@graph\":[{\"@type\":\"WebPage\",\"@id\":\"https:\\\/\\\/bewehrungstechnik.ch\\\/it\\\/revit-catalogo-degli-elementi-costruttivi\\\/\",\"url\":\"https:\\\/\\\/bewehrungstechnik.ch\\\/it\\\/revit-catalogo-degli-elementi-costruttivi\\\/\",\"name\":\"Revit \u2013 Catalogo degli elementi costruttivi - Bewehrungstechnik\",\"isPartOf\":{\"@id\":\"https:\\\/\\\/bewehrungstechnik.ch\\\/it\\\/#website\"},\"datePublished\":\"2026-02-02T12:57:23+00:00\",\"dateModified\":\"2026-02-02T12:57:24+00:00\",\"breadcrumb\":{\"@id\":\"https:\\\/\\\/bewehrungstechnik.ch\\\/it\\\/revit-catalogo-degli-elementi-costruttivi\\\/#breadcrumb\"},\"inLanguage\":\"it-IT\",\"potentialAction\":[{\"@type\":\"ReadAction\",\"target\":[\"https:\\\/\\\/bewehrungstechnik.ch\\\/it\\\/revit-catalogo-degli-elementi-costruttivi\\\/\"]}]},{\"@type\":\"BreadcrumbList\",\"@id\":\"https:\\\/\\\/bewehrungstechnik.ch\\\/it\\\/revit-catalogo-degli-elementi-costruttivi\\\/#breadcrumb\",\"itemListElement\":[{\"@type\":\"ListItem\",\"position\":1,\"name\":\"Home\",\"item\":\"https:\\\/\\\/bewehrungstechnik.ch\\\/it\\\/\"},{\"@type\":\"ListItem\",\"position\":2,\"name\":\"Revit \u2013 Catalogo degli elementi costruttivi\"}]},{\"@type\":\"WebSite\",\"@id\":\"https:\\\/\\\/bewehrungstechnik.ch\\\/it\\\/#website\",\"url\":\"https:\\\/\\\/bewehrungstechnik.ch\\\/it\\\/\",\"name\":\"Bewehrungstechnik\",\"description\":\"Just another WordPress site\",\"publisher\":{\"@id\":\"https:\\\/\\\/bewehrungstechnik.ch\\\/it\\\/#organization\"},\"potentialAction\":[{\"@type\":\"SearchAction\",\"target\":{\"@type\":\"EntryPoint\",\"urlTemplate\":\"https:\\\/\\\/bewehrungstechnik.ch\\\/it\\\/?s={search_term_string}\"},\"query-input\":{\"@type\":\"PropertyValueSpecification\",\"valueRequired\":true,\"valueName\":\"search_term_string\"}}],\"inLanguage\":\"it-IT\"},{\"@type\":\"Organization\",\"@id\":\"https:\\\/\\\/bewehrungstechnik.ch\\\/it\\\/#organization\",\"name\":\"Bewehrungstechnik\",\"url\":\"https:\\\/\\\/bewehrungstechnik.ch\\\/it\\\/\",\"logo\":{\"@type\":\"ImageObject\",\"inLanguage\":\"it-IT\",\"@id\":\"https:\\\/\\\/bewehrungstechnik.ch\\\/it\\\/#\\\/schema\\\/logo\\\/image\\\/\",\"url\":\"https:\\\/\\\/bewehrungstechnik.ch\\\/wp-content\\\/uploads\\\/2021\\\/03\\\/logo.svg\",\"contentUrl\":\"https:\\\/\\\/bewehrungstechnik.ch\\\/wp-content\\\/uploads\\\/2021\\\/03\\\/logo.svg\",\"width\":436,\"height\":436,\"caption\":\"Bewehrungstechnik\"},\"image\":{\"@id\":\"https:\\\/\\\/bewehrungstechnik.ch\\\/it\\\/#\\\/schema\\\/logo\\\/image\\\/\"}}]}<\/script>\n<!-- \/ Yoast SEO plugin. -->","yoast_head_json":{"title":"Revit \u2013 Catalogo degli elementi costruttivi - Bewehrungstechnik","robots":{"index":"index","follow":"follow","max-snippet":"max-snippet:-1","max-image-preview":"max-image-preview:large","max-video-preview":"max-video-preview:-1"},"canonical":"https:\/\/bewehrungstechnik.ch\/it\/revit-catalogo-degli-elementi-costruttivi\/","og_locale":"it_IT","og_type":"article","og_title":"Revit \u2013 Catalogo degli elementi costruttivi - Bewehrungstechnik","og_description":"Riconoscimento anticipato dei conflitti di incompatibilit\u00e0 Grazie agli elementi costruttivi 3D dettagliati, \u00e8 possibile individuare ed evitare tempestivamente conflitti di incompatibilit\u00e0 nella disposizione dell&#8217;armatura. Facile modifica di tutti i parametri geometrici e dei materiali Le modifiche, ad esempio della lunghezza degli elementi, dell&#8217;altezza e dello spessore dell&#8217;isolazione, possono essere apportate in modo semplice e veloce. [&hellip;]","og_url":"https:\/\/bewehrungstechnik.ch\/it\/revit-catalogo-degli-elementi-costruttivi\/","og_site_name":"Bewehrungstechnik","article_modified_time":"2026-02-02T12:57:24+00:00","twitter_card":"summary_large_image","schema":{"@context":"https:\/\/schema.org","@graph":[{"@type":"WebPage","@id":"https:\/\/bewehrungstechnik.ch\/it\/revit-catalogo-degli-elementi-costruttivi\/","url":"https:\/\/bewehrungstechnik.ch\/it\/revit-catalogo-degli-elementi-costruttivi\/","name":"Revit \u2013 Catalogo degli elementi costruttivi - Bewehrungstechnik","isPartOf":{"@id":"https:\/\/bewehrungstechnik.ch\/it\/#website"},"datePublished":"2026-02-02T12:57:23+00:00","dateModified":"2026-02-02T12:57:24+00:00","breadcrumb":{"@id":"https:\/\/bewehrungstechnik.ch\/it\/revit-catalogo-degli-elementi-costruttivi\/#breadcrumb"},"inLanguage":"it-IT","potentialAction":[{"@type":"ReadAction","target":["https:\/\/bewehrungstechnik.ch\/it\/revit-catalogo-degli-elementi-costruttivi\/"]}]},{"@type":"BreadcrumbList","@id":"https:\/\/bewehrungstechnik.ch\/it\/revit-catalogo-degli-elementi-costruttivi\/#breadcrumb","itemListElement":[{"@type":"ListItem","position":1,"name":"Home","item":"https:\/\/bewehrungstechnik.ch\/it\/"},{"@type":"ListItem","position":2,"name":"Revit \u2013 Catalogo degli elementi costruttivi"}]},{"@type":"WebSite","@id":"https:\/\/bewehrungstechnik.ch\/it\/#website","url":"https:\/\/bewehrungstechnik.ch\/it\/","name":"Bewehrungstechnik","description":"Just another WordPress site","publisher":{"@id":"https:\/\/bewehrungstechnik.ch\/it\/#organization"},"potentialAction":[{"@type":"SearchAction","target":{"@type":"EntryPoint","urlTemplate":"https:\/\/bewehrungstechnik.ch\/it\/?s={search_term_string}"},"query-input":{"@type":"PropertyValueSpecification","valueRequired":true,"valueName":"search_term_string"}}],"inLanguage":"it-IT"},{"@type":"Organization","@id":"https:\/\/bewehrungstechnik.ch\/it\/#organization","name":"Bewehrungstechnik","url":"https:\/\/bewehrungstechnik.ch\/it\/","logo":{"@type":"ImageObject","inLanguage":"it-IT","@id":"https:\/\/bewehrungstechnik.ch\/it\/#\/schema\/logo\/image\/","url":"https:\/\/bewehrungstechnik.ch\/wp-content\/uploads\/2021\/03\/logo.svg","contentUrl":"https:\/\/bewehrungstechnik.ch\/wp-content\/uploads\/2021\/03\/logo.svg","width":436,"height":436,"caption":"Bewehrungstechnik"},"image":{"@id":"https:\/\/bewehrungstechnik.ch\/it\/#\/schema\/logo\/image\/"}}]}},"_links":{"self":[{"href":"https:\/\/bewehrungstechnik.ch\/it\/wp-json\/wp\/v2\/pages\/12324","targetHints":{"allow":["GET"]}}],"collection":[{"href":"https:\/\/bewehrungstechnik.ch\/it\/wp-json\/wp\/v2\/pages"}],"about":[{"href":"https:\/\/bewehrungstechnik.ch\/it\/wp-json\/wp\/v2\/types\/page"}],"author":[{"embeddable":true,"href":"https:\/\/bewehrungstechnik.ch\/it\/wp-json\/wp\/v2\/users\/12"}],"replies":[{"embeddable":true,"href":"https:\/\/bewehrungstechnik.ch\/it\/wp-json\/wp\/v2\/comments?post=12324"}],"version-history":[{"count":1,"href":"https:\/\/bewehrungstechnik.ch\/it\/wp-json\/wp\/v2\/pages\/12324\/revisions"}],"predecessor-version":[{"id":12326,"href":"https:\/\/bewehrungstechnik.ch\/it\/wp-json\/wp\/v2\/pages\/12324\/revisions\/12326"}],"wp:attachment":[{"href":"https:\/\/bewehrungstechnik.ch\/it\/wp-json\/wp\/v2\/media?parent=12324"}],"curies":[{"name":"wp","href":"https:\/\/api.w.org\/{rel}","templated":true}]}}