{"id":12360,"date":"2026-02-03T09:42:22","date_gmt":"2026-02-03T09:42:22","guid":{"rendered":"https:\/\/bewehrungstechnik.ch\/product\/acciaio-darmatura-inossidabile-top12\/"},"modified":"2026-03-31T09:28:29","modified_gmt":"2026-03-31T09:28:29","slug":"acciaio-darmatura-inossidabile-top12","status":"publish","type":"product","link":"https:\/\/bewehrungstechnik.ch\/it\/product\/acciaio-darmatura-inossidabile-top12\/","title":{"rendered":"Acciaio d&#8217;armatura inossidabile Top12"},"featured_media":12361,"menu_order":110,"template":"","product_category":[113],"class_list":["post-12360","product","type-product","status-publish","has-post-thumbnail","","product_category-acciai-per-cemento-armato"],"acf":[],"yoast_head":"<!-- This site is optimized with the Yoast SEO plugin v27.4 - https:\/\/yoast.com\/product\/yoast-seo-wordpress\/ -->\n<title>Acciaio d&#039;armatura inossidabile Top12 | Debrunner Acifer Bewehrungen<\/title>\n<meta name=\"description\" content=\"Resistente al cloruro e ideale per l&#039;impiego nel calcestruzzo carbonatato: acciaio per cemento armato inossidabile Top12. Maggiori dettagli qui!\" \/>\n<meta name=\"robots\" content=\"index, follow, max-snippet:-1, max-image-preview:large, max-video-preview:-1\" \/>\n<link rel=\"canonical\" href=\"https:\/\/bewehrungstechnik.ch\/it\/product\/acciaio-darmatura-inossidabile-top12\/\" \/>\n<meta property=\"og:locale\" content=\"it_IT\" \/>\n<meta property=\"og:type\" content=\"article\" \/>\n<meta property=\"og:title\" content=\"Acciaio d&#039;armatura inossidabile Top12 | Debrunner Acifer Bewehrungen\" \/>\n<meta property=\"og:description\" content=\"Resistente al cloruro e ideale per l&#039;impiego nel calcestruzzo carbonatato: acciaio per cemento armato inossidabile Top12. Maggiori dettagli qui!\" \/>\n<meta property=\"og:url\" content=\"https:\/\/bewehrungstechnik.ch\/it\/product\/acciaio-darmatura-inossidabile-top12\/\" \/>\n<meta property=\"og:site_name\" content=\"Bewehrungstechnik\" \/>\n<meta property=\"article:modified_time\" content=\"2026-03-31T09:28:29+00:00\" \/>\n<meta property=\"og:image\" content=\"https:\/\/bewehrungstechnik.ch\/wp-content\/uploads\/2021\/05\/Top12-Stab-e1623836982512.jpg\" \/>\n\t<meta property=\"og:image:width\" content=\"591\" \/>\n\t<meta property=\"og:image:height\" content=\"356\" \/>\n\t<meta property=\"og:image:type\" content=\"image\/jpeg\" \/>\n<meta name=\"twitter:card\" content=\"summary_large_image\" \/>\n<script type=\"application\/ld+json\" class=\"yoast-schema-graph\">{\"@context\":\"https:\\\/\\\/schema.org\",\"@graph\":[{\"@type\":\"WebPage\",\"@id\":\"https:\\\/\\\/bewehrungstechnik.ch\\\/it\\\/product\\\/acciaio-darmatura-inossidabile-top12\\\/\",\"url\":\"https:\\\/\\\/bewehrungstechnik.ch\\\/it\\\/product\\\/acciaio-darmatura-inossidabile-top12\\\/\",\"name\":\"Acciaio d'armatura inossidabile Top12 | Debrunner Acifer Bewehrungen\",\"isPartOf\":{\"@id\":\"https:\\\/\\\/bewehrungstechnik.ch\\\/it\\\/#website\"},\"primaryImageOfPage\":{\"@id\":\"https:\\\/\\\/bewehrungstechnik.ch\\\/it\\\/product\\\/acciaio-darmatura-inossidabile-top12\\\/#primaryimage\"},\"image\":{\"@id\":\"https:\\\/\\\/bewehrungstechnik.ch\\\/it\\\/product\\\/acciaio-darmatura-inossidabile-top12\\\/#primaryimage\"},\"thumbnailUrl\":\"https:\\\/\\\/bewehrungstechnik.ch\\\/wp-content\\\/uploads\\\/2021\\\/05\\\/Top12-Stab-e1623836982512.jpg\",\"datePublished\":\"2026-02-03T09:42:22+00:00\",\"dateModified\":\"2026-03-31T09:28:29+00:00\",\"description\":\"Resistente al cloruro e ideale per l'impiego nel calcestruzzo carbonatato: acciaio per cemento armato inossidabile Top12. Maggiori dettagli qui!\",\"breadcrumb\":{\"@id\":\"https:\\\/\\\/bewehrungstechnik.ch\\\/it\\\/product\\\/acciaio-darmatura-inossidabile-top12\\\/#breadcrumb\"},\"inLanguage\":\"it-IT\",\"potentialAction\":[{\"@type\":\"ReadAction\",\"target\":[\"https:\\\/\\\/bewehrungstechnik.ch\\\/it\\\/product\\\/acciaio-darmatura-inossidabile-top12\\\/\"]}]},{\"@type\":\"ImageObject\",\"inLanguage\":\"it-IT\",\"@id\":\"https:\\\/\\\/bewehrungstechnik.ch\\\/it\\\/product\\\/acciaio-darmatura-inossidabile-top12\\\/#primaryimage\",\"url\":\"https:\\\/\\\/bewehrungstechnik.ch\\\/wp-content\\\/uploads\\\/2021\\\/05\\\/Top12-Stab-e1623836982512.jpg\",\"contentUrl\":\"https:\\\/\\\/bewehrungstechnik.ch\\\/wp-content\\\/uploads\\\/2021\\\/05\\\/Top12-Stab-e1623836982512.jpg\",\"width\":591,\"height\":356,\"caption\":\"Nichtrostender Stahl Top12\"},{\"@type\":\"BreadcrumbList\",\"@id\":\"https:\\\/\\\/bewehrungstechnik.ch\\\/it\\\/product\\\/acciaio-darmatura-inossidabile-top12\\\/#breadcrumb\",\"itemListElement\":[{\"@type\":\"ListItem\",\"position\":1,\"name\":\"Home\",\"item\":\"https:\\\/\\\/bewehrungstechnik.ch\\\/it\\\/\"},{\"@type\":\"ListItem\",\"position\":2,\"name\":\"Prodotti\",\"item\":\"https:\\\/\\\/bewehrungstechnik.ch\\\/it\\\/products\\\/\"},{\"@type\":\"ListItem\",\"position\":3,\"name\":\"Acciaio d&#8217;armatura inossidabile Top12\"}]},{\"@type\":\"WebSite\",\"@id\":\"https:\\\/\\\/bewehrungstechnik.ch\\\/it\\\/#website\",\"url\":\"https:\\\/\\\/bewehrungstechnik.ch\\\/it\\\/\",\"name\":\"Bewehrungstechnik\",\"description\":\"Just another WordPress site\",\"publisher\":{\"@id\":\"https:\\\/\\\/bewehrungstechnik.ch\\\/it\\\/#organization\"},\"potentialAction\":[{\"@type\":\"SearchAction\",\"target\":{\"@type\":\"EntryPoint\",\"urlTemplate\":\"https:\\\/\\\/bewehrungstechnik.ch\\\/it\\\/?s={search_term_string}\"},\"query-input\":{\"@type\":\"PropertyValueSpecification\",\"valueRequired\":true,\"valueName\":\"search_term_string\"}}],\"inLanguage\":\"it-IT\"},{\"@type\":\"Organization\",\"@id\":\"https:\\\/\\\/bewehrungstechnik.ch\\\/it\\\/#organization\",\"name\":\"Bewehrungstechnik\",\"url\":\"https:\\\/\\\/bewehrungstechnik.ch\\\/it\\\/\",\"logo\":{\"@type\":\"ImageObject\",\"inLanguage\":\"it-IT\",\"@id\":\"https:\\\/\\\/bewehrungstechnik.ch\\\/it\\\/#\\\/schema\\\/logo\\\/image\\\/\",\"url\":\"https:\\\/\\\/bewehrungstechnik.ch\\\/wp-content\\\/uploads\\\/2021\\\/03\\\/logo.svg\",\"contentUrl\":\"https:\\\/\\\/bewehrungstechnik.ch\\\/wp-content\\\/uploads\\\/2021\\\/03\\\/logo.svg\",\"width\":436,\"height\":436,\"caption\":\"Bewehrungstechnik\"},\"image\":{\"@id\":\"https:\\\/\\\/bewehrungstechnik.ch\\\/it\\\/#\\\/schema\\\/logo\\\/image\\\/\"}}]}<\/script>\n<!-- \/ Yoast SEO plugin. -->","yoast_head_json":{"title":"Acciaio d'armatura inossidabile Top12 | Debrunner Acifer Bewehrungen","description":"Resistente al cloruro e ideale per l'impiego nel calcestruzzo carbonatato: acciaio per cemento armato inossidabile Top12. Maggiori dettagli qui!","robots":{"index":"index","follow":"follow","max-snippet":"max-snippet:-1","max-image-preview":"max-image-preview:large","max-video-preview":"max-video-preview:-1"},"canonical":"https:\/\/bewehrungstechnik.ch\/it\/product\/acciaio-darmatura-inossidabile-top12\/","og_locale":"it_IT","og_type":"article","og_title":"Acciaio d'armatura inossidabile Top12 | Debrunner Acifer Bewehrungen","og_description":"Resistente al cloruro e ideale per l'impiego nel calcestruzzo carbonatato: acciaio per cemento armato inossidabile Top12. Maggiori dettagli qui!","og_url":"https:\/\/bewehrungstechnik.ch\/it\/product\/acciaio-darmatura-inossidabile-top12\/","og_site_name":"Bewehrungstechnik","article_modified_time":"2026-03-31T09:28:29+00:00","og_image":[{"width":591,"height":356,"url":"https:\/\/bewehrungstechnik.ch\/wp-content\/uploads\/2021\/05\/Top12-Stab-e1623836982512.jpg","type":"image\/jpeg"}],"twitter_card":"summary_large_image","schema":{"@context":"https:\/\/schema.org","@graph":[{"@type":"WebPage","@id":"https:\/\/bewehrungstechnik.ch\/it\/product\/acciaio-darmatura-inossidabile-top12\/","url":"https:\/\/bewehrungstechnik.ch\/it\/product\/acciaio-darmatura-inossidabile-top12\/","name":"Acciaio d'armatura inossidabile Top12 | Debrunner Acifer Bewehrungen","isPartOf":{"@id":"https:\/\/bewehrungstechnik.ch\/it\/#website"},"primaryImageOfPage":{"@id":"https:\/\/bewehrungstechnik.ch\/it\/product\/acciaio-darmatura-inossidabile-top12\/#primaryimage"},"image":{"@id":"https:\/\/bewehrungstechnik.ch\/it\/product\/acciaio-darmatura-inossidabile-top12\/#primaryimage"},"thumbnailUrl":"https:\/\/bewehrungstechnik.ch\/wp-content\/uploads\/2021\/05\/Top12-Stab-e1623836982512.jpg","datePublished":"2026-02-03T09:42:22+00:00","dateModified":"2026-03-31T09:28:29+00:00","description":"Resistente al cloruro e ideale per l'impiego nel calcestruzzo carbonatato: acciaio per cemento armato inossidabile Top12. Maggiori dettagli qui!","breadcrumb":{"@id":"https:\/\/bewehrungstechnik.ch\/it\/product\/acciaio-darmatura-inossidabile-top12\/#breadcrumb"},"inLanguage":"it-IT","potentialAction":[{"@type":"ReadAction","target":["https:\/\/bewehrungstechnik.ch\/it\/product\/acciaio-darmatura-inossidabile-top12\/"]}]},{"@type":"ImageObject","inLanguage":"it-IT","@id":"https:\/\/bewehrungstechnik.ch\/it\/product\/acciaio-darmatura-inossidabile-top12\/#primaryimage","url":"https:\/\/bewehrungstechnik.ch\/wp-content\/uploads\/2021\/05\/Top12-Stab-e1623836982512.jpg","contentUrl":"https:\/\/bewehrungstechnik.ch\/wp-content\/uploads\/2021\/05\/Top12-Stab-e1623836982512.jpg","width":591,"height":356,"caption":"Nichtrostender Stahl Top12"},{"@type":"BreadcrumbList","@id":"https:\/\/bewehrungstechnik.ch\/it\/product\/acciaio-darmatura-inossidabile-top12\/#breadcrumb","itemListElement":[{"@type":"ListItem","position":1,"name":"Home","item":"https:\/\/bewehrungstechnik.ch\/it\/"},{"@type":"ListItem","position":2,"name":"Prodotti","item":"https:\/\/bewehrungstechnik.ch\/it\/products\/"},{"@type":"ListItem","position":3,"name":"Acciaio d&#8217;armatura inossidabile Top12"}]},{"@type":"WebSite","@id":"https:\/\/bewehrungstechnik.ch\/it\/#website","url":"https:\/\/bewehrungstechnik.ch\/it\/","name":"Bewehrungstechnik","description":"Just another WordPress site","publisher":{"@id":"https:\/\/bewehrungstechnik.ch\/it\/#organization"},"potentialAction":[{"@type":"SearchAction","target":{"@type":"EntryPoint","urlTemplate":"https:\/\/bewehrungstechnik.ch\/it\/?s={search_term_string}"},"query-input":{"@type":"PropertyValueSpecification","valueRequired":true,"valueName":"search_term_string"}}],"inLanguage":"it-IT"},{"@type":"Organization","@id":"https:\/\/bewehrungstechnik.ch\/it\/#organization","name":"Bewehrungstechnik","url":"https:\/\/bewehrungstechnik.ch\/it\/","logo":{"@type":"ImageObject","inLanguage":"it-IT","@id":"https:\/\/bewehrungstechnik.ch\/it\/#\/schema\/logo\/image\/","url":"https:\/\/bewehrungstechnik.ch\/wp-content\/uploads\/2021\/03\/logo.svg","contentUrl":"https:\/\/bewehrungstechnik.ch\/wp-content\/uploads\/2021\/03\/logo.svg","width":436,"height":436,"caption":"Bewehrungstechnik"},"image":{"@id":"https:\/\/bewehrungstechnik.ch\/it\/#\/schema\/logo\/image\/"}}]}},"deac_custom_fields":{"page_color_variation":"default","product":{"brand":"Top12","name":"Acciaio d'armatura inossidabile"},"highlight_box":{"title":"Costi del ciclo di vita minimi in ambienti corrosivi in calcestruzzo","subtitle":"Resistente al cloruro e ideale per l'uso nel calcestruzzo carbonatato","text":"<ul>\n<li>Materiale altamente legato di qualit\u00e0 1.4003<\/li>\n<li>Resistente al cloruro<\/li>\n<li>Adatto all&#8217;uso in calcestruzzo carbonatato<\/li>\n<li>Non richiede particolari manipolazioni e pu\u00f2 essere lavorato in modo convenzionale<\/li>\n<li>Registrazione SIA degli acciai per cemento armato conformi alle norme<\/li>\n<\/ul>\n","media_type":"image","image":{"medium":"<img width=\"300\" height=\"200\" src=\"https:\/\/bewehrungstechnik.ch\/wp-content\/uploads\/2021\/05\/Top12-auf-Coil-300x200.jpg\" class=\"%s\" alt=\"Nichtrostender Bewehrungsstahlk Top12\" decoding=\"async\" loading=\"lazy\" srcset=\"https:\/\/bewehrungstechnik.ch\/wp-content\/uploads\/2021\/05\/Top12-auf-Coil-300x200.jpg 300w, https:\/\/bewehrungstechnik.ch\/wp-content\/uploads\/2021\/05\/Top12-auf-Coil-1024x682.jpg 1024w, https:\/\/bewehrungstechnik.ch\/wp-content\/uploads\/2021\/05\/Top12-auf-Coil-768x512.jpg 768w, https:\/\/bewehrungstechnik.ch\/wp-content\/uploads\/2021\/05\/Top12-auf-Coil-436x291.jpg 436w, https:\/\/bewehrungstechnik.ch\/wp-content\/uploads\/2021\/05\/Top12-auf-Coil-550x367.jpg 550w, https:\/\/bewehrungstechnik.ch\/wp-content\/uploads\/2021\/05\/Top12-auf-Coil.jpg 1250w\" sizes=\"auto, (max-width: 300px) 100vw, 300px\" \/>","medium_large":"<img width=\"768\" height=\"512\" src=\"https:\/\/bewehrungstechnik.ch\/wp-content\/uploads\/2021\/05\/Top12-auf-Coil-768x512.jpg\" class=\"%s\" alt=\"Nichtrostender Bewehrungsstahlk Top12\" decoding=\"async\" loading=\"lazy\" srcset=\"https:\/\/bewehrungstechnik.ch\/wp-content\/uploads\/2021\/05\/Top12-auf-Coil-768x512.jpg 768w, https:\/\/bewehrungstechnik.ch\/wp-content\/uploads\/2021\/05\/Top12-auf-Coil-300x200.jpg 300w, https:\/\/bewehrungstechnik.ch\/wp-content\/uploads\/2021\/05\/Top12-auf-Coil-1024x682.jpg 1024w, https:\/\/bewehrungstechnik.ch\/wp-content\/uploads\/2021\/05\/Top12-auf-Coil-436x291.jpg 436w, https:\/\/bewehrungstechnik.ch\/wp-content\/uploads\/2021\/05\/Top12-auf-Coil-550x367.jpg 550w, https:\/\/bewehrungstechnik.ch\/wp-content\/uploads\/2021\/05\/Top12-auf-Coil.jpg 1250w\" sizes=\"auto, (max-width: 768px) 100vw, 768px\" \/>","large":"<img width=\"1024\" height=\"682\" src=\"https:\/\/bewehrungstechnik.ch\/wp-content\/uploads\/2021\/05\/Top12-auf-Coil-1024x682.jpg\" class=\"%s\" alt=\"Nichtrostender Bewehrungsstahlk Top12\" decoding=\"async\" loading=\"lazy\" srcset=\"https:\/\/bewehrungstechnik.ch\/wp-content\/uploads\/2021\/05\/Top12-auf-Coil-1024x682.jpg 1024w, https:\/\/bewehrungstechnik.ch\/wp-content\/uploads\/2021\/05\/Top12-auf-Coil-300x200.jpg 300w, https:\/\/bewehrungstechnik.ch\/wp-content\/uploads\/2021\/05\/Top12-auf-Coil-768x512.jpg 768w, https:\/\/bewehrungstechnik.ch\/wp-content\/uploads\/2021\/05\/Top12-auf-Coil-436x291.jpg 436w, https:\/\/bewehrungstechnik.ch\/wp-content\/uploads\/2021\/05\/Top12-auf-Coil-550x367.jpg 550w, https:\/\/bewehrungstechnik.ch\/wp-content\/uploads\/2021\/05\/Top12-auf-Coil.jpg 1250w\" sizes=\"auto, (max-width: 1024px) 100vw, 1024px\" \/>","full":"<img width=\"1250\" height=\"833\" src=\"https:\/\/bewehrungstechnik.ch\/wp-content\/uploads\/2021\/05\/Top12-auf-Coil.jpg\" class=\"%s\" alt=\"Nichtrostender Bewehrungsstahlk Top12\" decoding=\"async\" loading=\"lazy\" srcset=\"https:\/\/bewehrungstechnik.ch\/wp-content\/uploads\/2021\/05\/Top12-auf-Coil.jpg 1250w, https:\/\/bewehrungstechnik.ch\/wp-content\/uploads\/2021\/05\/Top12-auf-Coil-300x200.jpg 300w, https:\/\/bewehrungstechnik.ch\/wp-content\/uploads\/2021\/05\/Top12-auf-Coil-1024x682.jpg 1024w, https:\/\/bewehrungstechnik.ch\/wp-content\/uploads\/2021\/05\/Top12-auf-Coil-768x512.jpg 768w, https:\/\/bewehrungstechnik.ch\/wp-content\/uploads\/2021\/05\/Top12-auf-Coil-436x291.jpg 436w, https:\/\/bewehrungstechnik.ch\/wp-content\/uploads\/2021\/05\/Top12-auf-Coil-550x367.jpg 550w\" sizes=\"auto, (max-width: 1250px) 100vw, 1250px\" \/>"},"video_list":false},"downloads":[3003,2048,1732,2067,1487,1483,1465,3158,3150,3076,1491,4093,6109,1744,1864],"description":[{"title":"Impiego per le opere e i manufatti del genio civile","text":"<p>L&#8217;acciaio per cemento armato Top12 con elevata resistenza alla corrosione si \u00e8 affermato gi\u00e0 da molti anni. Il Top12 presenta un&#8217;elevata resistenza al cloruro. Per questo motivo viene utilizzato nel genio civile, soprattutto nelle zone soggette a spruzzi d&#8217;acqua e in quelle dove ristagna. In questi ambiti garantisce una durata delle opere e dei manufatti compresa tra 80 e 100 anni.<\/p>\n"},{"title":"Impiego nell'edilizia","text":"<p>Allo stesso tempo, l&#8217;acciaio per cemento armato Top12 \u00e8 idoneo all&#8217;uso in calcestruzzo carbonatato, motivo per cui viene sempre pi\u00f9 utilizzato anche nell&#8217;edilizia, ad esempio in elementi costruttivi sottili, in cui non \u00e8 possibile rispettare il copriferro standard o in progetti con particolari requisiti estetici, ad esempio per una superficie in cemento faccia a vista. Ulteriori possibilit\u00e0 di impiego si offrono nei parcheggi multipiano, nel settore della raccolta delle acque reflue e di scarico, nelle ristrutturazioni o nei calcestruzzi porosi come il calcestruzzo leggero.<\/p>\n"},{"title":"Elevati valori di resistenza e ottime propriet\u00e0 di duttilit\u00e0","text":"<p>Gli elevati valori di resistenza combinati con ottime propriet\u00e0 di duttilit\u00e0 contraddistinguono il Top12. Il Top12 soddisfa o supera tutti i requisiti della norma SIA 262 per l&#8217;acciaio per cemento armato B500B ed \u00e8 l&#8217;unico acciaio inossidabile elencato nel registro corrispondente secondo la norma SIA 262:2013.<\/p>\n"},{"title":"L'INOX-Center di Regensdorf \u00e8 iscritto nel registro SIA come centro di lavorazione degli acciai inossidabili","text":"<p>In qualit\u00e0 di primo certificato e iscritto nel registro SIA, dei centri di lavorazione degli acciai inossidabili per armature, Debrunner Acifer Bewehrungen AG soddisfa tutti i requisiti della norma SIA 262:3013. Nel nostro centro di lavorazione degli acciai inossidabili di Regensdorf lavoriamo il Top12 con la massima qualit\u00e0, garantendo tempi di fornitura brevi.<\/p>\n"}]},"deac_featured_media":{"medium":"<img width=\"300\" height=\"181\" src=\"https:\/\/bewehrungstechnik.ch\/wp-content\/uploads\/2021\/05\/Top12-Stab-e1623836982512-300x181.jpg\" class=\"%s\" alt=\"Nichtrostender Stahl Top12\" decoding=\"async\" loading=\"lazy\" srcset=\"https:\/\/bewehrungstechnik.ch\/wp-content\/uploads\/2021\/05\/Top12-Stab-e1623836982512-300x181.jpg 300w, https:\/\/bewehrungstechnik.ch\/wp-content\/uploads\/2021\/05\/Top12-Stab-e1623836982512-436x263.jpg 436w, https:\/\/bewehrungstechnik.ch\/wp-content\/uploads\/2021\/05\/Top12-Stab-e1623836982512-550x331.jpg 550w, https:\/\/bewehrungstechnik.ch\/wp-content\/uploads\/2021\/05\/Top12-Stab-e1623836982512.jpg 591w\" sizes=\"auto, (max-width: 300px) 100vw, 300px\" \/>","medium_large":"<img width=\"591\" height=\"356\" src=\"https:\/\/bewehrungstechnik.ch\/wp-content\/uploads\/2021\/05\/Top12-Stab-e1623836982512.jpg\" class=\"%s\" alt=\"Nichtrostender Stahl Top12\" decoding=\"async\" loading=\"lazy\" srcset=\"https:\/\/bewehrungstechnik.ch\/wp-content\/uploads\/2021\/05\/Top12-Stab-e1623836982512.jpg 591w, https:\/\/bewehrungstechnik.ch\/wp-content\/uploads\/2021\/05\/Top12-Stab-e1623836982512-300x181.jpg 300w, https:\/\/bewehrungstechnik.ch\/wp-content\/uploads\/2021\/05\/Top12-Stab-e1623836982512-436x263.jpg 436w, https:\/\/bewehrungstechnik.ch\/wp-content\/uploads\/2021\/05\/Top12-Stab-e1623836982512-550x331.jpg 550w\" sizes=\"auto, (max-width: 591px) 100vw, 591px\" \/>","large":"<img width=\"591\" height=\"356\" src=\"https:\/\/bewehrungstechnik.ch\/wp-content\/uploads\/2021\/05\/Top12-Stab-e1623836982512.jpg\" class=\"%s\" alt=\"Nichtrostender Stahl Top12\" decoding=\"async\" loading=\"lazy\" srcset=\"https:\/\/bewehrungstechnik.ch\/wp-content\/uploads\/2021\/05\/Top12-Stab-e1623836982512.jpg 591w, https:\/\/bewehrungstechnik.ch\/wp-content\/uploads\/2021\/05\/Top12-Stab-e1623836982512-300x181.jpg 300w, https:\/\/bewehrungstechnik.ch\/wp-content\/uploads\/2021\/05\/Top12-Stab-e1623836982512-436x263.jpg 436w, https:\/\/bewehrungstechnik.ch\/wp-content\/uploads\/2021\/05\/Top12-Stab-e1623836982512-550x331.jpg 550w\" sizes=\"auto, (max-width: 591px) 100vw, 591px\" \/>","full":"<img width=\"591\" height=\"356\" src=\"https:\/\/bewehrungstechnik.ch\/wp-content\/uploads\/2021\/05\/Top12-Stab-e1623836982512.jpg\" class=\"%s\" alt=\"Nichtrostender Stahl Top12\" decoding=\"async\" loading=\"lazy\" srcset=\"https:\/\/bewehrungstechnik.ch\/wp-content\/uploads\/2021\/05\/Top12-Stab-e1623836982512.jpg 591w, https:\/\/bewehrungstechnik.ch\/wp-content\/uploads\/2021\/05\/Top12-Stab-e1623836982512-300x181.jpg 300w, https:\/\/bewehrungstechnik.ch\/wp-content\/uploads\/2021\/05\/Top12-Stab-e1623836982512-436x263.jpg 436w, https:\/\/bewehrungstechnik.ch\/wp-content\/uploads\/2021\/05\/Top12-Stab-e1623836982512-550x331.jpg 550w\" sizes=\"auto, (max-width: 591px) 100vw, 591px\" \/>"},"_links":{"self":[{"href":"https:\/\/bewehrungstechnik.ch\/it\/wp-json\/wp\/v2\/product\/12360","targetHints":{"allow":["GET"]}}],"collection":[{"href":"https:\/\/bewehrungstechnik.ch\/it\/wp-json\/wp\/v2\/product"}],"about":[{"href":"https:\/\/bewehrungstechnik.ch\/it\/wp-json\/wp\/v2\/types\/product"}],"wp:featuredmedia":[{"embeddable":true,"href":"https:\/\/bewehrungstechnik.ch\/it\/wp-json\/wp\/v2\/media\/12361"}],"wp:attachment":[{"href":"https:\/\/bewehrungstechnik.ch\/it\/wp-json\/wp\/v2\/media?parent=12360"}],"wp:term":[{"taxonomy":"product_category","embeddable":true,"href":"https:\/\/bewehrungstechnik.ch\/it\/wp-json\/wp\/v2\/product_category?post=12360"}],"curies":[{"name":"wp","href":"https:\/\/api.w.org\/{rel}","templated":true}]}}