{"id":12594,"date":"2026-02-18T12:20:41","date_gmt":"2026-02-18T12:20:41","guid":{"rendered":"https:\/\/bewehrungstechnik.ch\/product\/nexigen-b500b\/"},"modified":"2026-03-31T09:28:47","modified_gmt":"2026-03-31T09:28:47","slug":"nexigen-b500b","status":"publish","type":"product","link":"https:\/\/bewehrungstechnik.ch\/it\/product\/nexigen-b500b\/","title":{"rendered":"Nexigen\u00ae B500B"},"featured_media":10496,"menu_order":95,"template":"","product_category":[125],"class_list":["post-12594","product","type-product","status-publish","has-post-thumbnail","","product_category-nexigen"],"acf":[],"yoast_head":"<!-- This site is optimized with the Yoast SEO plugin v27.2 - https:\/\/yoast.com\/product\/yoast-seo-wordpress\/ -->\n<title>Nexigen\u00ae B500B - Bewehrungstechnik<\/title>\n<meta name=\"description\" content=\"Nexigen\u00ae: il nostro nuovo marchio per l&#039;acciaio per cemento armato a basse emissioni di CO2. Con il marchio Nexigen\u00ae offriamo soluzioni trasparenti a basse emissioni di CO2 in termini di materiali, servizi e logistica, che aiutano i nostri clienti a creare catene di fornitura sostenibili. Con Nexigen\u00ae aiutiamo i nostri partner ad accelerare la loro transizione ecologica e a rendere visibili i loro progressi in materia di sostenibilit\u00e0.\" \/>\n<meta name=\"robots\" content=\"index, follow, max-snippet:-1, max-image-preview:large, max-video-preview:-1\" \/>\n<link rel=\"canonical\" href=\"https:\/\/bewehrungstechnik.ch\/it\/product\/nexigen-b500b\/\" \/>\n<meta property=\"og:locale\" content=\"it_IT\" \/>\n<meta property=\"og:type\" content=\"article\" \/>\n<meta property=\"og:title\" content=\"Nexigen\u00ae B500B - Bewehrungstechnik\" \/>\n<meta property=\"og:description\" content=\"Nexigen\u00ae: il nostro nuovo marchio per l&#039;acciaio per cemento armato a basse emissioni di CO2. Con il marchio Nexigen\u00ae offriamo soluzioni trasparenti a basse emissioni di CO2 in termini di materiali, servizi e logistica, che aiutano i nostri clienti a creare catene di fornitura sostenibili. Con Nexigen\u00ae aiutiamo i nostri partner ad accelerare la loro transizione ecologica e a rendere visibili i loro progressi in materia di sostenibilit\u00e0.\" \/>\n<meta property=\"og:url\" content=\"https:\/\/bewehrungstechnik.ch\/it\/product\/nexigen-b500b\/\" \/>\n<meta property=\"og:site_name\" content=\"Bewehrungstechnik\" \/>\n<meta property=\"article:modified_time\" content=\"2026-03-31T09:28:47+00:00\" \/>\n<meta property=\"og:image\" content=\"https:\/\/bewehrungstechnik.ch\/wp-content\/uploads\/NEXIGEN_B500B_Coil.png\" \/>\n\t<meta property=\"og:image:width\" content=\"1870\" \/>\n\t<meta property=\"og:image:height\" content=\"713\" \/>\n\t<meta property=\"og:image:type\" content=\"image\/png\" \/>\n<meta name=\"twitter:card\" content=\"summary_large_image\" \/>\n<script type=\"application\/ld+json\" class=\"yoast-schema-graph\">{\"@context\":\"https:\/\/schema.org\",\"@graph\":[{\"@type\":\"WebPage\",\"@id\":\"https:\/\/bewehrungstechnik.ch\/it\/product\/nexigen-b500b\/\",\"url\":\"https:\/\/bewehrungstechnik.ch\/it\/product\/nexigen-b500b\/\",\"name\":\"Nexigen\u00ae B500B - Bewehrungstechnik\",\"isPartOf\":{\"@id\":\"https:\/\/bewehrungstechnik.ch\/it\/#website\"},\"primaryImageOfPage\":{\"@id\":\"https:\/\/bewehrungstechnik.ch\/it\/product\/nexigen-b500b\/#primaryimage\"},\"image\":{\"@id\":\"https:\/\/bewehrungstechnik.ch\/it\/product\/nexigen-b500b\/#primaryimage\"},\"thumbnailUrl\":\"https:\/\/bewehrungstechnik.ch\/wp-content\/uploads\/NEXIGEN_B500B_Coil.png\",\"datePublished\":\"2026-02-18T12:20:41+00:00\",\"dateModified\":\"2026-03-31T09:28:47+00:00\",\"description\":\"Nexigen\u00ae: il nostro nuovo marchio per l'acciaio per cemento armato a basse emissioni di CO2. Con il marchio Nexigen\u00ae offriamo soluzioni trasparenti a basse emissioni di CO2 in termini di materiali, servizi e logistica, che aiutano i nostri clienti a creare catene di fornitura sostenibili. Con Nexigen\u00ae aiutiamo i nostri partner ad accelerare la loro transizione ecologica e a rendere visibili i loro progressi in materia di sostenibilit\u00e0.\",\"breadcrumb\":{\"@id\":\"https:\/\/bewehrungstechnik.ch\/it\/product\/nexigen-b500b\/#breadcrumb\"},\"inLanguage\":\"it-IT\",\"potentialAction\":[{\"@type\":\"ReadAction\",\"target\":[\"https:\/\/bewehrungstechnik.ch\/it\/product\/nexigen-b500b\/\"]}]},{\"@type\":\"ImageObject\",\"inLanguage\":\"it-IT\",\"@id\":\"https:\/\/bewehrungstechnik.ch\/it\/product\/nexigen-b500b\/#primaryimage\",\"url\":\"https:\/\/bewehrungstechnik.ch\/wp-content\/uploads\/NEXIGEN_B500B_Coil.png\",\"contentUrl\":\"https:\/\/bewehrungstechnik.ch\/wp-content\/uploads\/NEXIGEN_B500B_Coil.png\",\"width\":1870,\"height\":713},{\"@type\":\"BreadcrumbList\",\"@id\":\"https:\/\/bewehrungstechnik.ch\/it\/product\/nexigen-b500b\/#breadcrumb\",\"itemListElement\":[{\"@type\":\"ListItem\",\"position\":1,\"name\":\"Home\",\"item\":\"https:\/\/bewehrungstechnik.ch\/it\/\"},{\"@type\":\"ListItem\",\"position\":2,\"name\":\"Prodotti\",\"item\":\"https:\/\/bewehrungstechnik.ch\/it\/products\/\"},{\"@type\":\"ListItem\",\"position\":3,\"name\":\"Nexigen\u00ae B500B\"}]},{\"@type\":\"WebSite\",\"@id\":\"https:\/\/bewehrungstechnik.ch\/it\/#website\",\"url\":\"https:\/\/bewehrungstechnik.ch\/it\/\",\"name\":\"Bewehrungstechnik\",\"description\":\"Just another WordPress site\",\"publisher\":{\"@id\":\"https:\/\/bewehrungstechnik.ch\/it\/#organization\"},\"potentialAction\":[{\"@type\":\"SearchAction\",\"target\":{\"@type\":\"EntryPoint\",\"urlTemplate\":\"https:\/\/bewehrungstechnik.ch\/it\/?s={search_term_string}\"},\"query-input\":{\"@type\":\"PropertyValueSpecification\",\"valueRequired\":true,\"valueName\":\"search_term_string\"}}],\"inLanguage\":\"it-IT\"},{\"@type\":\"Organization\",\"@id\":\"https:\/\/bewehrungstechnik.ch\/it\/#organization\",\"name\":\"Bewehrungstechnik\",\"url\":\"https:\/\/bewehrungstechnik.ch\/it\/\",\"logo\":{\"@type\":\"ImageObject\",\"inLanguage\":\"it-IT\",\"@id\":\"https:\/\/bewehrungstechnik.ch\/it\/#\/schema\/logo\/image\/\",\"url\":\"https:\/\/bewehrungstechnik.ch\/wp-content\/uploads\/2021\/03\/logo.svg\",\"contentUrl\":\"https:\/\/bewehrungstechnik.ch\/wp-content\/uploads\/2021\/03\/logo.svg\",\"width\":436,\"height\":436,\"caption\":\"Bewehrungstechnik\"},\"image\":{\"@id\":\"https:\/\/bewehrungstechnik.ch\/it\/#\/schema\/logo\/image\/\"}}]}<\/script>\n<!-- \/ Yoast SEO plugin. -->","yoast_head_json":{"title":"Nexigen\u00ae B500B - Bewehrungstechnik","description":"Nexigen\u00ae: il nostro nuovo marchio per l'acciaio per cemento armato a basse emissioni di CO2. Con il marchio Nexigen\u00ae offriamo soluzioni trasparenti a basse emissioni di CO2 in termini di materiali, servizi e logistica, che aiutano i nostri clienti a creare catene di fornitura sostenibili. Con Nexigen\u00ae aiutiamo i nostri partner ad accelerare la loro transizione ecologica e a rendere visibili i loro progressi in materia di sostenibilit\u00e0.","robots":{"index":"index","follow":"follow","max-snippet":"max-snippet:-1","max-image-preview":"max-image-preview:large","max-video-preview":"max-video-preview:-1"},"canonical":"https:\/\/bewehrungstechnik.ch\/it\/product\/nexigen-b500b\/","og_locale":"it_IT","og_type":"article","og_title":"Nexigen\u00ae B500B - Bewehrungstechnik","og_description":"Nexigen\u00ae: il nostro nuovo marchio per l'acciaio per cemento armato a basse emissioni di CO2. Con il marchio Nexigen\u00ae offriamo soluzioni trasparenti a basse emissioni di CO2 in termini di materiali, servizi e logistica, che aiutano i nostri clienti a creare catene di fornitura sostenibili. Con Nexigen\u00ae aiutiamo i nostri partner ad accelerare la loro transizione ecologica e a rendere visibili i loro progressi in materia di sostenibilit\u00e0.","og_url":"https:\/\/bewehrungstechnik.ch\/it\/product\/nexigen-b500b\/","og_site_name":"Bewehrungstechnik","article_modified_time":"2026-03-31T09:28:47+00:00","og_image":[{"width":1870,"height":713,"url":"https:\/\/bewehrungstechnik.ch\/wp-content\/uploads\/NEXIGEN_B500B_Coil.png","type":"image\/png"}],"twitter_card":"summary_large_image","schema":{"@context":"https:\/\/schema.org","@graph":[{"@type":"WebPage","@id":"https:\/\/bewehrungstechnik.ch\/it\/product\/nexigen-b500b\/","url":"https:\/\/bewehrungstechnik.ch\/it\/product\/nexigen-b500b\/","name":"Nexigen\u00ae B500B - Bewehrungstechnik","isPartOf":{"@id":"https:\/\/bewehrungstechnik.ch\/it\/#website"},"primaryImageOfPage":{"@id":"https:\/\/bewehrungstechnik.ch\/it\/product\/nexigen-b500b\/#primaryimage"},"image":{"@id":"https:\/\/bewehrungstechnik.ch\/it\/product\/nexigen-b500b\/#primaryimage"},"thumbnailUrl":"https:\/\/bewehrungstechnik.ch\/wp-content\/uploads\/NEXIGEN_B500B_Coil.png","datePublished":"2026-02-18T12:20:41+00:00","dateModified":"2026-03-31T09:28:47+00:00","description":"Nexigen\u00ae: il nostro nuovo marchio per l'acciaio per cemento armato a basse emissioni di CO2. Con il marchio Nexigen\u00ae offriamo soluzioni trasparenti a basse emissioni di CO2 in termini di materiali, servizi e logistica, che aiutano i nostri clienti a creare catene di fornitura sostenibili. Con Nexigen\u00ae aiutiamo i nostri partner ad accelerare la loro transizione ecologica e a rendere visibili i loro progressi in materia di sostenibilit\u00e0.","breadcrumb":{"@id":"https:\/\/bewehrungstechnik.ch\/it\/product\/nexigen-b500b\/#breadcrumb"},"inLanguage":"it-IT","potentialAction":[{"@type":"ReadAction","target":["https:\/\/bewehrungstechnik.ch\/it\/product\/nexigen-b500b\/"]}]},{"@type":"ImageObject","inLanguage":"it-IT","@id":"https:\/\/bewehrungstechnik.ch\/it\/product\/nexigen-b500b\/#primaryimage","url":"https:\/\/bewehrungstechnik.ch\/wp-content\/uploads\/NEXIGEN_B500B_Coil.png","contentUrl":"https:\/\/bewehrungstechnik.ch\/wp-content\/uploads\/NEXIGEN_B500B_Coil.png","width":1870,"height":713},{"@type":"BreadcrumbList","@id":"https:\/\/bewehrungstechnik.ch\/it\/product\/nexigen-b500b\/#breadcrumb","itemListElement":[{"@type":"ListItem","position":1,"name":"Home","item":"https:\/\/bewehrungstechnik.ch\/it\/"},{"@type":"ListItem","position":2,"name":"Prodotti","item":"https:\/\/bewehrungstechnik.ch\/it\/products\/"},{"@type":"ListItem","position":3,"name":"Nexigen\u00ae B500B"}]},{"@type":"WebSite","@id":"https:\/\/bewehrungstechnik.ch\/it\/#website","url":"https:\/\/bewehrungstechnik.ch\/it\/","name":"Bewehrungstechnik","description":"Just another WordPress site","publisher":{"@id":"https:\/\/bewehrungstechnik.ch\/it\/#organization"},"potentialAction":[{"@type":"SearchAction","target":{"@type":"EntryPoint","urlTemplate":"https:\/\/bewehrungstechnik.ch\/it\/?s={search_term_string}"},"query-input":{"@type":"PropertyValueSpecification","valueRequired":true,"valueName":"search_term_string"}}],"inLanguage":"it-IT"},{"@type":"Organization","@id":"https:\/\/bewehrungstechnik.ch\/it\/#organization","name":"Bewehrungstechnik","url":"https:\/\/bewehrungstechnik.ch\/it\/","logo":{"@type":"ImageObject","inLanguage":"it-IT","@id":"https:\/\/bewehrungstechnik.ch\/it\/#\/schema\/logo\/image\/","url":"https:\/\/bewehrungstechnik.ch\/wp-content\/uploads\/2021\/03\/logo.svg","contentUrl":"https:\/\/bewehrungstechnik.ch\/wp-content\/uploads\/2021\/03\/logo.svg","width":436,"height":436,"caption":"Bewehrungstechnik"},"image":{"@id":"https:\/\/bewehrungstechnik.ch\/it\/#\/schema\/logo\/image\/"}}]}},"deac_custom_fields":{"page_color_variation":"green","product":{"brand":"Nexigen\u00ae ","name":"B500B"},"highlight_box":{"title":"Acciaio d'armatura con ridotto contenuto di CO\u2082","subtitle":"La nuova generazione","text":"<ul>\n<li>Basso valore di emissioni di CO\u2082 pari a 348 kg\/t<\/li>\n<li>100% della rottamazione con regionalit\u00e0 elevata<\/li>\n<li>100% di energia rinnovabile, quindi idroelettrica sostenibile<\/li>\n<li>Massimo punteggio per la certificazione LEED<\/li>\n<\/ul>\n","media_type":"video","image":{"medium":"<img width=\"300\" height=\"92\" src=\"https:\/\/bewehrungstechnik.ch\/wp-content\/uploads\/DE_Banner_Nexigen_Nachhaltigkeit_DKG-Landingpage-300x92.jpg\" class=\"%s\" alt=\"\" decoding=\"async\" loading=\"lazy\" srcset=\"https:\/\/bewehrungstechnik.ch\/wp-content\/uploads\/DE_Banner_Nexigen_Nachhaltigkeit_DKG-Landingpage-300x92.jpg 300w, https:\/\/bewehrungstechnik.ch\/wp-content\/uploads\/DE_Banner_Nexigen_Nachhaltigkeit_DKG-Landingpage-1024x313.jpg 1024w, https:\/\/bewehrungstechnik.ch\/wp-content\/uploads\/DE_Banner_Nexigen_Nachhaltigkeit_DKG-Landingpage-768x235.jpg 768w, https:\/\/bewehrungstechnik.ch\/wp-content\/uploads\/DE_Banner_Nexigen_Nachhaltigkeit_DKG-Landingpage-1536x469.jpg 1536w, https:\/\/bewehrungstechnik.ch\/wp-content\/uploads\/DE_Banner_Nexigen_Nachhaltigkeit_DKG-Landingpage-2048x626.jpg 2048w, https:\/\/bewehrungstechnik.ch\/wp-content\/uploads\/DE_Banner_Nexigen_Nachhaltigkeit_DKG-Landingpage-436x133.jpg 436w, https:\/\/bewehrungstechnik.ch\/wp-content\/uploads\/DE_Banner_Nexigen_Nachhaltigkeit_DKG-Landingpage-550x168.jpg 550w\" sizes=\"auto, (max-width: 300px) 100vw, 300px\" \/>","medium_large":"<img width=\"768\" height=\"235\" src=\"https:\/\/bewehrungstechnik.ch\/wp-content\/uploads\/DE_Banner_Nexigen_Nachhaltigkeit_DKG-Landingpage-768x235.jpg\" class=\"%s\" alt=\"\" decoding=\"async\" loading=\"lazy\" srcset=\"https:\/\/bewehrungstechnik.ch\/wp-content\/uploads\/DE_Banner_Nexigen_Nachhaltigkeit_DKG-Landingpage-768x235.jpg 768w, https:\/\/bewehrungstechnik.ch\/wp-content\/uploads\/DE_Banner_Nexigen_Nachhaltigkeit_DKG-Landingpage-300x92.jpg 300w, https:\/\/bewehrungstechnik.ch\/wp-content\/uploads\/DE_Banner_Nexigen_Nachhaltigkeit_DKG-Landingpage-1024x313.jpg 1024w, https:\/\/bewehrungstechnik.ch\/wp-content\/uploads\/DE_Banner_Nexigen_Nachhaltigkeit_DKG-Landingpage-1536x469.jpg 1536w, https:\/\/bewehrungstechnik.ch\/wp-content\/uploads\/DE_Banner_Nexigen_Nachhaltigkeit_DKG-Landingpage-2048x626.jpg 2048w, https:\/\/bewehrungstechnik.ch\/wp-content\/uploads\/DE_Banner_Nexigen_Nachhaltigkeit_DKG-Landingpage-436x133.jpg 436w, https:\/\/bewehrungstechnik.ch\/wp-content\/uploads\/DE_Banner_Nexigen_Nachhaltigkeit_DKG-Landingpage-550x168.jpg 550w\" sizes=\"auto, (max-width: 768px) 100vw, 768px\" \/>","large":"<img width=\"1024\" height=\"313\" src=\"https:\/\/bewehrungstechnik.ch\/wp-content\/uploads\/DE_Banner_Nexigen_Nachhaltigkeit_DKG-Landingpage-1024x313.jpg\" class=\"%s\" alt=\"\" decoding=\"async\" loading=\"lazy\" srcset=\"https:\/\/bewehrungstechnik.ch\/wp-content\/uploads\/DE_Banner_Nexigen_Nachhaltigkeit_DKG-Landingpage-1024x313.jpg 1024w, https:\/\/bewehrungstechnik.ch\/wp-content\/uploads\/DE_Banner_Nexigen_Nachhaltigkeit_DKG-Landingpage-300x92.jpg 300w, https:\/\/bewehrungstechnik.ch\/wp-content\/uploads\/DE_Banner_Nexigen_Nachhaltigkeit_DKG-Landingpage-768x235.jpg 768w, https:\/\/bewehrungstechnik.ch\/wp-content\/uploads\/DE_Banner_Nexigen_Nachhaltigkeit_DKG-Landingpage-1536x469.jpg 1536w, https:\/\/bewehrungstechnik.ch\/wp-content\/uploads\/DE_Banner_Nexigen_Nachhaltigkeit_DKG-Landingpage-2048x626.jpg 2048w, https:\/\/bewehrungstechnik.ch\/wp-content\/uploads\/DE_Banner_Nexigen_Nachhaltigkeit_DKG-Landingpage-436x133.jpg 436w, https:\/\/bewehrungstechnik.ch\/wp-content\/uploads\/DE_Banner_Nexigen_Nachhaltigkeit_DKG-Landingpage-550x168.jpg 550w\" sizes=\"auto, (max-width: 1024px) 100vw, 1024px\" \/>","full":"<img width=\"2560\" height=\"782\" src=\"https:\/\/bewehrungstechnik.ch\/wp-content\/uploads\/DE_Banner_Nexigen_Nachhaltigkeit_DKG-Landingpage-scaled.jpg\" class=\"%s\" alt=\"\" decoding=\"async\" loading=\"lazy\" srcset=\"https:\/\/bewehrungstechnik.ch\/wp-content\/uploads\/DE_Banner_Nexigen_Nachhaltigkeit_DKG-Landingpage-scaled.jpg 2560w, https:\/\/bewehrungstechnik.ch\/wp-content\/uploads\/DE_Banner_Nexigen_Nachhaltigkeit_DKG-Landingpage-300x92.jpg 300w, https:\/\/bewehrungstechnik.ch\/wp-content\/uploads\/DE_Banner_Nexigen_Nachhaltigkeit_DKG-Landingpage-1024x313.jpg 1024w, https:\/\/bewehrungstechnik.ch\/wp-content\/uploads\/DE_Banner_Nexigen_Nachhaltigkeit_DKG-Landingpage-768x235.jpg 768w, https:\/\/bewehrungstechnik.ch\/wp-content\/uploads\/DE_Banner_Nexigen_Nachhaltigkeit_DKG-Landingpage-1536x469.jpg 1536w, https:\/\/bewehrungstechnik.ch\/wp-content\/uploads\/DE_Banner_Nexigen_Nachhaltigkeit_DKG-Landingpage-2048x626.jpg 2048w, https:\/\/bewehrungstechnik.ch\/wp-content\/uploads\/DE_Banner_Nexigen_Nachhaltigkeit_DKG-Landingpage-436x133.jpg 436w, https:\/\/bewehrungstechnik.ch\/wp-content\/uploads\/DE_Banner_Nexigen_Nachhaltigkeit_DKG-Landingpage-550x168.jpg 550w\" sizes=\"auto, (max-width: 2560px) 100vw, 2560px\" \/>"},"video_list":[{"video_poster":10496,"youtube_link":"https:\/\/www.youtube.com\/watch?v=bZ4Wp7MX1B0","_video_poster_meta":["https:\/\/bewehrungstechnik.ch\/wp-content\/uploads\/NEXIGEN_B500B_Coil.png",1870,713,false]},{"video_poster":8105,"youtube_link":"https:\/\/www.youtube.com\/watch?v=jeDZCHJqQII","_video_poster_meta":["https:\/\/bewehrungstechnik.ch\/wp-content\/uploads\/Nexigen_CO2-Kategorisierung-2.png",940,720,false]}]},"downloads":[8203,8191,8200,2067],"description":[{"title":"Che cosa \u00e8 Nexigen\u00ae?","text":"<p>Con il marchio Nexigen\u00ae offriamo acciai d&#8217;armaturae e soluzioni tecniche di armatura, prodotti con basse emissioni di CO2. Questi rendono pi\u00f9 sostenibili le vostre catene di fornitura. Inoltre, con Nexigen\u00ae vi aiutiamo ad accelerare la transizione verde e a rendere visibili i vostri progressi in materia di sostenibilit\u00e0.<\/p>\n"},{"title":"Ridurre ulteriormente le emissioni di CO2 con Nexigen\u00ae\r\n","text":"<p>Per evitare ulteriori conseguenze irreversibili dei cambiamenti climatici, la societ\u00e0 e l&#8217;economia devono cambiare radicalmente. Ci\u00f2 vale in particolare per il settore edile: attualmente, l&#8217;industria del cemento e quella dell&#8217;acciaio sono responsabili ciascuna di circa il 7% delle emissioni globali di CO2.<\/p>\n<p><strong>La CO2 viene prodotta durante la produzione dei materiali<br \/>\n<\/strong>Le vendite annuali pro capite di cemento in Svizzera sono circa il doppio della media mondiale. Nella costruzione di un nuovo condominio, il calcestruzzo \u2013 insieme all&#8217;armatura \u2013 \u00e8 responsabile di circa il 50% delle emissioni di CO2 prodotte in questo Paese. La percentuale dell&#8217;armatura \u00e8 pari a circa l&#8217;8-9%.<\/p>\n<p><strong>L&#8217;elevata percentuale di rottami e il processo ad arco elettrico riducono le emissioni di CO2<br \/>\n<\/strong>La produzione dell&#8217;acciaio per cemento armato utilizzato in Svizzera e iscritto nel registro SIA presenta una percentuale di rottami superiore alla media nel processo ad arco elettrico (EAF). Di conseguenza, le emissioni di CO2 di questo acciaio per cemento armato, con una media di circa 500 kg per tonnellata di acciaio, sono relativamente basse rispetto alla media mondiale.<\/p>\n<p><strong>Nexigen\u00ae \u00e8 sinonimo di sostenibilit\u00e0<br \/>\n<\/strong>In qualit\u00e0 di leader di mercato nel settore delle armature e delle soluzioni tecniche di rinforzo, vogliamo essere pionieri nel ridurre ulteriormente le emissioni di CO2, gi\u00e0 ridotte. Ne \u00e8 la prova il nostro acciaio per cemento armato Nexigen\u00ae B500B: consente di ridurre le emissioni di CO2 per tonnellata di acciaio per cemento armato fino al 50%, ovvero di un terzo rispetto al nostro acciaio per cemento armato medio. Per la produzione dell&#8217;acciaio per cemento armato Nexigen\u00ae B500B utilizziamo energia sostenibile proveniente da fonti idroelettriche. Vogliamo contribuire a migliorare il bilancio ecologico delle costruzioni in cemento armato: l&#8217;acciaio per cemento armato, materiale da costruzione cos\u00ec importante per il settore edile, deve poter essere utilizzato anche in futuro, soprattutto in un&#8217;ottica di sostenibilit\u00e0. Questo \u00e8 ci\u00f2 che rappresenta Nexigen\u00ae.<\/p>\n<p><a style=\"background-color: #ffffff; font-size: 1rem; letter-spacing: 0.01875rem;\" href=\"https:\/\/bewehrungstechnik.ch\/co2-kategorisierung-betonstahl\/\"><mark class=\"has-inline-color has-primary-color\"><\/mark><strong>> CO2 \u2013 Classificazione dell&#8217;acciaio per cemento armato<\/strong><\/a><\/p>\n<p><strong><a href=\"https:\/\/www.dkg.ch\/dkg\/ueber-uns\/nachhaltigkeit\/umwelt\/\">> <\/a><\/strong><strong><a href=\"https:\/\/www.dkg.ch\/dkg\/ueber-uns\/nachhaltigkeit\/umwelt\/\">Il nostro impegno per l&#8217;ambiente<\/a>\u00a0\u00a0<\/strong><\/p>\n<p>\u00a0<\/p>\n"}]},"deac_featured_media":{"medium":"<img width=\"300\" height=\"114\" src=\"https:\/\/bewehrungstechnik.ch\/wp-content\/uploads\/NEXIGEN_B500B_Coil-300x114.png\" class=\"%s\" alt=\"\" decoding=\"async\" loading=\"lazy\" srcset=\"https:\/\/bewehrungstechnik.ch\/wp-content\/uploads\/NEXIGEN_B500B_Coil-300x114.png 300w, https:\/\/bewehrungstechnik.ch\/wp-content\/uploads\/NEXIGEN_B500B_Coil-1024x390.png 1024w, https:\/\/bewehrungstechnik.ch\/wp-content\/uploads\/NEXIGEN_B500B_Coil-768x293.png 768w, https:\/\/bewehrungstechnik.ch\/wp-content\/uploads\/NEXIGEN_B500B_Coil-1536x586.png 1536w, https:\/\/bewehrungstechnik.ch\/wp-content\/uploads\/NEXIGEN_B500B_Coil-436x166.png 436w, https:\/\/bewehrungstechnik.ch\/wp-content\/uploads\/NEXIGEN_B500B_Coil-550x210.png 550w, https:\/\/bewehrungstechnik.ch\/wp-content\/uploads\/NEXIGEN_B500B_Coil.png 1870w\" sizes=\"auto, (max-width: 300px) 100vw, 300px\" \/>","medium_large":"<img width=\"768\" height=\"293\" src=\"https:\/\/bewehrungstechnik.ch\/wp-content\/uploads\/NEXIGEN_B500B_Coil-768x293.png\" class=\"%s\" alt=\"\" decoding=\"async\" loading=\"lazy\" srcset=\"https:\/\/bewehrungstechnik.ch\/wp-content\/uploads\/NEXIGEN_B500B_Coil-768x293.png 768w, https:\/\/bewehrungstechnik.ch\/wp-content\/uploads\/NEXIGEN_B500B_Coil-300x114.png 300w, https:\/\/bewehrungstechnik.ch\/wp-content\/uploads\/NEXIGEN_B500B_Coil-1024x390.png 1024w, https:\/\/bewehrungstechnik.ch\/wp-content\/uploads\/NEXIGEN_B500B_Coil-1536x586.png 1536w, https:\/\/bewehrungstechnik.ch\/wp-content\/uploads\/NEXIGEN_B500B_Coil-436x166.png 436w, https:\/\/bewehrungstechnik.ch\/wp-content\/uploads\/NEXIGEN_B500B_Coil-550x210.png 550w, https:\/\/bewehrungstechnik.ch\/wp-content\/uploads\/NEXIGEN_B500B_Coil.png 1870w\" sizes=\"auto, (max-width: 768px) 100vw, 768px\" \/>","large":"<img width=\"1024\" height=\"390\" src=\"https:\/\/bewehrungstechnik.ch\/wp-content\/uploads\/NEXIGEN_B500B_Coil-1024x390.png\" class=\"%s\" alt=\"\" decoding=\"async\" loading=\"lazy\" srcset=\"https:\/\/bewehrungstechnik.ch\/wp-content\/uploads\/NEXIGEN_B500B_Coil-1024x390.png 1024w, https:\/\/bewehrungstechnik.ch\/wp-content\/uploads\/NEXIGEN_B500B_Coil-300x114.png 300w, https:\/\/bewehrungstechnik.ch\/wp-content\/uploads\/NEXIGEN_B500B_Coil-768x293.png 768w, https:\/\/bewehrungstechnik.ch\/wp-content\/uploads\/NEXIGEN_B500B_Coil-1536x586.png 1536w, https:\/\/bewehrungstechnik.ch\/wp-content\/uploads\/NEXIGEN_B500B_Coil-436x166.png 436w, https:\/\/bewehrungstechnik.ch\/wp-content\/uploads\/NEXIGEN_B500B_Coil-550x210.png 550w, https:\/\/bewehrungstechnik.ch\/wp-content\/uploads\/NEXIGEN_B500B_Coil.png 1870w\" sizes=\"auto, (max-width: 1024px) 100vw, 1024px\" \/>","full":"<img width=\"1870\" height=\"713\" src=\"https:\/\/bewehrungstechnik.ch\/wp-content\/uploads\/NEXIGEN_B500B_Coil.png\" class=\"%s\" alt=\"\" decoding=\"async\" loading=\"lazy\" srcset=\"https:\/\/bewehrungstechnik.ch\/wp-content\/uploads\/NEXIGEN_B500B_Coil.png 1870w, https:\/\/bewehrungstechnik.ch\/wp-content\/uploads\/NEXIGEN_B500B_Coil-300x114.png 300w, https:\/\/bewehrungstechnik.ch\/wp-content\/uploads\/NEXIGEN_B500B_Coil-1024x390.png 1024w, https:\/\/bewehrungstechnik.ch\/wp-content\/uploads\/NEXIGEN_B500B_Coil-768x293.png 768w, https:\/\/bewehrungstechnik.ch\/wp-content\/uploads\/NEXIGEN_B500B_Coil-1536x586.png 1536w, https:\/\/bewehrungstechnik.ch\/wp-content\/uploads\/NEXIGEN_B500B_Coil-436x166.png 436w, https:\/\/bewehrungstechnik.ch\/wp-content\/uploads\/NEXIGEN_B500B_Coil-550x210.png 550w\" sizes=\"auto, (max-width: 1870px) 100vw, 1870px\" \/>"},"_links":{"self":[{"href":"https:\/\/bewehrungstechnik.ch\/it\/wp-json\/wp\/v2\/product\/12594","targetHints":{"allow":["GET"]}}],"collection":[{"href":"https:\/\/bewehrungstechnik.ch\/it\/wp-json\/wp\/v2\/product"}],"about":[{"href":"https:\/\/bewehrungstechnik.ch\/it\/wp-json\/wp\/v2\/types\/product"}],"wp:featuredmedia":[{"embeddable":true,"href":"https:\/\/bewehrungstechnik.ch\/it\/wp-json\/wp\/v2\/media\/10496"}],"wp:attachment":[{"href":"https:\/\/bewehrungstechnik.ch\/it\/wp-json\/wp\/v2\/media?parent=12594"}],"wp:term":[{"taxonomy":"product_category","embeddable":true,"href":"https:\/\/bewehrungstechnik.ch\/it\/wp-json\/wp\/v2\/product_category?post=12594"}],"curies":[{"name":"wp","href":"https:\/\/api.w.org\/{rel}","templated":true}]}}