{"id":12740,"date":"2026-03-30T08:20:11","date_gmt":"2026-03-30T08:20:11","guid":{"rendered":"https:\/\/bewehrungstechnik.ch\/product\/anchorx-sistema-di-ancoraggio\/"},"modified":"2026-03-30T08:20:11","modified_gmt":"2026-03-30T08:20:11","slug":"anchorx-sistema-di-ancoraggio","status":"publish","type":"product","link":"https:\/\/bewehrungstechnik.ch\/it\/product\/anchorx-sistema-di-ancoraggio\/","title":{"rendered":"anchorX\u00ae: sistema di ancoraggio"},"featured_media":12086,"menu_order":0,"template":"","product_category":[126],"class_list":["post-12740","product","type-product","status-publish","has-post-thumbnail","","product_category-geotecnica"],"acf":[],"yoast_head":"<!-- This site is optimized with the Yoast SEO plugin v27.3 - https:\/\/yoast.com\/product\/yoast-seo-wordpress\/ -->\n<title>anchorX\u00ae: sistema di ancoraggio - Bewehrungstechnik<\/title>\n<meta name=\"description\" content=\"anchorX\u00ae \u00e8 il nuovo sistema di ancoraggio progettato per l\u2019impiego nel settore delle fondazioni speciali, soprattutto in ambito alpino e infrastrutturale. Grazie all\u2019utilizzo della tecnologia BARTEC\u00ae che ottimizza la trasmissione delle forze e all\u2019elevata protezione dalla corrosione della testa di ancoraggio, anchorX\u00ae definisce nuovi standard in termini di qualit\u00e0, sicurezza e facilit\u00e0 nel montaggio.\" \/>\n<meta name=\"robots\" content=\"index, follow, max-snippet:-1, max-image-preview:large, max-video-preview:-1\" \/>\n<link rel=\"canonical\" href=\"https:\/\/bewehrungstechnik.ch\/it\/product\/anchorx-sistema-di-ancoraggio\/\" \/>\n<meta property=\"og:locale\" content=\"it_IT\" \/>\n<meta property=\"og:type\" content=\"article\" \/>\n<meta property=\"og:title\" content=\"anchorX\u00ae: sistema di ancoraggio - Bewehrungstechnik\" \/>\n<meta property=\"og:description\" content=\"anchorX\u00ae \u00e8 il nuovo sistema di ancoraggio progettato per l\u2019impiego nel settore delle fondazioni speciali, soprattutto in ambito alpino e infrastrutturale. Grazie all\u2019utilizzo della tecnologia BARTEC\u00ae che ottimizza la trasmissione delle forze e all\u2019elevata protezione dalla corrosione della testa di ancoraggio, anchorX\u00ae definisce nuovi standard in termini di qualit\u00e0, sicurezza e facilit\u00e0 nel montaggio.\" \/>\n<meta property=\"og:url\" content=\"https:\/\/bewehrungstechnik.ch\/it\/product\/anchorx-sistema-di-ancoraggio\/\" \/>\n<meta property=\"og:site_name\" content=\"Bewehrungstechnik\" \/>\n<meta property=\"og:image\" content=\"https:\/\/bewehrungstechnik.ch\/wp-content\/uploads\/anchorX_Titelbild_03-1024x1024.png\" \/>\n\t<meta property=\"og:image:width\" content=\"1024\" \/>\n\t<meta property=\"og:image:height\" content=\"1024\" \/>\n\t<meta property=\"og:image:type\" content=\"image\/png\" \/>\n<meta name=\"twitter:card\" content=\"summary_large_image\" \/>\n<script type=\"application\/ld+json\" class=\"yoast-schema-graph\">{\"@context\":\"https:\\\/\\\/schema.org\",\"@graph\":[{\"@type\":\"WebPage\",\"@id\":\"https:\\\/\\\/bewehrungstechnik.ch\\\/it\\\/product\\\/anchorx-sistema-di-ancoraggio\\\/\",\"url\":\"https:\\\/\\\/bewehrungstechnik.ch\\\/it\\\/product\\\/anchorx-sistema-di-ancoraggio\\\/\",\"name\":\"anchorX\u00ae: sistema di ancoraggio - Bewehrungstechnik\",\"isPartOf\":{\"@id\":\"https:\\\/\\\/bewehrungstechnik.ch\\\/it\\\/#website\"},\"primaryImageOfPage\":{\"@id\":\"https:\\\/\\\/bewehrungstechnik.ch\\\/it\\\/product\\\/anchorx-sistema-di-ancoraggio\\\/#primaryimage\"},\"image\":{\"@id\":\"https:\\\/\\\/bewehrungstechnik.ch\\\/it\\\/product\\\/anchorx-sistema-di-ancoraggio\\\/#primaryimage\"},\"thumbnailUrl\":\"https:\\\/\\\/bewehrungstechnik.ch\\\/wp-content\\\/uploads\\\/anchorX_Titelbild_03-scaled.png\",\"datePublished\":\"2026-03-30T08:20:11+00:00\",\"description\":\"anchorX\u00ae \u00e8 il nuovo sistema di ancoraggio progettato per l\u2019impiego nel settore delle fondazioni speciali, soprattutto in ambito alpino e infrastrutturale. Grazie all\u2019utilizzo della tecnologia BARTEC\u00ae che ottimizza la trasmissione delle forze e all\u2019elevata protezione dalla corrosione della testa di ancoraggio, anchorX\u00ae definisce nuovi standard in termini di qualit\u00e0, sicurezza e facilit\u00e0 nel montaggio.\",\"breadcrumb\":{\"@id\":\"https:\\\/\\\/bewehrungstechnik.ch\\\/it\\\/product\\\/anchorx-sistema-di-ancoraggio\\\/#breadcrumb\"},\"inLanguage\":\"it-IT\",\"potentialAction\":[{\"@type\":\"ReadAction\",\"target\":[\"https:\\\/\\\/bewehrungstechnik.ch\\\/it\\\/product\\\/anchorx-sistema-di-ancoraggio\\\/\"]}]},{\"@type\":\"ImageObject\",\"inLanguage\":\"it-IT\",\"@id\":\"https:\\\/\\\/bewehrungstechnik.ch\\\/it\\\/product\\\/anchorx-sistema-di-ancoraggio\\\/#primaryimage\",\"url\":\"https:\\\/\\\/bewehrungstechnik.ch\\\/wp-content\\\/uploads\\\/anchorX_Titelbild_03-scaled.png\",\"contentUrl\":\"https:\\\/\\\/bewehrungstechnik.ch\\\/wp-content\\\/uploads\\\/anchorX_Titelbild_03-scaled.png\",\"width\":2560,\"height\":2560},{\"@type\":\"BreadcrumbList\",\"@id\":\"https:\\\/\\\/bewehrungstechnik.ch\\\/it\\\/product\\\/anchorx-sistema-di-ancoraggio\\\/#breadcrumb\",\"itemListElement\":[{\"@type\":\"ListItem\",\"position\":1,\"name\":\"Home\",\"item\":\"https:\\\/\\\/bewehrungstechnik.ch\\\/it\\\/\"},{\"@type\":\"ListItem\",\"position\":2,\"name\":\"Prodotti\",\"item\":\"https:\\\/\\\/bewehrungstechnik.ch\\\/it\\\/products\\\/\"},{\"@type\":\"ListItem\",\"position\":3,\"name\":\"anchorX\u00ae: sistema di ancoraggio\"}]},{\"@type\":\"WebSite\",\"@id\":\"https:\\\/\\\/bewehrungstechnik.ch\\\/it\\\/#website\",\"url\":\"https:\\\/\\\/bewehrungstechnik.ch\\\/it\\\/\",\"name\":\"Bewehrungstechnik\",\"description\":\"Just another WordPress site\",\"publisher\":{\"@id\":\"https:\\\/\\\/bewehrungstechnik.ch\\\/it\\\/#organization\"},\"potentialAction\":[{\"@type\":\"SearchAction\",\"target\":{\"@type\":\"EntryPoint\",\"urlTemplate\":\"https:\\\/\\\/bewehrungstechnik.ch\\\/it\\\/?s={search_term_string}\"},\"query-input\":{\"@type\":\"PropertyValueSpecification\",\"valueRequired\":true,\"valueName\":\"search_term_string\"}}],\"inLanguage\":\"it-IT\"},{\"@type\":\"Organization\",\"@id\":\"https:\\\/\\\/bewehrungstechnik.ch\\\/it\\\/#organization\",\"name\":\"Bewehrungstechnik\",\"url\":\"https:\\\/\\\/bewehrungstechnik.ch\\\/it\\\/\",\"logo\":{\"@type\":\"ImageObject\",\"inLanguage\":\"it-IT\",\"@id\":\"https:\\\/\\\/bewehrungstechnik.ch\\\/it\\\/#\\\/schema\\\/logo\\\/image\\\/\",\"url\":\"https:\\\/\\\/bewehrungstechnik.ch\\\/wp-content\\\/uploads\\\/2021\\\/03\\\/logo.svg\",\"contentUrl\":\"https:\\\/\\\/bewehrungstechnik.ch\\\/wp-content\\\/uploads\\\/2021\\\/03\\\/logo.svg\",\"width\":436,\"height\":436,\"caption\":\"Bewehrungstechnik\"},\"image\":{\"@id\":\"https:\\\/\\\/bewehrungstechnik.ch\\\/it\\\/#\\\/schema\\\/logo\\\/image\\\/\"}}]}<\/script>\n<!-- \/ Yoast SEO plugin. -->","yoast_head_json":{"title":"anchorX\u00ae: sistema di ancoraggio - Bewehrungstechnik","description":"anchorX\u00ae \u00e8 il nuovo sistema di ancoraggio progettato per l\u2019impiego nel settore delle fondazioni speciali, soprattutto in ambito alpino e infrastrutturale. Grazie all\u2019utilizzo della tecnologia BARTEC\u00ae che ottimizza la trasmissione delle forze e all\u2019elevata protezione dalla corrosione della testa di ancoraggio, anchorX\u00ae definisce nuovi standard in termini di qualit\u00e0, sicurezza e facilit\u00e0 nel montaggio.","robots":{"index":"index","follow":"follow","max-snippet":"max-snippet:-1","max-image-preview":"max-image-preview:large","max-video-preview":"max-video-preview:-1"},"canonical":"https:\/\/bewehrungstechnik.ch\/it\/product\/anchorx-sistema-di-ancoraggio\/","og_locale":"it_IT","og_type":"article","og_title":"anchorX\u00ae: sistema di ancoraggio - Bewehrungstechnik","og_description":"anchorX\u00ae \u00e8 il nuovo sistema di ancoraggio progettato per l\u2019impiego nel settore delle fondazioni speciali, soprattutto in ambito alpino e infrastrutturale. Grazie all\u2019utilizzo della tecnologia BARTEC\u00ae che ottimizza la trasmissione delle forze e all\u2019elevata protezione dalla corrosione della testa di ancoraggio, anchorX\u00ae definisce nuovi standard in termini di qualit\u00e0, sicurezza e facilit\u00e0 nel montaggio.","og_url":"https:\/\/bewehrungstechnik.ch\/it\/product\/anchorx-sistema-di-ancoraggio\/","og_site_name":"Bewehrungstechnik","og_image":[{"width":1024,"height":1024,"url":"https:\/\/bewehrungstechnik.ch\/wp-content\/uploads\/anchorX_Titelbild_03-1024x1024.png","type":"image\/png"}],"twitter_card":"summary_large_image","schema":{"@context":"https:\/\/schema.org","@graph":[{"@type":"WebPage","@id":"https:\/\/bewehrungstechnik.ch\/it\/product\/anchorx-sistema-di-ancoraggio\/","url":"https:\/\/bewehrungstechnik.ch\/it\/product\/anchorx-sistema-di-ancoraggio\/","name":"anchorX\u00ae: sistema di ancoraggio - Bewehrungstechnik","isPartOf":{"@id":"https:\/\/bewehrungstechnik.ch\/it\/#website"},"primaryImageOfPage":{"@id":"https:\/\/bewehrungstechnik.ch\/it\/product\/anchorx-sistema-di-ancoraggio\/#primaryimage"},"image":{"@id":"https:\/\/bewehrungstechnik.ch\/it\/product\/anchorx-sistema-di-ancoraggio\/#primaryimage"},"thumbnailUrl":"https:\/\/bewehrungstechnik.ch\/wp-content\/uploads\/anchorX_Titelbild_03-scaled.png","datePublished":"2026-03-30T08:20:11+00:00","description":"anchorX\u00ae \u00e8 il nuovo sistema di ancoraggio progettato per l\u2019impiego nel settore delle fondazioni speciali, soprattutto in ambito alpino e infrastrutturale. Grazie all\u2019utilizzo della tecnologia BARTEC\u00ae che ottimizza la trasmissione delle forze e all\u2019elevata protezione dalla corrosione della testa di ancoraggio, anchorX\u00ae definisce nuovi standard in termini di qualit\u00e0, sicurezza e facilit\u00e0 nel montaggio.","breadcrumb":{"@id":"https:\/\/bewehrungstechnik.ch\/it\/product\/anchorx-sistema-di-ancoraggio\/#breadcrumb"},"inLanguage":"it-IT","potentialAction":[{"@type":"ReadAction","target":["https:\/\/bewehrungstechnik.ch\/it\/product\/anchorx-sistema-di-ancoraggio\/"]}]},{"@type":"ImageObject","inLanguage":"it-IT","@id":"https:\/\/bewehrungstechnik.ch\/it\/product\/anchorx-sistema-di-ancoraggio\/#primaryimage","url":"https:\/\/bewehrungstechnik.ch\/wp-content\/uploads\/anchorX_Titelbild_03-scaled.png","contentUrl":"https:\/\/bewehrungstechnik.ch\/wp-content\/uploads\/anchorX_Titelbild_03-scaled.png","width":2560,"height":2560},{"@type":"BreadcrumbList","@id":"https:\/\/bewehrungstechnik.ch\/it\/product\/anchorx-sistema-di-ancoraggio\/#breadcrumb","itemListElement":[{"@type":"ListItem","position":1,"name":"Home","item":"https:\/\/bewehrungstechnik.ch\/it\/"},{"@type":"ListItem","position":2,"name":"Prodotti","item":"https:\/\/bewehrungstechnik.ch\/it\/products\/"},{"@type":"ListItem","position":3,"name":"anchorX\u00ae: sistema di ancoraggio"}]},{"@type":"WebSite","@id":"https:\/\/bewehrungstechnik.ch\/it\/#website","url":"https:\/\/bewehrungstechnik.ch\/it\/","name":"Bewehrungstechnik","description":"Just another WordPress site","publisher":{"@id":"https:\/\/bewehrungstechnik.ch\/it\/#organization"},"potentialAction":[{"@type":"SearchAction","target":{"@type":"EntryPoint","urlTemplate":"https:\/\/bewehrungstechnik.ch\/it\/?s={search_term_string}"},"query-input":{"@type":"PropertyValueSpecification","valueRequired":true,"valueName":"search_term_string"}}],"inLanguage":"it-IT"},{"@type":"Organization","@id":"https:\/\/bewehrungstechnik.ch\/it\/#organization","name":"Bewehrungstechnik","url":"https:\/\/bewehrungstechnik.ch\/it\/","logo":{"@type":"ImageObject","inLanguage":"it-IT","@id":"https:\/\/bewehrungstechnik.ch\/it\/#\/schema\/logo\/image\/","url":"https:\/\/bewehrungstechnik.ch\/wp-content\/uploads\/2021\/03\/logo.svg","contentUrl":"https:\/\/bewehrungstechnik.ch\/wp-content\/uploads\/2021\/03\/logo.svg","width":436,"height":436,"caption":"Bewehrungstechnik"},"image":{"@id":"https:\/\/bewehrungstechnik.ch\/it\/#\/schema\/logo\/image\/"}}]}},"deac_custom_fields":{"page_color_variation":"default","description":[{"title":"Testa di ancoraggio, barra di ancoraggio e giunto a vite BARTEC\u00ae","text":"<p>Il sistema anchorX<sup>\u00ae <\/sup>\u00e8 formato da due componenti: una testa di ancoraggio lunga 30 cm e una barra costituita da uno o pi\u00f9 elementi. Le barre anchorX\u00ae vengono collegate tra loro mediante il collaudato giunto a vite BARTEC\u00ae.<\/p>\n"},{"title":"Testa anchorX\u00ae","text":"<p>La testa di AnchorX<sup>\u00ae <\/sup>\u00e8 composta dai seguenti elementi in acciaio inossidabile:<\/p>\n<p>&#8211; barra filettata lunga 30 cm in materiale n. 1.4462 (CRC 4) con limite di snervamento Rp 0,2% pari a 600 N\/mm\u00b2, secondo ISO 3506<\/p>\n<p>&#8211; una piastra di ancoraggio quadrata con foro centrale in materiale n. 1.4301 (CRC 2)<\/p>\n"},{"title":"Barra anchorX\u00ae","text":"<p>anchorX\u00ae \u00e8 una barra d\u2019acciaio per cemento armato (materiale n. 1.4003 \u2013 EN 10088) con limite di snervamento Rp 0,2% pari a 670 N\/mm\u00b2. Questo tipo di acciaio \u00e8 registrato nell\u2019elenco SIA degli acciai inossidabili per cemento armato conformi alla norma SIA 262 e viene classificato con un valore efficace pari a 12 nella CRC 1.<\/p>\n"},{"title":"Giunzione di barre anchorX\u00ae","text":"<p>La barra anchorX\u00ae pu\u00f2 essere utilizzata, a seconda dell\u2019applicazione, come elemento in un unico pezzo oppure assemblata in pi\u00f9 pezzi di diverse lunghezze. Le barre vengono collegate dalla estremit\u00e0 filettata, con il processo BARTEC, tramite un manicotto filettato in acciaio duplex (materiale n. 1.4462 \u2013 CRC 4). Le barre in un pezzo unico possono avere una lunghezza massima di 12 m.<\/p>\n"},{"title":"Classe di protezione dalla corrosione di grado 2b","text":"<p>Con un copriferro di malta cementizia di almeno 20 mm rispetto alla parete del foro, secondo la SIA 267 (2013) art. 11.6.3.2.1, anchorX\u00ae \u00e8 classificato come ancoraggio passivo appartenente alla classe di protezione 2b. Rispetto alla classe di protezione 2a, anchorX<sup>\u00ae <\/sup>non richiede una protezione anticorrosione convenzionale mediante tubo corrugato e pre-iniezione in fabbrica. La classe di resistenza alla corrosione CRC 4 della barra di 30 cm della testa di ancoraggio garantisce un elevato grado di sicurezza.<\/p>\n<p>anche in ambienti con classi di esposizione molto pi\u00f9 elevate.<\/p>\n"},{"title":"Possibilit\u00e0 d'impiego per tutte le tipologie di terreno e roccia","text":"<p>Il sistema anchorX\u00ae, pu\u00f2 essere impiegato in tutti i tipi di terreno, da quelli ghiaiosi a quelli limoso-argillosi, da quelli permeabili alla roccia pi\u00f9 compatta. Il processo produttivo BARTEC\u00ae garantisce al sistema le pi\u00f9 alte prestazioni di resistenza tra le soluzioni presenti sul mercato, appartenenti alla classe di protezione 2b. Questo permette di impiegare anchorX\u00ae come potenziale variante da parte delle imprese, con prestazioni equivalenti a quelle del sistema di protezione 2a, ottenendo anche una maggiore efficienza in fase di messa in opera, grazie anche alla maggiore semplicit\u00e0 di movimentazione.<\/p>\n"}],"product":{"brand":"anchorX\u00ae","name":"sistema di ancoraggio"},"highlight_box":{"title":"anchorX\u00ae: sistema di ancoraggio per fondazioni speciali","subtitle":"Impiego permanente come chiodo da terra\/roccia o come micropalo","text":"<p><strong>anchorX\u00ae \u00e8 il nuovo sistema di ancoraggio progettato per l\u2019impiego nel settore delle fondazioni speciali, soprattutto in ambito alpino e infrastrutturale.<\/strong><\/p>\n<p><strong>I vantaggi in breve<\/strong><\/p>\n<ul>\n<li>Una protezione dalla corrosione pi\u00f9 efficace sulla testa di ancoraggio semplifica e riduce il lavoro necessario per la sua esecuzione.<\/li>\n<\/ul>\n<ul>\n<li>Non \u00e8 richiesta la misurazione della resistenza elettrica secondo la norma SIA 267 e le sue integrazioni 267\/1.<\/li>\n<\/ul>\n<ul>\n<li>Nessun rischio di danneggiare le barre durante il trasporto e la messa in opera.<\/li>\n<li>La messa in opera \u00e8 pi\u00f9 rapida, soprattutto perch\u00e9 non \u00e8 necessario utilizzare un manicotto termorestringente.<\/li>\n<li>A parit\u00e0 di resistenza delle barre, il diametro delle barre con il nostro sistema e grado di protezione 2b \u00e8 inferiore a quello delle barre pre-iniettate.<\/li>\n<\/ul>\n","media_type":"video","image":{"medium":"<img width=\"300\" height=\"300\" src=\"https:\/\/bewehrungstechnik.ch\/wp-content\/uploads\/anchorX_Titelbild_03-300x300.png\" class=\"%s\" alt=\"\" decoding=\"async\" loading=\"lazy\" srcset=\"https:\/\/bewehrungstechnik.ch\/wp-content\/uploads\/anchorX_Titelbild_03-300x300.png 300w, https:\/\/bewehrungstechnik.ch\/wp-content\/uploads\/anchorX_Titelbild_03-1024x1024.png 1024w, https:\/\/bewehrungstechnik.ch\/wp-content\/uploads\/anchorX_Titelbild_03-150x150.png 150w, https:\/\/bewehrungstechnik.ch\/wp-content\/uploads\/anchorX_Titelbild_03-768x768.png 768w, https:\/\/bewehrungstechnik.ch\/wp-content\/uploads\/anchorX_Titelbild_03-1536x1536.png 1536w, https:\/\/bewehrungstechnik.ch\/wp-content\/uploads\/anchorX_Titelbild_03-2048x2048.png 2048w, https:\/\/bewehrungstechnik.ch\/wp-content\/uploads\/anchorX_Titelbild_03-436x436.png 436w, https:\/\/bewehrungstechnik.ch\/wp-content\/uploads\/anchorX_Titelbild_03-550x550.png 550w\" sizes=\"auto, (max-width: 300px) 100vw, 300px\" \/>","medium_large":"<img width=\"768\" height=\"768\" src=\"https:\/\/bewehrungstechnik.ch\/wp-content\/uploads\/anchorX_Titelbild_03-768x768.png\" class=\"%s\" alt=\"\" decoding=\"async\" loading=\"lazy\" srcset=\"https:\/\/bewehrungstechnik.ch\/wp-content\/uploads\/anchorX_Titelbild_03-768x768.png 768w, https:\/\/bewehrungstechnik.ch\/wp-content\/uploads\/anchorX_Titelbild_03-300x300.png 300w, https:\/\/bewehrungstechnik.ch\/wp-content\/uploads\/anchorX_Titelbild_03-1024x1024.png 1024w, https:\/\/bewehrungstechnik.ch\/wp-content\/uploads\/anchorX_Titelbild_03-150x150.png 150w, https:\/\/bewehrungstechnik.ch\/wp-content\/uploads\/anchorX_Titelbild_03-1536x1536.png 1536w, https:\/\/bewehrungstechnik.ch\/wp-content\/uploads\/anchorX_Titelbild_03-2048x2048.png 2048w, https:\/\/bewehrungstechnik.ch\/wp-content\/uploads\/anchorX_Titelbild_03-436x436.png 436w, https:\/\/bewehrungstechnik.ch\/wp-content\/uploads\/anchorX_Titelbild_03-550x550.png 550w\" sizes=\"auto, (max-width: 768px) 100vw, 768px\" \/>","large":"<img width=\"1024\" height=\"1024\" src=\"https:\/\/bewehrungstechnik.ch\/wp-content\/uploads\/anchorX_Titelbild_03-1024x1024.png\" class=\"%s\" alt=\"\" decoding=\"async\" loading=\"lazy\" srcset=\"https:\/\/bewehrungstechnik.ch\/wp-content\/uploads\/anchorX_Titelbild_03-1024x1024.png 1024w, https:\/\/bewehrungstechnik.ch\/wp-content\/uploads\/anchorX_Titelbild_03-300x300.png 300w, https:\/\/bewehrungstechnik.ch\/wp-content\/uploads\/anchorX_Titelbild_03-150x150.png 150w, https:\/\/bewehrungstechnik.ch\/wp-content\/uploads\/anchorX_Titelbild_03-768x768.png 768w, https:\/\/bewehrungstechnik.ch\/wp-content\/uploads\/anchorX_Titelbild_03-1536x1536.png 1536w, https:\/\/bewehrungstechnik.ch\/wp-content\/uploads\/anchorX_Titelbild_03-2048x2048.png 2048w, https:\/\/bewehrungstechnik.ch\/wp-content\/uploads\/anchorX_Titelbild_03-436x436.png 436w, https:\/\/bewehrungstechnik.ch\/wp-content\/uploads\/anchorX_Titelbild_03-550x550.png 550w\" sizes=\"auto, (max-width: 1024px) 100vw, 1024px\" \/>","full":"<img width=\"2560\" height=\"2560\" src=\"https:\/\/bewehrungstechnik.ch\/wp-content\/uploads\/anchorX_Titelbild_03-scaled.png\" class=\"%s\" alt=\"\" decoding=\"async\" loading=\"lazy\" srcset=\"https:\/\/bewehrungstechnik.ch\/wp-content\/uploads\/anchorX_Titelbild_03-scaled.png 2560w, https:\/\/bewehrungstechnik.ch\/wp-content\/uploads\/anchorX_Titelbild_03-300x300.png 300w, https:\/\/bewehrungstechnik.ch\/wp-content\/uploads\/anchorX_Titelbild_03-1024x1024.png 1024w, https:\/\/bewehrungstechnik.ch\/wp-content\/uploads\/anchorX_Titelbild_03-150x150.png 150w, https:\/\/bewehrungstechnik.ch\/wp-content\/uploads\/anchorX_Titelbild_03-768x768.png 768w, https:\/\/bewehrungstechnik.ch\/wp-content\/uploads\/anchorX_Titelbild_03-1536x1536.png 1536w, https:\/\/bewehrungstechnik.ch\/wp-content\/uploads\/anchorX_Titelbild_03-2048x2048.png 2048w, https:\/\/bewehrungstechnik.ch\/wp-content\/uploads\/anchorX_Titelbild_03-436x436.png 436w, https:\/\/bewehrungstechnik.ch\/wp-content\/uploads\/anchorX_Titelbild_03-550x550.png 550w\" sizes=\"auto, (max-width: 2560px) 100vw, 2560px\" \/>"},"video_list":[{"video_poster":12082,"youtube_link":"https:\/\/youtu.be\/dHgb6tZOcw4","_video_poster_meta":["https:\/\/bewehrungstechnik.ch\/wp-content\/uploads\/anchorX_Titelbild_02-scaled.png",2560,2560,false]}]},"downloads":[12553]},"deac_featured_media":{"medium":"<img width=\"300\" height=\"300\" src=\"https:\/\/bewehrungstechnik.ch\/wp-content\/uploads\/anchorX_Titelbild_03-300x300.png\" class=\"%s\" alt=\"\" decoding=\"async\" loading=\"lazy\" srcset=\"https:\/\/bewehrungstechnik.ch\/wp-content\/uploads\/anchorX_Titelbild_03-300x300.png 300w, https:\/\/bewehrungstechnik.ch\/wp-content\/uploads\/anchorX_Titelbild_03-1024x1024.png 1024w, https:\/\/bewehrungstechnik.ch\/wp-content\/uploads\/anchorX_Titelbild_03-150x150.png 150w, https:\/\/bewehrungstechnik.ch\/wp-content\/uploads\/anchorX_Titelbild_03-768x768.png 768w, https:\/\/bewehrungstechnik.ch\/wp-content\/uploads\/anchorX_Titelbild_03-1536x1536.png 1536w, https:\/\/bewehrungstechnik.ch\/wp-content\/uploads\/anchorX_Titelbild_03-2048x2048.png 2048w, https:\/\/bewehrungstechnik.ch\/wp-content\/uploads\/anchorX_Titelbild_03-436x436.png 436w, https:\/\/bewehrungstechnik.ch\/wp-content\/uploads\/anchorX_Titelbild_03-550x550.png 550w\" sizes=\"auto, (max-width: 300px) 100vw, 300px\" \/>","medium_large":"<img width=\"768\" height=\"768\" src=\"https:\/\/bewehrungstechnik.ch\/wp-content\/uploads\/anchorX_Titelbild_03-768x768.png\" class=\"%s\" alt=\"\" decoding=\"async\" loading=\"lazy\" srcset=\"https:\/\/bewehrungstechnik.ch\/wp-content\/uploads\/anchorX_Titelbild_03-768x768.png 768w, https:\/\/bewehrungstechnik.ch\/wp-content\/uploads\/anchorX_Titelbild_03-300x300.png 300w, https:\/\/bewehrungstechnik.ch\/wp-content\/uploads\/anchorX_Titelbild_03-1024x1024.png 1024w, https:\/\/bewehrungstechnik.ch\/wp-content\/uploads\/anchorX_Titelbild_03-150x150.png 150w, https:\/\/bewehrungstechnik.ch\/wp-content\/uploads\/anchorX_Titelbild_03-1536x1536.png 1536w, https:\/\/bewehrungstechnik.ch\/wp-content\/uploads\/anchorX_Titelbild_03-2048x2048.png 2048w, https:\/\/bewehrungstechnik.ch\/wp-content\/uploads\/anchorX_Titelbild_03-436x436.png 436w, https:\/\/bewehrungstechnik.ch\/wp-content\/uploads\/anchorX_Titelbild_03-550x550.png 550w\" sizes=\"auto, (max-width: 768px) 100vw, 768px\" \/>","large":"<img width=\"1024\" height=\"1024\" src=\"https:\/\/bewehrungstechnik.ch\/wp-content\/uploads\/anchorX_Titelbild_03-1024x1024.png\" class=\"%s\" alt=\"\" decoding=\"async\" loading=\"lazy\" srcset=\"https:\/\/bewehrungstechnik.ch\/wp-content\/uploads\/anchorX_Titelbild_03-1024x1024.png 1024w, https:\/\/bewehrungstechnik.ch\/wp-content\/uploads\/anchorX_Titelbild_03-300x300.png 300w, https:\/\/bewehrungstechnik.ch\/wp-content\/uploads\/anchorX_Titelbild_03-150x150.png 150w, https:\/\/bewehrungstechnik.ch\/wp-content\/uploads\/anchorX_Titelbild_03-768x768.png 768w, https:\/\/bewehrungstechnik.ch\/wp-content\/uploads\/anchorX_Titelbild_03-1536x1536.png 1536w, https:\/\/bewehrungstechnik.ch\/wp-content\/uploads\/anchorX_Titelbild_03-2048x2048.png 2048w, https:\/\/bewehrungstechnik.ch\/wp-content\/uploads\/anchorX_Titelbild_03-436x436.png 436w, https:\/\/bewehrungstechnik.ch\/wp-content\/uploads\/anchorX_Titelbild_03-550x550.png 550w\" sizes=\"auto, (max-width: 1024px) 100vw, 1024px\" \/>","full":"<img width=\"2560\" height=\"2560\" src=\"https:\/\/bewehrungstechnik.ch\/wp-content\/uploads\/anchorX_Titelbild_03-scaled.png\" class=\"%s\" alt=\"\" decoding=\"async\" loading=\"lazy\" srcset=\"https:\/\/bewehrungstechnik.ch\/wp-content\/uploads\/anchorX_Titelbild_03-scaled.png 2560w, https:\/\/bewehrungstechnik.ch\/wp-content\/uploads\/anchorX_Titelbild_03-300x300.png 300w, https:\/\/bewehrungstechnik.ch\/wp-content\/uploads\/anchorX_Titelbild_03-1024x1024.png 1024w, https:\/\/bewehrungstechnik.ch\/wp-content\/uploads\/anchorX_Titelbild_03-150x150.png 150w, https:\/\/bewehrungstechnik.ch\/wp-content\/uploads\/anchorX_Titelbild_03-768x768.png 768w, https:\/\/bewehrungstechnik.ch\/wp-content\/uploads\/anchorX_Titelbild_03-1536x1536.png 1536w, https:\/\/bewehrungstechnik.ch\/wp-content\/uploads\/anchorX_Titelbild_03-2048x2048.png 2048w, https:\/\/bewehrungstechnik.ch\/wp-content\/uploads\/anchorX_Titelbild_03-436x436.png 436w, https:\/\/bewehrungstechnik.ch\/wp-content\/uploads\/anchorX_Titelbild_03-550x550.png 550w\" sizes=\"auto, (max-width: 2560px) 100vw, 2560px\" \/>"},"_links":{"self":[{"href":"https:\/\/bewehrungstechnik.ch\/it\/wp-json\/wp\/v2\/product\/12740","targetHints":{"allow":["GET"]}}],"collection":[{"href":"https:\/\/bewehrungstechnik.ch\/it\/wp-json\/wp\/v2\/product"}],"about":[{"href":"https:\/\/bewehrungstechnik.ch\/it\/wp-json\/wp\/v2\/types\/product"}],"wp:featuredmedia":[{"embeddable":true,"href":"https:\/\/bewehrungstechnik.ch\/it\/wp-json\/wp\/v2\/media\/12086"}],"wp:attachment":[{"href":"https:\/\/bewehrungstechnik.ch\/it\/wp-json\/wp\/v2\/media?parent=12740"}],"wp:term":[{"taxonomy":"product_category","embeddable":true,"href":"https:\/\/bewehrungstechnik.ch\/it\/wp-json\/wp\/v2\/product_category?post=12740"}],"curies":[{"name":"wp","href":"https:\/\/api.w.org\/{rel}","templated":true}]}}